{"id":3711,"date":"2026-02-05T13:01:15","date_gmt":"2026-02-05T13:01:15","guid":{"rendered":"https:\/\/www.ansenta.com\/?post_type=product&#038;p=3711"},"modified":"2026-02-05T13:02:13","modified_gmt":"2026-02-05T13:02:13","slug":"atomic-absorption-spectrophotometer-aa320n-plus","status":"publish","type":"product","link":"https:\/\/www.ansenta.com\/es\/producto\/atomic-absorption-spectrophotometer-aa320n-plus\/","title":{"rendered":"Espectrofot\u00f3metro de absorci\u00f3n at\u00f3mica-AA320N Plus"},"content":{"rendered":"<p><b>Caracter\u00edsticas principales<\/b><br \/>\nSistema integrado de llama y horno de grafito con cambio r\u00e1pido y sencillo entre los atomizadores de llama y de horno de grafito.<br \/>\nLa plataforma \u00f3ptica est\u00e1 moldeada integralmente, lo que le confiere un excelente rendimiento antivibraciones y un sistema \u00f3ptico m\u00e1s estable, con una p\u00e9rdida de luz m\u00ednima y una alta sensibilidad.<br \/>\nEquipado con un monocromador Czerny-Turner de longitud de onda completa y alta resoluci\u00f3n con correcci\u00f3n sim\u00e9trica de la aberraci\u00f3n para un posicionamiento ultrapreciso de la longitud de onda.<br \/>\nTorreta giratoria autom\u00e1tica de 4 l\u00e1mparas con funci\u00f3n de precalentamiento simult\u00e1neo para optimizar las condiciones de funcionamiento.<br \/>\nAlmacenamiento integrado para m\u00e1s de 500 conjuntos de datos con memoria de apagado; los m\u00e9todos de ensayo y los resultados pueden recuperarse en cualquier momento.<br \/>\nConfiguraci\u00f3n est\u00e1ndar con un software de estaci\u00f3n de trabajo totalmente funcional para un manejo sencillo (funci\u00f3n de registro de auditor\u00eda disponible como opci\u00f3n).<br \/>\nTecnolog\u00eda avanzada y precisa de control de la temperatura del horno de grafito, combinada con un sistema de autodiagn\u00f3stico y protecci\u00f3n contra fallos del equipo.<\/p>\n<p><b>Especificaciones t\u00e9cnicas<\/b><br \/>\nTipo de monocromador: Czerny-Turner<br \/>\nRejilla: 1800 l\u00edneas\/mm<br \/>\nGrating Blaze Longitud de onda: 250 nm<br \/>\nRango de longitud de onda: 190nm ~ 900nm<br \/>\nAncho de banda espectral: 0,1 nm, 0,2 nm, 0,4 nm, 0,7 nm, 1,0 nm, 2,0 nm (conmutaci\u00f3n autom\u00e1tica)<br \/>\nError de indicaci\u00f3n de la longitud de onda: \u00b10,30 nm<br \/>\nRepetibilidad de la longitud de onda: \u2264 0,15 nm<br \/>\nRango de absorbancia: -0,1 ~ 2.000A<br \/>\nEstabilidad din\u00e1mica de la l\u00ednea de base: \u22640,005A\/30min (l\u00ednea espectral de Cu)<br \/>\nConcentraci\u00f3n caracter\u00edstica: 0,02\u03bcg\/mL \/ 1% (elemento Cu)<br \/>\nL\u00edmite de detecci\u00f3n: 0,006\u03bcg\/mL (elemento Cu)<br \/>\nDesviaci\u00f3n del ancho de banda espectral: \u22640,2nm\u00b10,02nm (ancho de banda de 0,2nm, elemento Cu)<br \/>\nRepetibilidad de la medici\u00f3n: \u22640,7% (m\u00e9todo de la llama, elemento Cu)<br \/>\nPortal\u00e1mparas: 4 posiciones<br \/>\nDimensiones de la unidad principal: 700mm\u00d7630mm\u00d7530mm<br \/>\nPeso neto: 80 kg<\/p>\n<p><b>Software<\/b><br \/>\nFunci\u00f3n de autocomprobaci\u00f3n del instrumento<br \/>\nFunci\u00f3n de configuraci\u00f3n de contrase\u00f1a<br \/>\nEl m\u00f3dulo de establecimiento de m\u00e9todos admite la configuraci\u00f3n de los par\u00e1metros del instrumento, de la curva de calibraci\u00f3n y de los par\u00e1metros de recalibraci\u00f3n de la pendiente, as\u00ed como de los par\u00e1metros del atomizador de llama.<\/p>\n<p><b>Accesorios opcionales<\/b><br \/>\nSistema de horno de grafito GA3202 Plus<br \/>\nAS4020 Muestreador autom\u00e1tico en horno de grafito<br \/>\nCirculador de agua de refrigeraci\u00f3n AS800<br \/>\nGenerador de hidruros<br \/>\nL\u00e1mparas de c\u00e1todo hueco para diversos elementos<\/p>\n<p><span style=\"color: #003300;\"><strong>Descargar:<\/strong><\/span><br \/>\n<a href=\"https:\/\/www.ansenta.com\/wp-content\/uploads\/2026\/02\/Atomic-Absorption-Spectrophotometer-AA320N-Plus.pdf\">Espectrofot\u00f3metro de absorci\u00f3n at\u00f3mica-AA320N Plus<\/a><\/p>","protected":false},"excerpt":{"rendered":"<p><span style=\"color: #003300;\"><strong>Marca:<\/strong><\/span>ANSENTA<br \/>\n<span style=\"color: #003300;\"><strong>Origen del producto:<\/strong><\/span>CHINA<br \/>\n<span style=\"color: #003300;\"><strong>Plazo de entrega:<\/strong><\/span>En 7 d\u00edas<br \/>\n<span style=\"color: #003300;\"><strong>Capacidad de suministro:<\/strong><\/span>Suministro directo de f\u00e1brica<br \/>\n<span style=\"color: #003300;\"><strong>Modelo:<\/strong><\/span>Espectrofot\u00f3metro de absorci\u00f3n at\u00f3mica-AA320N Plus<br \/>\n<span style=\"color: #003300;\"><strong>Descargar:<\/strong><\/span><br \/>\n<a href=\"https:\/\/www.ansenta.com\/wp-content\/uploads\/2026\/02\/Atomic-Absorption-Spectrophotometer-AA320N-Plus.pdf\">Espectrofot\u00f3metro de absorci\u00f3n at\u00f3mica-AA320N Plus<\/a><\/p>","protected":false},"featured_media":3712,"template":"","meta":{"_uag_custom_page_level_css":"","site-sidebar-layout":"default","site-content-layout":"","ast-site-content-layout":"default","site-content-style":"default","site-sidebar-style":"default","ast-global-header-display":"","ast-banner-title-visibility":"","ast-main-header-display":"","ast-hfb-above-header-display":"","ast-hfb-below-header-display":"","ast-hfb-mobile-header-display":"","site-post-title":"","ast-breadcrumbs-content":"","ast-featured-img":"","footer-sml-layout":"","ast-disable-related-posts":"","theme-transparent-header-meta":"default","adv-header-id-meta":"","stick-header-meta":"default","header-above-stick-meta":"","header-main-stick-meta":"","header-below-stick-meta":"","astra-migrate-meta-layouts":"set","ast-page-background-enabled":"default","ast-page-background-meta":{"desktop":{"background-color":"var(--ast-global-color-4)","background-image":"","background-repeat":"repeat","background-position":"center center","background-size":"auto","background-attachment":"scroll","background-type":"","background-media":"","overlay-type":"","overlay-color":"","overlay-opacity":"","overlay-gradient":""},"tablet":{"background-color":"","background-image":"","background-repeat":"repeat","background-position":"center center","background-size":"auto","background-attachment":"scroll","background-type":"","background-media":"","overlay-type":"","overlay-color":"","overlay-opacity":"","overlay-gradient":""},"mobile":{"background-color":"","background-image":"","background-repeat":"repeat","background-position":"center center","background-size":"auto","background-attachment":"scroll","background-type":"","background-media":"","overlay-type":"","overlay-color":"","overlay-opacity":"","overlay-gradient":""}},"ast-content-background-meta":{"desktop":{"background-color":"var(--ast-global-color-5)","background-image":"","background-repeat":"repeat","background-position":"center center","background-size":"auto","background-attachment":"scroll","background-type":"","background-media":"","overlay-type":"","overlay-color":"","overlay-opacity":"","overlay-gradient":""},"tablet":{"background-color":"var(--ast-global-color-5)","background-image":"","background-repeat":"repeat","background-position":"center center","background-size":"auto","background-attachment":"scroll","background-type":"","background-media":"","overlay-type":"","overlay-color":"","overlay-opacity":"","overlay-gradient":""},"mobile":{"background-color":"var(--ast-global-color-5)","background-image":"","background-repeat":"repeat","background-position":"center center","background-size":"auto","background-attachment":"scroll","background-type":"","background-media":"","overlay-type":"","overlay-color":"","overlay-opacity":"","overlay-gradient":""}}},"product_brand":[],"product_cat":[182],"product_tag":[294,292,295,293],"class_list":{"0":"post-3711","1":"product","2":"type-product","3":"status-publish","4":"has-post-thumbnail","6":"product_cat-spectrophotometer","7":"product_tag-atomic-absorption-analyzer","8":"product_tag-atomic-absorption-spectrophotometer","9":"product_tag-elemental-analysis-spectrophotometer","10":"product_tag-spectrometer","11":"desktop-align-left","12":"tablet-align-left","13":"mobile-align-left","14":"ast-col-sm-12","15":"ast-article-post","16":"ast-width-md-12","17":"ast-archive-post","18":"ast-product-gallery-layout-horizontal-slider","19":"ast-product-gallery-with-no-image","20":"ast-product-tabs-layout-horizontal","22":"first","23":"instock","24":"shipping-taxable","25":"product-type-simple"},"uagb_featured_image_src":{"full":["https:\/\/www.ansenta.com\/wp-content\/uploads\/2026\/02\/Atomic-Absorption-Spectrophotometer-AA320N-Plus.jpg",998,998,false],"thumbnail":["https:\/\/www.ansenta.com\/wp-content\/uploads\/2026\/02\/Atomic-Absorption-Spectrophotometer-AA320N-Plus-150x150.jpg",150,150,true],"medium":["https:\/\/www.ansenta.com\/wp-content\/uploads\/2026\/02\/Atomic-Absorption-Spectrophotometer-AA320N-Plus-300x300.jpg",300,300,true],"medium_large":["https:\/\/www.ansenta.com\/wp-content\/uploads\/2026\/02\/Atomic-Absorption-Spectrophotometer-AA320N-Plus-768x768.jpg",768,768,true],"large":["https:\/\/www.ansenta.com\/wp-content\/uploads\/2026\/02\/Atomic-Absorption-Spectrophotometer-AA320N-Plus.jpg",998,998,false],"1536x1536":["https:\/\/www.ansenta.com\/wp-content\/uploads\/2026\/02\/Atomic-Absorption-Spectrophotometer-AA320N-Plus.jpg",998,998,false],"2048x2048":["https:\/\/www.ansenta.com\/wp-content\/uploads\/2026\/02\/Atomic-Absorption-Spectrophotometer-AA320N-Plus.jpg",998,998,false],"trp-custom-language-flag":["https:\/\/www.ansenta.com\/wp-content\/uploads\/2026\/02\/Atomic-Absorption-Spectrophotometer-AA320N-Plus-12x12.jpg",12,12,true],"mailpoet_newsletter_max":["https:\/\/www.ansenta.com\/wp-content\/uploads\/2026\/02\/Atomic-Absorption-Spectrophotometer-AA320N-Plus.jpg",998,998,false],"woocommerce_thumbnail":["https:\/\/www.ansenta.com\/wp-content\/uploads\/2026\/02\/Atomic-Absorption-Spectrophotometer-AA320N-Plus-600x600.jpg",600,600,true],"woocommerce_single":["https:\/\/www.ansenta.com\/wp-content\/uploads\/2026\/02\/Atomic-Absorption-Spectrophotometer-AA320N-Plus-600x600.jpg",600,600,true],"woocommerce_gallery_thumbnail":["https:\/\/www.ansenta.com\/wp-content\/uploads\/2026\/02\/Atomic-Absorption-Spectrophotometer-AA320N-Plus-100x100.jpg",100,100,true]},"uagb_author_info":{"display_name":"jinxing6611@gmail.com","author_link":"https:\/\/www.ansenta.com\/es\/author\/"},"uagb_comment_info":0,"uagb_excerpt":"Brand:ANSENTA Product Origin:CHINA Delivery time:Within 7 days Supply capacity:Factory Direct Supply Model:Atomic Absorption Spectrophotometer-AA320N Plus Download: Atomic Absorption Spectrophotometer-AA320N Plus","jetpack_sharing_enabled":true,"_links":{"self":[{"href":"https:\/\/www.ansenta.com\/es\/wp-json\/wp\/v2\/product\/3711","targetHints":{"allow":["GET"]}}],"collection":[{"href":"https:\/\/www.ansenta.com\/es\/wp-json\/wp\/v2\/product"}],"about":[{"href":"https:\/\/www.ansenta.com\/es\/wp-json\/wp\/v2\/types\/product"}],"wp:featuredmedia":[{"embeddable":true,"href":"https:\/\/www.ansenta.com\/es\/wp-json\/wp\/v2\/media\/3712"}],"wp:attachment":[{"href":"https:\/\/www.ansenta.com\/es\/wp-json\/wp\/v2\/media?parent=3711"}],"wp:term":[{"taxonomy":"product_brand","embeddable":true,"href":"https:\/\/www.ansenta.com\/es\/wp-json\/wp\/v2\/product_brand?post=3711"},{"taxonomy":"product_cat","embeddable":true,"href":"https:\/\/www.ansenta.com\/es\/wp-json\/wp\/v2\/product_cat?post=3711"},{"taxonomy":"product_tag","embeddable":true,"href":"https:\/\/www.ansenta.com\/es\/wp-json\/wp\/v2\/product_tag?post=3711"}],"curies":[{"name":"wp","href":"https:\/\/api.w.org\/{rel}","templated":true}]}}