{"id":3702,"date":"2026-01-31T06:10:12","date_gmt":"2026-01-31T06:10:12","guid":{"rendered":"https:\/\/www.ansenta.com\/?post_type=product&#038;p=3702"},"modified":"2026-02-04T09:54:31","modified_gmt":"2026-02-04T09:54:31","slug":"ast-c-0-type-hot-air-circulating-oven","status":"publish","type":"product","link":"https:\/\/www.ansenta.com\/es\/producto\/ast-c-0-type-hot-air-circulating-oven\/","title":{"rendered":"Horno de circulaci\u00f3n de aire caliente tipo AST-C-0"},"content":{"rendered":"<p style=\"text-align: center;\"><strong>Horno de circulaci\u00f3n de aire caliente<\/strong><\/p>\n<table>\n<tbody>\n<tr>\n<td>Nombre del producto<\/td>\n<td colspan=\"3\">Horno de circulaci\u00f3n de aire caliente (una puerta, un carro)<\/td>\n<\/tr>\n<tr>\n<td>Modelo\/Especificaci\u00f3n<\/td>\n<td>Tipo AST-C-0<\/td>\n<td>Observaci\u00f3n<\/td>\n<td><\/td>\n<\/tr>\n<tr>\n<td>Alcance del suministro<\/td>\n<td colspan=\"3\">M\u00e1quina completa<\/td>\n<\/tr>\n<tr>\n<td rowspan=\"2\">Principales par\u00e1metros t\u00e9cnicos<\/td>\n<td colspan=\"3\">Dimensiones exteriores:   1360 mm (ancho) \u00d7 1200 mm (fondo) \u00d7 2000 mm (alto)<\/td>\n<\/tr>\n<tr>\n<td colspan=\"3\">Studio dimensions:760x900x1450mm<br \/>\nRango de temperatura:Temperatura normal\uff5e120\u2103<br \/>\nM\u00e9todo de calentamiento:Calefacci\u00f3n el\u00e9ctrica<br \/>\nPotencia calor\u00edfica:15KW<br \/>\nVentilador de flujo axial:0,75Kw<br \/>\nCarro de secado a juego:1 veh\u00edculo<br \/>\nIncluye una bandeja de horno:460\u00d7640\u00d745mm (24 bandejas)<\/td>\n<\/tr>\n<tr>\n<td width=\" \">Prestaciones y caracter\u00edsticas<\/td>\n<td colspan=\"3\">Los hornos de circulaci\u00f3n de aire caliente se utilizan ampliamente en los sectores farmac\u00e9utico, qu\u00edmico, alimentario, agr\u00edcola y de productos secundarios, productos acu\u00e1ticos e industria ligera para calentar, curar, secar y deshidratar. Son adecuados para secar y esterilizar materias primas, hierbas medicinales chinas, rodajas preparadas de hierbas medicinales chinas, extractos, polvos, gr\u00e1nulos, bebidas en polvo, verduras deshidratadas, utensilios, ampollas, viales y botellas de l\u00edquidos orales.<br \/>\nLos hornos de circulaci\u00f3n de aire caliente est\u00e1n equipados con ventiladores de flujo axial silenciosos y sistemas de control autom\u00e1tico de la temperatura. Todo el sistema de circulaci\u00f3n est\u00e1 completamente cerrado, lo que se traduce en una gran eficiencia t\u00e9rmica y ahorro de energ\u00eda. Bajo circulaci\u00f3n forzada de aire caliente, los materiales se secan uniformemente. La fuente de calor puede ser de vapor o el\u00e9ctrica, o una combinaci\u00f3n de ambas. La m\u00e1quina funciona con poco ruido y un rendimiento estable. La temperatura se controla autom\u00e1ticamente, la instalaci\u00f3n y el mantenimiento son convenientes, y su amplia aplicabilidad lo convierte en un equipo de secado vers\u00e1til adecuado para el secado de diversos materiales.<\/td>\n<\/tr>\n<tr>\n<td>Requisitos t\u00e9cnicos de producci\u00f3n<\/td>\n<td colspan=\"3\">1. La carcasa del horno est\u00e1 fabricada en chapa de acero inoxidable 3042B \u03b41,2mm con revestimiento mate, remachada y soldada, con una superficie lisa libre de ara\u00f1azos y marcas de soldadura, alcanzando una planitud de 3\/1000mm.<br \/>\n2. Los brazos interiores del horno son de chapa de acero inoxidable 3042B \u03b41,2mm, soldados por arco de arg\u00f3n y posteriormente rectificados y pulidos. Las cuatro esquinas del interior est\u00e1n uniformemente redondeadas, lo que elimina las esquinas muertas, facilita la limpieza y da como resultado una superficie lisa y plana.<br \/>\n3. La capa de aislamiento del horno est\u00e1 rellena de algod\u00f3n de fibra de silicato de aluminio de alta calidad, proporcionando un excelente rendimiento de aislamiento. La temperatura de la superficie no debe superar la temperatura ambiente en 10\u2103.<br \/>\n4. Las paredes de convecci\u00f3n internas son de rejilla, y los huecos de ventilaci\u00f3n en las paredes de convecci\u00f3n garantizan una temperatura uniforme dentro del horno. La uniformidad de la temperatura en vac\u00edo es de \u00b13\u2103.<br \/>\n5. El horno utiliza calentamiento el\u00e9ctrico, empleando elementos calefactores situados dentro del conducto de aire superior.<br \/>\n6. La parte superior del horno est\u00e1 equipada con una salida de aire y una entrada de aire suplementaria.<br \/>\n7. El horno de secado est\u00e1 equipado con un carro de secado, que est\u00e1 hecho de 30\u00d730\u00d7\u03b41.5mm 304 tubo cuadrado de acero inoxidable y \u03b41.5mm 304 placa de acero inoxidable.<br \/>\n8. El panel de control de la c\u00e1mara de secado se encuentra en el lado derecho del cuerpo de la c\u00e1mara.<\/td>\n<\/tr>\n<\/tbody>\n<\/table>\n<p style=\"text-align: center;\"><strong>AST-C-0 Configuraci\u00f3n del horno de circulaci\u00f3n de aire caliente para salas limpias<\/strong><\/p>\n<table>\n<tbody>\n<tr>\n<td>N\u00famero de serie<\/td>\n<td>Nombre<\/td>\n<td>Modelo y especificaciones<\/td>\n<td>Cantidad<\/td>\n<\/tr>\n<tr>\n<td>1<\/td>\n<td>Carcasa exterior<\/td>\n<td>304 \u03b41.2mm<\/td>\n<td><\/td>\n<\/tr>\n<tr>\n<td>2<\/td>\n<td>Pared interior del recinto<\/td>\n<td>304 \u03b41.2mm<\/td>\n<td>1 juego<\/td>\n<\/tr>\n<tr>\n<td>3<\/td>\n<td>Conducto de aire y pared de convecci\u00f3n<\/td>\n<td>304 \u03b41.0mm<\/td>\n<td>1 juego<\/td>\n<\/tr>\n<tr>\n<td rowspan=\"2\">4<\/td>\n<td rowspan=\"2\">Carro de secado Bandeja de secado<\/td>\n<td>Tubo cuadrado de acero inoxidable 304 30\u00d730\u00d71,5<\/td>\n<td rowspan=\"2\">1 juego 1 veh\u00edculo<\/td>\n<\/tr>\n<tr>\n<td>304 \u03b41.5mm<\/td>\n<\/tr>\n<tr>\n<td>5<\/td>\n<td>Material aislante<\/td>\n<td>304 460\u00d7640\u00d745mm<\/td>\n<td><\/td>\n<\/tr>\n<tr>\n<td>6<\/td>\n<td>Material de sellado<\/td>\n<td>Algod\u00f3n de fibra de aluminosilicato<\/td>\n<td>24 piezas<\/td>\n<\/tr>\n<tr>\n<td>7<\/td>\n<td>Elemento calefactor el\u00e9ctrico<\/td>\n<td>Goma de silicona alimentaria resistente a altas temperaturas<\/td>\n<td>150 kg<\/td>\n<\/tr>\n<tr>\n<td>8<\/td>\n<td>Contactor de CA<\/td>\n<td>Elemento calefactor en forma de U 3kW\/set<\/td>\n<td>10 kg<\/td>\n<\/tr>\n<tr>\n<td>8<\/td>\n<td>Sobrecarga t\u00e9rmica<\/td>\n<td>3TB40\/220V<\/td>\n<td>3 series<\/td>\n<\/tr>\n<tr>\n<td>9<\/td>\n<td>Interruptor autom\u00e1tico de alto poder de corte<\/td>\n<td>3UA5P\/380V 1,6-2,5A<\/td>\n<td>4 piezas<\/td>\n<\/tr>\n<tr>\n<td>10<\/td>\n<td>Interruptor pulsador<\/td>\n<td>4P 63A<\/td>\n<td>2 piezas<\/td>\n<\/tr>\n<tr>\n<td>11<\/td>\n<td>Indicador luminoso<\/td>\n<td>LY3<\/td>\n<td>1 pieza<\/td>\n<\/tr>\n<tr>\n<td>12<\/td>\n<td>Nombre<\/td>\n<td>AD16<\/td>\n<td>1 juego<\/td>\n<\/tr>\n<\/tbody>\n<\/table>\n<p><span style=\"color: #003300;\"><strong>Descargar:<\/strong><\/span><br \/>\n<a href=\"https:\/\/www.ansenta.com\/wp-content\/uploads\/2026\/01\/AST-C-0-type-Hot-Air-Circulating-Oven.pdf\">Horno de circulaci\u00f3n de aire caliente tipo AST-C-0<\/a><\/p>","protected":false},"excerpt":{"rendered":"<p><span style=\"color: #003300;\"><strong>Marca:<\/strong><\/span>ANSENTA<br \/>\n<span style=\"color: #003300;\"><strong>Origen del producto:<\/strong><\/span>CHINA<br \/>\n<span style=\"color: #003300;\"><strong>Plazo de entrega:<\/strong><\/span>En 7 d\u00edas<br \/>\n<span style=\"color: #003300;\"><strong>Capacidad de suministro:<\/strong><\/span>Suministro directo de f\u00e1brica<br \/>\n<span style=\"color: #003300;\"><strong>Modelo:<\/strong><\/span>Horno de circulaci\u00f3n de aire caliente tipo AST-C-0<br \/>\n<span style=\"color: #003300;\"><strong>Introducci\u00f3n:<\/strong><\/span><br \/>\nLos hornos de circulaci\u00f3n de aire caliente se utilizan ampliamente en los sectores farmac\u00e9utico, qu\u00edmico, alimentario, agr\u00edcola y de productos secundarios, productos acu\u00e1ticos e industria ligera para calentar, curar, secar y deshidratar. Son adecuados para secar y esterilizar materias primas, hierbas medicinales chinas, rodajas preparadas de hierbas medicinales chinas, extractos, polvos, gr\u00e1nulos, bebidas en polvo, verduras deshidratadas, utensilios, ampollas, viales y botellas de l\u00edquidos orales.<br \/>\n<span style=\"color: #003300;\"><strong>Descargar:<\/strong><\/span><br \/>\n<a href=\"https:\/\/www.ansenta.com\/wp-content\/uploads\/2026\/01\/AST-C-0-type-Hot-Air-Circulating-Oven.pdf\">Horno de circulaci\u00f3n de aire caliente tipo AST-C-0<\/a><\/p>","protected":false},"featured_media":3703,"template":"","meta":{"_uag_custom_page_level_css":"","site-sidebar-layout":"default","site-content-layout":"","ast-site-content-layout":"default","site-content-style":"default","site-sidebar-style":"default","ast-global-header-display":"","ast-banner-title-visibility":"","ast-main-header-display":"","ast-hfb-above-header-display":"","ast-hfb-below-header-display":"","ast-hfb-mobile-header-display":"","site-post-title":"","ast-breadcrumbs-content":"","ast-featured-img":"","footer-sml-layout":"","ast-disable-related-posts":"","theme-transparent-header-meta":"default","adv-header-id-meta":"","stick-header-meta":"default","header-above-stick-meta":"","header-main-stick-meta":"","header-below-stick-meta":"","astra-migrate-meta-layouts":"set","ast-page-background-enabled":"default","ast-page-background-meta":{"desktop":{"background-color":"var(--ast-global-color-4)","background-image":"","background-repeat":"repeat","background-position":"center center","background-size":"auto","background-attachment":"scroll","background-type":"","background-media":"","overlay-type":"","overlay-color":"","overlay-opacity":"","overlay-gradient":""},"tablet":{"background-color":"","background-image":"","background-repeat":"repeat","background-position":"center center","background-size":"auto","background-attachment":"scroll","background-type":"","background-media":"","overlay-type":"","overlay-color":"","overlay-opacity":"","overlay-gradient":""},"mobile":{"background-color":"","background-image":"","background-repeat":"repeat","background-position":"center center","background-size":"auto","background-attachment":"scroll","background-type":"","background-media":"","overlay-type":"","overlay-color":"","overlay-opacity":"","overlay-gradient":""}},"ast-content-background-meta":{"desktop":{"background-color":"var(--ast-global-color-5)","background-image":"","background-repeat":"repeat","background-position":"center center","background-size":"auto","background-attachment":"scroll","background-type":"","background-media":"","overlay-type":"","overlay-color":"","overlay-opacity":"","overlay-gradient":""},"tablet":{"background-color":"var(--ast-global-color-5)","background-image":"","background-repeat":"repeat","background-position":"center center","background-size":"auto","background-attachment":"scroll","background-type":"","background-media":"","overlay-type":"","overlay-color":"","overlay-opacity":"","overlay-gradient":""},"mobile":{"background-color":"var(--ast-global-color-5)","background-image":"","background-repeat":"repeat","background-position":"center center","background-size":"auto","background-attachment":"scroll","background-type":"","background-media":"","overlay-type":"","overlay-color":"","overlay-opacity":"","overlay-gradient":""}}},"product_brand":[],"product_cat":[140],"product_tag":[],"class_list":{"0":"post-3702","1":"product","2":"type-product","3":"status-publish","4":"has-post-thumbnail","6":"product_cat-forced-air-drying-oven","7":"desktop-align-left","8":"tablet-align-left","9":"mobile-align-left","10":"ast-col-sm-12","11":"ast-article-post","12":"ast-width-md-12","13":"ast-archive-post","14":"ast-product-gallery-layout-horizontal-slider","15":"ast-product-gallery-with-no-image","16":"ast-product-tabs-layout-horizontal","18":"first","19":"instock","20":"shipping-taxable","21":"product-type-simple"},"uagb_featured_image_src":{"full":["https:\/\/www.ansenta.com\/wp-content\/uploads\/2026\/01\/AST-C-0-type-Hot-Air-Circulating-Oven.jpg",458,458,false],"thumbnail":["https:\/\/www.ansenta.com\/wp-content\/uploads\/2026\/01\/AST-C-0-type-Hot-Air-Circulating-Oven-150x150.jpg",150,150,true],"medium":["https:\/\/www.ansenta.com\/wp-content\/uploads\/2026\/01\/AST-C-0-type-Hot-Air-Circulating-Oven-300x300.jpg",300,300,true],"medium_large":["https:\/\/www.ansenta.com\/wp-content\/uploads\/2026\/01\/AST-C-0-type-Hot-Air-Circulating-Oven.jpg",458,458,false],"large":["https:\/\/www.ansenta.com\/wp-content\/uploads\/2026\/01\/AST-C-0-type-Hot-Air-Circulating-Oven.jpg",458,458,false],"1536x1536":["https:\/\/www.ansenta.com\/wp-content\/uploads\/2026\/01\/AST-C-0-type-Hot-Air-Circulating-Oven.jpg",458,458,false],"2048x2048":["https:\/\/www.ansenta.com\/wp-content\/uploads\/2026\/01\/AST-C-0-type-Hot-Air-Circulating-Oven.jpg",458,458,false],"trp-custom-language-flag":["https:\/\/www.ansenta.com\/wp-content\/uploads\/2026\/01\/AST-C-0-type-Hot-Air-Circulating-Oven-12x12.jpg",12,12,true],"mailpoet_newsletter_max":["https:\/\/www.ansenta.com\/wp-content\/uploads\/2026\/01\/AST-C-0-type-Hot-Air-Circulating-Oven.jpg",458,458,false],"woocommerce_thumbnail":["https:\/\/www.ansenta.com\/wp-content\/uploads\/2026\/01\/AST-C-0-type-Hot-Air-Circulating-Oven.jpg",458,458,false],"woocommerce_single":["https:\/\/www.ansenta.com\/wp-content\/uploads\/2026\/01\/AST-C-0-type-Hot-Air-Circulating-Oven.jpg",458,458,false],"woocommerce_gallery_thumbnail":["https:\/\/www.ansenta.com\/wp-content\/uploads\/2026\/01\/AST-C-0-type-Hot-Air-Circulating-Oven-100x100.jpg",100,100,true]},"uagb_author_info":{"display_name":"jinxing6611@gmail.com","author_link":"https:\/\/www.ansenta.com\/es\/author\/"},"uagb_comment_info":0,"uagb_excerpt":"Brand:ANSENTA Product Origin:CHINA Delivery time:Within 7 days Supply capacity:Factory Direct Supply Model:AST-C-0 type Hot Air Circulating Oven Introduction: Hot air circulating ovens are widely used in the pharmaceutical, chemical, food, agricultural and sideline product, aquatic product, and light industry sectors for heating, curing, drying, and dehydration. They are suitable for drying and sterilizing raw materials,&hellip;","jetpack_sharing_enabled":true,"_links":{"self":[{"href":"https:\/\/www.ansenta.com\/es\/wp-json\/wp\/v2\/product\/3702","targetHints":{"allow":["GET"]}}],"collection":[{"href":"https:\/\/www.ansenta.com\/es\/wp-json\/wp\/v2\/product"}],"about":[{"href":"https:\/\/www.ansenta.com\/es\/wp-json\/wp\/v2\/types\/product"}],"wp:featuredmedia":[{"embeddable":true,"href":"https:\/\/www.ansenta.com\/es\/wp-json\/wp\/v2\/media\/3703"}],"wp:attachment":[{"href":"https:\/\/www.ansenta.com\/es\/wp-json\/wp\/v2\/media?parent=3702"}],"wp:term":[{"taxonomy":"product_brand","embeddable":true,"href":"https:\/\/www.ansenta.com\/es\/wp-json\/wp\/v2\/product_brand?post=3702"},{"taxonomy":"product_cat","embeddable":true,"href":"https:\/\/www.ansenta.com\/es\/wp-json\/wp\/v2\/product_cat?post=3702"},{"taxonomy":"product_tag","embeddable":true,"href":"https:\/\/www.ansenta.com\/es\/wp-json\/wp\/v2\/product_tag?post=3702"}],"curies":[{"name":"wp","href":"https:\/\/api.w.org\/{rel}","templated":true}]}}