{"id":3696,"date":"2026-01-31T05:39:54","date_gmt":"2026-01-31T05:39:54","guid":{"rendered":"https:\/\/www.ansenta.com\/?post_type=product&#038;p=3696"},"modified":"2026-01-31T05:40:59","modified_gmt":"2026-01-31T05:40:59","slug":"ast-dry-electrolyte-analyzer-2","status":"publish","type":"product","link":"https:\/\/www.ansenta.com\/es\/producto\/ast-dry-electrolyte-analyzer-2\/","title":{"rendered":"AST-Analizador de electrolitos en seco"},"content":{"rendered":"<p><strong>Analizador de electrolitos secos<\/strong><br \/>\nR\u00e1pido: M\u00e9todo qu\u00edmico en seco, cada prueba dura poco m\u00e1s de un minuto.<br \/>\nSin mantenimiento: El instrumento no tiene paso de l\u00edquido y puede encenderse y apagarse en cualquier momento; no requiere mantenimiento espec\u00edfico.<br \/>\nFuncionamiento sencillo: S\u00f3lo se necesita una adici\u00f3n de muestra para completar la prueba de tres elementos.<br \/>\nRendimiento estable y fiable: El incubador de temperatura constante de dise\u00f1o exclusivo puede medir con precisi\u00f3n la concentraci\u00f3n de K+, Na+ y Cl- en sangre.<br \/>\n\u25c6 Sin contaminaci\u00f3n port\u00e1til: El m\u00e9todo de qu\u00edmica seca utiliza tiras reactivas desechables.<br \/>\n\u25c6 Ligero y port\u00e1til: El instrumento mide 295\u00d7215X120mm y pesa solo 2,2kg.<br \/>\n<strong>I. Rendimiento de la detecci\u00f3n<\/strong><\/p>\n<table>\n<tbody>\n<tr>\n<td rowspan=\"2\">par\u00e1metro<\/td>\n<td rowspan=\"2\">Precisi\u00f3n (desviaci\u00f3n)<\/td>\n<td rowspan=\"2\">Precisi\u00f3n (CV)<\/td>\n<td colspan=\"3\">lineal<\/td>\n<td rowspan=\"2\">Estabilidad (R)<\/td>\n<\/tr>\n<tr>\n<td>Intervalo (mmol\/L)<\/td>\n<td>Sesgo<\/td>\n<td>Coeficiente de correlaci\u00f3n (r)<\/td>\n<\/tr>\n<tr>\n<td>K+<\/td>\n<td>No m\u00e1s de \u00b13%<\/td>\n<td>\u22641.5%<\/td>\n<td>1.5~7.5<\/td>\n<td>\u22643.0%<\/td>\n<td>\u22650.995<\/td>\n<td>\u22642.0%<\/td>\n<\/tr>\n<tr>\n<td>Na+<\/td>\n<td>No m\u00e1s de \u00b13%<\/td>\n<td>\u22641.5%<\/td>\n<td>100.0~180.0<\/td>\n<td>\u22643.0%<\/td>\n<td>\u22650.995<\/td>\n<td>\u22642.0%<\/td>\n<\/tr>\n<tr>\n<td>CI-<\/td>\n<td>No m\u00e1s de \u00b13%<\/td>\n<td>\u22641.5%<\/td>\n<td>80.0~160.0<\/td>\n<td>\u22643.0%<\/td>\n<td>\u22650.995<\/td>\n<td>\u22642.0%<\/td>\n<\/tr>\n<\/tbody>\n<\/table>\n<p><strong>II. Par\u00e1metros del instrumento<\/strong><\/p>\n<table>\n<tbody>\n<tr>\n<td>Tipo de muestra<\/td>\n<td>suero, plasma<\/td>\n<td>Interfaz de salida<\/td>\n<td>RS232<\/td>\n<\/tr>\n<tr>\n<td>Cantidad de muestras<\/td>\n<td>50\u03bcL<\/td>\n<td>Requisitos de potencia<\/td>\n<td>CA 220V\u00b122V 50Hz\u00b11Hz<\/td>\n<\/tr>\n<tr>\n<td>Elementos de prueba<\/td>\n<td>K+\u3001 Na+\u3001CI Tres mediciones simult\u00e1neas<\/td>\n<td>Potencia nominal<\/td>\n<td>50VA<\/td>\n<\/tr>\n<tr>\n<td>Interfaz de pantalla<\/td>\n<td>Pantalla china LCD<\/td>\n<td>Peso del instrumento<\/td>\n<td>2,2 kg<\/td>\n<\/tr>\n<tr>\n<td>Impresora<\/td>\n<td>Impresora t\u00e9rmica integrada<\/td>\n<td>Entorno operativo<\/td>\n<td>15\u2103~30\u2103<\/td>\n<\/tr>\n<\/tbody>\n<\/table>\n<p><span style=\"color: #003300;\"><strong>Descargar:<\/strong><\/span><br \/>\n<a href=\"https:\/\/www.ansenta.com\/wp-content\/uploads\/2026\/01\/AST-Dry-Electrolyte-Analyzer-1.pdf\">AST-Analizador de electrolitos en seco<\/a><\/p>","protected":false},"excerpt":{"rendered":"<p><span style=\"color: #003300;\"><strong>Marca:<\/strong><\/span>ANSENTA<br \/>\n<span style=\"color: #003300;\"><strong>Origen del producto:<\/strong><\/span>CHINA<br \/>\n<span style=\"color: #003300;\"><strong>Plazo de entrega:<\/strong><\/span>En 7 d\u00edas<br \/>\n<span style=\"color: #003300;\"><strong>Capacidad de suministro:<\/strong><\/span>Suministro directo de f\u00e1brica<br \/>\n<span style=\"color: #003300;\"><strong>Modelo:<\/strong><\/span>AST-Analizador de electrolitos en seco<br \/>\n<span style=\"color: #003300;\"><strong>Introducci\u00f3n:<\/strong><\/span><br \/>\nLos electrolitos son un elemento com\u00fan de los an\u00e1lisis de sangre. Los pacientes con fiebre, shock, diarrea, as\u00ed como aquellos con diabetes, hipertensi\u00f3n y enfermedad renal a menudo necesitan que se les analicen los electrolitos. Los indicadores de an\u00e1lisis m\u00e1s utilizados suelen incluir iones de potasio, iones de sodio e iones de cloruro.<br \/>\n<span style=\"color: #003300;\"><strong>Descargar:<\/strong><\/span><br \/>\n<a href=\"https:\/\/www.ansenta.com\/wp-content\/uploads\/2026\/01\/AST-Dry-Electrolyte-Analyzer-1.pdf\">AST-Analizador de electrolitos en seco<\/a><\/p>","protected":false},"featured_media":3697,"template":"","meta":{"_uag_custom_page_level_css":"","site-sidebar-layout":"default","site-content-layout":"","ast-site-content-layout":"default","site-content-style":"default","site-sidebar-style":"default","ast-global-header-display":"","ast-banner-title-visibility":"","ast-main-header-display":"","ast-hfb-above-header-display":"","ast-hfb-below-header-display":"","ast-hfb-mobile-header-display":"","site-post-title":"","ast-breadcrumbs-content":"","ast-featured-img":"","footer-sml-layout":"","ast-disable-related-posts":"","theme-transparent-header-meta":"default","adv-header-id-meta":"","stick-header-meta":"default","header-above-stick-meta":"","header-main-stick-meta":"","header-below-stick-meta":"","astra-migrate-meta-layouts":"set","ast-page-background-enabled":"default","ast-page-background-meta":{"desktop":{"background-color":"var(--ast-global-color-4)","background-image":"","background-repeat":"repeat","background-position":"center center","background-size":"auto","background-attachment":"scroll","background-type":"","background-media":"","overlay-type":"","overlay-color":"","overlay-opacity":"","overlay-gradient":""},"tablet":{"background-color":"","background-image":"","background-repeat":"repeat","background-position":"center center","background-size":"auto","background-attachment":"scroll","background-type":"","background-media":"","overlay-type":"","overlay-color":"","overlay-opacity":"","overlay-gradient":""},"mobile":{"background-color":"","background-image":"","background-repeat":"repeat","background-position":"center center","background-size":"auto","background-attachment":"scroll","background-type":"","background-media":"","overlay-type":"","overlay-color":"","overlay-opacity":"","overlay-gradient":""}},"ast-content-background-meta":{"desktop":{"background-color":"var(--ast-global-color-5)","background-image":"","background-repeat":"repeat","background-position":"center center","background-size":"auto","background-attachment":"scroll","background-type":"","background-media":"","overlay-type":"","overlay-color":"","overlay-opacity":"","overlay-gradient":""},"tablet":{"background-color":"var(--ast-global-color-5)","background-image":"","background-repeat":"repeat","background-position":"center center","background-size":"auto","background-attachment":"scroll","background-type":"","background-media":"","overlay-type":"","overlay-color":"","overlay-opacity":"","overlay-gradient":""},"mobile":{"background-color":"var(--ast-global-color-5)","background-image":"","background-repeat":"repeat","background-position":"center center","background-size":"auto","background-attachment":"scroll","background-type":"","background-media":"","overlay-type":"","overlay-color":"","overlay-opacity":"","overlay-gradient":""}}},"product_brand":[],"product_cat":[51],"product_tag":[],"class_list":{"0":"post-3696","1":"product","2":"type-product","3":"status-publish","4":"has-post-thumbnail","6":"product_cat-electrolyte-analyzer","7":"desktop-align-left","8":"tablet-align-left","9":"mobile-align-left","10":"ast-col-sm-12","11":"ast-article-post","12":"ast-width-md-12","13":"ast-archive-post","14":"ast-product-gallery-layout-horizontal-slider","15":"ast-product-gallery-with-no-image","16":"ast-product-tabs-layout-horizontal","18":"first","19":"instock","20":"shipping-taxable","21":"product-type-simple"},"uagb_featured_image_src":{"full":["https:\/\/www.ansenta.com\/wp-content\/uploads\/2026\/01\/AST-Dry-Electrolyte-Analyzer.jpg",400,400,false],"thumbnail":["https:\/\/www.ansenta.com\/wp-content\/uploads\/2026\/01\/AST-Dry-Electrolyte-Analyzer-150x150.jpg",150,150,true],"medium":["https:\/\/www.ansenta.com\/wp-content\/uploads\/2026\/01\/AST-Dry-Electrolyte-Analyzer-300x300.jpg",300,300,true],"medium_large":["https:\/\/www.ansenta.com\/wp-content\/uploads\/2026\/01\/AST-Dry-Electrolyte-Analyzer.jpg",400,400,false],"large":["https:\/\/www.ansenta.com\/wp-content\/uploads\/2026\/01\/AST-Dry-Electrolyte-Analyzer.jpg",400,400,false],"1536x1536":["https:\/\/www.ansenta.com\/wp-content\/uploads\/2026\/01\/AST-Dry-Electrolyte-Analyzer.jpg",400,400,false],"2048x2048":["https:\/\/www.ansenta.com\/wp-content\/uploads\/2026\/01\/AST-Dry-Electrolyte-Analyzer.jpg",400,400,false],"trp-custom-language-flag":["https:\/\/www.ansenta.com\/wp-content\/uploads\/2026\/01\/AST-Dry-Electrolyte-Analyzer-12x12.jpg",12,12,true],"mailpoet_newsletter_max":["https:\/\/www.ansenta.com\/wp-content\/uploads\/2026\/01\/AST-Dry-Electrolyte-Analyzer.jpg",400,400,false],"woocommerce_thumbnail":["https:\/\/www.ansenta.com\/wp-content\/uploads\/2026\/01\/AST-Dry-Electrolyte-Analyzer.jpg",400,400,false],"woocommerce_single":["https:\/\/www.ansenta.com\/wp-content\/uploads\/2026\/01\/AST-Dry-Electrolyte-Analyzer.jpg",400,400,false],"woocommerce_gallery_thumbnail":["https:\/\/www.ansenta.com\/wp-content\/uploads\/2026\/01\/AST-Dry-Electrolyte-Analyzer-100x100.jpg",100,100,true]},"uagb_author_info":{"display_name":"jinxing6611@gmail.com","author_link":"https:\/\/www.ansenta.com\/es\/author\/"},"uagb_comment_info":0,"uagb_excerpt":"Brand:ANSENTA Product Origin:CHINA Delivery time:Within 7 days Supply capacity:Factory Direct Supply Model:AST-Dry Electrolyte Analyzer Introduction: Electrolytes are a common blood test item. Patients with fever, shock, diarrhea, as well as those with diabetes, hypertension, and kidney disease often need to have their electrolytes tested. Commonly used test indicators usually include potassium ions, sodium ions, and&hellip;","jetpack_sharing_enabled":true,"_links":{"self":[{"href":"https:\/\/www.ansenta.com\/es\/wp-json\/wp\/v2\/product\/3696","targetHints":{"allow":["GET"]}}],"collection":[{"href":"https:\/\/www.ansenta.com\/es\/wp-json\/wp\/v2\/product"}],"about":[{"href":"https:\/\/www.ansenta.com\/es\/wp-json\/wp\/v2\/types\/product"}],"wp:featuredmedia":[{"embeddable":true,"href":"https:\/\/www.ansenta.com\/es\/wp-json\/wp\/v2\/media\/3697"}],"wp:attachment":[{"href":"https:\/\/www.ansenta.com\/es\/wp-json\/wp\/v2\/media?parent=3696"}],"wp:term":[{"taxonomy":"product_brand","embeddable":true,"href":"https:\/\/www.ansenta.com\/es\/wp-json\/wp\/v2\/product_brand?post=3696"},{"taxonomy":"product_cat","embeddable":true,"href":"https:\/\/www.ansenta.com\/es\/wp-json\/wp\/v2\/product_cat?post=3696"},{"taxonomy":"product_tag","embeddable":true,"href":"https:\/\/www.ansenta.com\/es\/wp-json\/wp\/v2\/product_tag?post=3696"}],"curies":[{"name":"wp","href":"https:\/\/api.w.org\/{rel}","templated":true}]}}