{"id":3681,"date":"2026-01-30T14:51:37","date_gmt":"2026-01-30T14:51:37","guid":{"rendered":"https:\/\/www.ansenta.com\/?post_type=product&#038;p=3681"},"modified":"2026-01-30T14:51:37","modified_gmt":"2026-01-30T14:51:37","slug":"ast-2876-stereomicroscope","status":"publish","type":"product","link":"https:\/\/www.ansenta.com\/es\/producto\/ast-2876-stereomicroscope\/","title":{"rendered":"AST-2876 Estereomicroscopio"},"content":{"rendered":"<table>\n<tbody>\n<tr>\n<td rowspan=\"3\"><strong><b>Ocular<\/b><\/strong><\/td>\n<td colspan=\"2\"><strong><b>Configuraci\u00f3n est\u00e1ndar<\/b><\/strong><\/td>\n<\/tr>\n<tr>\n<td colspan=\"2\"><strong><b>Distancia de trabajo<\/b><\/strong><strong><b>\u00a0<\/b><\/strong><strong><b>\u00a0120 mm<\/b><\/strong><\/td>\n<\/tr>\n<tr>\n<td><strong><b>Aumento<\/b><\/strong><\/td>\n<td><strong><b>Campo de visi\u00f3n(MM<\/b><\/strong>)<\/td>\n<\/tr>\n<tr>\n<td rowspan=\"2\"><strong><b>WF10X\/22<\/b><\/strong><\/td>\n<td><strong><b>7X<\/b><\/strong><\/td>\n<td><strong><b>31.4<\/b><\/strong><\/td>\n<\/tr>\n<tr>\n<td><strong><b>60X<\/b><\/strong><\/td>\n<td>3.7<\/td>\n<\/tr>\n<tr>\n<td rowspan=\"2\"><strong><b>WF20X\/10<\/b><\/strong><\/td>\n<td><strong><b>14X<\/b><\/strong><\/td>\n<td><strong><b>14.3<\/b><\/strong><\/td>\n<\/tr>\n<tr>\n<td><strong><b>120X<\/b><\/strong><\/td>\n<td>2<\/td>\n<\/tr>\n<tr>\n<td><strong><b>Aumento<\/b><\/strong><\/td>\n<td colspan=\"2\"><strong><b>Est\u00e1ndar:zoom est\u00e9reo 7X-60X,3,5X-200X con objetivo opcional<\/b><\/strong><\/td>\n<\/tr>\n<tr>\n<td><strong><b>Ocular<\/b><\/strong><\/td>\n<td colspan=\"2\">Ocular est\u00e1ndar de campo amplio WF10X\/22MM de punto ocular alto, conveniente para observadores que usan los ojos. Oculares WF15X\/15MM,WF20X\/10MM,WF25X\/9MM son opcionales.<\/td>\n<\/tr>\n<tr>\n<td><strong><b>Cabezal del microscopio<\/b><\/strong><\/td>\n<td colspan=\"2\"><strong><b>Cabezal binocular\/trinocular,inclinado 45\u00b0,giratorio 360\u00b0.Distancia interpupilar:54-76mm.Dioptr\u00edas ajustables en ambos tubos.<\/b><\/strong><\/td>\n<\/tr>\n<tr>\n<td><strong><b>Objetivo<\/b><\/strong><\/td>\n<td colspan=\"2\"><strong><b>Zoom est\u00e9reo 0,7X-6X.Relaci\u00f3n de zoom 8,6:1<\/b><\/strong><\/td>\n<\/tr>\n<tr>\n<td><strong><b>Lente auxiliar<\/b><\/strong><\/td>\n<td colspan=\"2\"><strong><b>Puede elegir 0.5XLente auxiliar, la distancia de trabajo es 172mm<\/b><\/strong><\/td>\n<\/tr>\n<tr>\n<td><strong><b>Ajuste del enfoque<\/b><\/strong><\/td>\n<td colspan=\"2\"><strong><b>Brazo de enfoque A1 con ajuste de tensi\u00f3n,rango:50mm<\/b><\/strong><\/td>\n<\/tr>\n<tr>\n<td><strong><b>Soporte para microscopio<\/b><\/strong><\/td>\n<td colspan=\"2\">Soporte B1 con placa blanca\/negra de 95 mm de di\u00e1metro.<\/td>\n<\/tr>\n<tr>\n<td><strong><b>Iluminaci\u00f3n<\/b><\/strong><\/td>\n<td colspan=\"2\"><strong><b>L\u00e1mpara anular LED\/fuente de fibra \u00f3ptica<\/b><\/strong><\/td>\n<\/tr>\n<tr>\n<td><strong><b>Adaptador de c\u00e1mara<\/b><\/strong><\/td>\n<td colspan=\"2\"><strong><b>0,5X,0,35X,1X para la opci\u00f3n<\/b><\/strong><\/td>\n<\/tr>\n<\/tbody>\n<\/table>\n<p><span style=\"color: #003300;\"><strong>Descargar:<\/strong><\/span><br \/>\n<a href=\"https:\/\/www.ansenta.com\/wp-content\/uploads\/2026\/01\/AST-2876-Stereomicroscope.pdf\">AST-2876 Estereomicroscopio<\/a><\/p>","protected":false},"excerpt":{"rendered":"<p><span style=\"color: #003300;\"><strong>Marca:<\/strong><\/span>ANSENTA<br \/>\n<span style=\"color: #003300;\"><strong>Origen del producto:<\/strong><\/span>CHINA<br \/>\n<span style=\"color: #003300;\"><strong>Plazo de entrega:<\/strong><\/span>En 7 d\u00edas<br \/>\n<span style=\"color: #003300;\"><strong>Capacidad de suministro:<\/strong><\/span>Suministro directo de f\u00e1brica<br \/>\n<span style=\"color: #003300;\"><strong>Modelo:<\/strong><\/span>AST-2876 Estereomicroscopio<br \/>\n<span style=\"color: #003300;\"><strong>Introducci\u00f3n:<\/strong><\/span><br \/>\nEl microscopio estereosc\u00f3pico es un microscopio que combina la tecnolog\u00eda de zoom y la microscop\u00eda estereosc\u00f3pica, lo que permite al usuario ver la muestra en diferentes planos focales, obteniendo una imagen m\u00e1s n\u00edtida y tridimensional. El microscopio estereosc\u00f3pico de zoom ajusta la distancia focal mediante la tecnolog\u00eda de zoom para observar diferentes niveles de la muestra, mientras que la tecnolog\u00eda de microscop\u00eda estereosc\u00f3pica combina im\u00e1genes de m\u00faltiples vistas de la muestra en una imagen estereosc\u00f3pica para mostrar la estructura tridimensional de la muestra.<br \/>\n<span style=\"color: #003300;\"><strong>Descargar:<\/strong><\/span><br \/>\n<a href=\"https:\/\/www.ansenta.com\/wp-content\/uploads\/2026\/01\/AST-2876-Stereomicroscope.pdf\">AST-2876 Estereomicroscopio<\/a><\/p>","protected":false},"featured_media":3682,"template":"","meta":{"_uag_custom_page_level_css":"","site-sidebar-layout":"default","site-content-layout":"","ast-site-content-layout":"default","site-content-style":"default","site-sidebar-style":"default","ast-global-header-display":"","ast-banner-title-visibility":"","ast-main-header-display":"","ast-hfb-above-header-display":"","ast-hfb-below-header-display":"","ast-hfb-mobile-header-display":"","site-post-title":"","ast-breadcrumbs-content":"","ast-featured-img":"","footer-sml-layout":"","ast-disable-related-posts":"","theme-transparent-header-meta":"default","adv-header-id-meta":"","stick-header-meta":"default","header-above-stick-meta":"","header-main-stick-meta":"","header-below-stick-meta":"","astra-migrate-meta-layouts":"set","ast-page-background-enabled":"default","ast-page-background-meta":{"desktop":{"background-color":"var(--ast-global-color-4)","background-image":"","background-repeat":"repeat","background-position":"center center","background-size":"auto","background-attachment":"scroll","background-type":"","background-media":"","overlay-type":"","overlay-color":"","overlay-opacity":"","overlay-gradient":""},"tablet":{"background-color":"","background-image":"","background-repeat":"repeat","background-position":"center center","background-size":"auto","background-attachment":"scroll","background-type":"","background-media":"","overlay-type":"","overlay-color":"","overlay-opacity":"","overlay-gradient":""},"mobile":{"background-color":"","background-image":"","background-repeat":"repeat","background-position":"center center","background-size":"auto","background-attachment":"scroll","background-type":"","background-media":"","overlay-type":"","overlay-color":"","overlay-opacity":"","overlay-gradient":""}},"ast-content-background-meta":{"desktop":{"background-color":"var(--ast-global-color-5)","background-image":"","background-repeat":"repeat","background-position":"center center","background-size":"auto","background-attachment":"scroll","background-type":"","background-media":"","overlay-type":"","overlay-color":"","overlay-opacity":"","overlay-gradient":""},"tablet":{"background-color":"var(--ast-global-color-5)","background-image":"","background-repeat":"repeat","background-position":"center center","background-size":"auto","background-attachment":"scroll","background-type":"","background-media":"","overlay-type":"","overlay-color":"","overlay-opacity":"","overlay-gradient":""},"mobile":{"background-color":"var(--ast-global-color-5)","background-image":"","background-repeat":"repeat","background-position":"center center","background-size":"auto","background-attachment":"scroll","background-type":"","background-media":"","overlay-type":"","overlay-color":"","overlay-opacity":"","overlay-gradient":""}}},"product_brand":[],"product_cat":[179],"product_tag":[],"class_list":{"0":"post-3681","1":"product","2":"type-product","3":"status-publish","4":"has-post-thumbnail","6":"product_cat-microscope","7":"desktop-align-left","8":"tablet-align-left","9":"mobile-align-left","10":"ast-col-sm-12","11":"ast-article-post","12":"ast-width-md-12","13":"ast-archive-post","14":"ast-product-gallery-layout-horizontal-slider","15":"ast-product-gallery-with-no-image","16":"ast-product-tabs-layout-horizontal","18":"first","19":"instock","20":"shipping-taxable","21":"product-type-simple"},"uagb_featured_image_src":{"full":["https:\/\/www.ansenta.com\/wp-content\/uploads\/2026\/01\/AST-2876-Stereomicroscope.jpg",400,400,false],"thumbnail":["https:\/\/www.ansenta.com\/wp-content\/uploads\/2026\/01\/AST-2876-Stereomicroscope-150x150.jpg",150,150,true],"medium":["https:\/\/www.ansenta.com\/wp-content\/uploads\/2026\/01\/AST-2876-Stereomicroscope-300x300.jpg",300,300,true],"medium_large":["https:\/\/www.ansenta.com\/wp-content\/uploads\/2026\/01\/AST-2876-Stereomicroscope.jpg",400,400,false],"large":["https:\/\/www.ansenta.com\/wp-content\/uploads\/2026\/01\/AST-2876-Stereomicroscope.jpg",400,400,false],"1536x1536":["https:\/\/www.ansenta.com\/wp-content\/uploads\/2026\/01\/AST-2876-Stereomicroscope.jpg",400,400,false],"2048x2048":["https:\/\/www.ansenta.com\/wp-content\/uploads\/2026\/01\/AST-2876-Stereomicroscope.jpg",400,400,false],"trp-custom-language-flag":["https:\/\/www.ansenta.com\/wp-content\/uploads\/2026\/01\/AST-2876-Stereomicroscope-12x12.jpg",12,12,true],"mailpoet_newsletter_max":["https:\/\/www.ansenta.com\/wp-content\/uploads\/2026\/01\/AST-2876-Stereomicroscope.jpg",400,400,false],"woocommerce_thumbnail":["https:\/\/www.ansenta.com\/wp-content\/uploads\/2026\/01\/AST-2876-Stereomicroscope.jpg",400,400,false],"woocommerce_single":["https:\/\/www.ansenta.com\/wp-content\/uploads\/2026\/01\/AST-2876-Stereomicroscope.jpg",400,400,false],"woocommerce_gallery_thumbnail":["https:\/\/www.ansenta.com\/wp-content\/uploads\/2026\/01\/AST-2876-Stereomicroscope-100x100.jpg",100,100,true]},"uagb_author_info":{"display_name":"jinxing6611@gmail.com","author_link":"https:\/\/www.ansenta.com\/es\/author\/"},"uagb_comment_info":0,"uagb_excerpt":"Brand:ANSENTA Product Origin:CHINA Delivery time:Within 7 days Supply capacity:Factory Direct Supply Model:AST-2876 Stereomicroscope Introduction: The stereozoom microscope \u200c is a microscope that combines zoom technology and stereoscopic microscopy, which allows the user to view the sample in different focal planes, resulting in a sharper and three-dimensional image. The stereo zoom microscope adjusts the focal length&hellip;","jetpack_sharing_enabled":true,"_links":{"self":[{"href":"https:\/\/www.ansenta.com\/es\/wp-json\/wp\/v2\/product\/3681","targetHints":{"allow":["GET"]}}],"collection":[{"href":"https:\/\/www.ansenta.com\/es\/wp-json\/wp\/v2\/product"}],"about":[{"href":"https:\/\/www.ansenta.com\/es\/wp-json\/wp\/v2\/types\/product"}],"wp:featuredmedia":[{"embeddable":true,"href":"https:\/\/www.ansenta.com\/es\/wp-json\/wp\/v2\/media\/3682"}],"wp:attachment":[{"href":"https:\/\/www.ansenta.com\/es\/wp-json\/wp\/v2\/media?parent=3681"}],"wp:term":[{"taxonomy":"product_brand","embeddable":true,"href":"https:\/\/www.ansenta.com\/es\/wp-json\/wp\/v2\/product_brand?post=3681"},{"taxonomy":"product_cat","embeddable":true,"href":"https:\/\/www.ansenta.com\/es\/wp-json\/wp\/v2\/product_cat?post=3681"},{"taxonomy":"product_tag","embeddable":true,"href":"https:\/\/www.ansenta.com\/es\/wp-json\/wp\/v2\/product_tag?post=3681"}],"curies":[{"name":"wp","href":"https:\/\/api.w.org\/{rel}","templated":true}]}}