{"id":3677,"date":"2026-01-30T14:25:34","date_gmt":"2026-01-30T14:25:34","guid":{"rendered":"https:\/\/www.ansenta.com\/?post_type=product&#038;p=3677"},"modified":"2026-01-30T14:25:34","modified_gmt":"2026-01-30T14:25:34","slug":"ast-2023s-and-ast-sw2000s","status":"publish","type":"product","link":"https:\/\/www.ansenta.com\/es\/producto\/ast-2023s-and-ast-sw2000s\/","title":{"rendered":"AST-2023S y AST-SW2000S"},"content":{"rendered":"<p><img fetchpriority=\"high\" decoding=\"async\" class=\"alignnone size-full wp-image-3680\" src=\"https:\/\/www.ansenta.com\/wp-content\/uploads\/2026\/01\/AST-2023S-and-AST-SW2000S-2.jpg\" alt=\"\" width=\"1200\" height=\"759\" srcset=\"https:\/\/www.ansenta.com\/wp-content\/uploads\/2026\/01\/AST-2023S-and-AST-SW2000S-2.jpg 1200w, https:\/\/www.ansenta.com\/wp-content\/uploads\/2026\/01\/AST-2023S-and-AST-SW2000S-2-300x190.jpg 300w, https:\/\/www.ansenta.com\/wp-content\/uploads\/2026\/01\/AST-2023S-and-AST-SW2000S-2-1024x648.jpg 1024w, https:\/\/www.ansenta.com\/wp-content\/uploads\/2026\/01\/AST-2023S-and-AST-SW2000S-2-768x486.jpg 768w, https:\/\/www.ansenta.com\/wp-content\/uploads\/2026\/01\/AST-2023S-and-AST-SW2000S-2-18x12.jpg 18w, https:\/\/www.ansenta.com\/wp-content\/uploads\/2026\/01\/AST-2023S-and-AST-SW2000S-2-600x380.jpg 600w\" sizes=\"(max-width: 1200px) 100vw, 1200px\" \/><\/p>\n<p><strong>II. Lista de configuraci\u00f3n<\/strong><br \/>\n1. Dos oculares de 10 aumentos;<br \/>\n2. Un tubo de observaci\u00f3n;<br \/>\n3. Uno de cada uno de los objetivos 4X\/10X\/40X\/100X;<br \/>\n4. Un soporte de microscopio;<br \/>\n5. Un sistema de iluminaci\u00f3n reflejada;<br \/>\n6. Accesorios: Manual de instrucciones, certificado de conformidad, cable de alimentaci\u00f3n, funda antipolvo, etc.<\/p>\n<p><span style=\"color: #003300;\"><strong>Descargar:<\/strong><\/span><br \/>\n<a href=\"https:\/\/www.ansenta.com\/wp-content\/uploads\/2026\/01\/AST-2023S-and-AST-SW2000S.pdf\">AST-2023S y AST-SW2000S<\/a><\/p>","protected":false},"excerpt":{"rendered":"<p><span style=\"color: #003300;\"><strong>Marca:<\/strong><\/span>ANSENTA<br \/>\n<span style=\"color: #003300;\"><strong>Origen del producto:<\/strong><\/span>CHINA<br \/>\n<span style=\"color: #003300;\"><strong>Plazo de entrega:<\/strong><\/span>En 7 d\u00edas<br \/>\n<span style=\"color: #003300;\"><strong>Capacidad de suministro:<\/strong><\/span>Suministro directo de f\u00e1brica<br \/>\n<span style=\"color: #003300;\"><strong>Modelo:<\/strong><\/span>AST-2023S y AST-SW2000S<br \/>\n<span style=\"color: #003300;\"><strong>Introducci\u00f3n:<\/strong><\/span><br \/>\nEl microscopio biol\u00f3gico invertido es un microscopio dise\u00f1ado espec\u00edficamente para visualizar c\u00e9lulas vivas y otras muestras biol\u00f3gicas en cultivo. Su caracter\u00edstica principal es que la posici\u00f3n de la lente del objetivo y el sistema de iluminaci\u00f3n est\u00e1 invertida, la lente del objetivo est\u00e1 debajo de la platina y la fuente de luz transmitida est\u00e1 encima de la platina. Este dise\u00f1o hace que el microscopio biol\u00f3gico invertido sea especialmente adecuado para aplicaciones en cultivo celular, cultivo de tejidos, plancton, protecci\u00f3n medioambiental e inspecci\u00f3n alimentaria.<br \/>\n<span style=\"color: #003300;\"><strong>Descargar:<\/strong><\/span><br \/>\n<a href=\"https:\/\/www.ansenta.com\/wp-content\/uploads\/2026\/01\/AST-2023S-and-AST-SW2000S.pdf\">AST-2023S y AST-SW2000S<\/a><\/p>","protected":false},"featured_media":3679,"template":"","meta":{"_uag_custom_page_level_css":"","site-sidebar-layout":"default","site-content-layout":"","ast-site-content-layout":"default","site-content-style":"default","site-sidebar-style":"default","ast-global-header-display":"","ast-banner-title-visibility":"","ast-main-header-display":"","ast-hfb-above-header-display":"","ast-hfb-below-header-display":"","ast-hfb-mobile-header-display":"","site-post-title":"","ast-breadcrumbs-content":"","ast-featured-img":"","footer-sml-layout":"","ast-disable-related-posts":"","theme-transparent-header-meta":"default","adv-header-id-meta":"","stick-header-meta":"default","header-above-stick-meta":"","header-main-stick-meta":"","header-below-stick-meta":"","astra-migrate-meta-layouts":"set","ast-page-background-enabled":"default","ast-page-background-meta":{"desktop":{"background-color":"var(--ast-global-color-4)","background-image":"","background-repeat":"repeat","background-position":"center center","background-size":"auto","background-attachment":"scroll","background-type":"","background-media":"","overlay-type":"","overlay-color":"","overlay-opacity":"","overlay-gradient":""},"tablet":{"background-color":"","background-image":"","background-repeat":"repeat","background-position":"center center","background-size":"auto","background-attachment":"scroll","background-type":"","background-media":"","overlay-type":"","overlay-color":"","overlay-opacity":"","overlay-gradient":""},"mobile":{"background-color":"","background-image":"","background-repeat":"repeat","background-position":"center center","background-size":"auto","background-attachment":"scroll","background-type":"","background-media":"","overlay-type":"","overlay-color":"","overlay-opacity":"","overlay-gradient":""}},"ast-content-background-meta":{"desktop":{"background-color":"var(--ast-global-color-5)","background-image":"","background-repeat":"repeat","background-position":"center center","background-size":"auto","background-attachment":"scroll","background-type":"","background-media":"","overlay-type":"","overlay-color":"","overlay-opacity":"","overlay-gradient":""},"tablet":{"background-color":"var(--ast-global-color-5)","background-image":"","background-repeat":"repeat","background-position":"center center","background-size":"auto","background-attachment":"scroll","background-type":"","background-media":"","overlay-type":"","overlay-color":"","overlay-opacity":"","overlay-gradient":""},"mobile":{"background-color":"var(--ast-global-color-5)","background-image":"","background-repeat":"repeat","background-position":"center center","background-size":"auto","background-attachment":"scroll","background-type":"","background-media":"","overlay-type":"","overlay-color":"","overlay-opacity":"","overlay-gradient":""}}},"product_brand":[],"product_cat":[179],"product_tag":[],"class_list":{"0":"post-3677","1":"product","2":"type-product","3":"status-publish","4":"has-post-thumbnail","6":"product_cat-microscope","7":"desktop-align-left","8":"tablet-align-left","9":"mobile-align-left","10":"ast-col-sm-12","11":"ast-article-post","12":"ast-width-md-12","13":"ast-archive-post","14":"ast-product-gallery-layout-horizontal-slider","15":"ast-product-gallery-with-no-image","16":"ast-product-tabs-layout-horizontal","18":"first","19":"instock","20":"shipping-taxable","21":"product-type-simple"},"uagb_featured_image_src":{"full":["https:\/\/www.ansenta.com\/wp-content\/uploads\/2026\/01\/AST-2023S-and-AST-SW2000S.png",285,285,false],"thumbnail":["https:\/\/www.ansenta.com\/wp-content\/uploads\/2026\/01\/AST-2023S-and-AST-SW2000S-150x150.png",150,150,true],"medium":["https:\/\/www.ansenta.com\/wp-content\/uploads\/2026\/01\/AST-2023S-and-AST-SW2000S.png",285,285,false],"medium_large":["https:\/\/www.ansenta.com\/wp-content\/uploads\/2026\/01\/AST-2023S-and-AST-SW2000S.png",285,285,false],"large":["https:\/\/www.ansenta.com\/wp-content\/uploads\/2026\/01\/AST-2023S-and-AST-SW2000S.png",285,285,false],"1536x1536":["https:\/\/www.ansenta.com\/wp-content\/uploads\/2026\/01\/AST-2023S-and-AST-SW2000S.png",285,285,false],"2048x2048":["https:\/\/www.ansenta.com\/wp-content\/uploads\/2026\/01\/AST-2023S-and-AST-SW2000S.png",285,285,false],"trp-custom-language-flag":["https:\/\/www.ansenta.com\/wp-content\/uploads\/2026\/01\/AST-2023S-and-AST-SW2000S-12x12.png",12,12,true],"mailpoet_newsletter_max":["https:\/\/www.ansenta.com\/wp-content\/uploads\/2026\/01\/AST-2023S-and-AST-SW2000S.png",285,285,false],"woocommerce_thumbnail":["https:\/\/www.ansenta.com\/wp-content\/uploads\/2026\/01\/AST-2023S-and-AST-SW2000S.png",285,285,false],"woocommerce_single":["https:\/\/www.ansenta.com\/wp-content\/uploads\/2026\/01\/AST-2023S-and-AST-SW2000S.png",285,285,false],"woocommerce_gallery_thumbnail":["https:\/\/www.ansenta.com\/wp-content\/uploads\/2026\/01\/AST-2023S-and-AST-SW2000S-100x100.png",100,100,true]},"uagb_author_info":{"display_name":"jinxing6611@gmail.com","author_link":"https:\/\/www.ansenta.com\/es\/author\/"},"uagb_comment_info":0,"uagb_excerpt":"Brand:ANSENTA Product Origin:CHINA Delivery time:Within 7 days Supply capacity:Factory Direct Supply Model:AST-2023S and AST-SW2000S Introduction: The inverted biological microscope \u200c is a microscope specifically designed for viewing living cells and other biological samples in culture. Its main feature is that the position of the objective lens and the lighting system is reversed, the objective lens&hellip;","jetpack_sharing_enabled":true,"_links":{"self":[{"href":"https:\/\/www.ansenta.com\/es\/wp-json\/wp\/v2\/product\/3677","targetHints":{"allow":["GET"]}}],"collection":[{"href":"https:\/\/www.ansenta.com\/es\/wp-json\/wp\/v2\/product"}],"about":[{"href":"https:\/\/www.ansenta.com\/es\/wp-json\/wp\/v2\/types\/product"}],"wp:featuredmedia":[{"embeddable":true,"href":"https:\/\/www.ansenta.com\/es\/wp-json\/wp\/v2\/media\/3679"}],"wp:attachment":[{"href":"https:\/\/www.ansenta.com\/es\/wp-json\/wp\/v2\/media?parent=3677"}],"wp:term":[{"taxonomy":"product_brand","embeddable":true,"href":"https:\/\/www.ansenta.com\/es\/wp-json\/wp\/v2\/product_brand?post=3677"},{"taxonomy":"product_cat","embeddable":true,"href":"https:\/\/www.ansenta.com\/es\/wp-json\/wp\/v2\/product_cat?post=3677"},{"taxonomy":"product_tag","embeddable":true,"href":"https:\/\/www.ansenta.com\/es\/wp-json\/wp\/v2\/product_tag?post=3677"}],"curies":[{"name":"wp","href":"https:\/\/api.w.org\/{rel}","templated":true}]}}