{"id":3673,"date":"2026-01-30T14:19:26","date_gmt":"2026-01-30T14:19:26","guid":{"rendered":"https:\/\/www.ansenta.com\/?post_type=product&#038;p=3673"},"modified":"2026-01-30T14:19:26","modified_gmt":"2026-01-30T14:19:26","slug":"ast60-inverted-biological-microscope-brochure","status":"publish","type":"product","link":"https:\/\/www.ansenta.com\/es\/producto\/ast60-inverted-biological-microscope-brochure\/","title":{"rendered":"AST60 inverted biological microscope brochure"},"content":{"rendered":"<p><img fetchpriority=\"high\" decoding=\"async\" class=\"alignnone size-full wp-image-3676\" src=\"https:\/\/www.ansenta.com\/wp-content\/uploads\/2026\/01\/AST60-inverted-biological-microscope-brochure2.jpg\" alt=\"\" width=\"1200\" height=\"823\" srcset=\"https:\/\/www.ansenta.com\/wp-content\/uploads\/2026\/01\/AST60-inverted-biological-microscope-brochure2.jpg 1200w, https:\/\/www.ansenta.com\/wp-content\/uploads\/2026\/01\/AST60-inverted-biological-microscope-brochure2-300x206.jpg 300w, https:\/\/www.ansenta.com\/wp-content\/uploads\/2026\/01\/AST60-inverted-biological-microscope-brochure2-1024x702.jpg 1024w, https:\/\/www.ansenta.com\/wp-content\/uploads\/2026\/01\/AST60-inverted-biological-microscope-brochure2-768x527.jpg 768w, https:\/\/www.ansenta.com\/wp-content\/uploads\/2026\/01\/AST60-inverted-biological-microscope-brochure2-18x12.jpg 18w, https:\/\/www.ansenta.com\/wp-content\/uploads\/2026\/01\/AST60-inverted-biological-microscope-brochure2-600x412.jpg 600w\" sizes=\"(max-width: 1200px) 100vw, 1200px\" \/><\/p>\n<p><span style=\"color: #003300;\"><strong>Descargar:<\/strong><\/span><br \/>\n<a href=\"https:\/\/www.ansenta.com\/wp-content\/uploads\/2026\/01\/AST60-inverted-biological-microscope-brochure.pdf\">AST60-inverted-biological-microscope-brochure<\/a><\/p>","protected":false},"excerpt":{"rendered":"<p><span style=\"color: #003300;\"><strong>Marca:<\/strong><\/span>ANSENTA<br \/>\n<span style=\"color: #003300;\"><strong>Origen del producto:<\/strong><\/span>CHINA<br \/>\n<span style=\"color: #003300;\"><strong>Plazo de entrega:<\/strong><\/span>En 7 d\u00edas<br \/>\n<span style=\"color: #003300;\"><strong>Capacidad de suministro:<\/strong><\/span>Suministro directo de f\u00e1brica<br \/>\n<span style=\"color: #003300;\"><strong>Modelo:<\/strong><\/span>AST60 inverted biological microscope brochure<br \/>\n<span style=\"color: #003300;\"><strong>Introducci\u00f3n:<\/strong><\/span><br \/>\nEl microscopio biol\u00f3gico invertido es un microscopio dise\u00f1ado espec\u00edficamente para visualizar c\u00e9lulas vivas y otras muestras biol\u00f3gicas en cultivo. Su caracter\u00edstica principal es que la posici\u00f3n de la lente del objetivo y el sistema de iluminaci\u00f3n est\u00e1 invertida, la lente del objetivo est\u00e1 debajo de la platina y la fuente de luz transmitida est\u00e1 encima de la platina. Este dise\u00f1o hace que el microscopio biol\u00f3gico invertido sea especialmente adecuado para aplicaciones en cultivo celular, cultivo de tejidos, plancton, protecci\u00f3n medioambiental e inspecci\u00f3n alimentaria.<br \/>\n<span style=\"color: #003300;\"><strong>Descargar:<\/strong><\/span><br \/>\n<a href=\"https:\/\/www.ansenta.com\/wp-content\/uploads\/2026\/01\/AST60-inverted-biological-microscope-brochure.pdf\">AST60-inverted-biological-microscope-brochure<\/a><\/p>","protected":false},"featured_media":3674,"template":"","meta":{"_uag_custom_page_level_css":"","site-sidebar-layout":"default","site-content-layout":"","ast-site-content-layout":"default","site-content-style":"default","site-sidebar-style":"default","ast-global-header-display":"","ast-banner-title-visibility":"","ast-main-header-display":"","ast-hfb-above-header-display":"","ast-hfb-below-header-display":"","ast-hfb-mobile-header-display":"","site-post-title":"","ast-breadcrumbs-content":"","ast-featured-img":"","footer-sml-layout":"","ast-disable-related-posts":"","theme-transparent-header-meta":"default","adv-header-id-meta":"","stick-header-meta":"default","header-above-stick-meta":"","header-main-stick-meta":"","header-below-stick-meta":"","astra-migrate-meta-layouts":"set","ast-page-background-enabled":"default","ast-page-background-meta":{"desktop":{"background-color":"var(--ast-global-color-4)","background-image":"","background-repeat":"repeat","background-position":"center center","background-size":"auto","background-attachment":"scroll","background-type":"","background-media":"","overlay-type":"","overlay-color":"","overlay-opacity":"","overlay-gradient":""},"tablet":{"background-color":"","background-image":"","background-repeat":"repeat","background-position":"center center","background-size":"auto","background-attachment":"scroll","background-type":"","background-media":"","overlay-type":"","overlay-color":"","overlay-opacity":"","overlay-gradient":""},"mobile":{"background-color":"","background-image":"","background-repeat":"repeat","background-position":"center center","background-size":"auto","background-attachment":"scroll","background-type":"","background-media":"","overlay-type":"","overlay-color":"","overlay-opacity":"","overlay-gradient":""}},"ast-content-background-meta":{"desktop":{"background-color":"var(--ast-global-color-5)","background-image":"","background-repeat":"repeat","background-position":"center center","background-size":"auto","background-attachment":"scroll","background-type":"","background-media":"","overlay-type":"","overlay-color":"","overlay-opacity":"","overlay-gradient":""},"tablet":{"background-color":"var(--ast-global-color-5)","background-image":"","background-repeat":"repeat","background-position":"center center","background-size":"auto","background-attachment":"scroll","background-type":"","background-media":"","overlay-type":"","overlay-color":"","overlay-opacity":"","overlay-gradient":""},"mobile":{"background-color":"var(--ast-global-color-5)","background-image":"","background-repeat":"repeat","background-position":"center center","background-size":"auto","background-attachment":"scroll","background-type":"","background-media":"","overlay-type":"","overlay-color":"","overlay-opacity":"","overlay-gradient":""}}},"product_brand":[],"product_cat":[179],"product_tag":[],"class_list":{"0":"post-3673","1":"product","2":"type-product","3":"status-publish","4":"has-post-thumbnail","6":"product_cat-microscope","7":"desktop-align-left","8":"tablet-align-left","9":"mobile-align-left","10":"ast-col-sm-12","11":"ast-article-post","12":"ast-width-md-12","13":"ast-archive-post","14":"ast-product-gallery-layout-horizontal-slider","15":"ast-product-gallery-with-no-image","16":"ast-product-tabs-layout-horizontal","18":"first","19":"instock","20":"shipping-taxable","21":"product-type-simple"},"uagb_featured_image_src":{"full":["https:\/\/www.ansenta.com\/wp-content\/uploads\/2026\/01\/AST60-inverted-biological-microscope-brochure.jpg",449,449,false],"thumbnail":["https:\/\/www.ansenta.com\/wp-content\/uploads\/2026\/01\/AST60-inverted-biological-microscope-brochure-150x150.jpg",150,150,true],"medium":["https:\/\/www.ansenta.com\/wp-content\/uploads\/2026\/01\/AST60-inverted-biological-microscope-brochure-300x300.jpg",300,300,true],"medium_large":["https:\/\/www.ansenta.com\/wp-content\/uploads\/2026\/01\/AST60-inverted-biological-microscope-brochure.jpg",449,449,false],"large":["https:\/\/www.ansenta.com\/wp-content\/uploads\/2026\/01\/AST60-inverted-biological-microscope-brochure.jpg",449,449,false],"1536x1536":["https:\/\/www.ansenta.com\/wp-content\/uploads\/2026\/01\/AST60-inverted-biological-microscope-brochure.jpg",449,449,false],"2048x2048":["https:\/\/www.ansenta.com\/wp-content\/uploads\/2026\/01\/AST60-inverted-biological-microscope-brochure.jpg",449,449,false],"trp-custom-language-flag":["https:\/\/www.ansenta.com\/wp-content\/uploads\/2026\/01\/AST60-inverted-biological-microscope-brochure-12x12.jpg",12,12,true],"mailpoet_newsletter_max":["https:\/\/www.ansenta.com\/wp-content\/uploads\/2026\/01\/AST60-inverted-biological-microscope-brochure.jpg",449,449,false],"woocommerce_thumbnail":["https:\/\/www.ansenta.com\/wp-content\/uploads\/2026\/01\/AST60-inverted-biological-microscope-brochure.jpg",449,449,false],"woocommerce_single":["https:\/\/www.ansenta.com\/wp-content\/uploads\/2026\/01\/AST60-inverted-biological-microscope-brochure.jpg",449,449,false],"woocommerce_gallery_thumbnail":["https:\/\/www.ansenta.com\/wp-content\/uploads\/2026\/01\/AST60-inverted-biological-microscope-brochure-100x100.jpg",100,100,true]},"uagb_author_info":{"display_name":"jinxing6611@gmail.com","author_link":"https:\/\/www.ansenta.com\/es\/author\/"},"uagb_comment_info":0,"uagb_excerpt":"Brand:ANSENTA Product Origin:CHINA Delivery time:Within 7 days Supply capacity:Factory Direct Supply Model:AST60 inverted biological microscope brochure Introduction: The inverted biological microscope \u200c is a microscope specifically designed for viewing living cells and other biological samples in culture. Its main feature is that the position of the objective lens and the lighting system is reversed, the&hellip;","jetpack_sharing_enabled":true,"_links":{"self":[{"href":"https:\/\/www.ansenta.com\/es\/wp-json\/wp\/v2\/product\/3673","targetHints":{"allow":["GET"]}}],"collection":[{"href":"https:\/\/www.ansenta.com\/es\/wp-json\/wp\/v2\/product"}],"about":[{"href":"https:\/\/www.ansenta.com\/es\/wp-json\/wp\/v2\/types\/product"}],"wp:featuredmedia":[{"embeddable":true,"href":"https:\/\/www.ansenta.com\/es\/wp-json\/wp\/v2\/media\/3674"}],"wp:attachment":[{"href":"https:\/\/www.ansenta.com\/es\/wp-json\/wp\/v2\/media?parent=3673"}],"wp:term":[{"taxonomy":"product_brand","embeddable":true,"href":"https:\/\/www.ansenta.com\/es\/wp-json\/wp\/v2\/product_brand?post=3673"},{"taxonomy":"product_cat","embeddable":true,"href":"https:\/\/www.ansenta.com\/es\/wp-json\/wp\/v2\/product_cat?post=3673"},{"taxonomy":"product_tag","embeddable":true,"href":"https:\/\/www.ansenta.com\/es\/wp-json\/wp\/v2\/product_tag?post=3673"}],"curies":[{"name":"wp","href":"https:\/\/api.w.org\/{rel}","templated":true}]}}