{"id":3657,"date":"2026-01-30T02:16:29","date_gmt":"2026-01-30T02:16:29","guid":{"rendered":"https:\/\/www.ansenta.com\/?post_type=product&#038;p=3657"},"modified":"2026-01-30T02:16:29","modified_gmt":"2026-01-30T02:16:29","slug":"hydrogen-generator-2","status":"publish","type":"product","link":"https:\/\/www.ansenta.com\/es\/producto\/hydrogen-generator-2\/","title":{"rendered":"Generador de hidr\u00f3geno"},"content":{"rendered":"<p><strong>Principio de funcionamiento<\/strong><br \/>\nEste esterilizador expulsa aire fr\u00edo de la c\u00e1mara interior y emplea vapor de calor h\u00famedo saturado como agente esterilizador. Bajo la acci\u00f3n combinada de<br \/>\ntemperatura y tiempo, consigue la esterilizaci\u00f3n de art\u00edculos permeables al vapor. Todos los par\u00e1metros de proceso preestablecidos para este equipo se establecen en funci\u00f3n de la<br \/>\ncondiciones de carga descritas en este programa, utilizando esporas de Bacillus stearothermophilus o microorganismos equivalentes con una resistencia espec\u00edfica (consulte las correspondientes<br \/>\nnormas nacionales espec\u00edficas) como microorganismo esterilizable representativo.<br \/>\nNota 1: Cuando la resistencia de los microorganismos potencialmente presentes en la carga de esterilizaci\u00f3n supere la resistencia especificada por la norma (p. ej., priones), se aplicar\u00e1n las normas pertinentes.<br \/>\nLos par\u00e1metros del proceso, como la temperatura y el tiempo de esterilizaci\u00f3n, deben ajustarse en funci\u00f3n de las caracter\u00edsticas del microorganismo espec\u00edfico. Se permite el uso<br \/>\ns\u00f3lo tras la correspondiente validaci\u00f3n del proceso.<br \/>\nNota 2: La eficacia del agente esterilizante contra el microorganismo especificado s\u00f3lo se garantiza cuando el equipo y las instalaciones asociadas funcionan<br \/>\nnormalmente. Un mal funcionamiento del equipo, fallos en los sistemas de conexi\u00f3n externos o una carga inadecuada de la carga esterilizada pueden comprometer la esterilizaci\u00f3n.<br \/>\neficacia del agente.<br \/>\nNota 3: Cuando la carga esterilizada cambia, el operador debe verificar si la carga es adecuada para la esterilizaci\u00f3n en este equipo antes de proceder con<br \/>\noperaciones relacionadas. De lo contrario, podr\u00edan producirse da\u00f1os imprevisibles en el equipo o en la carga.<\/p>\n<p><strong>Par\u00e1metros t\u00e9cnicos:<\/strong><\/p>\n<table>\n<tbody>\n<tr>\n<td>C\u00e1mara<br \/>\nvolumen<\/td>\n<td>8L<\/td>\n<td>12L<\/td>\n<td>18L<\/td>\n<td>23L<\/td>\n<\/tr>\n<tr>\n<td>Alimentaci\u00f3n<\/td>\n<td>220V\/50Hz<\/td>\n<td>220V\/50Hz<\/td>\n<td>220V\/50Hz<\/td>\n<td>220V\/50Hz<\/td>\n<\/tr>\n<tr>\n<td>Consumo de energ\u00eda<\/td>\n<td>3kW<\/td>\n<td>3kW<\/td>\n<td>3kW<\/td>\n<td>3kW<\/td>\n<\/tr>\n<tr>\n<td>Programas de esterilizaci\u00f3n<\/td>\n<td colspan=\"4\">Sin envolver (134\u00b0C), Sin envolver (121\u00b0C), Envuelto (134\u00b0C),Envuelto (121\u00b0C)<\/td>\n<\/tr>\n<tr>\n<td><strong><b>Estructura<\/b><\/strong><\/td>\n<td><\/td>\n<td><\/td>\n<td><\/td>\n<td><\/td>\n<\/tr>\n<tr>\n<td>Peso neto\/kg<\/td>\n<td>40<\/td>\n<td>44<\/td>\n<td>50<\/td>\n<td>55<\/td>\n<\/tr>\n<tr>\n<td>Tama\u00f1o de la m\u00e1quina\/mm<\/td>\n<td>580*420*385<\/td>\n<td>580*420*385<\/td>\n<td>590*485*455<\/td>\n<td>690*485*455<\/td>\n<\/tr>\n<tr>\n<td>Tama\u00f1o de la c\u00e1mara\/mm<\/td>\n<td>\u03a6170*320<\/td>\n<td>\u03a6200*360<\/td>\n<td>\u03a6247*350<\/td>\n<td>\u03a6247*450<\/td>\n<\/tr>\n<tr>\n<td>Material de la c\u00e1mara<\/td>\n<td>Acero inoxidable 304<\/td>\n<td>Acero inoxidable 304<\/td>\n<td>Acero inoxidable 304<\/td>\n<td>Acero inoxidable 304<\/td>\n<\/tr>\n<tr>\n<td>Peso bruto\/kg<\/td>\n<td>53<\/td>\n<td>53<\/td>\n<td>58<\/td>\n<td>65<\/td>\n<\/tr>\n<tr>\n<td>Tama\u00f1o del embalaje\/cm<\/td>\n<td>68*52*49<\/td>\n<td>68*52*49<\/td>\n<td>62*73*64<\/td>\n<td>75*55*65<\/td>\n<\/tr>\n<tr>\n<td>Volumen del recipiente de agua purificada\/L<\/td>\n<td>2.5<\/td>\n<td>2.5<\/td>\n<td>3<\/td>\n<td>3<\/td>\n<\/tr>\n<\/tbody>\n<\/table>\n<p><strong><b>Seguridad<\/b><\/strong><\/p>\n<table>\n<tbody>\n<tr>\n<td>Temperatura de dise\u00f1o<\/td>\n<td>144 \u00b0C<\/td>\n<td>Presi\u00f3n de dise\u00f1o<\/td>\n<td>0,30MPa<\/td>\n<\/tr>\n<tr>\n<td>Trabajar en<\/td>\n<td>0,24MPa<\/td>\n<td>M\u00e1ximo de la v\u00e1lvula de alivio<\/td>\n<td>0,28MPa<\/td>\n<\/tr>\n<tr>\n<td>presi\u00f3n<\/td>\n<td><\/td>\n<td>presi\u00f3n de funcionamiento<\/td>\n<td><\/td>\n<\/tr>\n<tr>\n<td>Temperatura<\/td>\n<td>121\u00b0C o 134\u00b0C<\/td>\n<td>Precisi\u00f3n de la temperatura<\/td>\n<td>0.1\u00b0C<\/td>\n<\/tr>\n<tr>\n<td>Precisi\u00f3n de visualizaci\u00f3n de la presi\u00f3n<\/td>\n<td>1kPa<\/td>\n<td>Vac\u00edo m\u00e1ximo<\/td>\n<td>21kPa<\/td>\n<\/tr>\n<tr>\n<td>Bloqueo de puerta<\/td>\n<td>S\u00ed<\/td>\n<td><\/td>\n<td><\/td>\n<\/tr>\n<\/tbody>\n<\/table>\n<p><span style=\"color: #003300;\"><strong>Descargar:<\/strong><\/span><br \/>\n<a href=\"https:\/\/www.ansenta.com\/wp-content\/uploads\/2026\/01\/Hydrogen-Generator-1.pdf\">Generador de hidr\u00f3geno<\/a><\/p>","protected":false},"excerpt":{"rendered":"<p><span style=\"color: #003300;\"><strong>Marca:<\/strong><\/span>ANSENTA<br \/>\n<span style=\"color: #003300;\"><strong>Origen del producto:<\/strong><\/span>CHINA<br \/>\n<span style=\"color: #003300;\"><strong>Plazo de entrega:<\/strong><\/span>En 7 d\u00edas<br \/>\n<span style=\"color: #003300;\"><strong>Capacidad de suministro:<\/strong><\/span>Suministro directo de f\u00e1brica<br \/>\n<span style=\"color: #003300;\"><strong>Modelo:<\/strong><\/span>Generador de hidr\u00f3geno<br \/>\n<span style=\"color: #003300;\"><strong>Introducci\u00f3n:<\/strong><\/span><br \/>\nEste esterilizador expulsa el aire fr\u00edo de la c\u00e1mara interior y emplea vapor de calor h\u00famedo saturado como agente esterilizador. Bajo la acci\u00f3n combinada de temperatura y tiempo espec\u00edficos, logra la esterilizaci\u00f3n de art\u00edculos permeables al vapor. Todos los par\u00e1metros de proceso preestablecidos para este equipo se establecen en base a las condiciones de carga descritas en este programa, utilizando como microorganismo esterilizable representativo esporas de Bacillus stearothermophilus o microorganismos equivalentes con resistencia espec\u00edfica (consulte las normas nacionales pertinentes para conocer los detalles espec\u00edficos).<br \/>\n<span style=\"color: #003300;\"><strong>Descargar:<\/strong><\/span><br \/>\n<a href=\"https:\/\/www.ansenta.com\/wp-content\/uploads\/2026\/01\/Hydrogen-Generator-1.pdf\">Generador de hidr\u00f3geno<\/a><\/p>","protected":false},"featured_media":3658,"template":"","meta":{"_uag_custom_page_level_css":"","site-sidebar-layout":"default","site-content-layout":"","ast-site-content-layout":"default","site-content-style":"default","site-sidebar-style":"default","ast-global-header-display":"","ast-banner-title-visibility":"","ast-main-header-display":"","ast-hfb-above-header-display":"","ast-hfb-below-header-display":"","ast-hfb-mobile-header-display":"","site-post-title":"","ast-breadcrumbs-content":"","ast-featured-img":"","footer-sml-layout":"","ast-disable-related-posts":"","theme-transparent-header-meta":"default","adv-header-id-meta":"","stick-header-meta":"default","header-above-stick-meta":"","header-main-stick-meta":"","header-below-stick-meta":"","astra-migrate-meta-layouts":"set","ast-page-background-enabled":"default","ast-page-background-meta":{"desktop":{"background-color":"var(--ast-global-color-4)","background-image":"","background-repeat":"repeat","background-position":"center center","background-size":"auto","background-attachment":"scroll","background-type":"","background-media":"","overlay-type":"","overlay-color":"","overlay-opacity":"","overlay-gradient":""},"tablet":{"background-color":"","background-image":"","background-repeat":"repeat","background-position":"center center","background-size":"auto","background-attachment":"scroll","background-type":"","background-media":"","overlay-type":"","overlay-color":"","overlay-opacity":"","overlay-gradient":""},"mobile":{"background-color":"","background-image":"","background-repeat":"repeat","background-position":"center center","background-size":"auto","background-attachment":"scroll","background-type":"","background-media":"","overlay-type":"","overlay-color":"","overlay-opacity":"","overlay-gradient":""}},"ast-content-background-meta":{"desktop":{"background-color":"var(--ast-global-color-5)","background-image":"","background-repeat":"repeat","background-position":"center center","background-size":"auto","background-attachment":"scroll","background-type":"","background-media":"","overlay-type":"","overlay-color":"","overlay-opacity":"","overlay-gradient":""},"tablet":{"background-color":"var(--ast-global-color-5)","background-image":"","background-repeat":"repeat","background-position":"center center","background-size":"auto","background-attachment":"scroll","background-type":"","background-media":"","overlay-type":"","overlay-color":"","overlay-opacity":"","overlay-gradient":""},"mobile":{"background-color":"var(--ast-global-color-5)","background-image":"","background-repeat":"repeat","background-position":"center center","background-size":"auto","background-attachment":"scroll","background-type":"","background-media":"","overlay-type":"","overlay-color":"","overlay-opacity":"","overlay-gradient":""}}},"product_brand":[],"product_cat":[264],"product_tag":[],"class_list":{"0":"post-3657","1":"product","2":"type-product","3":"status-publish","4":"has-post-thumbnail","6":"product_cat-gas-generator","7":"desktop-align-left","8":"tablet-align-left","9":"mobile-align-left","10":"ast-col-sm-12","11":"ast-article-post","12":"ast-width-md-12","13":"ast-archive-post","14":"ast-product-gallery-layout-horizontal-slider","15":"ast-product-tabs-layout-horizontal","17":"first","18":"instock","19":"shipping-taxable","20":"product-type-simple"},"uagb_featured_image_src":{"full":["https:\/\/www.ansenta.com\/wp-content\/uploads\/2026\/01\/Hydrogen-Generator1.jpg",800,800,false],"thumbnail":["https:\/\/www.ansenta.com\/wp-content\/uploads\/2026\/01\/Hydrogen-Generator1-150x150.jpg",150,150,true],"medium":["https:\/\/www.ansenta.com\/wp-content\/uploads\/2026\/01\/Hydrogen-Generator1-300x300.jpg",300,300,true],"medium_large":["https:\/\/www.ansenta.com\/wp-content\/uploads\/2026\/01\/Hydrogen-Generator1-768x768.jpg",768,768,true],"large":["https:\/\/www.ansenta.com\/wp-content\/uploads\/2026\/01\/Hydrogen-Generator1.jpg",800,800,false],"1536x1536":["https:\/\/www.ansenta.com\/wp-content\/uploads\/2026\/01\/Hydrogen-Generator1.jpg",800,800,false],"2048x2048":["https:\/\/www.ansenta.com\/wp-content\/uploads\/2026\/01\/Hydrogen-Generator1.jpg",800,800,false],"trp-custom-language-flag":["https:\/\/www.ansenta.com\/wp-content\/uploads\/2026\/01\/Hydrogen-Generator1-12x12.jpg",12,12,true],"mailpoet_newsletter_max":["https:\/\/www.ansenta.com\/wp-content\/uploads\/2026\/01\/Hydrogen-Generator1.jpg",800,800,false],"woocommerce_thumbnail":["https:\/\/www.ansenta.com\/wp-content\/uploads\/2026\/01\/Hydrogen-Generator1-600x600.jpg",600,600,true],"woocommerce_single":["https:\/\/www.ansenta.com\/wp-content\/uploads\/2026\/01\/Hydrogen-Generator1-600x600.jpg",600,600,true],"woocommerce_gallery_thumbnail":["https:\/\/www.ansenta.com\/wp-content\/uploads\/2026\/01\/Hydrogen-Generator1-100x100.jpg",100,100,true]},"uagb_author_info":{"display_name":"jinxing6611@gmail.com","author_link":"https:\/\/www.ansenta.com\/es\/author\/"},"uagb_comment_info":0,"uagb_excerpt":"Brand:ANSENTA Product Origin:CHINA Delivery time:Within 7 days Supply capacity:Factory Direct Supply Model:Hydrogen Generator Introduction: This sterilizer expels cold air from the inner chamber and employs saturated moist heat steam as the sterilizing agent. Under the combined action of specific temperature and time, it achieves sterilization of items permeable to steam. All preset process parameters for&hellip;","jetpack_sharing_enabled":true,"_links":{"self":[{"href":"https:\/\/www.ansenta.com\/es\/wp-json\/wp\/v2\/product\/3657","targetHints":{"allow":["GET"]}}],"collection":[{"href":"https:\/\/www.ansenta.com\/es\/wp-json\/wp\/v2\/product"}],"about":[{"href":"https:\/\/www.ansenta.com\/es\/wp-json\/wp\/v2\/types\/product"}],"wp:featuredmedia":[{"embeddable":true,"href":"https:\/\/www.ansenta.com\/es\/wp-json\/wp\/v2\/media\/3658"}],"wp:attachment":[{"href":"https:\/\/www.ansenta.com\/es\/wp-json\/wp\/v2\/media?parent=3657"}],"wp:term":[{"taxonomy":"product_brand","embeddable":true,"href":"https:\/\/www.ansenta.com\/es\/wp-json\/wp\/v2\/product_brand?post=3657"},{"taxonomy":"product_cat","embeddable":true,"href":"https:\/\/www.ansenta.com\/es\/wp-json\/wp\/v2\/product_cat?post=3657"},{"taxonomy":"product_tag","embeddable":true,"href":"https:\/\/www.ansenta.com\/es\/wp-json\/wp\/v2\/product_tag?post=3657"}],"curies":[{"name":"wp","href":"https:\/\/api.w.org\/{rel}","templated":true}]}}