{"id":3653,"date":"2026-01-30T01:46:31","date_gmt":"2026-01-30T01:46:31","guid":{"rendered":"https:\/\/www.ansenta.com\/?post_type=product&#038;p=3653"},"modified":"2026-01-30T01:46:31","modified_gmt":"2026-01-30T01:46:31","slug":"technical-parameters-of-urit-880-semi-automatic-biochemicalanalyzer","status":"publish","type":"product","link":"https:\/\/www.ansenta.com\/es\/producto\/technical-parameters-of-urit-880-semi-automatic-biochemicalanalyzer\/","title":{"rendered":"Par\u00e1metros t\u00e9cnicos del analizador bioqu\u00edmico semiautom\u00e1tico URIT-880"},"content":{"rendered":"<p>1. M\u00e9todos de ensayo: M\u00e9todo de un punto final, m\u00e9todo de tasa, m\u00e9todo de dos puntos, m\u00e9todo de doble longitud de onda, m\u00e9todo ABS y m\u00e9todo de regresi\u00f3n lineal.<br \/>\n2. Fuente de luz: l\u00e1mpara hal\u00f3gena de 6V\/10W<br \/>\n3. M\u00e9todo espectrosc\u00f3pico: Filtro de alta resoluci\u00f3n, chopper arrayed seguido de sistema \u00f3ptico espectrosc\u00f3pico.<br \/>\n4. Rango de longitud de onda del filtro: 10.340 nm a 800 nm<br \/>\n5. Rango de prueba AD: -0,3 a 4,0Abs<br \/>\n6. Elementos de medida: \u2265300, reactivos disponibles, admite reactivos nacionales\/importados.<br \/>\n7. Volumen de inyecci\u00f3n de la muestra: ajustable de 100\u03bcl a 9999\u03bcl.<br \/>\n8. Tiempo de medici\u00f3n: de 0 a 999 segundos<br \/>\n9. Retardo: 0 a 999 segundos<br \/>\n10. Celda colorim\u00e9trica: Celda de cuarzo de flujo de 32\u03bcL.<br \/>\n11. Temperatura de la c\u00e9lula colorim\u00e9trica: seleccionable entre 25\u00b0C, 30\u00b0C, 37\u00b0C y temperatura ambiente.<br \/>\n12. Tasa de contaminaci\u00f3n cruzada: \u22641%<br \/>\n13. 3. Repetitividad: CV\u22641.0%<br \/>\n14. Monitorizaci\u00f3n del proceso de reacci\u00f3n: visualizaci\u00f3n en tiempo real de la curva de reacci\u00f3n.<br \/>\n15. Funci\u00f3n de control de calidad: Equipado con control de calidad y procedimientos estad\u00edsticos, capaz de mostrar el n\u00famero de curvas de control de calidad.<br \/>\n16. Capacidad de almacenamiento: \u226530.000 resultados de pruebas.<br \/>\n17. Pantalla: Pantalla LCD t\u00e1ctil de 7 pulgadas<br \/>\n18. Salida de impresi\u00f3n: Compatible con dispositivos de impresi\u00f3n para imprimir, incluidos informes combinados chino-ingl\u00e9s.<br \/>\n19. 19. Pocillos de incubaci\u00f3n incorporados: Soportado, con 8 pocillos de incubaci\u00f3n (s\u00f3lo URIT-880 soporta esta caracter\u00edstica).<br \/>\n20. Interfaces compatibles: PS\/2, SD, USB, puerto paralelo, RJ-45<br \/>\n21. 21. Red: El instrumento es compatible con los sistemas LIS\/HIS, lo que permite la interconexi\u00f3n de la informaci\u00f3n de los departamentos de laboratorio.<br \/>\n<span style=\"color: #003300;\"><strong>Descargar:<\/strong><\/span><br \/>\n<a href=\"https:\/\/www.ansenta.com\/wp-content\/uploads\/2026\/01\/Technical-Parameters-of-URIT-880-Semi-automatic-Biochemical-Analyzer.pdf\">Par\u00e1metros t\u00e9cnicos del analizador bioqu\u00edmico semiautom\u00e1tico URIT-880<\/a><\/p>","protected":false},"excerpt":{"rendered":"<p><span style=\"color: #003300;\"><strong>Marca:<\/strong><\/span>ANSENTA<br \/>\n<span style=\"color: #003300;\"><strong>Origen del producto:<\/strong><\/span>CHINA<br \/>\n<span style=\"color: #003300;\"><strong>Plazo de entrega:<\/strong><\/span>En 7 d\u00edas<br \/>\n<span style=\"color: #003300;\"><strong>Capacidad de suministro:<\/strong><\/span>Suministro directo de f\u00e1brica<br \/>\n<span style=\"color: #003300;\"><strong>Modelo:<\/strong><\/span>Par\u00e1metros t\u00e9cnicos del analizador bioqu\u00edmico semiautom\u00e1tico URIT-880<br \/>\n<span style=\"color: #003300;\"><strong>Descargar:<\/strong><\/span><br \/>\n<a href=\"https:\/\/www.ansenta.com\/wp-content\/uploads\/2026\/01\/Technical-Parameters-of-URIT-880-Semi-automatic-Biochemical-Analyzer.pdf\">Par\u00e1metros t\u00e9cnicos del analizador bioqu\u00edmico semiautom\u00e1tico URIT-880<\/a><\/p>","protected":false},"featured_media":3655,"template":"","meta":{"_uag_custom_page_level_css":"","site-sidebar-layout":"default","site-content-layout":"","ast-site-content-layout":"default","site-content-style":"default","site-sidebar-style":"default","ast-global-header-display":"","ast-banner-title-visibility":"","ast-main-header-display":"","ast-hfb-above-header-display":"","ast-hfb-below-header-display":"","ast-hfb-mobile-header-display":"","site-post-title":"","ast-breadcrumbs-content":"","ast-featured-img":"","footer-sml-layout":"","ast-disable-related-posts":"","theme-transparent-header-meta":"default","adv-header-id-meta":"","stick-header-meta":"default","header-above-stick-meta":"","header-main-stick-meta":"","header-below-stick-meta":"","astra-migrate-meta-layouts":"set","ast-page-background-enabled":"default","ast-page-background-meta":{"desktop":{"background-color":"var(--ast-global-color-4)","background-image":"","background-repeat":"repeat","background-position":"center center","background-size":"auto","background-attachment":"scroll","background-type":"","background-media":"","overlay-type":"","overlay-color":"","overlay-opacity":"","overlay-gradient":""},"tablet":{"background-color":"","background-image":"","background-repeat":"repeat","background-position":"center center","background-size":"auto","background-attachment":"scroll","background-type":"","background-media":"","overlay-type":"","overlay-color":"","overlay-opacity":"","overlay-gradient":""},"mobile":{"background-color":"","background-image":"","background-repeat":"repeat","background-position":"center center","background-size":"auto","background-attachment":"scroll","background-type":"","background-media":"","overlay-type":"","overlay-color":"","overlay-opacity":"","overlay-gradient":""}},"ast-content-background-meta":{"desktop":{"background-color":"var(--ast-global-color-5)","background-image":"","background-repeat":"repeat","background-position":"center center","background-size":"auto","background-attachment":"scroll","background-type":"","background-media":"","overlay-type":"","overlay-color":"","overlay-opacity":"","overlay-gradient":""},"tablet":{"background-color":"var(--ast-global-color-5)","background-image":"","background-repeat":"repeat","background-position":"center center","background-size":"auto","background-attachment":"scroll","background-type":"","background-media":"","overlay-type":"","overlay-color":"","overlay-opacity":"","overlay-gradient":""},"mobile":{"background-color":"var(--ast-global-color-5)","background-image":"","background-repeat":"repeat","background-position":"center center","background-size":"auto","background-attachment":"scroll","background-type":"","background-media":"","overlay-type":"","overlay-color":"","overlay-opacity":"","overlay-gradient":""}}},"product_brand":[],"product_cat":[95],"product_tag":[],"class_list":{"0":"post-3653","1":"product","2":"type-product","3":"status-publish","4":"has-post-thumbnail","6":"product_cat-biochemistry-analyzer","7":"desktop-align-left","8":"tablet-align-left","9":"mobile-align-left","10":"ast-col-sm-12","11":"ast-article-post","12":"ast-width-md-12","13":"ast-archive-post","14":"ast-product-gallery-layout-horizontal-slider","15":"ast-product-gallery-with-no-image","16":"ast-product-tabs-layout-horizontal","18":"first","19":"instock","20":"shipping-taxable","21":"product-type-simple"},"uagb_featured_image_src":{"full":["https:\/\/www.ansenta.com\/wp-content\/uploads\/2026\/01\/Biochemical-Analyzer-URIT-880.png",341,248,false],"thumbnail":["https:\/\/www.ansenta.com\/wp-content\/uploads\/2026\/01\/Biochemical-Analyzer-URIT-880-150x150.png",150,150,true],"medium":["https:\/\/www.ansenta.com\/wp-content\/uploads\/2026\/01\/Biochemical-Analyzer-URIT-880-300x218.png",300,218,true],"medium_large":["https:\/\/www.ansenta.com\/wp-content\/uploads\/2026\/01\/Biochemical-Analyzer-URIT-880.png",341,248,false],"large":["https:\/\/www.ansenta.com\/wp-content\/uploads\/2026\/01\/Biochemical-Analyzer-URIT-880.png",341,248,false],"1536x1536":["https:\/\/www.ansenta.com\/wp-content\/uploads\/2026\/01\/Biochemical-Analyzer-URIT-880.png",341,248,false],"2048x2048":["https:\/\/www.ansenta.com\/wp-content\/uploads\/2026\/01\/Biochemical-Analyzer-URIT-880.png",341,248,false],"trp-custom-language-flag":["https:\/\/www.ansenta.com\/wp-content\/uploads\/2026\/01\/Biochemical-Analyzer-URIT-880-18x12.png",18,12,true],"mailpoet_newsletter_max":["https:\/\/www.ansenta.com\/wp-content\/uploads\/2026\/01\/Biochemical-Analyzer-URIT-880.png",341,248,false],"woocommerce_thumbnail":["https:\/\/www.ansenta.com\/wp-content\/uploads\/2026\/01\/Biochemical-Analyzer-URIT-880.png",341,248,false],"woocommerce_single":["https:\/\/www.ansenta.com\/wp-content\/uploads\/2026\/01\/Biochemical-Analyzer-URIT-880.png",341,248,false],"woocommerce_gallery_thumbnail":["https:\/\/www.ansenta.com\/wp-content\/uploads\/2026\/01\/Biochemical-Analyzer-URIT-880-100x100.png",100,100,true]},"uagb_author_info":{"display_name":"jinxing6611@gmail.com","author_link":"https:\/\/www.ansenta.com\/es\/author\/"},"uagb_comment_info":0,"uagb_excerpt":"Brand:ANSENTA Product Origin:CHINA Delivery time:Within 7 days Supply capacity:Factory Direct Supply Model:Technical Parameters of URIT-880 Semi-automatic BiochemicalAnalyzer Download: Technical Parameters of URIT-880 Semi-automatic Biochemical Analyzer","jetpack_sharing_enabled":true,"_links":{"self":[{"href":"https:\/\/www.ansenta.com\/es\/wp-json\/wp\/v2\/product\/3653","targetHints":{"allow":["GET"]}}],"collection":[{"href":"https:\/\/www.ansenta.com\/es\/wp-json\/wp\/v2\/product"}],"about":[{"href":"https:\/\/www.ansenta.com\/es\/wp-json\/wp\/v2\/types\/product"}],"wp:featuredmedia":[{"embeddable":true,"href":"https:\/\/www.ansenta.com\/es\/wp-json\/wp\/v2\/media\/3655"}],"wp:attachment":[{"href":"https:\/\/www.ansenta.com\/es\/wp-json\/wp\/v2\/media?parent=3653"}],"wp:term":[{"taxonomy":"product_brand","embeddable":true,"href":"https:\/\/www.ansenta.com\/es\/wp-json\/wp\/v2\/product_brand?post=3653"},{"taxonomy":"product_cat","embeddable":true,"href":"https:\/\/www.ansenta.com\/es\/wp-json\/wp\/v2\/product_cat?post=3653"},{"taxonomy":"product_tag","embeddable":true,"href":"https:\/\/www.ansenta.com\/es\/wp-json\/wp\/v2\/product_tag?post=3653"}],"curies":[{"name":"wp","href":"https:\/\/api.w.org\/{rel}","templated":true}]}}