{"id":3636,"date":"2026-01-24T04:40:23","date_gmt":"2026-01-24T04:40:23","guid":{"rendered":"https:\/\/www.ansenta.com\/?post_type=product&#038;p=3636"},"modified":"2026-02-05T12:43:44","modified_gmt":"2026-02-05T12:43:44","slug":"thermostatic-shaking-water-bath","status":"publish","type":"product","link":"https:\/\/www.ansenta.com\/es\/producto\/thermostatic-shaking-water-bath\/","title":{"rendered":"Ba\u00f1o de agua con agitaci\u00f3n termost\u00e1tica"},"content":{"rendered":"<p><strong>Ventajas del producto<\/strong><br \/>\n- Instrumento inteligente integrado con temporizador, ajuste de temperatura y velocidad.<br \/>\n- El dep\u00f3sito de agua y la tapa de acero inoxidable 304 ofrecen una gran resistencia a la corrosi\u00f3n.<br \/>\n- Orificio de desag\u00fce oculto para un vaciado c\u00f3modo y est\u00e9ticamente agradable. (La temperatura y las dimensiones pueden personalizarse bajo pedido).<\/p>\n<p><img fetchpriority=\"high\" decoding=\"async\" class=\"alignnone size-full wp-image-3639\" src=\"https:\/\/www.ansenta.com\/wp-content\/uploads\/2026\/01\/Thermostatic-Shaking-Water-Bath2.jpg\" alt=\"\" width=\"1200\" height=\"659\" srcset=\"https:\/\/www.ansenta.com\/wp-content\/uploads\/2026\/01\/Thermostatic-Shaking-Water-Bath2.jpg 1200w, https:\/\/www.ansenta.com\/wp-content\/uploads\/2026\/01\/Thermostatic-Shaking-Water-Bath2-300x165.jpg 300w, https:\/\/www.ansenta.com\/wp-content\/uploads\/2026\/01\/Thermostatic-Shaking-Water-Bath2-1024x562.jpg 1024w, https:\/\/www.ansenta.com\/wp-content\/uploads\/2026\/01\/Thermostatic-Shaking-Water-Bath2-768x422.jpg 768w, https:\/\/www.ansenta.com\/wp-content\/uploads\/2026\/01\/Thermostatic-Shaking-Water-Bath2-18x10.jpg 18w, https:\/\/www.ansenta.com\/wp-content\/uploads\/2026\/01\/Thermostatic-Shaking-Water-Bath2-600x330.jpg 600w\" sizes=\"(max-width: 1200px) 100vw, 1200px\" \/><\/p>\n<p><strong><b>Par\u00e1metros del host<\/b><\/strong><\/p>\n<table>\n<tbody>\n<tr>\n<td>Modelo de producto<\/td>\n<td>AST-SH<\/td>\n<td>AST-SHW<\/td>\n<td>AST-SHL Modelo de refrigeraci\u00f3n<\/td>\n<td>Modelo de refrigeraci\u00f3n AST-SHWLC<\/td>\n<\/tr>\n<tr>\n<td>M\u00e9todo de oscilaci\u00f3n<\/td>\n<td>Configuraci\u00f3n est\u00e1ndar: giratoria;<br \/>\nConfiguraci\u00f3n opcional: alternativo.<\/td>\n<td>Rotaci\u00f3n + Reciprocaci\u00f3n<\/td>\n<td>Configuraci\u00f3n est\u00e1ndar: giratoria;<br \/>\nConfiguraci\u00f3n opcional: alternativo.<\/td>\n<td>Rotaci\u00f3n +<br \/>\nReciprocaci\u00f3n<\/td>\n<\/tr>\n<tr>\n<td>Temperatura<\/td>\n<td colspan=\"2\">RT+5-100\u2103 (temperatura ambiente 25\u2103)<\/td>\n<td colspan=\"2\">4-60\u2103 (temperatura ambiente 25\u2103)<\/td>\n<\/tr>\n<tr>\n<td>Precisi\u00f3n del control de temperatura<\/td>\n<td colspan=\"4\">Temperatura de visualizaci\u00f3n 0.1\u2103, uniformidad \u00b10.5\u2103<\/td>\n<\/tr>\n<tr>\n<td>Frecuencia de rotaci\u00f3n<\/td>\n<td colspan=\"4\">40-300rpm, amplitud mm20, precisi\u00f3n \u00b11rpm<\/td>\n<\/tr>\n<tr>\n<td>Material<\/td>\n<td colspan=\"4\">Revestimiento interior de acero inoxidable 304, revestimiento exterior de chapa de acero de alta calidad con recubrimiento en polvo<\/td>\n<\/tr>\n<tr>\n<td>Ajustes de pantalla<\/td>\n<td colspan=\"4\">Pantalla LCD\/ajuste de botones<\/td>\n<\/tr>\n<tr>\n<td>Caracter\u00edsticas especiales<\/td>\n<td colspan=\"4\">Alarma de sobretemperatura\/correcci\u00f3n de desviaci\u00f3n\/memoria de corte de corriente<\/td>\n<\/tr>\n<tr>\n<td>Tama\u00f1o de la bandeja<\/td>\n<td colspan=\"4\">400*300mm<\/td>\n<\/tr>\n<tr>\n<td>Sujeci\u00f3n<\/td>\n<td colspan=\"4\">La configuraci\u00f3n est\u00e1ndar incluye una pinza universal de muelle (pinzas para vasos personalizadas disponibles bajo pedido)<\/td>\n<\/tr>\n<tr>\n<td>Dimensiones<\/td>\n<td colspan=\"2\">700*550*480mm<\/td>\n<td colspan=\"2\">700*550*720mm<\/td>\n<\/tr>\n<tr>\n<td>Peso neto<\/td>\n<td>50Kg<\/td>\n<td>60Kg<\/td>\n<td>70Kg<\/td>\n<td>80Kg<\/td>\n<\/tr>\n<tr>\n<td>Potencia (W)<\/td>\n<td colspan=\"2\">1900W<\/td>\n<td colspan=\"2\">2200W<\/td>\n<\/tr>\n<tr>\n<td>Intervalo de tiempo<\/td>\n<td colspan=\"4\">0-9999min\/Normalmente abierto<\/td>\n<\/tr>\n<tr>\n<td>Fuente de alimentaci\u00f3n<\/td>\n<td colspan=\"4\">AC 220V 50Hz<\/td>\n<\/tr>\n<tr>\n<td>Tipo de motor<\/td>\n<td colspan=\"4\">Motor con escobillas (un motor sin escobillas debe personalizarse para un funcionamiento a largo plazo).<\/td>\n<\/tr>\n<\/tbody>\n<\/table>\n<p><strong><b>Informaci\u00f3n para pedidos<\/b><\/strong><\/p>\n<table>\n<tbody>\n<tr>\n<td>Informaci\u00f3n sobre la configuraci\u00f3n<\/td>\n<td>Est\u00e1ndar\/Opcional<\/td>\n<\/tr>\n<tr>\n<td>Unidad principal<\/td>\n<td><\/td>\n<\/tr>\n<tr>\n<td>Placa de cubierta<\/td>\n<td>Est\u00e1ndar<\/td>\n<\/tr>\n<tr>\n<td>Bandeja<\/td>\n<td>Est\u00e1ndar<\/td>\n<\/tr>\n<\/tbody>\n<\/table>","protected":false},"excerpt":{"rendered":"<p><span style=\"color: #003300;\"><strong>Marca:<\/strong><\/span>ANSENTA<br \/>\n<span style=\"color: #003300;\"><strong>Origen del producto:<\/strong><\/span>CHINA<br \/>\n<span style=\"color: #003300;\"><strong>Plazo de entrega:<\/strong><\/span>En 7 d\u00edas<br \/>\n<span style=\"color: #003300;\"><strong>Capacidad de suministro:<\/strong><\/span>Suministro directo de f\u00e1brica<br \/>\n<span style=\"color: #003300;\"><strong>Modelo:<\/strong><\/span>AST-SH\/AST-SHW,AST-SHL\/AST-SHWL (Modelo Refrigerado)<br \/>\n<span style=\"color: #003300;\"><strong>Introducci\u00f3n:<\/strong><\/span><br \/>\nEl ba\u00f1o de agua con agitaci\u00f3n termost\u00e1tica es un equipo de laboratorio vers\u00e1til y esencial, dise\u00f1ado para el control preciso de la temperatura y la mezcla uniforme de muestras. Se utiliza ampliamente en laboratorios de biolog\u00eda molecular, bioqu\u00edmica y microbiolog\u00eda, proporcionando una estabilidad precisa de la temperatura y una agitaci\u00f3n suave o vigorosa para diversas aplicaciones experimentales.<br \/>\n<span style=\"color: #003300;\"><strong>Descargar:<\/strong><\/span><br \/>\n<a href=\"https:\/\/www.ansenta.com\/wp-content\/uploads\/2026\/01\/Water-bath-constant-temperature-oscillator.pdf\">Oscilador de temperatura constante en ba\u00f1o de agua<\/a><\/p>","protected":false},"featured_media":3637,"template":"","meta":{"_uag_custom_page_level_css":"","site-sidebar-layout":"default","site-content-layout":"","ast-site-content-layout":"default","site-content-style":"default","site-sidebar-style":"default","ast-global-header-display":"","ast-banner-title-visibility":"","ast-main-header-display":"","ast-hfb-above-header-display":"","ast-hfb-below-header-display":"","ast-hfb-mobile-header-display":"","site-post-title":"","ast-breadcrumbs-content":"","ast-featured-img":"","footer-sml-layout":"","ast-disable-related-posts":"","theme-transparent-header-meta":"default","adv-header-id-meta":"","stick-header-meta":"default","header-above-stick-meta":"","header-main-stick-meta":"","header-below-stick-meta":"","astra-migrate-meta-layouts":"set","ast-page-background-enabled":"default","ast-page-background-meta":{"desktop":{"background-color":"var(--ast-global-color-4)","background-image":"","background-repeat":"repeat","background-position":"center center","background-size":"auto","background-attachment":"scroll","background-type":"","background-media":"","overlay-type":"","overlay-color":"","overlay-opacity":"","overlay-gradient":""},"tablet":{"background-color":"","background-image":"","background-repeat":"repeat","background-position":"center center","background-size":"auto","background-attachment":"scroll","background-type":"","background-media":"","overlay-type":"","overlay-color":"","overlay-opacity":"","overlay-gradient":""},"mobile":{"background-color":"","background-image":"","background-repeat":"repeat","background-position":"center center","background-size":"auto","background-attachment":"scroll","background-type":"","background-media":"","overlay-type":"","overlay-color":"","overlay-opacity":"","overlay-gradient":""}},"ast-content-background-meta":{"desktop":{"background-color":"var(--ast-global-color-5)","background-image":"","background-repeat":"repeat","background-position":"center center","background-size":"auto","background-attachment":"scroll","background-type":"","background-media":"","overlay-type":"","overlay-color":"","overlay-opacity":"","overlay-gradient":""},"tablet":{"background-color":"var(--ast-global-color-5)","background-image":"","background-repeat":"repeat","background-position":"center center","background-size":"auto","background-attachment":"scroll","background-type":"","background-media":"","overlay-type":"","overlay-color":"","overlay-opacity":"","overlay-gradient":""},"mobile":{"background-color":"var(--ast-global-color-5)","background-image":"","background-repeat":"repeat","background-position":"center center","background-size":"auto","background-attachment":"scroll","background-type":"","background-media":"","overlay-type":"","overlay-color":"","overlay-opacity":"","overlay-gradient":""}}},"product_brand":[],"product_cat":[247],"product_tag":[],"class_list":{"0":"post-3636","1":"product","2":"type-product","3":"status-publish","4":"has-post-thumbnail","6":"product_cat-laboratory-bath","7":"desktop-align-left","8":"tablet-align-left","9":"mobile-align-left","10":"ast-col-sm-12","11":"ast-article-post","12":"ast-width-md-12","13":"ast-archive-post","14":"ast-product-gallery-layout-horizontal-slider","15":"ast-product-gallery-with-no-image","16":"ast-product-tabs-layout-horizontal","18":"first","19":"instock","20":"shipping-taxable","21":"product-type-simple"},"uagb_featured_image_src":{"full":["https:\/\/www.ansenta.com\/wp-content\/uploads\/2026\/01\/Thermostatic-Shaking-Water-Bath.png",786,786,false],"thumbnail":["https:\/\/www.ansenta.com\/wp-content\/uploads\/2026\/01\/Thermostatic-Shaking-Water-Bath-150x150.png",150,150,true],"medium":["https:\/\/www.ansenta.com\/wp-content\/uploads\/2026\/01\/Thermostatic-Shaking-Water-Bath-300x300.png",300,300,true],"medium_large":["https:\/\/www.ansenta.com\/wp-content\/uploads\/2026\/01\/Thermostatic-Shaking-Water-Bath-768x768.png",768,768,true],"large":["https:\/\/www.ansenta.com\/wp-content\/uploads\/2026\/01\/Thermostatic-Shaking-Water-Bath.png",786,786,false],"1536x1536":["https:\/\/www.ansenta.com\/wp-content\/uploads\/2026\/01\/Thermostatic-Shaking-Water-Bath.png",786,786,false],"2048x2048":["https:\/\/www.ansenta.com\/wp-content\/uploads\/2026\/01\/Thermostatic-Shaking-Water-Bath.png",786,786,false],"trp-custom-language-flag":["https:\/\/www.ansenta.com\/wp-content\/uploads\/2026\/01\/Thermostatic-Shaking-Water-Bath-12x12.png",12,12,true],"mailpoet_newsletter_max":["https:\/\/www.ansenta.com\/wp-content\/uploads\/2026\/01\/Thermostatic-Shaking-Water-Bath.png",786,786,false],"woocommerce_thumbnail":["https:\/\/www.ansenta.com\/wp-content\/uploads\/2026\/01\/Thermostatic-Shaking-Water-Bath-600x600.png",600,600,true],"woocommerce_single":["https:\/\/www.ansenta.com\/wp-content\/uploads\/2026\/01\/Thermostatic-Shaking-Water-Bath-600x600.png",600,600,true],"woocommerce_gallery_thumbnail":["https:\/\/www.ansenta.com\/wp-content\/uploads\/2026\/01\/Thermostatic-Shaking-Water-Bath-100x100.png",100,100,true]},"uagb_author_info":{"display_name":"jinxing6611@gmail.com","author_link":"https:\/\/www.ansenta.com\/es\/author\/"},"uagb_comment_info":0,"uagb_excerpt":"Brand:ANSENTA Product Origin:CHINA Delivery time:Within 7 days Supply capacity:Factory Direct Supply Model:AST-SH\/AST-SHW,AST-SHL\/AST-SHWL (Refrigerated Model) Introduction: The Thermostatic Shaking Water Bath is a versatile and essential piece of laboratory equipment, designed for precise temperature control and uniform mixing of samples. It is widely used in molecular biology, biochemistry, and microbiology laboratories, providing accurate temperature stability and&hellip;","jetpack_sharing_enabled":true,"_links":{"self":[{"href":"https:\/\/www.ansenta.com\/es\/wp-json\/wp\/v2\/product\/3636","targetHints":{"allow":["GET"]}}],"collection":[{"href":"https:\/\/www.ansenta.com\/es\/wp-json\/wp\/v2\/product"}],"about":[{"href":"https:\/\/www.ansenta.com\/es\/wp-json\/wp\/v2\/types\/product"}],"wp:featuredmedia":[{"embeddable":true,"href":"https:\/\/www.ansenta.com\/es\/wp-json\/wp\/v2\/media\/3637"}],"wp:attachment":[{"href":"https:\/\/www.ansenta.com\/es\/wp-json\/wp\/v2\/media?parent=3636"}],"wp:term":[{"taxonomy":"product_brand","embeddable":true,"href":"https:\/\/www.ansenta.com\/es\/wp-json\/wp\/v2\/product_brand?post=3636"},{"taxonomy":"product_cat","embeddable":true,"href":"https:\/\/www.ansenta.com\/es\/wp-json\/wp\/v2\/product_cat?post=3636"},{"taxonomy":"product_tag","embeddable":true,"href":"https:\/\/www.ansenta.com\/es\/wp-json\/wp\/v2\/product_tag?post=3636"}],"curies":[{"name":"wp","href":"https:\/\/api.w.org\/{rel}","templated":true}]}}