{"id":3623,"date":"2026-01-24T00:32:28","date_gmt":"2026-01-24T00:32:28","guid":{"rendered":"https:\/\/www.ansenta.com\/?post_type=product&#038;p=3623"},"modified":"2026-01-24T00:32:28","modified_gmt":"2026-01-24T00:32:28","slug":"hydrogen-generator","status":"publish","type":"product","link":"https:\/\/www.ansenta.com\/es\/producto\/hydrogen-generator\/","title":{"rendered":"Generador de hidr\u00f3geno"},"content":{"rendered":"<p><strong><b>I. Principales tecnolog\u00edas y ventajas<\/b><\/strong><br \/>\n1.Tecnolog\u00eda de producci\u00f3n del electrolizador PEM de hidr\u00f3geno<br \/>\n-Utiliza la tecnolog\u00eda de electrolizador de membrana de intercambio prot\u00f3nico (PEM) para generar directamente hidr\u00f3geno mediante la electr\u00f3lisis de agua desionizada, eliminando la necesidad de soluciones alcalinas u otros reactivos qu\u00edmicos para mejorar la seguridad y la sostenibilidad medioambiental;<br \/>\n-Admite el ajuste del caudal, lo que permite un escalado flexible de la producci\u00f3n de hidr\u00f3geno para satisfacer la demanda. Funciona en un intervalo de caudal de 0-0,5 L\/min, adecuado para aplicaciones a escala de laboratorio o industrial;<br \/>\n-Altamente eficiente y ahorrador de energ\u00eda, con mayor eficiencia de electr\u00f3lisis y menor consumo de energ\u00eda en comparaci\u00f3n con la electr\u00f3lisis alcalina tradicional;<br \/>\n-Permite un arranque\/parada y una regulaci\u00f3n de potencia r\u00e1pidos, lo que minimiza el derroche de energ\u00eda durante el funcionamiento en vac\u00edo o con poca carga, una mejora significativa con respecto a la lenta respuesta de la electr\u00f3lisis alcalina convencional.<br \/>\n2.Salida de hidr\u00f3geno a alta presi\u00f3n<br \/>\n-Presi\u00f3n personalizable: Admite el ajuste de la presi\u00f3n de salida de hidr\u00f3geno de 0 a 7 MPa (est\u00e1ndar 1,6 MPa), lo que se adapta a diversos requisitos de aplicaci\u00f3n, como pilas de combustible, almacenamiento de hidr\u00f3geno en estaciones de servicio y reactores industriales.<br \/>\n-Sistema de secado y purificaci\u00f3n: Presenta un sistema de filtraci\u00f3n de tres etapas con tamices moleculares integrados, gel de s\u00edlice y agentes de eliminaci\u00f3n de trazas de ox\u00edgeno para garantizar un hidr\u00f3geno seco y puro que satisfaga las exigencias de instrumentos de precisi\u00f3n como CVD y GC-MS.<br \/>\n<strong><b>II. Sistema de control inteligente<\/b><\/strong><br \/>\n1.PLC Siemens SMART 200 ST40<br \/>\n-El control central utiliza el PLC industrial de Siemens, que ofrece una gran estabilidad y capacidad antiinterferente, y permite la supervisi\u00f3n en tiempo real y la regulaci\u00f3n en bucle cerrado de la presi\u00f3n, el caudal y la temperatura.<br \/>\nProtocolo de comunicaci\u00f3n TCP\/IP: Permite la supervisi\u00f3n remota y el intercambio de datos, integr\u00e1ndose a la perfecci\u00f3n con las plataformas DCS o IoT de la f\u00e1brica para lograr un funcionamiento sin personal y un mantenimiento inteligente.<br \/>\nInterfaz hombre-m\u00e1quina: Equipada con una pantalla t\u00e1ctil para la visualizaci\u00f3n en tiempo real de los par\u00e1metros de funcionamiento (presi\u00f3n, caudal, temperatura), compatible con alarmas de fallo y trazabilidad\/exportaci\u00f3n de datos hist\u00f3ricos.<br \/>\n2.Mecanismos de protecci\u00f3n de la seguridad<br \/>\n-Protecci\u00f3n de seguridad multicapa: Las alarmas de fuga autom\u00e1ticas, el alivio de sobrepresi\u00f3n y la protecci\u00f3n contra sobrecalentamiento del electrolizador garantizan la seguridad operativa y del equipo.<br \/>\n-Autodiagn\u00f3stico de aver\u00edas: El sistema identifica problemas como la calidad anormal del agua, se apaga autom\u00e1ticamente y env\u00eda alertas de mantenimiento.<br \/>\n<strong><b>III. Escenarios de aplicaci\u00f3n<\/b><\/strong><br \/>\n1. Energ\u00eda del hidr\u00f3geno Transporte y movilidad<br \/>\nPermite a los usuarios dom\u00e9sticos producir hidr\u00f3geno localmente y repostar veh\u00edculos de dos ruedas impulsados por hidr\u00f3geno para hacer frente a los retos del repostaje de hidr\u00f3geno.<br \/>\n2. Fabricaci\u00f3n industrial y producci\u00f3n de precisi\u00f3n<br \/>\nProporciona fuentes de gas estables para las industrias de semiconductores y electr\u00f3nica, s\u00edntesis petroqu\u00edmica y qu\u00edmica, tratamiento t\u00e9rmico de metales y pulvimetalurgia.<br \/>\n3. Investigaci\u00f3n cient\u00edfica y entornos de laboratorio<br \/>\nSuministra gases portadores o de reacci\u00f3n de gran pureza para GC, GC-MS, ICP-MS y equipos similares, en sustituci\u00f3n de los peligrosos cilindros.<br \/>\nAdmite pruebas de rendimiento de pilas de combustible y verificaci\u00f3n de la eficiencia de una sola pila.<br \/>\n4. Aplicaciones emergentes e intersectoriales<br \/>\nDesplazamiento de nitr\u00f3geno para el envasado de alimentos (prolongaci\u00f3n de la vida \u00fatil)<br \/>\nReacciones farmac\u00e9uticas de hidrogenaci\u00f3n (por ejemplo, s\u00edntesis de antibi\u00f3ticos)<br \/>\n<strong><b>IV. Estructura y configuraci\u00f3n del producto<\/b><\/strong><br \/>\nEste sistema incluye, entre otros, celdas de electr\u00f3lisis, instalaciones de suministro el\u00e9ctrico, instalaciones de separaci\u00f3n de gas-l\u00edquido, instalaciones de purificaci\u00f3n de hidr\u00f3geno e instalaciones de control PLC. Los equipos espec\u00edficos comprenden: bombas de agua circulante, separadores de gas-l\u00edquido, secadores de gas, conjuntos de v\u00e1lvulas y tuber\u00edas, fuentes de alimentaci\u00f3n de corriente constante, paneles de control y sistemas de control, sistemas de seguridad, etc.<\/p>\n<p>Par\u00e1metros t\u00e9cnicos:<\/p>\n<table>\n<tbody>\n<tr>\n<td><strong><b>N\u00famero de serie<\/b><\/strong><\/td>\n<td>Proyecto<\/td>\n<td><strong><b>Unidad<\/b><\/strong><\/td>\n<td><strong><b>Par\u00e1metros<\/b><\/strong><\/td>\n<\/tr>\n<tr>\n<td>1<\/td>\n<td>Dimensiones del sistema (ruedas incluidas)<\/td>\n<td>mm<\/td>\n<td>557\u00d7400\u00d7530<\/td>\n<\/tr>\n<tr>\n<td>2<\/td>\n<td>Producci\u00f3n de hidr\u00f3geno<\/td>\n<td>ml\/min<\/td>\n<td>0-500<\/td>\n<\/tr>\n<tr>\n<td>3<\/td>\n<td>Salida de ox\u00edgeno<\/td>\n<td>ml\/min<\/td>\n<td>0-250<\/td>\n<\/tr>\n<tr>\n<td>4<\/td>\n<td>Pureza del hidr\u00f3geno<\/td>\n<td>%<\/td>\n<td>&gt;99.99<\/td>\n<\/tr>\n<tr>\n<td>5<\/td>\n<td>Temperatura de funcionamiento<\/td>\n<td>\u2103<\/td>\n<td>5~60<\/td>\n<\/tr>\n<tr>\n<td>6<\/td>\n<td>Presi\u00f3n de funcionamiento<\/td>\n<td>MPaG<\/td>\n<td>0~7<\/td>\n<\/tr>\n<tr>\n<td>7<\/td>\n<td>Presi\u00f3n de entrada de agua electrolizada<\/td>\n<td>barg<\/td>\n<td>1~4<\/td>\n<\/tr>\n<tr>\n<td>8<\/td>\n<td>Tensi\u00f3n de alimentaci\u00f3n (CA)<\/td>\n<td>V<\/td>\n<td>220<\/td>\n<\/tr>\n<tr>\n<td>9<\/td>\n<td>Eficacia de la electr\u00f3lisis<\/td>\n<td>%<\/td>\n<td>\uff1e77.7%<sub>HHV<\/sub><\/td>\n<\/tr>\n<tr>\n<td>10<\/td>\n<td>Tiempo de arranque<\/td>\n<td>min<\/td>\n<td>0.2<\/td>\n<\/tr>\n<tr>\n<td>11<\/td>\n<td>Punto de roc\u00edo<\/td>\n<td>\u2103<\/td>\n<td>\uff1c-45<\/td>\n<\/tr>\n<\/tbody>\n<\/table>\n<p><span style=\"color: #003300;\"><strong>Descargar:<\/strong><\/span><br \/>\n<a href=\"https:\/\/www.ansenta.com\/wp-content\/uploads\/2026\/01\/Hydrogen-Generator.pdf\">Generador de hidr\u00f3geno<\/a><\/p>","protected":false},"excerpt":{"rendered":"<p><span style=\"color: #003300;\"><strong>Marca:<\/strong><\/span>ANSENTA<br \/>\n<span style=\"color: #003300;\"><strong>Origen del producto:<\/strong><\/span>CHINA<br \/>\n<span style=\"color: #003300;\"><strong>Plazo de entrega:<\/strong><\/span>En 7 d\u00edas<br \/>\n<span style=\"color: #003300;\"><strong>Capacidad de suministro:<\/strong><\/span>Suministro directo de f\u00e1brica<br \/>\n<span style=\"color: #003300;\"><strong>Modelo:<\/strong><\/span>Generador de hidr\u00f3geno<br \/>\n<span style=\"color: #003300;\"><strong>Descargar:<\/strong><\/span><br \/>\n<a href=\"https:\/\/www.ansenta.com\/wp-content\/uploads\/2026\/01\/Hydrogen-Generator.pdf\">Generador de hidr\u00f3geno<\/a><\/p>","protected":false},"featured_media":3624,"template":"","meta":{"_uag_custom_page_level_css":"","site-sidebar-layout":"default","site-content-layout":"","ast-site-content-layout":"default","site-content-style":"default","site-sidebar-style":"default","ast-global-header-display":"","ast-banner-title-visibility":"","ast-main-header-display":"","ast-hfb-above-header-display":"","ast-hfb-below-header-display":"","ast-hfb-mobile-header-display":"","site-post-title":"","ast-breadcrumbs-content":"","ast-featured-img":"","footer-sml-layout":"","ast-disable-related-posts":"","theme-transparent-header-meta":"default","adv-header-id-meta":"","stick-header-meta":"default","header-above-stick-meta":"","header-main-stick-meta":"","header-below-stick-meta":"","astra-migrate-meta-layouts":"set","ast-page-background-enabled":"default","ast-page-background-meta":{"desktop":{"background-color":"var(--ast-global-color-4)","background-image":"","background-repeat":"repeat","background-position":"center center","background-size":"auto","background-attachment":"scroll","background-type":"","background-media":"","overlay-type":"","overlay-color":"","overlay-opacity":"","overlay-gradient":""},"tablet":{"background-color":"","background-image":"","background-repeat":"repeat","background-position":"center center","background-size":"auto","background-attachment":"scroll","background-type":"","background-media":"","overlay-type":"","overlay-color":"","overlay-opacity":"","overlay-gradient":""},"mobile":{"background-color":"","background-image":"","background-repeat":"repeat","background-position":"center center","background-size":"auto","background-attachment":"scroll","background-type":"","background-media":"","overlay-type":"","overlay-color":"","overlay-opacity":"","overlay-gradient":""}},"ast-content-background-meta":{"desktop":{"background-color":"var(--ast-global-color-5)","background-image":"","background-repeat":"repeat","background-position":"center center","background-size":"auto","background-attachment":"scroll","background-type":"","background-media":"","overlay-type":"","overlay-color":"","overlay-opacity":"","overlay-gradient":""},"tablet":{"background-color":"var(--ast-global-color-5)","background-image":"","background-repeat":"repeat","background-position":"center center","background-size":"auto","background-attachment":"scroll","background-type":"","background-media":"","overlay-type":"","overlay-color":"","overlay-opacity":"","overlay-gradient":""},"mobile":{"background-color":"var(--ast-global-color-5)","background-image":"","background-repeat":"repeat","background-position":"center center","background-size":"auto","background-attachment":"scroll","background-type":"","background-media":"","overlay-type":"","overlay-color":"","overlay-opacity":"","overlay-gradient":""}}},"product_brand":[],"product_cat":[264],"product_tag":[],"class_list":{"0":"post-3623","1":"product","2":"type-product","3":"status-publish","4":"has-post-thumbnail","6":"product_cat-gas-generator","7":"desktop-align-left","8":"tablet-align-left","9":"mobile-align-left","10":"ast-col-sm-12","11":"ast-article-post","12":"ast-width-md-12","13":"ast-archive-post","14":"ast-product-gallery-layout-horizontal-slider","15":"ast-product-gallery-with-no-image","16":"ast-product-tabs-layout-horizontal","18":"first","19":"instock","20":"shipping-taxable","21":"product-type-simple"},"uagb_featured_image_src":{"full":["https:\/\/www.ansenta.com\/wp-content\/uploads\/2026\/01\/Hydrogen-Generator.jpg",500,500,false],"thumbnail":["https:\/\/www.ansenta.com\/wp-content\/uploads\/2026\/01\/Hydrogen-Generator-150x150.jpg",150,150,true],"medium":["https:\/\/www.ansenta.com\/wp-content\/uploads\/2026\/01\/Hydrogen-Generator-300x300.jpg",300,300,true],"medium_large":["https:\/\/www.ansenta.com\/wp-content\/uploads\/2026\/01\/Hydrogen-Generator.jpg",500,500,false],"large":["https:\/\/www.ansenta.com\/wp-content\/uploads\/2026\/01\/Hydrogen-Generator.jpg",500,500,false],"1536x1536":["https:\/\/www.ansenta.com\/wp-content\/uploads\/2026\/01\/Hydrogen-Generator.jpg",500,500,false],"2048x2048":["https:\/\/www.ansenta.com\/wp-content\/uploads\/2026\/01\/Hydrogen-Generator.jpg",500,500,false],"trp-custom-language-flag":["https:\/\/www.ansenta.com\/wp-content\/uploads\/2026\/01\/Hydrogen-Generator-12x12.jpg",12,12,true],"mailpoet_newsletter_max":["https:\/\/www.ansenta.com\/wp-content\/uploads\/2026\/01\/Hydrogen-Generator.jpg",500,500,false],"woocommerce_thumbnail":["https:\/\/www.ansenta.com\/wp-content\/uploads\/2026\/01\/Hydrogen-Generator.jpg",500,500,false],"woocommerce_single":["https:\/\/www.ansenta.com\/wp-content\/uploads\/2026\/01\/Hydrogen-Generator.jpg",500,500,false],"woocommerce_gallery_thumbnail":["https:\/\/www.ansenta.com\/wp-content\/uploads\/2026\/01\/Hydrogen-Generator-100x100.jpg",100,100,true]},"uagb_author_info":{"display_name":"jinxing6611@gmail.com","author_link":"https:\/\/www.ansenta.com\/es\/author\/"},"uagb_comment_info":0,"uagb_excerpt":"Brand:ANSENTA Product Origin:CHINA Delivery time:Within 7 days Supply capacity:Factory Direct Supply Model:Hydrogen Generator Download: Hydrogen Generator","jetpack_sharing_enabled":true,"_links":{"self":[{"href":"https:\/\/www.ansenta.com\/es\/wp-json\/wp\/v2\/product\/3623","targetHints":{"allow":["GET"]}}],"collection":[{"href":"https:\/\/www.ansenta.com\/es\/wp-json\/wp\/v2\/product"}],"about":[{"href":"https:\/\/www.ansenta.com\/es\/wp-json\/wp\/v2\/types\/product"}],"wp:featuredmedia":[{"embeddable":true,"href":"https:\/\/www.ansenta.com\/es\/wp-json\/wp\/v2\/media\/3624"}],"wp:attachment":[{"href":"https:\/\/www.ansenta.com\/es\/wp-json\/wp\/v2\/media?parent=3623"}],"wp:term":[{"taxonomy":"product_brand","embeddable":true,"href":"https:\/\/www.ansenta.com\/es\/wp-json\/wp\/v2\/product_brand?post=3623"},{"taxonomy":"product_cat","embeddable":true,"href":"https:\/\/www.ansenta.com\/es\/wp-json\/wp\/v2\/product_cat?post=3623"},{"taxonomy":"product_tag","embeddable":true,"href":"https:\/\/www.ansenta.com\/es\/wp-json\/wp\/v2\/product_tag?post=3623"}],"curies":[{"name":"wp","href":"https:\/\/api.w.org\/{rel}","templated":true}]}}