{"id":3615,"date":"2026-01-23T23:15:00","date_gmt":"2026-01-23T23:15:00","guid":{"rendered":"https:\/\/www.ansenta.com\/?post_type=product&#038;p=3615"},"modified":"2026-01-23T23:15:00","modified_gmt":"2026-01-23T23:15:00","slug":"ndj-8s-series-digital-rotary-viscometer","status":"publish","type":"product","link":"https:\/\/www.ansenta.com\/es\/producto\/ndj-8s-series-digital-rotary-viscometer\/","title":{"rendered":"Viscos\u00edmetro rotativo digital serie NDJ-8S"},"content":{"rendered":"<p>I. Product Introduction<br \/>\nThe NDJ series digital rotary viscometer uses a 16-bit microprocessor core control circuit, eliminating gears and directly displayingviscosity values on a blue LCD screen. It also features a timer function, clear buttons, stable rotation speed, and accuratemeasurement. A printer and RTD temperature probe are optional. Standard: JJG1002-2005 Rotational Viscometer<br \/>\nII. Product Parameters<br \/>\nMeasuring Range (mPa\u00b7s): 20\uff5e2,000,000<br \/>\nRotation Speed (rpm): Eight speed settings: 0.3, 0.6, 1.5, 3, 6, 12, 30, 60<br \/>\nRotor Configuration: One each of L1, L2, L3, and L4 rotors<br \/>\nMeasurement Error: \u00b11% (FS) Newtonian fluid<br \/>\nRepeatability: \u00b10.5% (FS) Newtonian fluid<br \/>\nPower Supply: Dedicated power adapter (Input 100\uff5e240V 50\uff5e60Hz)<br \/>\nDisplay functions: The LCD screen displays viscosity, rotational speed, percentage meter torque, rotor number, and the maximummeasurable viscosity value of the selected rotor at the current rotational speed. L0 rotor (optional) measuring range (mPa.s): 1-2,000<br \/>\nIII. Standard Configuration Components Included<br \/>\nMain Unit: 1 unit<br \/>\nProtective Frame: 1 piece<br \/>\nRotor: 1 set<br \/>\nBase and Leveling Bolts: 1 set<br \/>\nLifting Frame and Lifting Mechanism: 1 set<br \/>\nDedicated Power Adapter: 1 piece<br \/>\nWrench: 1 piece<br \/>\n<span style=\"color: #003300;\"><strong>Descargar:<\/strong><\/span><br \/>\n<a href=\"https:\/\/www.ansenta.com\/wp-content\/uploads\/2026\/01\/NDJ-8S-Series-Digital-Rotary-Viscometer.pdf\">Viscos\u00edmetro rotativo digital serie NDJ-8S<\/a><\/p>","protected":false},"excerpt":{"rendered":"<p><span style=\"color: #003300;\"><strong>Marca:<\/strong><\/span>ANSENTA<br \/>\n<span style=\"color: #003300;\"><strong>Origen del producto:<\/strong><\/span>CHINA<br \/>\n<span style=\"color: #003300;\"><strong>Plazo de entrega:<\/strong><\/span>En 7 d\u00edas<br \/>\n<span style=\"color: #003300;\"><strong>Capacidad de suministro:<\/strong><\/span>Suministro directo de f\u00e1brica<br \/>\n<span style=\"color: #003300;\"><strong>Modelo:<\/strong><\/span>Viscos\u00edmetro rotativo digital serie NDJ-8S<br \/>\n<span style=\"color: #003300;\"><strong>Introducci\u00f3n:<\/strong><\/span><br \/>\nEl viscos\u00edmetro rotativo digital de la serie NDJ utiliza un circuito de control con n\u00facleo de microprocesador de 16 bits, que elimina los engranajes y muestra directamente los valores de viscosidad en una pantalla LCD azul. Tambi\u00e9n cuenta con una funci\u00f3n de temporizador, botones claros, velocidad de rotaci\u00f3n estable y medici\u00f3n precisa. Dispone de impresora y temperatura RTD.<br \/>\n<span style=\"color: #003300;\"><strong>Descargar:<\/strong><\/span><br \/>\n<a href=\"https:\/\/www.ansenta.com\/wp-content\/uploads\/2026\/01\/NDJ-8S-Series-Digital-Rotary-Viscometer.pdf\">Viscos\u00edmetro rotativo digital serie NDJ-8S<\/a><\/p>","protected":false},"featured_media":3616,"template":"","meta":{"_uag_custom_page_level_css":"","site-sidebar-layout":"default","site-content-layout":"","ast-site-content-layout":"default","site-content-style":"default","site-sidebar-style":"default","ast-global-header-display":"","ast-banner-title-visibility":"","ast-main-header-display":"","ast-hfb-above-header-display":"","ast-hfb-below-header-display":"","ast-hfb-mobile-header-display":"","site-post-title":"","ast-breadcrumbs-content":"","ast-featured-img":"","footer-sml-layout":"","ast-disable-related-posts":"","theme-transparent-header-meta":"default","adv-header-id-meta":"","stick-header-meta":"default","header-above-stick-meta":"","header-main-stick-meta":"","header-below-stick-meta":"","astra-migrate-meta-layouts":"set","ast-page-background-enabled":"default","ast-page-background-meta":{"desktop":{"background-color":"var(--ast-global-color-4)","background-image":"","background-repeat":"repeat","background-position":"center center","background-size":"auto","background-attachment":"scroll","background-type":"","background-media":"","overlay-type":"","overlay-color":"","overlay-opacity":"","overlay-gradient":""},"tablet":{"background-color":"","background-image":"","background-repeat":"repeat","background-position":"center center","background-size":"auto","background-attachment":"scroll","background-type":"","background-media":"","overlay-type":"","overlay-color":"","overlay-opacity":"","overlay-gradient":""},"mobile":{"background-color":"","background-image":"","background-repeat":"repeat","background-position":"center center","background-size":"auto","background-attachment":"scroll","background-type":"","background-media":"","overlay-type":"","overlay-color":"","overlay-opacity":"","overlay-gradient":""}},"ast-content-background-meta":{"desktop":{"background-color":"var(--ast-global-color-5)","background-image":"","background-repeat":"repeat","background-position":"center center","background-size":"auto","background-attachment":"scroll","background-type":"","background-media":"","overlay-type":"","overlay-color":"","overlay-opacity":"","overlay-gradient":""},"tablet":{"background-color":"var(--ast-global-color-5)","background-image":"","background-repeat":"repeat","background-position":"center center","background-size":"auto","background-attachment":"scroll","background-type":"","background-media":"","overlay-type":"","overlay-color":"","overlay-opacity":"","overlay-gradient":""},"mobile":{"background-color":"var(--ast-global-color-5)","background-image":"","background-repeat":"repeat","background-position":"center center","background-size":"auto","background-attachment":"scroll","background-type":"","background-media":"","overlay-type":"","overlay-color":"","overlay-opacity":"","overlay-gradient":""}}},"product_brand":[],"product_cat":[163],"product_tag":[],"class_list":{"0":"post-3615","1":"product","2":"type-product","3":"status-publish","4":"has-post-thumbnail","6":"product_cat-viscometer","7":"desktop-align-left","8":"tablet-align-left","9":"mobile-align-left","10":"ast-col-sm-12","11":"ast-article-post","12":"ast-width-md-12","13":"ast-archive-post","14":"ast-product-gallery-layout-horizontal-slider","15":"ast-product-gallery-with-no-image","16":"ast-product-tabs-layout-horizontal","18":"first","19":"instock","20":"shipping-taxable","21":"product-type-simple"},"uagb_featured_image_src":{"full":["https:\/\/www.ansenta.com\/wp-content\/uploads\/2026\/01\/NDJ-8S-Series-Digital-Rotary-Viscometer.jpg",430,430,false],"thumbnail":["https:\/\/www.ansenta.com\/wp-content\/uploads\/2026\/01\/NDJ-8S-Series-Digital-Rotary-Viscometer-150x150.jpg",150,150,true],"medium":["https:\/\/www.ansenta.com\/wp-content\/uploads\/2026\/01\/NDJ-8S-Series-Digital-Rotary-Viscometer-300x300.jpg",300,300,true],"medium_large":["https:\/\/www.ansenta.com\/wp-content\/uploads\/2026\/01\/NDJ-8S-Series-Digital-Rotary-Viscometer.jpg",430,430,false],"large":["https:\/\/www.ansenta.com\/wp-content\/uploads\/2026\/01\/NDJ-8S-Series-Digital-Rotary-Viscometer.jpg",430,430,false],"1536x1536":["https:\/\/www.ansenta.com\/wp-content\/uploads\/2026\/01\/NDJ-8S-Series-Digital-Rotary-Viscometer.jpg",430,430,false],"2048x2048":["https:\/\/www.ansenta.com\/wp-content\/uploads\/2026\/01\/NDJ-8S-Series-Digital-Rotary-Viscometer.jpg",430,430,false],"trp-custom-language-flag":["https:\/\/www.ansenta.com\/wp-content\/uploads\/2026\/01\/NDJ-8S-Series-Digital-Rotary-Viscometer-12x12.jpg",12,12,true],"mailpoet_newsletter_max":["https:\/\/www.ansenta.com\/wp-content\/uploads\/2026\/01\/NDJ-8S-Series-Digital-Rotary-Viscometer.jpg",430,430,false],"woocommerce_thumbnail":["https:\/\/www.ansenta.com\/wp-content\/uploads\/2026\/01\/NDJ-8S-Series-Digital-Rotary-Viscometer.jpg",430,430,false],"woocommerce_single":["https:\/\/www.ansenta.com\/wp-content\/uploads\/2026\/01\/NDJ-8S-Series-Digital-Rotary-Viscometer.jpg",430,430,false],"woocommerce_gallery_thumbnail":["https:\/\/www.ansenta.com\/wp-content\/uploads\/2026\/01\/NDJ-8S-Series-Digital-Rotary-Viscometer-100x100.jpg",100,100,true]},"uagb_author_info":{"display_name":"jinxing6611@gmail.com","author_link":"https:\/\/www.ansenta.com\/es\/author\/"},"uagb_comment_info":0,"uagb_excerpt":"Brand:ANSENTA Product Origin:CHINA Delivery time:Within 7 days Supply capacity:Factory Direct Supply Model:NDJ-8S Series Digital Rotary Viscometer Introduction: The NDJ series digital rotary viscometer uses a 16-bit microprocessor core control circuit, eliminating gears and directly displaying viscosity values on a blue LCD screen. It also features a timer function, clear buttons, stable rotation speed, and accurate&hellip;","jetpack_sharing_enabled":true,"_links":{"self":[{"href":"https:\/\/www.ansenta.com\/es\/wp-json\/wp\/v2\/product\/3615","targetHints":{"allow":["GET"]}}],"collection":[{"href":"https:\/\/www.ansenta.com\/es\/wp-json\/wp\/v2\/product"}],"about":[{"href":"https:\/\/www.ansenta.com\/es\/wp-json\/wp\/v2\/types\/product"}],"wp:featuredmedia":[{"embeddable":true,"href":"https:\/\/www.ansenta.com\/es\/wp-json\/wp\/v2\/media\/3616"}],"wp:attachment":[{"href":"https:\/\/www.ansenta.com\/es\/wp-json\/wp\/v2\/media?parent=3615"}],"wp:term":[{"taxonomy":"product_brand","embeddable":true,"href":"https:\/\/www.ansenta.com\/es\/wp-json\/wp\/v2\/product_brand?post=3615"},{"taxonomy":"product_cat","embeddable":true,"href":"https:\/\/www.ansenta.com\/es\/wp-json\/wp\/v2\/product_cat?post=3615"},{"taxonomy":"product_tag","embeddable":true,"href":"https:\/\/www.ansenta.com\/es\/wp-json\/wp\/v2\/product_tag?post=3615"}],"curies":[{"name":"wp","href":"https:\/\/api.w.org\/{rel}","templated":true}]}}