{"id":3588,"date":"2026-01-14T12:07:49","date_gmt":"2026-01-14T12:07:49","guid":{"rendered":"https:\/\/www.ansenta.com\/?post_type=product&#038;p=3588"},"modified":"2026-01-14T12:07:49","modified_gmt":"2026-01-14T12:07:49","slug":"ultrasonic-cleaner-ctuw-y06-160-lcd-series","status":"publish","type":"product","link":"https:\/\/www.ansenta.com\/es\/producto\/ultrasonic-cleaner-ctuw-y06-160-lcd-series\/","title":{"rendered":"Limpiador ultras\u00f3nico CTUW-Y06-160 Serie LCD"},"content":{"rendered":"<p><strong>Par\u00e1metros t\u00e9cnicos principales:<\/strong><\/p>\n<p>Modelo CTUW-Y06-160<br \/>\nVolumen: 6L<br \/>\nDimensiones: 320\u00d7175\u00d7340 mm<br \/>\nDimensiones del tanque interior: 300\u00d7150\u00d7150<br \/>\nmm Frecuencia ultras\u00f3nica: 40KHz<br \/>\nPotencia ultras\u00f3nica: 160W<br \/>\nRango de ajuste de la potencia ultras\u00f3nica: 1%~100% ajustable<br \/>\nPotencia calor\u00edfica: 400 W<br \/>\nRango de temperatura de calentamiento del agua: Temperatura ambiente~80\u2103 ajustable<br \/>\nTiempo de trabajo: 1~9999min ajustable<br \/>\nFuente de alimentaci\u00f3n: 220V 50Hz<br \/>\nOtras configuraciones: Cubierta insonorizada, cesta de malla de acero inoxidable, v\u00e1lvula manual de entrada y salida<\/p>\n<p><strong>Caracter\u00edsticas principales:<\/strong><\/p>\n<p>Pantalla LCD:<\/p>\n<p>Pantalla LCD, funcionamiento mediante botones; pantalla china de gran tama\u00f1o, muestra de forma exhaustiva par\u00e1metros de trabajo como la frecuencia, la potencia, la temperatura y la hora.<br \/>\nLa potencia ultras\u00f3nica es ajustable de 10-100%, puede ajustarse para 1-9999 minutos o funcionamiento continuo, y la temperatura de calentamiento puede ajustarse de temperatura ambiente a 80\u00b0C.<br \/>\nLa funci\u00f3n de almacenamiento de datos permite recuperar f\u00e1cilmente los par\u00e1metros de trabajo guardados.<br \/>\nUtiliza componentes importados, salida de frecuencia estable, potencia potente y baja tasa de fallos.<\/p>\n<p><strong>Materiales de alta calidad:<\/strong><\/p>\n<p>La carcasa de la m\u00e1quina de limpieza y el tanque interior est\u00e1n hechos de acero inoxidable 304, y el tanque interior est\u00e1 estampado y formado integralmente.<br \/>\nLa configuraci\u00f3n est\u00e1ndar incluye una cesta de malla y una tapa insonorizada, todo ello fabricado en acero inoxidable 304.<br \/>\nEl fondo est\u00e1 equipado con una v\u00e1lvula de drenaje, utilizando una v\u00e1lvula de bola de acero inoxidable 304 para un buen sellado y durabilidad.<br \/>\nEl equipo dispone de asas de transporte en ambos lados para facilitar su desplazamiento y transporte.<\/p>\n<p><strong>Limpieza a fondo:<\/strong><\/p>\n<p>El dise\u00f1o del circuito ultras\u00f3nico de calidad industrial garantiza un funcionamiento continuo a largo plazo.<br \/>\nFunci\u00f3n de barrido autom\u00e1tico de frecuencias autoexcitadas, seguimiento autom\u00e1tico de frecuencias, distribuci\u00f3n uniforme de los ultrasonidos y gran eficacia de limpieza.<br \/>\nEl generador de ultrasonidos dispone de una funci\u00f3n de compensaci\u00f3n de potencia que garantiza una salida de ultrasonidos uniforme y un buen efecto de limpieza.<br \/>\nSistema de calentamiento de agua por chip cer\u00e1mico, detecci\u00f3n autom\u00e1tica de la temperatura del cuerpo de la m\u00e1quina, temperatura de calentamiento uniforme, precisa y estable.<br \/>\nEquipada con tecnolog\u00eda de desgasificaci\u00f3n r\u00e1pida para mejorar la eficacia de la limpieza y reducir el ruido de trabajo.<\/p>\n<p><strong>Protecci\u00f3n de seguridad:<\/strong><\/p>\n<p>Arranque suave por ultrasonidos, con funciones de protecci\u00f3n contra cortocircuitos, protecci\u00f3n contra fugas y protecci\u00f3n contra sobrecargas.<br \/>\nMuestra el tiempo de funcionamiento acumulado y proporciona alarmas de sobretemperatura, sobretensi\u00f3n, sobrecorriente y zumbador de fallo.<\/p>\n<p><span style=\"color: #003300;\"><strong>Descargar:<\/strong><\/span><br \/>\n<a href=\"https:\/\/www.ansenta.com\/wp-content\/uploads\/2026\/01\/CTUW-Y06-160-LCD-Series-Ultrasonic-Cleaning-Machine.pdf\">CTUW-Y06-160 M\u00e1quina de limpieza por ultrasonidos para LCD<\/a><\/p>","protected":false},"excerpt":{"rendered":"<p><span style=\"color: #003300;\"><strong>Marca:<\/strong><\/span>ANSENTA<br \/>\n<span style=\"color: #003300;\"><strong>Origen del producto:<\/strong><\/span>CHINA<br \/>\n<span style=\"color: #003300;\"><strong>Plazo de entrega:<\/strong><\/span>En 7 d\u00edas<br \/>\n<span style=\"color: #003300;\"><strong>Capacidad de suministro:<\/strong><\/span>Suministro directo de f\u00e1brica<br \/>\n<span style=\"color: #003300;\"><strong>Modelo:<\/strong><\/span> Limpiador ultras\u00f3nico CTUW-Y06-160 Serie LCD<br \/>\n<span style=\"color: #003300;\"><strong>Introducci\u00f3n:<\/strong><\/span><br \/>\nEl limpiador ultras\u00f3nico es un equipo de limpieza polivalente que no contamina ni da\u00f1a. No s\u00f3lo tiene un potente efecto de limpieza en objetos con formas complejas, sino que tambi\u00e9n acelera la disoluci\u00f3n y la emulsificaci\u00f3n. El limpiador ultras\u00f3nico tiene las ventajas incomparables de otra limpieza f\u00edsica o limpieza qu\u00edmica, y es ampliamente utilizado en la industria de servicios, industria electr\u00f3nica, laboratorio, industria de maquinaria, industria de carburo cementado, industria qu\u00edmica y otros campos.<br \/>\n<span style=\"color: #003300;\"><strong>Descargar:<\/strong><\/span><br \/>\n<a href=\"https:\/\/www.ansenta.com\/wp-content\/uploads\/2026\/01\/CTUW-Y06-160-LCD-Series-Ultrasonic-Cleaning-Machine.pdf\">CTUW-Y06-160 M\u00e1quina de limpieza por ultrasonidos para LCD<\/a><\/p>","protected":false},"featured_media":3589,"template":"","meta":{"_uag_custom_page_level_css":"","site-sidebar-layout":"default","site-content-layout":"","ast-site-content-layout":"default","site-content-style":"default","site-sidebar-style":"default","ast-global-header-display":"","ast-banner-title-visibility":"","ast-main-header-display":"","ast-hfb-above-header-display":"","ast-hfb-below-header-display":"","ast-hfb-mobile-header-display":"","site-post-title":"","ast-breadcrumbs-content":"","ast-featured-img":"","footer-sml-layout":"","ast-disable-related-posts":"","theme-transparent-header-meta":"default","adv-header-id-meta":"","stick-header-meta":"default","header-above-stick-meta":"","header-main-stick-meta":"","header-below-stick-meta":"","astra-migrate-meta-layouts":"set","ast-page-background-enabled":"default","ast-page-background-meta":{"desktop":{"background-color":"var(--ast-global-color-4)","background-image":"","background-repeat":"repeat","background-position":"center center","background-size":"auto","background-attachment":"scroll","background-type":"","background-media":"","overlay-type":"","overlay-color":"","overlay-opacity":"","overlay-gradient":""},"tablet":{"background-color":"","background-image":"","background-repeat":"repeat","background-position":"center center","background-size":"auto","background-attachment":"scroll","background-type":"","background-media":"","overlay-type":"","overlay-color":"","overlay-opacity":"","overlay-gradient":""},"mobile":{"background-color":"","background-image":"","background-repeat":"repeat","background-position":"center center","background-size":"auto","background-attachment":"scroll","background-type":"","background-media":"","overlay-type":"","overlay-color":"","overlay-opacity":"","overlay-gradient":""}},"ast-content-background-meta":{"desktop":{"background-color":"var(--ast-global-color-5)","background-image":"","background-repeat":"repeat","background-position":"center center","background-size":"auto","background-attachment":"scroll","background-type":"","background-media":"","overlay-type":"","overlay-color":"","overlay-opacity":"","overlay-gradient":""},"tablet":{"background-color":"var(--ast-global-color-5)","background-image":"","background-repeat":"repeat","background-position":"center center","background-size":"auto","background-attachment":"scroll","background-type":"","background-media":"","overlay-type":"","overlay-color":"","overlay-opacity":"","overlay-gradient":""},"mobile":{"background-color":"var(--ast-global-color-5)","background-image":"","background-repeat":"repeat","background-position":"center center","background-size":"auto","background-attachment":"scroll","background-type":"","background-media":"","overlay-type":"","overlay-color":"","overlay-opacity":"","overlay-gradient":""}}},"product_brand":[],"product_cat":[271],"product_tag":[],"class_list":{"0":"post-3588","1":"product","2":"type-product","3":"status-publish","4":"has-post-thumbnail","6":"product_cat-ultrasonic-cleaner","7":"desktop-align-left","8":"tablet-align-left","9":"mobile-align-left","10":"ast-col-sm-12","11":"ast-article-post","12":"ast-width-md-12","13":"ast-archive-post","14":"ast-product-gallery-layout-horizontal-slider","15":"ast-product-gallery-with-no-image","16":"ast-product-tabs-layout-horizontal","18":"first","19":"instock","20":"shipping-taxable","21":"product-type-simple"},"uagb_featured_image_src":{"full":["https:\/\/www.ansenta.com\/wp-content\/uploads\/2026\/01\/Ultrasonic-Cleaner-CTUW-Y06-160-LCD-Series.jpg",1024,1024,false],"thumbnail":["https:\/\/www.ansenta.com\/wp-content\/uploads\/2026\/01\/Ultrasonic-Cleaner-CTUW-Y06-160-LCD-Series-150x150.jpg",150,150,true],"medium":["https:\/\/www.ansenta.com\/wp-content\/uploads\/2026\/01\/Ultrasonic-Cleaner-CTUW-Y06-160-LCD-Series-300x300.jpg",300,300,true],"medium_large":["https:\/\/www.ansenta.com\/wp-content\/uploads\/2026\/01\/Ultrasonic-Cleaner-CTUW-Y06-160-LCD-Series-768x768.jpg",768,768,true],"large":["https:\/\/www.ansenta.com\/wp-content\/uploads\/2026\/01\/Ultrasonic-Cleaner-CTUW-Y06-160-LCD-Series.jpg",1024,1024,false],"1536x1536":["https:\/\/www.ansenta.com\/wp-content\/uploads\/2026\/01\/Ultrasonic-Cleaner-CTUW-Y06-160-LCD-Series.jpg",1024,1024,false],"2048x2048":["https:\/\/www.ansenta.com\/wp-content\/uploads\/2026\/01\/Ultrasonic-Cleaner-CTUW-Y06-160-LCD-Series.jpg",1024,1024,false],"trp-custom-language-flag":["https:\/\/www.ansenta.com\/wp-content\/uploads\/2026\/01\/Ultrasonic-Cleaner-CTUW-Y06-160-LCD-Series-12x12.jpg",12,12,true],"mailpoet_newsletter_max":["https:\/\/www.ansenta.com\/wp-content\/uploads\/2026\/01\/Ultrasonic-Cleaner-CTUW-Y06-160-LCD-Series.jpg",1024,1024,false],"woocommerce_thumbnail":["https:\/\/www.ansenta.com\/wp-content\/uploads\/2026\/01\/Ultrasonic-Cleaner-CTUW-Y06-160-LCD-Series-600x600.jpg",600,600,true],"woocommerce_single":["https:\/\/www.ansenta.com\/wp-content\/uploads\/2026\/01\/Ultrasonic-Cleaner-CTUW-Y06-160-LCD-Series-600x600.jpg",600,600,true],"woocommerce_gallery_thumbnail":["https:\/\/www.ansenta.com\/wp-content\/uploads\/2026\/01\/Ultrasonic-Cleaner-CTUW-Y06-160-LCD-Series-100x100.jpg",100,100,true]},"uagb_author_info":{"display_name":"jinxing6611@gmail.com","author_link":"https:\/\/www.ansenta.com\/es\/author\/"},"uagb_comment_info":0,"uagb_excerpt":"Brand:ANSENTA Product Origin:CHINA Delivery time:Within 7 days Supply capacity:Factory Direct Supply Model: Ultrasonic Cleaner CTUW-Y06-160 LCD Series Introduction: Ultrasonic cleaner is a non-polluting, non-damaging, multi-purpose cleaning equipment. It not only has a powerful cleaning effect on objects with complex shapes, but also accelerates dissolution and emulsification. Ultrasonic cleaner has the unparalleled advantages of other physical&hellip;","jetpack_sharing_enabled":true,"_links":{"self":[{"href":"https:\/\/www.ansenta.com\/es\/wp-json\/wp\/v2\/product\/3588","targetHints":{"allow":["GET"]}}],"collection":[{"href":"https:\/\/www.ansenta.com\/es\/wp-json\/wp\/v2\/product"}],"about":[{"href":"https:\/\/www.ansenta.com\/es\/wp-json\/wp\/v2\/types\/product"}],"wp:featuredmedia":[{"embeddable":true,"href":"https:\/\/www.ansenta.com\/es\/wp-json\/wp\/v2\/media\/3589"}],"wp:attachment":[{"href":"https:\/\/www.ansenta.com\/es\/wp-json\/wp\/v2\/media?parent=3588"}],"wp:term":[{"taxonomy":"product_brand","embeddable":true,"href":"https:\/\/www.ansenta.com\/es\/wp-json\/wp\/v2\/product_brand?post=3588"},{"taxonomy":"product_cat","embeddable":true,"href":"https:\/\/www.ansenta.com\/es\/wp-json\/wp\/v2\/product_cat?post=3588"},{"taxonomy":"product_tag","embeddable":true,"href":"https:\/\/www.ansenta.com\/es\/wp-json\/wp\/v2\/product_tag?post=3588"}],"curies":[{"name":"wp","href":"https:\/\/api.w.org\/{rel}","templated":true}]}}