{"id":3513,"date":"2026-01-04T06:46:02","date_gmt":"2026-01-04T06:46:02","guid":{"rendered":"https:\/\/www.ansenta.com\/?post_type=product&#038;p=3513"},"modified":"2026-01-04T06:51:26","modified_gmt":"2026-01-04T06:51:26","slug":"bench-top-low-speed-centrifuge-2","status":"publish","type":"product","link":"https:\/\/www.ansenta.com\/es\/producto\/bench-top-low-speed-centrifuge-2\/","title":{"rendered":"Centrifugadora de banco de baja velocidad"},"content":{"rendered":"<p><strong><b>\u2160\u3001Presentaci\u00f3n del producto<\/b><\/strong><\/p>\n<p>Sistema de control avanzado, separaci\u00f3n excelente<br \/>\n20 modos de aceleraci\u00f3n\/desaceleraci\u00f3n; el usuario puede configurar por s\u00ed mismo los par\u00e1metros de funcionamiento para lograr la mejor centrifugaci\u00f3n.<br \/>\nFunci\u00f3n de funcionamiento corto, conveniente para la centrifugaci\u00f3n diversificada.<br \/>\nTecnolog\u00eda patentada de control de velocidad SCT, para lograr un centrifugado preciso.<br \/>\nTecnolog\u00eda patentada de control de frenado suave SBT, para reducir la resuspensi\u00f3n y facilitar el muestreo, a fin de garantizar el m\u00e1ximo rendimiento de la muestra.<br \/>\nTemporizaci\u00f3n de velocidad fija o temporizaci\u00f3n de inicio opcional, el tiempo de centrifugaci\u00f3n se puede seleccionar libremente en horas, minutos o segundos, para lograr una centrifugaci\u00f3n fina Alta seguridad, facilidad de uso<br \/>\nIdentificaci\u00f3n autom\u00e1tica del rotor, sin necesidad de seleccionar el n\u00famero de rotor, evita el exceso de velocidad, garantiza la seguridad.<br \/>\nSobrevelocidad, tapa de puerta y desconexi\u00f3n por desequilibrio y otras funciones de protecci\u00f3n, con alarma sonora y luminosa, para garantizar la seguridad humana y de los instrumentos.<br \/>\nCuerpo de acero, c\u00e1mara de acero inoxidable, manguito protector de acero, estructura de tres amortiguadores, para evitar accidentes.<br \/>\nDispone de funciones de configuraci\u00f3n de contrase\u00f1a y bloqueo, puede bloquear los par\u00e1metros con contrase\u00f1as para evitar el funcionamiento incorrecto.<br \/>\nRotor opcional con tapa herm\u00e9tica a los aerosoles, el rotor puede ser esterilizado a alta temperatura y alta presi\u00f3n, para evitar la contaminaci\u00f3n biol\u00f3gica. Pantalla amigable, operaci\u00f3n humana<br \/>\nPantalla t\u00e1ctil LCD, grupo de programas, Acel\/Decel, velocidad, RCF, tiempo y temperatura y otros par\u00e1metros se muestran de forma independiente, la pantalla t\u00e1ctil se puede manejar con guantes, f\u00e1cil de usar<br \/>\nControl por microprocesador, los datos operados se pueden guardar autom\u00e1ticamente, puede arrancar el instrumento con RCF directamente<br \/>\nSe pueden almacenar y recuperar un m\u00e1ximo de 200 programas, de los cuales 10 modos de trabajo pueden editar libremente el programa de centrifugaci\u00f3n de gradiente de cinco niveles para lograr la centrifugaci\u00f3n \u00f3ptima.<br \/>\nPuede guardar autom\u00e1ticamente 1.000 registros de funcionamiento para lograr la trazabilidad de los datos originales, como el estado de funcionamiento y los registros de fallos. Amortiguaci\u00f3n de tres etapas, baja vibraci\u00f3n y bajo nivel de ruido.<br \/>\nBuenas piezas, fiables y duraderas<br \/>\nMotor de convertidor de frecuencia sin escobillas, cojinete de supervelocidad importado de Europa, de alta calidad.<br \/>\nCaucho aeroespacial para la amortiguaci\u00f3n, aleaci\u00f3n de super duraluminio de Aluminum Corporation of China Limited (CHALCO), prolongan la vida \u00fatil de la m\u00e1quina.<\/p>\n<p><strong><b>\u2161\u3001Par\u00e1metros del producto<\/b><\/strong><\/p>\n<p><img fetchpriority=\"high\" decoding=\"async\" class=\"alignnone size-full wp-image-3508\" src=\"https:\/\/www.ansenta.com\/wp-content\/uploads\/2026\/01\/2026010407.jpg\" alt=\"\" width=\"1200\" height=\"711\" srcset=\"https:\/\/www.ansenta.com\/wp-content\/uploads\/2026\/01\/2026010407.jpg 1200w, https:\/\/www.ansenta.com\/wp-content\/uploads\/2026\/01\/2026010407-300x178.jpg 300w, https:\/\/www.ansenta.com\/wp-content\/uploads\/2026\/01\/2026010407-1024x607.jpg 1024w, https:\/\/www.ansenta.com\/wp-content\/uploads\/2026\/01\/2026010407-768x455.jpg 768w, https:\/\/www.ansenta.com\/wp-content\/uploads\/2026\/01\/2026010407-18x12.jpg 18w, https:\/\/www.ansenta.com\/wp-content\/uploads\/2026\/01\/2026010407-600x356.jpg 600w\" sizes=\"(max-width: 1200px) 100vw, 1200px\" \/><\/p>\n<p><img decoding=\"async\" class=\"alignnone size-full wp-image-3514\" src=\"https:\/\/www.ansenta.com\/wp-content\/uploads\/2026\/01\/202601041006.png\" alt=\"\" width=\"561\" height=\"514\" srcset=\"https:\/\/www.ansenta.com\/wp-content\/uploads\/2026\/01\/202601041006.png 561w, https:\/\/www.ansenta.com\/wp-content\/uploads\/2026\/01\/202601041006-300x275.png 300w, https:\/\/www.ansenta.com\/wp-content\/uploads\/2026\/01\/202601041006-13x12.png 13w\" sizes=\"(max-width: 561px) 100vw, 561px\" \/><\/p>\n<p><strong><b>\u2162\u3001Rotor<\/b><\/strong><\/p>\n<p><img decoding=\"async\" class=\"alignnone size-full wp-image-3510\" src=\"https:\/\/www.ansenta.com\/wp-content\/uploads\/2026\/01\/2026010408.jpg\" alt=\"\" width=\"1200\" height=\"498\" srcset=\"https:\/\/www.ansenta.com\/wp-content\/uploads\/2026\/01\/2026010408.jpg 1200w, https:\/\/www.ansenta.com\/wp-content\/uploads\/2026\/01\/2026010408-300x125.jpg 300w, https:\/\/www.ansenta.com\/wp-content\/uploads\/2026\/01\/2026010408-1024x425.jpg 1024w, https:\/\/www.ansenta.com\/wp-content\/uploads\/2026\/01\/2026010408-768x319.jpg 768w, https:\/\/www.ansenta.com\/wp-content\/uploads\/2026\/01\/2026010408-18x7.jpg 18w, https:\/\/www.ansenta.com\/wp-content\/uploads\/2026\/01\/2026010408-600x249.jpg 600w\" sizes=\"(max-width: 1200px) 100vw, 1200px\" \/><br \/>\n<span style=\"color: #003300;\"><strong>Descargar:<\/strong><\/span><br \/>\n<a href=\"https:\/\/www.ansenta.com\/wp-content\/uploads\/2026\/01\/Bench-top-Low-Speed-Centrifuge.pdf\">Centrifugadora de banco de baja velocidad<\/a><\/p>","protected":false},"excerpt":{"rendered":"<p><span style=\"color: #003300;\"><strong>Marca:<\/strong><\/span>ANSENTA<br \/>\n<span style=\"color: #003300;\"><strong>Origen del producto:<\/strong><\/span>CHINA<br \/>\n<span style=\"color: #003300;\"><strong>Plazo de entrega:<\/strong><\/span>En 7 d\u00edas<br \/>\n<span style=\"color: #003300;\"><strong>Capacidad de suministro:<\/strong><\/span>Suministro directo de f\u00e1brica<br \/>\n<span style=\"color: #003300;\"><strong>Modelo:<\/strong><\/span>Centrifugadora de banco de baja velocidad<br \/>\n<span style=\"color: #003300;\"><strong>Introducci\u00f3n:<\/strong><\/span><br \/>\nSistema de control avanzado, separaci\u00f3n excelente<br \/>\n20 modos de aceleraci\u00f3n\/desaceleraci\u00f3n; el usuario puede configurar por s\u00ed mismo los par\u00e1metros de funcionamiento para lograr la mejor centrifugaci\u00f3n.<br \/>\nFunci\u00f3n de funcionamiento corto, conveniente para la centrifugaci\u00f3n diversificada.<br \/>\n<span style=\"color: #003300;\"><strong>Descargar:<\/strong><\/span><br \/>\n<a href=\"https:\/\/www.ansenta.com\/wp-content\/uploads\/2026\/01\/Bench-top-Low-Speed-Centrifuge.pdf\">Centrifugadora de banco de baja velocidad<\/a><\/p>","protected":false},"featured_media":3515,"template":"","meta":{"_uag_custom_page_level_css":"","site-sidebar-layout":"default","site-content-layout":"","ast-site-content-layout":"default","site-content-style":"default","site-sidebar-style":"default","ast-global-header-display":"","ast-banner-title-visibility":"","ast-main-header-display":"","ast-hfb-above-header-display":"","ast-hfb-below-header-display":"","ast-hfb-mobile-header-display":"","site-post-title":"","ast-breadcrumbs-content":"","ast-featured-img":"","footer-sml-layout":"","ast-disable-related-posts":"","theme-transparent-header-meta":"default","adv-header-id-meta":"","stick-header-meta":"default","header-above-stick-meta":"","header-main-stick-meta":"","header-below-stick-meta":"","astra-migrate-meta-layouts":"set","ast-page-background-enabled":"default","ast-page-background-meta":{"desktop":{"background-color":"var(--ast-global-color-4)","background-image":"","background-repeat":"repeat","background-position":"center center","background-size":"auto","background-attachment":"scroll","background-type":"","background-media":"","overlay-type":"","overlay-color":"","overlay-opacity":"","overlay-gradient":""},"tablet":{"background-color":"","background-image":"","background-repeat":"repeat","background-position":"center center","background-size":"auto","background-attachment":"scroll","background-type":"","background-media":"","overlay-type":"","overlay-color":"","overlay-opacity":"","overlay-gradient":""},"mobile":{"background-color":"","background-image":"","background-repeat":"repeat","background-position":"center center","background-size":"auto","background-attachment":"scroll","background-type":"","background-media":"","overlay-type":"","overlay-color":"","overlay-opacity":"","overlay-gradient":""}},"ast-content-background-meta":{"desktop":{"background-color":"var(--ast-global-color-5)","background-image":"","background-repeat":"repeat","background-position":"center center","background-size":"auto","background-attachment":"scroll","background-type":"","background-media":"","overlay-type":"","overlay-color":"","overlay-opacity":"","overlay-gradient":""},"tablet":{"background-color":"var(--ast-global-color-5)","background-image":"","background-repeat":"repeat","background-position":"center center","background-size":"auto","background-attachment":"scroll","background-type":"","background-media":"","overlay-type":"","overlay-color":"","overlay-opacity":"","overlay-gradient":""},"mobile":{"background-color":"var(--ast-global-color-5)","background-image":"","background-repeat":"repeat","background-position":"center center","background-size":"auto","background-attachment":"scroll","background-type":"","background-media":"","overlay-type":"","overlay-color":"","overlay-opacity":"","overlay-gradient":""}}},"product_brand":[],"product_cat":[147],"product_tag":[],"class_list":{"0":"post-3513","1":"product","2":"type-product","3":"status-publish","4":"has-post-thumbnail","6":"product_cat-other-specific-function-centrifuge","7":"desktop-align-left","8":"tablet-align-left","9":"mobile-align-left","10":"ast-col-sm-12","11":"ast-article-post","12":"ast-width-md-12","13":"ast-archive-post","14":"ast-product-gallery-layout-horizontal-slider","15":"ast-product-tabs-layout-horizontal","17":"first","18":"instock","19":"shipping-taxable","20":"product-type-simple"},"uagb_featured_image_src":{"full":["https:\/\/www.ansenta.com\/wp-content\/uploads\/2026\/01\/202601041001.jpg",1200,1200,false],"thumbnail":["https:\/\/www.ansenta.com\/wp-content\/uploads\/2026\/01\/202601041001-150x150.jpg",150,150,true],"medium":["https:\/\/www.ansenta.com\/wp-content\/uploads\/2026\/01\/202601041001-300x300.jpg",300,300,true],"medium_large":["https:\/\/www.ansenta.com\/wp-content\/uploads\/2026\/01\/202601041001-768x768.jpg",768,768,true],"large":["https:\/\/www.ansenta.com\/wp-content\/uploads\/2026\/01\/202601041001-1024x1024.jpg",1024,1024,true],"1536x1536":["https:\/\/www.ansenta.com\/wp-content\/uploads\/2026\/01\/202601041001.jpg",1200,1200,false],"2048x2048":["https:\/\/www.ansenta.com\/wp-content\/uploads\/2026\/01\/202601041001.jpg",1200,1200,false],"trp-custom-language-flag":["https:\/\/www.ansenta.com\/wp-content\/uploads\/2026\/01\/202601041001-12x12.jpg",12,12,true],"mailpoet_newsletter_max":["https:\/\/www.ansenta.com\/wp-content\/uploads\/2026\/01\/202601041001.jpg",1200,1200,false],"woocommerce_thumbnail":["https:\/\/www.ansenta.com\/wp-content\/uploads\/2026\/01\/202601041001-600x600.jpg",600,600,true],"woocommerce_single":["https:\/\/www.ansenta.com\/wp-content\/uploads\/2026\/01\/202601041001-600x600.jpg",600,600,true],"woocommerce_gallery_thumbnail":["https:\/\/www.ansenta.com\/wp-content\/uploads\/2026\/01\/202601041001-100x100.jpg",100,100,true]},"uagb_author_info":{"display_name":"jinxing6611@gmail.com","author_link":"https:\/\/www.ansenta.com\/es\/author\/"},"uagb_comment_info":0,"uagb_excerpt":"Brand:ANSENTA Product Origin:CHINA Delivery time:Within 7 days Supply capacity:Factory Direct Supply Model:Bench top Low-Speed Centrifuge Introduction: Advanced Control System, Excellent separation 20 rates of Accel\/Decel modes; User can set up the operate parameter by themselves, to achieve the best centrifugation. Short running function, convenient for diversified centrifugation. Download: Bench top Low-Speed Centrifuge","jetpack_sharing_enabled":true,"_links":{"self":[{"href":"https:\/\/www.ansenta.com\/es\/wp-json\/wp\/v2\/product\/3513","targetHints":{"allow":["GET"]}}],"collection":[{"href":"https:\/\/www.ansenta.com\/es\/wp-json\/wp\/v2\/product"}],"about":[{"href":"https:\/\/www.ansenta.com\/es\/wp-json\/wp\/v2\/types\/product"}],"wp:featuredmedia":[{"embeddable":true,"href":"https:\/\/www.ansenta.com\/es\/wp-json\/wp\/v2\/media\/3515"}],"wp:attachment":[{"href":"https:\/\/www.ansenta.com\/es\/wp-json\/wp\/v2\/media?parent=3513"}],"wp:term":[{"taxonomy":"product_brand","embeddable":true,"href":"https:\/\/www.ansenta.com\/es\/wp-json\/wp\/v2\/product_brand?post=3513"},{"taxonomy":"product_cat","embeddable":true,"href":"https:\/\/www.ansenta.com\/es\/wp-json\/wp\/v2\/product_cat?post=3513"},{"taxonomy":"product_tag","embeddable":true,"href":"https:\/\/www.ansenta.com\/es\/wp-json\/wp\/v2\/product_tag?post=3513"}],"curies":[{"name":"wp","href":"https:\/\/api.w.org\/{rel}","templated":true}]}}