{"id":3490,"date":"2025-12-30T20:56:51","date_gmt":"2025-12-30T20:56:51","guid":{"rendered":"https:\/\/www.ansenta.com\/?post_type=product&#038;p=3490"},"modified":"2025-12-30T20:56:51","modified_gmt":"2025-12-30T20:56:51","slug":"ast30r-benchtop-universal-high-speed-freezing-centrifuge","status":"publish","type":"product","link":"https:\/\/www.ansenta.com\/es\/producto\/ast30r-benchtop-universal-high-speed-freezing-centrifuge\/","title":{"rendered":"AST30R Centr\u00edfuga universal de sobremesa de congelaci\u00f3n a alta velocidad"},"content":{"rendered":"<p><strong><b>Sistema de control avanzado, separaci\u00f3n excelente<\/b><\/strong><br \/>\n20 modos de aceleraci\u00f3n\/desaceleraci\u00f3n; el usuario puede configurar por s\u00ed mismo los par\u00e1metros de funcionamiento para lograr la mejor centrifugaci\u00f3n.<br \/>\nShort running function, convenient for diversified centrifugation. Proprietary SCT speed control technology, to achieve precise centrifugation.<br \/>\nTecnolog\u00eda patentada SBT de control de frenado suave, para reducir la resuspensi\u00f3n y facilitar el muestreo, a fin de garantizar el m\u00e1ximo rendimiento de la muestra.<br \/>\nEuropean compressor, heating and cooling dual-circuit temperature control technology, high temperature control accuracy, to ensure sample activity.<br \/>\nTemporizaci\u00f3n de velocidad fija o temporizaci\u00f3n de inicio opcional, el tiempo de centrifugaci\u00f3n se puede seleccionar libremente en horas, minutos o segundos, para lograr una centrifugaci\u00f3n fina<br \/>\n<strong><b>High Safety, Ease of use<\/b><\/strong><br \/>\nAutomatical Rotor identification, no need to select rotor number, avoid to over-speed running, ensure safety.<br \/>\nSobretemperatura, sobrevelocidad, tapa de la puerta y desconexi\u00f3n por desequilibrio y otras funciones de protecci\u00f3n, con alarma sonora y luminosa, para garantizar la seguridad humana y de los instrumentos.<br \/>\nCuerpo de acero, c\u00e1mara de acero inoxidable, manguito protector de acero, estructura de tres amortiguadores, para evitar accidentes.<br \/>\nIt has password setting and locking functions, can lock the parameters with passwords to prevent misoperation<br \/>\nRotor opcional con tapa herm\u00e9tica a los aerosoles, el rotor puede ser esterilizado a alta temperatura y alta presi\u00f3n, para evitar la contaminaci\u00f3n biol\u00f3gica.<br \/>\n<strong><b>Friendly Display, Humanity Operate<\/b><\/strong><br \/>\nLCD touch screen display, program group, Accel\/Decel, speed, RCF, time and temperature and other parameters are displayed independently, the touch screen can be operated with gloves, easy to use.<br \/>\nControl por microprocesador, los datos operados se pueden guardar autom\u00e1ticamente, puede arrancar el instrumento con RCF directamente<br \/>\nMax 200 programs can be stored and recalled, of which 10 working modes can freely edit the five-level gradient centrifugation program to achieve the optimal centrifugation.<br \/>\nCan automatically saving 1,000 operation records to achieve traceability of original data such as operation status and fault records.<br \/>\nThree-stage damping, low vibration and low noise.<br \/>\n<strong><b>Good parts, Reliable and long-lasting<\/b><\/strong><br \/>\nBrushless frequency converter motor, super speed bearing and Freon-free compressor imported from Europe, high quality.<br \/>\nAerospace rubber for damping, super duralumin alloy from Aluminum Corporation of China Limited (CHALCO), extend the service life of the machine.<br \/>\nA special drainage system is installed at the bottom of the centrifugal chamber to prevent condensed water accumulation.<br \/>\n<strong><b>Universal, multifunctional<\/b><\/strong><br \/>\nNot only support angle rotor at high speed, but also support swing rotor for big capacity &amp; low speed, suitable for multi-field research, production.<\/p>\n<p><strong><b>Technical Parameter<\/b><\/strong><\/p>\n<p><img fetchpriority=\"high\" decoding=\"async\" class=\"alignnone size-full wp-image-3493\" src=\"https:\/\/www.ansenta.com\/wp-content\/uploads\/2025\/12\/AST30R-Benchtop-Universal-High-Speed-Freezing-Centrifuge1.jpg\" alt=\"\" width=\"1200\" height=\"889\" srcset=\"https:\/\/www.ansenta.com\/wp-content\/uploads\/2025\/12\/AST30R-Benchtop-Universal-High-Speed-Freezing-Centrifuge1.jpg 1200w, https:\/\/www.ansenta.com\/wp-content\/uploads\/2025\/12\/AST30R-Benchtop-Universal-High-Speed-Freezing-Centrifuge1-300x222.jpg 300w, https:\/\/www.ansenta.com\/wp-content\/uploads\/2025\/12\/AST30R-Benchtop-Universal-High-Speed-Freezing-Centrifuge1-1024x759.jpg 1024w, https:\/\/www.ansenta.com\/wp-content\/uploads\/2025\/12\/AST30R-Benchtop-Universal-High-Speed-Freezing-Centrifuge1-768x569.jpg 768w, https:\/\/www.ansenta.com\/wp-content\/uploads\/2025\/12\/AST30R-Benchtop-Universal-High-Speed-Freezing-Centrifuge1-16x12.jpg 16w, https:\/\/www.ansenta.com\/wp-content\/uploads\/2025\/12\/AST30R-Benchtop-Universal-High-Speed-Freezing-Centrifuge1-600x445.jpg 600w\" sizes=\"(max-width: 1200px) 100vw, 1200px\" \/><\/p>\n<p><strong><b>Rotor<\/b><\/strong><\/p>\n<p><img decoding=\"async\" class=\"alignnone size-full wp-image-3494\" src=\"https:\/\/www.ansenta.com\/wp-content\/uploads\/2025\/12\/AST30R-Benchtop-Universal-High-Speed-Freezing-Centrifuge2-scaled.jpg\" alt=\"\" width=\"1123\" height=\"2560\" srcset=\"https:\/\/www.ansenta.com\/wp-content\/uploads\/2025\/12\/AST30R-Benchtop-Universal-High-Speed-Freezing-Centrifuge2-scaled.jpg 1123w, https:\/\/www.ansenta.com\/wp-content\/uploads\/2025\/12\/AST30R-Benchtop-Universal-High-Speed-Freezing-Centrifuge2-132x300.jpg 132w, https:\/\/www.ansenta.com\/wp-content\/uploads\/2025\/12\/AST30R-Benchtop-Universal-High-Speed-Freezing-Centrifuge2-449x1024.jpg 449w, https:\/\/www.ansenta.com\/wp-content\/uploads\/2025\/12\/AST30R-Benchtop-Universal-High-Speed-Freezing-Centrifuge2-768x1751.jpg 768w, https:\/\/www.ansenta.com\/wp-content\/uploads\/2025\/12\/AST30R-Benchtop-Universal-High-Speed-Freezing-Centrifuge2-674x1536.jpg 674w, https:\/\/www.ansenta.com\/wp-content\/uploads\/2025\/12\/AST30R-Benchtop-Universal-High-Speed-Freezing-Centrifuge2-898x2048.jpg 898w, https:\/\/www.ansenta.com\/wp-content\/uploads\/2025\/12\/AST30R-Benchtop-Universal-High-Speed-Freezing-Centrifuge2-5x12.jpg 5w, https:\/\/www.ansenta.com\/wp-content\/uploads\/2025\/12\/AST30R-Benchtop-Universal-High-Speed-Freezing-Centrifuge2-600x1368.jpg 600w\" sizes=\"(max-width: 1123px) 100vw, 1123px\" \/><br \/>\n<span style=\"color: #003300;\"><strong>Descargar:<\/strong><\/span><br \/>\n<a href=\"https:\/\/www.ansenta.com\/wp-content\/uploads\/2025\/12\/AST30R-Benchtop-Universal-High-Speed-Freezing-Centrifuge.pdf\">AST30R Centr\u00edfuga universal de sobremesa de congelaci\u00f3n a alta velocidad<\/a><\/p>","protected":false},"excerpt":{"rendered":"<p><span style=\"color: #003300;\"><strong>Marca:<\/strong><\/span>ANSENTA<br \/>\n<span style=\"color: #003300;\"><strong>Origen del producto:<\/strong><\/span>CHINA<br \/>\n<span style=\"color: #003300;\"><strong>Plazo de entrega:<\/strong><\/span>En 7 d\u00edas<br \/>\n<span style=\"color: #003300;\"><strong>Capacidad de suministro:<\/strong><\/span>Suministro directo de f\u00e1brica<br \/>\n<span style=\"color: #003300;\"><strong>Modelo:<\/strong><\/span>AST30R Centr\u00edfuga universal de sobremesa de congelaci\u00f3n a alta velocidad<br \/>\n<span style=\"color: #003300;\"><strong>Introducci\u00f3n:<\/strong><\/span><br \/>\nSistema de Control Avanzado, Excelente separaci\u00f3n 20 tasas de modos Accel\/Decel; El usuario puede configurar el par\u00e1metro de funcionamiento por s\u00ed mismo, para lograr la mejor centrifugaci\u00f3n.<br \/>\nFunci\u00f3n de funcionamiento corto, conveniente para la centrifugaci\u00f3n diversificada.<br \/>\nTecnolog\u00eda patentada de control de velocidad SCT, para lograr un centrifugado preciso.<br \/>\nTecnolog\u00eda patentada SBT de control de frenado suave, para reducir la resuspensi\u00f3n y facilitar el muestreo, a fin de garantizar el m\u00e1ximo rendimiento de la muestra.<br \/>\nCompresor europeo, tecnolog\u00eda de control de temperatura de doble circuito de calefacci\u00f3n y refrigeraci\u00f3n, alta precisi\u00f3n de control de temperatura, para garantizar la actividad de la muestra.<br \/>\nTemporizaci\u00f3n de velocidad fija o temporizaci\u00f3n de inicio opcional, el tiempo de centrifugaci\u00f3n se puede seleccionar libremente en horas, minutos o segundos, para lograr una centrifugaci\u00f3n fina<br \/>\nAlta seguridad, facilidad de uso Identificaci\u00f3n autom\u00e1tica del rotor, no es necesario seleccionar el n\u00famero de rotor, evita el exceso de velocidad, garantiza la seguridad.<br \/>\nSobretemperatura, sobrevelocidad, tapa de la puerta y desconexi\u00f3n por desequilibrio y otras funciones de protecci\u00f3n, con alarma sonora y luminosa, para garantizar la seguridad humana y de los instrumentos.<br \/>\nCuerpo de acero, c\u00e1mara de acero inoxidable, manguito protector de acero, estructura de tres amortiguadores, para evitar accidentes.<br \/>\nDispone de funciones de configuraci\u00f3n de contrase\u00f1a y bloqueo, puede bloquear los par\u00e1metros con contrase\u00f1as para evitar el funcionamiento incorrecto.<br \/>\nRotor opcional con tapa herm\u00e9tica a los aerosoles, el rotor puede ser esterilizado a alta temperatura y alta presi\u00f3n, para evitar la contaminaci\u00f3n biol\u00f3gica.<br \/>\nPantalla t\u00e1ctil LCD, grupo de programas, Aceleraci\u00f3n\/Deceleraci\u00f3n, velocidad, RCF, tiempo y temperatura y otros par\u00e1metros son mostrados independientemente, la pantalla t\u00e1ctil puede ser operada con guantes, f\u00e1cil de usar.<br \/>\nControl por microprocesador, los datos operados se pueden guardar autom\u00e1ticamente, puede arrancar el instrumento con RCF directamente<br \/>\n<span style=\"color: #003300;\"><strong>Descargar:<\/strong><\/span><br \/>\n<a href=\"https:\/\/www.ansenta.com\/wp-content\/uploads\/2025\/12\/AST30R-Benchtop-Universal-High-Speed-Freezing-Centrifuge.pdf\">AST30R Centr\u00edfuga universal de sobremesa de congelaci\u00f3n a alta velocidad<\/a><\/p>","protected":false},"featured_media":3491,"template":"","meta":{"_uag_custom_page_level_css":"","site-sidebar-layout":"default","site-content-layout":"","ast-site-content-layout":"default","site-content-style":"default","site-sidebar-style":"default","ast-global-header-display":"","ast-banner-title-visibility":"","ast-main-header-display":"","ast-hfb-above-header-display":"","ast-hfb-below-header-display":"","ast-hfb-mobile-header-display":"","site-post-title":"","ast-breadcrumbs-content":"","ast-featured-img":"","footer-sml-layout":"","ast-disable-related-posts":"","theme-transparent-header-meta":"default","adv-header-id-meta":"","stick-header-meta":"default","header-above-stick-meta":"","header-main-stick-meta":"","header-below-stick-meta":"","astra-migrate-meta-layouts":"set","ast-page-background-enabled":"default","ast-page-background-meta":{"desktop":{"background-color":"var(--ast-global-color-4)","background-image":"","background-repeat":"repeat","background-position":"center center","background-size":"auto","background-attachment":"scroll","background-type":"","background-media":"","overlay-type":"","overlay-color":"","overlay-opacity":"","overlay-gradient":""},"tablet":{"background-color":"","background-image":"","background-repeat":"repeat","background-position":"center center","background-size":"auto","background-attachment":"scroll","background-type":"","background-media":"","overlay-type":"","overlay-color":"","overlay-opacity":"","overlay-gradient":""},"mobile":{"background-color":"","background-image":"","background-repeat":"repeat","background-position":"center center","background-size":"auto","background-attachment":"scroll","background-type":"","background-media":"","overlay-type":"","overlay-color":"","overlay-opacity":"","overlay-gradient":""}},"ast-content-background-meta":{"desktop":{"background-color":"var(--ast-global-color-5)","background-image":"","background-repeat":"repeat","background-position":"center center","background-size":"auto","background-attachment":"scroll","background-type":"","background-media":"","overlay-type":"","overlay-color":"","overlay-opacity":"","overlay-gradient":""},"tablet":{"background-color":"var(--ast-global-color-5)","background-image":"","background-repeat":"repeat","background-position":"center center","background-size":"auto","background-attachment":"scroll","background-type":"","background-media":"","overlay-type":"","overlay-color":"","overlay-opacity":"","overlay-gradient":""},"mobile":{"background-color":"var(--ast-global-color-5)","background-image":"","background-repeat":"repeat","background-position":"center center","background-size":"auto","background-attachment":"scroll","background-type":"","background-media":"","overlay-type":"","overlay-color":"","overlay-opacity":"","overlay-gradient":""}}},"product_brand":[],"product_cat":[146],"product_tag":[],"class_list":{"0":"post-3490","1":"product","2":"type-product","3":"status-publish","4":"has-post-thumbnail","6":"product_cat-high-speed-centrifuge","7":"desktop-align-left","8":"tablet-align-left","9":"mobile-align-left","10":"ast-col-sm-12","11":"ast-article-post","12":"ast-width-md-12","13":"ast-archive-post","14":"ast-product-gallery-layout-horizontal-slider","15":"ast-product-gallery-with-no-image","16":"ast-product-tabs-layout-horizontal","18":"first","19":"instock","20":"shipping-taxable","21":"product-type-simple"},"uagb_featured_image_src":{"full":["https:\/\/www.ansenta.com\/wp-content\/uploads\/2025\/12\/AST30R-Benchtop-Universal-High-Speed-Freezing-Centrifuge.jpg",600,600,false],"thumbnail":["https:\/\/www.ansenta.com\/wp-content\/uploads\/2025\/12\/AST30R-Benchtop-Universal-High-Speed-Freezing-Centrifuge-150x150.jpg",150,150,true],"medium":["https:\/\/www.ansenta.com\/wp-content\/uploads\/2025\/12\/AST30R-Benchtop-Universal-High-Speed-Freezing-Centrifuge-300x300.jpg",300,300,true],"medium_large":["https:\/\/www.ansenta.com\/wp-content\/uploads\/2025\/12\/AST30R-Benchtop-Universal-High-Speed-Freezing-Centrifuge.jpg",600,600,false],"large":["https:\/\/www.ansenta.com\/wp-content\/uploads\/2025\/12\/AST30R-Benchtop-Universal-High-Speed-Freezing-Centrifuge.jpg",600,600,false],"1536x1536":["https:\/\/www.ansenta.com\/wp-content\/uploads\/2025\/12\/AST30R-Benchtop-Universal-High-Speed-Freezing-Centrifuge.jpg",600,600,false],"2048x2048":["https:\/\/www.ansenta.com\/wp-content\/uploads\/2025\/12\/AST30R-Benchtop-Universal-High-Speed-Freezing-Centrifuge.jpg",600,600,false],"trp-custom-language-flag":["https:\/\/www.ansenta.com\/wp-content\/uploads\/2025\/12\/AST30R-Benchtop-Universal-High-Speed-Freezing-Centrifuge-12x12.jpg",12,12,true],"mailpoet_newsletter_max":["https:\/\/www.ansenta.com\/wp-content\/uploads\/2025\/12\/AST30R-Benchtop-Universal-High-Speed-Freezing-Centrifuge.jpg",600,600,false],"woocommerce_thumbnail":["https:\/\/www.ansenta.com\/wp-content\/uploads\/2025\/12\/AST30R-Benchtop-Universal-High-Speed-Freezing-Centrifuge.jpg",600,600,false],"woocommerce_single":["https:\/\/www.ansenta.com\/wp-content\/uploads\/2025\/12\/AST30R-Benchtop-Universal-High-Speed-Freezing-Centrifuge.jpg",600,600,false],"woocommerce_gallery_thumbnail":["https:\/\/www.ansenta.com\/wp-content\/uploads\/2025\/12\/AST30R-Benchtop-Universal-High-Speed-Freezing-Centrifuge-100x100.jpg",100,100,true]},"uagb_author_info":{"display_name":"jinxing6611@gmail.com","author_link":"https:\/\/www.ansenta.com\/es\/author\/"},"uagb_comment_info":0,"uagb_excerpt":"Brand:ANSENTA Product Origin:CHINA Delivery time:Within 7 days Supply capacity:Factory Direct Supply Model:AST30R Benchtop Universal High-Speed Freezing Centrifuge Introduction: Advanced Control System, Excellent separation 20 rates of Accel\/Decel modes; User can set up the operate parameter by themselves, to achieve the best centrifugation. Short running function, convenient for diversified centrifugation. Proprietary SCT speed control technology, to&hellip;","jetpack_sharing_enabled":true,"_links":{"self":[{"href":"https:\/\/www.ansenta.com\/es\/wp-json\/wp\/v2\/product\/3490","targetHints":{"allow":["GET"]}}],"collection":[{"href":"https:\/\/www.ansenta.com\/es\/wp-json\/wp\/v2\/product"}],"about":[{"href":"https:\/\/www.ansenta.com\/es\/wp-json\/wp\/v2\/types\/product"}],"wp:featuredmedia":[{"embeddable":true,"href":"https:\/\/www.ansenta.com\/es\/wp-json\/wp\/v2\/media\/3491"}],"wp:attachment":[{"href":"https:\/\/www.ansenta.com\/es\/wp-json\/wp\/v2\/media?parent=3490"}],"wp:term":[{"taxonomy":"product_brand","embeddable":true,"href":"https:\/\/www.ansenta.com\/es\/wp-json\/wp\/v2\/product_brand?post=3490"},{"taxonomy":"product_cat","embeddable":true,"href":"https:\/\/www.ansenta.com\/es\/wp-json\/wp\/v2\/product_cat?post=3490"},{"taxonomy":"product_tag","embeddable":true,"href":"https:\/\/www.ansenta.com\/es\/wp-json\/wp\/v2\/product_tag?post=3490"}],"curies":[{"name":"wp","href":"https:\/\/api.w.org\/{rel}","templated":true}]}}