{"id":3484,"date":"2025-12-30T20:34:44","date_gmt":"2025-12-30T20:34:44","guid":{"rendered":"https:\/\/www.ansenta.com\/?post_type=product&#038;p=3484"},"modified":"2026-03-07T00:46:31","modified_gmt":"2026-03-07T00:46:31","slug":"co2-incubator-model","status":"publish","type":"product","link":"https:\/\/www.ansenta.com\/es\/producto\/co2-incubator-model\/","title":{"rendered":"Modelo de incubadora de CO2"},"content":{"rendered":"<p><strong>Ventaja<\/strong><\/p>\n<p><img fetchpriority=\"high\" decoding=\"async\" class=\"alignnone size-full wp-image-3487\" src=\"https:\/\/www.ansenta.com\/wp-content\/uploads\/2025\/12\/CO2-incubator-model1.jpg\" alt=\"\" width=\"1200\" height=\"750\" srcset=\"https:\/\/www.ansenta.com\/wp-content\/uploads\/2025\/12\/CO2-incubator-model1.jpg 1200w, https:\/\/www.ansenta.com\/wp-content\/uploads\/2025\/12\/CO2-incubator-model1-300x188.jpg 300w, https:\/\/www.ansenta.com\/wp-content\/uploads\/2025\/12\/CO2-incubator-model1-1024x640.jpg 1024w, https:\/\/www.ansenta.com\/wp-content\/uploads\/2025\/12\/CO2-incubator-model1-768x480.jpg 768w, https:\/\/www.ansenta.com\/wp-content\/uploads\/2025\/12\/CO2-incubator-model1-18x12.jpg 18w, https:\/\/www.ansenta.com\/wp-content\/uploads\/2025\/12\/CO2-incubator-model1-600x375.jpg 600w\" sizes=\"(max-width: 1200px) 100vw, 1200px\" \/><\/p>\n<p><strong>Especificaci\u00f3n<\/strong><\/p>\n<p><img decoding=\"async\" class=\"alignnone size-full wp-image-3488\" src=\"https:\/\/www.ansenta.com\/wp-content\/uploads\/2025\/12\/CO2-incubator-model2.jpg\" alt=\"\" width=\"1594\" height=\"832\" srcset=\"https:\/\/www.ansenta.com\/wp-content\/uploads\/2025\/12\/CO2-incubator-model2.jpg 1594w, https:\/\/www.ansenta.com\/wp-content\/uploads\/2025\/12\/CO2-incubator-model2-300x157.jpg 300w, https:\/\/www.ansenta.com\/wp-content\/uploads\/2025\/12\/CO2-incubator-model2-1024x534.jpg 1024w, https:\/\/www.ansenta.com\/wp-content\/uploads\/2025\/12\/CO2-incubator-model2-768x401.jpg 768w, https:\/\/www.ansenta.com\/wp-content\/uploads\/2025\/12\/CO2-incubator-model2-1536x802.jpg 1536w, https:\/\/www.ansenta.com\/wp-content\/uploads\/2025\/12\/CO2-incubator-model2-18x9.jpg 18w, https:\/\/www.ansenta.com\/wp-content\/uploads\/2025\/12\/CO2-incubator-model2-1320x689.jpg 1320w, https:\/\/www.ansenta.com\/wp-content\/uploads\/2025\/12\/CO2-incubator-model2-600x313.jpg 600w\" sizes=\"(max-width: 1594px) 100vw, 1594px\" \/> <img decoding=\"async\" class=\"alignnone size-full wp-image-3489\" src=\"https:\/\/www.ansenta.com\/wp-content\/uploads\/2025\/12\/CO2-incubator-model3.jpg\" alt=\"\" width=\"1200\" height=\"624\" srcset=\"https:\/\/www.ansenta.com\/wp-content\/uploads\/2025\/12\/CO2-incubator-model3.jpg 1200w, https:\/\/www.ansenta.com\/wp-content\/uploads\/2025\/12\/CO2-incubator-model3-300x156.jpg 300w, https:\/\/www.ansenta.com\/wp-content\/uploads\/2025\/12\/CO2-incubator-model3-1024x532.jpg 1024w, https:\/\/www.ansenta.com\/wp-content\/uploads\/2025\/12\/CO2-incubator-model3-768x399.jpg 768w, https:\/\/www.ansenta.com\/wp-content\/uploads\/2025\/12\/CO2-incubator-model3-18x9.jpg 18w, https:\/\/www.ansenta.com\/wp-content\/uploads\/2025\/12\/CO2-incubator-model3-600x312.jpg 600w\" sizes=\"(max-width: 1200px) 100vw, 1200px\" \/><br \/>\n<span style=\"color: #003300;\"><strong>Descargar:<\/strong><\/span><br \/>\n<a href=\"https:\/\/www.ansenta.com\/wp-content\/uploads\/2025\/12\/\u4e8c\u6c27\u5316\u78b3\u57f9\u517b\u7bb1.pdf\">Modelo de incubadora de CO2<\/a><\/p>","protected":false},"excerpt":{"rendered":"<p><span style=\"color: #003300;\"><strong>Marca:<\/strong><\/span>ANSENTA<br \/>\n<span style=\"color: #003300;\"><strong>Origen del producto:<\/strong><\/span>CHINA<br \/>\n<span style=\"color: #003300;\"><strong>Plazo de entrega:<\/strong><\/span>En 7 d\u00edas<br \/>\n<span style=\"color: #003300;\"><strong>Capacidad de suministro:<\/strong><\/span>Suministro directo de f\u00e1brica<br \/>\n<span style=\"color: #003300;\"><strong>Modelo:<\/strong><\/span>Modelo de incubadora de CO2<br \/>\n<span style=\"color: #003300;\"><strong>Introducci\u00f3n:<\/strong><\/span><br \/>\n1. Presenta un dise\u00f1o de arco aerodin\u00e1mico pionero en el pa\u00eds; la carcasa est\u00e1 fabricada con chapa de acero laminada en fr\u00edo mediante una l\u00ednea de producci\u00f3n CNC, con una superficie de recubrimiento electrost\u00e1tico en polvo, que cumple los requisitos de protecci\u00f3n medioambiental.<br \/>\n2. El sistema de control de temperatura utiliza tecnolog\u00eda de microordenador de un solo chip, que proporciona funciones de control de temperatura, temporizaci\u00f3n y alarma de sobretemperatura.<br \/>\n3. La concentraci\u00f3n de di\u00f3xido de carbono se controla mediante un m\u00e9todo de conducci\u00f3n digital inteligente por microordenador.<br \/>\n4. 4. M\u00e9todo de detecci\u00f3n de la concentraci\u00f3n de di\u00f3xido de carbono: Funci\u00f3n original sueca de sensor de infrarrojos o funci\u00f3n de dosificaci\u00f3n manual.<br \/>\n5. Utiliza un sensor de di\u00f3xido de carbono por infrarrojos importado; el control de la concentraci\u00f3n emplea un control de carga r\u00e1pida y lenta para minimizar el ruido causado por la conmutaci\u00f3n de las electrov\u00e1lvulas, lo que se traduce en una gran precisi\u00f3n del control. 6. Incorpora una pantalla de interfaz LCD y utiliza un regulador de presi\u00f3n de gas importado dise\u00f1ado espec\u00edficamente para cromat\u00f3grafos con el fin de minimizar la p\u00e9rdida de gas CO2; (el sensor de infrarrojos es opcional).<br \/>\n6. Utiliza un ventilador centr\u00edfugo importado, que ofrece bajo nivel de ruido y mayor vida \u00fatil. Combinado con una estructura de conductos de aire razonable, garantiza un calentamiento r\u00e1pido y uniforme de la incubadora.<br \/>\n7. Dispone de una pantalla LCD doble de alto brillo para lecturas precisas e intuitivas y un rendimiento superior, con botones t\u00e1ctiles para configurar y ajustar los par\u00e1metros.<br \/>\n8. El control de temperatura incluye una funci\u00f3n de alarma ac\u00fastica y visual de sobretemperatura y dos sistemas de control; cuando falla el sistema de control principal, el sistema de control secundario act\u00faa como sistema de supervisi\u00f3n.<br \/>\n9. Utiliza un sistema de control autom\u00e1tico de supresi\u00f3n por microordenador para evitar eficazmente las grandes fluctuaciones de temperatura en el interior de la c\u00e1mara causadas por la apertura de la puerta durante la incubaci\u00f3n.<br \/>\n10. Emplea un sistema de control de la calefacci\u00f3n de la puerta para evitar eficazmente la condensaci\u00f3n en la puerta de cristal interior.<br \/>\n<span style=\"color: #003300;\"><strong>Descargar:<\/strong><\/span><br \/>\n<a href=\"https:\/\/www.ansenta.com\/wp-content\/uploads\/2025\/12\/\u4e8c\u6c27\u5316\u78b3\u57f9\u517b\u7bb1.pdf\">Modelo de incubadora de CO2<\/a><\/p>","protected":false},"featured_media":3971,"template":"","meta":{"_uag_custom_page_level_css":"","site-sidebar-layout":"default","site-content-layout":"","ast-site-content-layout":"default","site-content-style":"default","site-sidebar-style":"default","ast-global-header-display":"","ast-banner-title-visibility":"","ast-main-header-display":"","ast-hfb-above-header-display":"","ast-hfb-below-header-display":"","ast-hfb-mobile-header-display":"","site-post-title":"","ast-breadcrumbs-content":"","ast-featured-img":"","footer-sml-layout":"","ast-disable-related-posts":"","theme-transparent-header-meta":"default","adv-header-id-meta":"","stick-header-meta":"default","header-above-stick-meta":"","header-main-stick-meta":"","header-below-stick-meta":"","astra-migrate-meta-layouts":"set","ast-page-background-enabled":"default","ast-page-background-meta":{"desktop":{"background-color":"var(--ast-global-color-4)","background-image":"","background-repeat":"repeat","background-position":"center center","background-size":"auto","background-attachment":"scroll","background-type":"","background-media":"","overlay-type":"","overlay-color":"","overlay-opacity":"","overlay-gradient":""},"tablet":{"background-color":"","background-image":"","background-repeat":"repeat","background-position":"center center","background-size":"auto","background-attachment":"scroll","background-type":"","background-media":"","overlay-type":"","overlay-color":"","overlay-opacity":"","overlay-gradient":""},"mobile":{"background-color":"","background-image":"","background-repeat":"repeat","background-position":"center center","background-size":"auto","background-attachment":"scroll","background-type":"","background-media":"","overlay-type":"","overlay-color":"","overlay-opacity":"","overlay-gradient":""}},"ast-content-background-meta":{"desktop":{"background-color":"var(--ast-global-color-5)","background-image":"","background-repeat":"repeat","background-position":"center center","background-size":"auto","background-attachment":"scroll","background-type":"","background-media":"","overlay-type":"","overlay-color":"","overlay-opacity":"","overlay-gradient":""},"tablet":{"background-color":"var(--ast-global-color-5)","background-image":"","background-repeat":"repeat","background-position":"center center","background-size":"auto","background-attachment":"scroll","background-type":"","background-media":"","overlay-type":"","overlay-color":"","overlay-opacity":"","overlay-gradient":""},"mobile":{"background-color":"var(--ast-global-color-5)","background-image":"","background-repeat":"repeat","background-position":"center center","background-size":"auto","background-attachment":"scroll","background-type":"","background-media":"","overlay-type":"","overlay-color":"","overlay-opacity":"","overlay-gradient":""}}},"product_brand":[],"product_cat":[128],"product_tag":[],"class_list":{"0":"post-3484","1":"product","2":"type-product","3":"status-publish","4":"has-post-thumbnail","6":"product_cat-co-incubator","7":"desktop-align-left","8":"tablet-align-left","9":"mobile-align-left","10":"ast-col-sm-12","11":"ast-article-post","12":"ast-width-md-12","13":"ast-archive-post","14":"ast-product-gallery-layout-horizontal-slider","15":"ast-product-gallery-with-no-image","16":"ast-product-tabs-layout-horizontal","18":"first","19":"instock","20":"shipping-taxable","21":"product-type-simple"},"uagb_featured_image_src":{"full":["https:\/\/www.ansenta.com\/wp-content\/uploads\/2025\/12\/CO2-incubator-model11.png",500,586,false],"thumbnail":["https:\/\/www.ansenta.com\/wp-content\/uploads\/2025\/12\/CO2-incubator-model11-150x150.png",150,150,true],"medium":["https:\/\/www.ansenta.com\/wp-content\/uploads\/2025\/12\/CO2-incubator-model11-256x300.png",256,300,true],"medium_large":["https:\/\/www.ansenta.com\/wp-content\/uploads\/2025\/12\/CO2-incubator-model11.png",500,586,false],"large":["https:\/\/www.ansenta.com\/wp-content\/uploads\/2025\/12\/CO2-incubator-model11.png",500,586,false],"1536x1536":["https:\/\/www.ansenta.com\/wp-content\/uploads\/2025\/12\/CO2-incubator-model11.png",500,586,false],"2048x2048":["https:\/\/www.ansenta.com\/wp-content\/uploads\/2025\/12\/CO2-incubator-model11.png",500,586,false],"trp-custom-language-flag":["https:\/\/www.ansenta.com\/wp-content\/uploads\/2025\/12\/CO2-incubator-model11-10x12.png",10,12,true],"mailpoet_newsletter_max":["https:\/\/www.ansenta.com\/wp-content\/uploads\/2025\/12\/CO2-incubator-model11.png",500,586,false],"woocommerce_thumbnail":["https:\/\/www.ansenta.com\/wp-content\/uploads\/2025\/12\/CO2-incubator-model11.png",500,586,false],"woocommerce_single":["https:\/\/www.ansenta.com\/wp-content\/uploads\/2025\/12\/CO2-incubator-model11.png",500,586,false],"woocommerce_gallery_thumbnail":["https:\/\/www.ansenta.com\/wp-content\/uploads\/2025\/12\/CO2-incubator-model11-100x100.png",100,100,true]},"uagb_author_info":{"display_name":"jinxing6611@gmail.com","author_link":"https:\/\/www.ansenta.com\/es\/author\/"},"uagb_comment_info":0,"uagb_excerpt":"Brand:ANSENTA Product Origin:CHINA Delivery time:Within 7 days Supply capacity:Factory Direct Supply Model:CO2 incubator model Introduction: 1. Features a domestically pioneering streamlined arc design; the casing is manufactured from cold-rolled steel plate using a CNC production line, with an electrostatic powder coating surface, meeting environmental protection requirements. 2. The temperature control system uses microcomputer single-chip technology,&hellip;","jetpack_sharing_enabled":true,"_links":{"self":[{"href":"https:\/\/www.ansenta.com\/es\/wp-json\/wp\/v2\/product\/3484","targetHints":{"allow":["GET"]}}],"collection":[{"href":"https:\/\/www.ansenta.com\/es\/wp-json\/wp\/v2\/product"}],"about":[{"href":"https:\/\/www.ansenta.com\/es\/wp-json\/wp\/v2\/types\/product"}],"wp:featuredmedia":[{"embeddable":true,"href":"https:\/\/www.ansenta.com\/es\/wp-json\/wp\/v2\/media\/3971"}],"wp:attachment":[{"href":"https:\/\/www.ansenta.com\/es\/wp-json\/wp\/v2\/media?parent=3484"}],"wp:term":[{"taxonomy":"product_brand","embeddable":true,"href":"https:\/\/www.ansenta.com\/es\/wp-json\/wp\/v2\/product_brand?post=3484"},{"taxonomy":"product_cat","embeddable":true,"href":"https:\/\/www.ansenta.com\/es\/wp-json\/wp\/v2\/product_cat?post=3484"},{"taxonomy":"product_tag","embeddable":true,"href":"https:\/\/www.ansenta.com\/es\/wp-json\/wp\/v2\/product_tag?post=3484"}],"curies":[{"name":"wp","href":"https:\/\/api.w.org\/{rel}","templated":true}]}}