{"id":3442,"date":"2025-12-26T02:31:53","date_gmt":"2025-12-26T02:31:53","guid":{"rendered":"https:\/\/www.ansenta.com\/?post_type=product&#038;p=3442"},"modified":"2026-03-07T00:49:07","modified_gmt":"2026-03-07T00:49:07","slug":"gene-electroporator-gp-3000","status":"publish","type":"product","link":"https:\/\/www.ansenta.com\/es\/producto\/gene-electroporator-gp-3000\/","title":{"rendered":"Electroporador de genes GP-3000"},"content":{"rendered":"<p><strong><b>Descripci\u00f3n del producto<\/b><\/strong><br \/>\nEl electroporador de genes GP-3000 consta de una unidad principal, un vaso de electroporaci\u00f3n de genes y cables de conexi\u00f3n espec\u00edficos. Utiliza principalmente la electroporaci\u00f3n para introducir ADN en c\u00e9lulas competentes, c\u00e9lulas vegetales y animales, y c\u00e9lulas de levadura. Comparado con otros m\u00e9todos, el electroporador de genes ofrece una alta repetibilidad, alta eficiencia, facilidad de operaci\u00f3n y control preciso. Adem\u00e1s, la electroporaci\u00f3n no tiene genotoxicidad, lo que la convierte en una t\u00e9cnica esencial en biolog\u00eda molecular.<br \/>\n<strong><b>Principio de funcionamiento<\/b><\/strong><br \/>\nLa electroporaci\u00f3n celular (tambi\u00e9n llamada electroporaci\u00f3n celular) es un m\u00e9todo importante para introducir macromol\u00e9culas ex\u00f3genas como ADN, ARN, ARNsi, prote\u00ednas y peque\u00f1as mol\u00e9culas en las c\u00e9lulas.<br \/>\nBajo la influencia de un campo el\u00e9ctrico fuerte y moment\u00e1neo, la membrana celular en la soluci\u00f3n se vuelve permeable, permitiendo que sustancias ex\u00f3genas cargadas entren en la membrana celular de forma similar a la electroforesis. Debido a la alta resistencia de la bicapa de fosfol\u00edpidos de la membrana celular, el voltaje producido por el campo el\u00e9ctrico externo es soportado por la membrana celular, con un voltaje m\u00ednimo distribuido al citoplasma, lo que resulta en una corriente intracelular insignificante y una baja citotoxicidad durante la electroporaci\u00f3n. Despu\u00e9s de que el ADN u otras sustancias entren en la membrana celular, permanecen cerca de la membrana, con la subsiguiente di\ufb00usi\u00f3n en el n\u00facleo u otras partes facilitada por los mecanismos de la c\u00e9lula.<br \/>\nDado que la electroporaci\u00f3n es un m\u00e9todo f\u00edsico, las propiedades moleculares de la superficie celular apenas influyen en el proceso. En comparaci\u00f3n con los m\u00e9todos de transfecci\u00f3n qu\u00edmica o de transfecci\u00f3n de vectores virales, la electroporaci\u00f3n puede aplicarse a todos los tipos celulares y es f\u00e1cil de cuantificar.<br \/>\n<strong><b>Electroporaci\u00f3n celular Diagrama del campo el\u00e9ctrico<\/b><\/strong><br \/>\n1 La membrana celular se comporta como un aislante, provocando una distorsi\u00f3n de la corriente en el fluido de electroporaci\u00f3n pr\u00f3ximo a la c\u00e9lula.<br \/>\n2 En un circuito en serie, cuanto mayor es la resistencia, mayor es la tensi\u00f3n; la mayor parte de la tensi\u00f3n es soportada por la membrana celular en ambos extremos.<br \/>\n3 S\u00f3lo se electropora eficazmente un extremo de la c\u00e9lula.<br \/>\n4 El voltaje distribuido al citoplasma es muy peque\u00f1o; el ADN se detiene en la membrana tras la electroporaci\u00f3n, y su di\ufb00usi\u00f3n posterior es impulsada por los mecanismos naturales de la c\u00e9lula.<br \/>\n5 El voltaje en ambos extremos del n\u00facleo es extremadamente peque\u00f1o, y este peque\u00f1o voltaje es soportado por la membrana nuclear, dejando el interior del n\u00facleo completamente libre de voltaje, lo que elimina la genotoxicidad durante la electroporaci\u00f3n.<\/p>\n<p><img fetchpriority=\"high\" decoding=\"async\" class=\"alignnone size-full wp-image-3445\" src=\"https:\/\/www.ansenta.com\/wp-content\/uploads\/2025\/12\/Gene-Electroporator-GP-3000-2.jpg\" alt=\"\" width=\"248\" height=\"229\" srcset=\"https:\/\/www.ansenta.com\/wp-content\/uploads\/2025\/12\/Gene-Electroporator-GP-3000-2.jpg 248w, https:\/\/www.ansenta.com\/wp-content\/uploads\/2025\/12\/Gene-Electroporator-GP-3000-2-13x12.jpg 13w\" sizes=\"(max-width: 248px) 100vw, 248px\" \/><\/p>\n<p><strong>Caracter\u00edsticas del producto<\/strong><br \/>\nAlta E\ufb03ciencia Corto tiempo de transformaci\u00f3n, alta tasa de conversi\u00f3n, excelente repetibilidad.<br \/>\nAlmacenamiento inteligente Los par\u00e1metros experimentales pueden ser almacenados y recuperados f\u00e1cilmente por los usuarios<br \/>\nControl preciso La descarga de pulsos est\u00e1 controlada por un microprocesador.<br \/>\nDise\u00f1o est\u00e9tico Dise\u00f1o integrado, pantalla intuitiva y f\u00e1cil manejo.<\/p>\n<p><img decoding=\"async\" class=\"alignnone size-full wp-image-3446\" src=\"https:\/\/www.ansenta.com\/wp-content\/uploads\/2025\/12\/Gene-Electroporator-GP-3000-3.jpg\" alt=\"\" width=\"367\" height=\"244\" srcset=\"https:\/\/www.ansenta.com\/wp-content\/uploads\/2025\/12\/Gene-Electroporator-GP-3000-3.jpg 367w, https:\/\/www.ansenta.com\/wp-content\/uploads\/2025\/12\/Gene-Electroporator-GP-3000-3-300x199.jpg 300w, https:\/\/www.ansenta.com\/wp-content\/uploads\/2025\/12\/Gene-Electroporator-GP-3000-3-18x12.jpg 18w\" sizes=\"(max-width: 367px) 100vw, 367px\" \/><\/p>\n<p><strong>\u00c1mbitos de aplicaci\u00f3n<\/strong><\/p>\n<p><img decoding=\"async\" class=\"alignnone size-full wp-image-3447\" src=\"https:\/\/www.ansenta.com\/wp-content\/uploads\/2025\/12\/Gene-Electroporator-GP-3000-5.jpg\" alt=\"\" width=\"1162\" height=\"330\" srcset=\"https:\/\/www.ansenta.com\/wp-content\/uploads\/2025\/12\/Gene-Electroporator-GP-3000-5.jpg 1162w, https:\/\/www.ansenta.com\/wp-content\/uploads\/2025\/12\/Gene-Electroporator-GP-3000-5-300x85.jpg 300w, https:\/\/www.ansenta.com\/wp-content\/uploads\/2025\/12\/Gene-Electroporator-GP-3000-5-1024x291.jpg 1024w, https:\/\/www.ansenta.com\/wp-content\/uploads\/2025\/12\/Gene-Electroporator-GP-3000-5-768x218.jpg 768w, https:\/\/www.ansenta.com\/wp-content\/uploads\/2025\/12\/Gene-Electroporator-GP-3000-5-18x5.jpg 18w, https:\/\/www.ansenta.com\/wp-content\/uploads\/2025\/12\/Gene-Electroporator-GP-3000-5-600x170.jpg 600w\" sizes=\"(max-width: 1162px) 100vw, 1162px\" \/><\/p>\n<p>- Electroporaci\u00f3n de bacterias, levaduras y otros microorganismos.<br \/>\n- Transfecci\u00f3n de c\u00e9lulas de mam\u00edfero, tejidos vegetales y protoplastos.<br \/>\n- Hibridaci\u00f3n celular y fusi\u00f3n de genes.<br \/>\n- Introducci\u00f3n de genes marcadores con fines de etiquetado e indicaci\u00f3n.<br \/>\n- Introducci\u00f3n de f\u00e1rmacos, prote\u00ednas, anticuerpos y otras mol\u00e9culas para estudiar la estructura y funci\u00f3n celulares.<\/p>\n<p><strong>Par\u00e1metros t\u00e9cnicos<\/strong><\/p>\n<p><img loading=\"lazy\" decoding=\"async\" class=\"alignnone size-full wp-image-3448\" src=\"https:\/\/www.ansenta.com\/wp-content\/uploads\/2025\/12\/Gene-Electroporator-GP-3000-6.jpg\" alt=\"\" width=\"1200\" height=\"1244\" srcset=\"https:\/\/www.ansenta.com\/wp-content\/uploads\/2025\/12\/Gene-Electroporator-GP-3000-6.jpg 1200w, https:\/\/www.ansenta.com\/wp-content\/uploads\/2025\/12\/Gene-Electroporator-GP-3000-6-289x300.jpg 289w, https:\/\/www.ansenta.com\/wp-content\/uploads\/2025\/12\/Gene-Electroporator-GP-3000-6-988x1024.jpg 988w, https:\/\/www.ansenta.com\/wp-content\/uploads\/2025\/12\/Gene-Electroporator-GP-3000-6-768x796.jpg 768w, https:\/\/www.ansenta.com\/wp-content\/uploads\/2025\/12\/Gene-Electroporator-GP-3000-6-12x12.jpg 12w, https:\/\/www.ansenta.com\/wp-content\/uploads\/2025\/12\/Gene-Electroporator-GP-3000-6-600x622.jpg 600w\" sizes=\"(max-width: 1200px) 100vw, 1200px\" \/><\/p>\n<p><strong>\u00cdndices de conversi\u00f3n para distintas cepas<\/strong><\/p>\n<p><img loading=\"lazy\" decoding=\"async\" class=\"alignnone size-full wp-image-3449\" src=\"https:\/\/www.ansenta.com\/wp-content\/uploads\/2025\/12\/Gene-Electroporator-GP-3000-7.jpg\" alt=\"\" width=\"1200\" height=\"1449\" srcset=\"https:\/\/www.ansenta.com\/wp-content\/uploads\/2025\/12\/Gene-Electroporator-GP-3000-7.jpg 1200w, https:\/\/www.ansenta.com\/wp-content\/uploads\/2025\/12\/Gene-Electroporator-GP-3000-7-248x300.jpg 248w, https:\/\/www.ansenta.com\/wp-content\/uploads\/2025\/12\/Gene-Electroporator-GP-3000-7-848x1024.jpg 848w, https:\/\/www.ansenta.com\/wp-content\/uploads\/2025\/12\/Gene-Electroporator-GP-3000-7-768x927.jpg 768w, https:\/\/www.ansenta.com\/wp-content\/uploads\/2025\/12\/Gene-Electroporator-GP-3000-7-10x12.jpg 10w, https:\/\/www.ansenta.com\/wp-content\/uploads\/2025\/12\/Gene-Electroporator-GP-3000-7-600x725.jpg 600w\" sizes=\"(max-width: 1200px) 100vw, 1200px\" \/><\/p>\n<p>Nota: Debido a las variaciones en las condiciones experimentales de los distintos laboratorios, los par\u00e1metros anteriores son s\u00f3lo de referencia.<\/p>\n<p><strong>Ejemplos de experimentos<\/strong><br \/>\n1\u3001LIJ, ZHANG S, GAO L, et al. A cell-based high-throughput assay for the screening of small-molecule inhibitors of p53-MDM2 interaction [J]. Revista de cribado biomolecular, 2011.<br \/>\n2\u3001ZHANG SY, LIJ, XIE X. Discovery and characterization of novel small molecule agonists of G protein-coupled receptor 119 [J]. Acta pharmacologica Sinica, 2014.<\/p>\n<p><img loading=\"lazy\" decoding=\"async\" class=\"alignnone size-full wp-image-3450\" src=\"https:\/\/www.ansenta.com\/wp-content\/uploads\/2025\/12\/Gene-Electroporator-GP-3000-4.jpg\" alt=\"\" width=\"1388\" height=\"248\" srcset=\"https:\/\/www.ansenta.com\/wp-content\/uploads\/2025\/12\/Gene-Electroporator-GP-3000-4.jpg 1388w, https:\/\/www.ansenta.com\/wp-content\/uploads\/2025\/12\/Gene-Electroporator-GP-3000-4-300x54.jpg 300w, https:\/\/www.ansenta.com\/wp-content\/uploads\/2025\/12\/Gene-Electroporator-GP-3000-4-1024x183.jpg 1024w, https:\/\/www.ansenta.com\/wp-content\/uploads\/2025\/12\/Gene-Electroporator-GP-3000-4-768x137.jpg 768w, https:\/\/www.ansenta.com\/wp-content\/uploads\/2025\/12\/Gene-Electroporator-GP-3000-4-18x3.jpg 18w, https:\/\/www.ansenta.com\/wp-content\/uploads\/2025\/12\/Gene-Electroporator-GP-3000-4-1320x236.jpg 1320w, https:\/\/www.ansenta.com\/wp-content\/uploads\/2025\/12\/Gene-Electroporator-GP-3000-4-600x107.jpg 600w\" sizes=\"(max-width: 1388px) 100vw, 1388px\" \/><\/p>","protected":false},"excerpt":{"rendered":"<p><span style=\"color: #003300;\"><strong>Marca:<\/strong><\/span>ANSENTA<br \/>\n<span style=\"color: #003300;\"><strong>Origen del producto:<\/strong><\/span>CHINA<br \/>\n<span style=\"color: #003300;\"><strong>Plazo de entrega:<\/strong><\/span>En 7 d\u00edas<br \/>\n<span style=\"color: #003300;\"><strong>Capacidad de suministro:<\/strong><\/span>Suministro directo de f\u00e1brica<br \/>\n<span style=\"color: #003300;\"><strong>Modelo:<\/strong><\/span>Electroporador de genes GP-3000<br \/>\n<span style=\"color: #003300;\"><strong>Introducci\u00f3n:<\/strong><\/span><br \/>\nEl electroporador de genes GP-3000 consta de una unidad principal, un vaso de electroporaci\u00f3n de genes y cables de conexi\u00f3n espec\u00edficos. Utiliza principalmente la electroporaci\u00f3n para introducir ADN en c\u00e9lulas competentes, c\u00e9lulas vegetales y animales, y c\u00e9lulas de levadura. Comparado con otros m\u00e9todos, el electroporador de genes ofrece una alta repetibilidad, alta eficiencia, facilidad de operaci\u00f3n y control preciso. Adem\u00e1s, la electroporaci\u00f3n no tiene genotoxicidad, lo que la convierte en una t\u00e9cnica esencial en biolog\u00eda molecular.<br \/>\n<span style=\"color: #003300;\"><strong>Descargar:<\/strong><\/span><br \/>\n<a href=\"https:\/\/www.ansenta.com\/wp-content\/uploads\/2025\/12\/Gene-Electroporator-GP-3000.pdf\">Electroporador de genes GP-3000<\/a><\/p>","protected":false},"featured_media":3972,"template":"","meta":{"_uag_custom_page_level_css":"","site-sidebar-layout":"default","site-content-layout":"","ast-site-content-layout":"default","site-content-style":"default","site-sidebar-style":"default","ast-global-header-display":"","ast-banner-title-visibility":"","ast-main-header-display":"","ast-hfb-above-header-display":"","ast-hfb-below-header-display":"","ast-hfb-mobile-header-display":"","site-post-title":"","ast-breadcrumbs-content":"","ast-featured-img":"","footer-sml-layout":"","ast-disable-related-posts":"","theme-transparent-header-meta":"default","adv-header-id-meta":"","stick-header-meta":"default","header-above-stick-meta":"","header-main-stick-meta":"","header-below-stick-meta":"","astra-migrate-meta-layouts":"set","ast-page-background-enabled":"default","ast-page-background-meta":{"desktop":{"background-color":"var(--ast-global-color-4)","background-image":"","background-repeat":"repeat","background-position":"center center","background-size":"auto","background-attachment":"scroll","background-type":"","background-media":"","overlay-type":"","overlay-color":"","overlay-opacity":"","overlay-gradient":""},"tablet":{"background-color":"","background-image":"","background-repeat":"repeat","background-position":"center center","background-size":"auto","background-attachment":"scroll","background-type":"","background-media":"","overlay-type":"","overlay-color":"","overlay-opacity":"","overlay-gradient":""},"mobile":{"background-color":"","background-image":"","background-repeat":"repeat","background-position":"center center","background-size":"auto","background-attachment":"scroll","background-type":"","background-media":"","overlay-type":"","overlay-color":"","overlay-opacity":"","overlay-gradient":""}},"ast-content-background-meta":{"desktop":{"background-color":"var(--ast-global-color-5)","background-image":"","background-repeat":"repeat","background-position":"center center","background-size":"auto","background-attachment":"scroll","background-type":"","background-media":"","overlay-type":"","overlay-color":"","overlay-opacity":"","overlay-gradient":""},"tablet":{"background-color":"var(--ast-global-color-5)","background-image":"","background-repeat":"repeat","background-position":"center center","background-size":"auto","background-attachment":"scroll","background-type":"","background-media":"","overlay-type":"","overlay-color":"","overlay-opacity":"","overlay-gradient":""},"mobile":{"background-color":"var(--ast-global-color-5)","background-image":"","background-repeat":"repeat","background-position":"center center","background-size":"auto","background-attachment":"scroll","background-type":"","background-media":"","overlay-type":"","overlay-color":"","overlay-opacity":"","overlay-gradient":""}}},"product_brand":[],"product_cat":[90],"product_tag":[],"class_list":{"0":"post-3442","1":"product","2":"type-product","3":"status-publish","4":"has-post-thumbnail","6":"product_cat-new-products","7":"desktop-align-left","8":"tablet-align-left","9":"mobile-align-left","10":"ast-col-sm-12","11":"ast-article-post","12":"ast-width-md-12","13":"ast-archive-post","14":"ast-product-gallery-layout-horizontal-slider","15":"ast-product-gallery-with-no-image","16":"ast-product-tabs-layout-horizontal","18":"first","19":"instock","20":"shipping-taxable","21":"product-type-simple"},"uagb_featured_image_src":{"full":["https:\/\/www.ansenta.com\/wp-content\/uploads\/2025\/12\/Gene-Electroporator-GP-300011.jpg",1280,1280,false],"thumbnail":["https:\/\/www.ansenta.com\/wp-content\/uploads\/2025\/12\/Gene-Electroporator-GP-300011-150x150.jpg",150,150,true],"medium":["https:\/\/www.ansenta.com\/wp-content\/uploads\/2025\/12\/Gene-Electroporator-GP-300011-300x300.jpg",300,300,true],"medium_large":["https:\/\/www.ansenta.com\/wp-content\/uploads\/2025\/12\/Gene-Electroporator-GP-300011-768x768.jpg",768,768,true],"large":["https:\/\/www.ansenta.com\/wp-content\/uploads\/2025\/12\/Gene-Electroporator-GP-300011-1024x1024.jpg",1024,1024,true],"1536x1536":["https:\/\/www.ansenta.com\/wp-content\/uploads\/2025\/12\/Gene-Electroporator-GP-300011.jpg",1280,1280,false],"2048x2048":["https:\/\/www.ansenta.com\/wp-content\/uploads\/2025\/12\/Gene-Electroporator-GP-300011.jpg",1280,1280,false],"trp-custom-language-flag":["https:\/\/www.ansenta.com\/wp-content\/uploads\/2025\/12\/Gene-Electroporator-GP-300011-12x12.jpg",12,12,true],"mailpoet_newsletter_max":["https:\/\/www.ansenta.com\/wp-content\/uploads\/2025\/12\/Gene-Electroporator-GP-300011.jpg",1280,1280,false],"woocommerce_thumbnail":["https:\/\/www.ansenta.com\/wp-content\/uploads\/2025\/12\/Gene-Electroporator-GP-300011-600x600.jpg",600,600,true],"woocommerce_single":["https:\/\/www.ansenta.com\/wp-content\/uploads\/2025\/12\/Gene-Electroporator-GP-300011-600x600.jpg",600,600,true],"woocommerce_gallery_thumbnail":["https:\/\/www.ansenta.com\/wp-content\/uploads\/2025\/12\/Gene-Electroporator-GP-300011-100x100.jpg",100,100,true]},"uagb_author_info":{"display_name":"jinxing6611@gmail.com","author_link":"https:\/\/www.ansenta.com\/es\/author\/"},"uagb_comment_info":0,"uagb_excerpt":"Brand:ANSENTA Product Origin:CHINA Delivery time:Within 7 days Supply capacity:Factory Direct Supply Model:Gene Electroporator GP-3000 Introduction: The GP-3000 Gene Electroporator consists of the main unit, gene electroporation cup, and dedicated connecting cables. It primarily uses electroporation to introduce DNA into competent cells, plant and animal cells, and yeast cells. Compared to other methods, the gene electropora-&hellip;","jetpack_sharing_enabled":true,"_links":{"self":[{"href":"https:\/\/www.ansenta.com\/es\/wp-json\/wp\/v2\/product\/3442","targetHints":{"allow":["GET"]}}],"collection":[{"href":"https:\/\/www.ansenta.com\/es\/wp-json\/wp\/v2\/product"}],"about":[{"href":"https:\/\/www.ansenta.com\/es\/wp-json\/wp\/v2\/types\/product"}],"wp:featuredmedia":[{"embeddable":true,"href":"https:\/\/www.ansenta.com\/es\/wp-json\/wp\/v2\/media\/3972"}],"wp:attachment":[{"href":"https:\/\/www.ansenta.com\/es\/wp-json\/wp\/v2\/media?parent=3442"}],"wp:term":[{"taxonomy":"product_brand","embeddable":true,"href":"https:\/\/www.ansenta.com\/es\/wp-json\/wp\/v2\/product_brand?post=3442"},{"taxonomy":"product_cat","embeddable":true,"href":"https:\/\/www.ansenta.com\/es\/wp-json\/wp\/v2\/product_cat?post=3442"},{"taxonomy":"product_tag","embeddable":true,"href":"https:\/\/www.ansenta.com\/es\/wp-json\/wp\/v2\/product_tag?post=3442"}],"curies":[{"name":"wp","href":"https:\/\/api.w.org\/{rel}","templated":true}]}}