{"id":3412,"date":"2025-12-24T02:14:35","date_gmt":"2025-12-24T02:14:35","guid":{"rendered":"https:\/\/www.ansenta.com\/?post_type=product&#038;p=3412"},"modified":"2025-12-24T02:14:36","modified_gmt":"2025-12-24T02:14:36","slug":"bacterial-colony-counter","status":"publish","type":"product","link":"https:\/\/www.ansenta.com\/es\/producto\/bacterial-colony-counter\/","title":{"rendered":"Contador de colonias bacterianas"},"content":{"rendered":"<p><strong><b>\u2160\u3001Product presentation<\/b><\/strong><br \/>\nEl contador de colonias es un instrumento de an\u00e1lisis bacteriano digital y semiautom\u00e1tico. Consta de un contador, una sonda y una c\u00e1mara de recuento. El contador est\u00e1 dise\u00f1ado y fabricado con circuitos integrados CMOS. La c\u00e1mara de recuento presenta un fondo negro intenso con iluminaci\u00f3n lateral procedente de una l\u00e1mpara fluorescente anular de bajo consumo, lo que garantiza un claro contraste de las colonias. De acuerdo con los procedimientos de ensayo de recuento bacteriano, la pantalla del instrumento est\u00e1 dise\u00f1ada para tres d\u00edgitos. Cuando el recuento de colonias en una placa de Petri supera los 300, la muestra debe diluirse y repetirse para garantizar un recuento preciso. Este instrumento reduce la carga de trabajo del personal de laboratorio, mejorando la eficiencia y la calidad del trabajo. Se utiliza ampliamente para analizar recuentos bacterianos en alimentos, bebidas, productos farmac\u00e9uticos, productos biol\u00f3gicos, productos de higiene, agua potable, aguas residuales industriales y muestras cl\u00ednicas. Es un instrumento indispensable para laboratorios en estaciones de salud y prevenci\u00f3n de epidemias, estaciones de monitoreo ambiental, institutos de supervisi\u00f3n e inspecci\u00f3n de higiene alimentaria, hospitales, institutos de productos biol\u00f3gicos, institutos de pruebas de medicamentos, f\u00e1bricas de alimentos, f\u00e1bricas de productos qu\u00edmicos diarios, universidades e instituciones de investigaci\u00f3n en todos los niveles.<br \/>\n<strong><b>\u2161\u3001Product Parameter<\/b><\/strong><br \/>\nCounter capacity: 0\uff5e999<br \/>\nLight source power: 16W<br \/>\nTotal power consumption: &lt;20W<br \/>\nPower supply voltage: 220V\u00b110%, 50Hz<br \/>\nDimensions: 280\u00d7230\u00d790 mm<br \/>\nWeight: 2kg<br \/>\n<strong><b>\u2162\u3001Features<\/b><\/strong><\/p>\n<ul>\n<li>Simple operation and easy to use<\/li>\n<li>Accurate measurement with small data deviation<\/li>\n<li>Lightweight and portable instrument<\/li>\n<\/ul>\n<p><span style=\"color: #003300;\"><strong>Descargar:<\/strong><\/span><br \/>\n<a href=\"https:\/\/www.ansenta.com\/wp-content\/uploads\/2025\/12\/bacterial-colony-counter1.pdf\">contador de colonias bacterianas<\/a><\/p>","protected":false},"excerpt":{"rendered":"<p><span style=\"color: #003300;\"><strong>Marca:<\/strong><\/span>ANSENTA<br \/>\n<span style=\"color: #003300;\"><strong>Origen del producto:<\/strong><\/span>CHINA<br \/>\n<span style=\"color: #003300;\"><strong>Plazo de entrega:<\/strong><\/span>En 7 d\u00edas<br \/>\n<span style=\"color: #003300;\"><strong>Capacidad de suministro:<\/strong><\/span>Suministro directo de f\u00e1brica<br \/>\n<span style=\"color: #003300;\"><strong>Modelo:<\/strong><\/span>Contador de colonias bacterianas<br \/>\n<span style=\"color: #003300;\"><strong>Introducci\u00f3n:<\/strong><\/span><br \/>\nEl contador de colonias es un instrumento de an\u00e1lisis bacteriano digital y semiautom\u00e1tico. Consta de un contador, una sonda y una c\u00e1mara de recuento. El contador est\u00e1 dise\u00f1ado y fabricado con circuitos integrados CMOS. La c\u00e1mara de recuento presenta un fondo negro intenso con iluminaci\u00f3n lateral procedente de una l\u00e1mpara fluorescente anular de bajo consumo, lo que garantiza un claro contraste de las colonias. De acuerdo con los procedimientos de ensayo de recuento bacteriano, la pantalla del instrumento est\u00e1 dise\u00f1ada para tres d\u00edgitos. Cuando el recuento de colonias en una placa de Petri supera los 300, la muestra debe diluirse y repetirse para garantizar un recuento preciso. Este instrumento reduce la carga de trabajo del personal de laboratorio, mejorando la eficiencia y la calidad del trabajo. Se utiliza ampliamente para analizar recuentos bacterianos en alimentos, bebidas, productos farmac\u00e9uticos, productos biol\u00f3gicos, productos de higiene, agua potable, aguas residuales industriales y muestras cl\u00ednicas. Es un instrumento indispensable para laboratorios en estaciones de salud y prevenci\u00f3n de epidemias, estaciones de monitoreo ambiental, institutos de supervisi\u00f3n e inspecci\u00f3n de higiene alimentaria, hospitales, institutos de productos biol\u00f3gicos, institutos de pruebas de medicamentos, f\u00e1bricas de alimentos, f\u00e1bricas de productos qu\u00edmicos diarios, universidades e instituciones de investigaci\u00f3n en todos los niveles.<br \/>\n<span style=\"color: #003300;\"><strong>Descargar:<\/strong><\/span><br \/>\n<a href=\"https:\/\/www.ansenta.com\/wp-content\/uploads\/2025\/12\/bacterial-colony-counter1.pdf\">contador de colonias bacterianas<\/a><\/p>","protected":false},"featured_media":3413,"template":"","meta":{"_uag_custom_page_level_css":"","site-sidebar-layout":"default","site-content-layout":"","ast-site-content-layout":"default","site-content-style":"default","site-sidebar-style":"default","ast-global-header-display":"","ast-banner-title-visibility":"","ast-main-header-display":"","ast-hfb-above-header-display":"","ast-hfb-below-header-display":"","ast-hfb-mobile-header-display":"","site-post-title":"","ast-breadcrumbs-content":"","ast-featured-img":"","footer-sml-layout":"","ast-disable-related-posts":"","theme-transparent-header-meta":"default","adv-header-id-meta":"","stick-header-meta":"default","header-above-stick-meta":"","header-main-stick-meta":"","header-below-stick-meta":"","astra-migrate-meta-layouts":"set","ast-page-background-enabled":"default","ast-page-background-meta":{"desktop":{"background-color":"var(--ast-global-color-4)","background-image":"","background-repeat":"repeat","background-position":"center center","background-size":"auto","background-attachment":"scroll","background-type":"","background-media":"","overlay-type":"","overlay-color":"","overlay-opacity":"","overlay-gradient":""},"tablet":{"background-color":"","background-image":"","background-repeat":"repeat","background-position":"center center","background-size":"auto","background-attachment":"scroll","background-type":"","background-media":"","overlay-type":"","overlay-color":"","overlay-opacity":"","overlay-gradient":""},"mobile":{"background-color":"","background-image":"","background-repeat":"repeat","background-position":"center center","background-size":"auto","background-attachment":"scroll","background-type":"","background-media":"","overlay-type":"","overlay-color":"","overlay-opacity":"","overlay-gradient":""}},"ast-content-background-meta":{"desktop":{"background-color":"var(--ast-global-color-5)","background-image":"","background-repeat":"repeat","background-position":"center center","background-size":"auto","background-attachment":"scroll","background-type":"","background-media":"","overlay-type":"","overlay-color":"","overlay-opacity":"","overlay-gradient":""},"tablet":{"background-color":"var(--ast-global-color-5)","background-image":"","background-repeat":"repeat","background-position":"center center","background-size":"auto","background-attachment":"scroll","background-type":"","background-media":"","overlay-type":"","overlay-color":"","overlay-opacity":"","overlay-gradient":""},"mobile":{"background-color":"var(--ast-global-color-5)","background-image":"","background-repeat":"repeat","background-position":"center center","background-size":"auto","background-attachment":"scroll","background-type":"","background-media":"","overlay-type":"","overlay-color":"","overlay-opacity":"","overlay-gradient":""}}},"product_brand":[],"product_cat":[230],"product_tag":[],"class_list":{"0":"post-3412","1":"product","2":"type-product","3":"status-publish","4":"has-post-thumbnail","6":"product_cat-bacterial-colony-counter","7":"desktop-align-left","8":"tablet-align-left","9":"mobile-align-left","10":"ast-col-sm-12","11":"ast-article-post","12":"ast-width-md-12","13":"ast-archive-post","14":"ast-product-gallery-layout-horizontal-slider","15":"ast-product-gallery-with-no-image","16":"ast-product-tabs-layout-horizontal","18":"first","19":"instock","20":"shipping-taxable","21":"product-type-simple"},"uagb_featured_image_src":{"full":["https:\/\/www.ansenta.com\/wp-content\/uploads\/2025\/12\/2025122403.jpg",538,538,false],"thumbnail":["https:\/\/www.ansenta.com\/wp-content\/uploads\/2025\/12\/2025122403-150x150.jpg",150,150,true],"medium":["https:\/\/www.ansenta.com\/wp-content\/uploads\/2025\/12\/2025122403-300x300.jpg",300,300,true],"medium_large":["https:\/\/www.ansenta.com\/wp-content\/uploads\/2025\/12\/2025122403.jpg",538,538,false],"large":["https:\/\/www.ansenta.com\/wp-content\/uploads\/2025\/12\/2025122403.jpg",538,538,false],"1536x1536":["https:\/\/www.ansenta.com\/wp-content\/uploads\/2025\/12\/2025122403.jpg",538,538,false],"2048x2048":["https:\/\/www.ansenta.com\/wp-content\/uploads\/2025\/12\/2025122403.jpg",538,538,false],"trp-custom-language-flag":["https:\/\/www.ansenta.com\/wp-content\/uploads\/2025\/12\/2025122403-12x12.jpg",12,12,true],"mailpoet_newsletter_max":["https:\/\/www.ansenta.com\/wp-content\/uploads\/2025\/12\/2025122403.jpg",538,538,false],"woocommerce_thumbnail":["https:\/\/www.ansenta.com\/wp-content\/uploads\/2025\/12\/2025122403.jpg",538,538,false],"woocommerce_single":["https:\/\/www.ansenta.com\/wp-content\/uploads\/2025\/12\/2025122403.jpg",538,538,false],"woocommerce_gallery_thumbnail":["https:\/\/www.ansenta.com\/wp-content\/uploads\/2025\/12\/2025122403-100x100.jpg",100,100,true]},"uagb_author_info":{"display_name":"jinxing6611@gmail.com","author_link":"https:\/\/www.ansenta.com\/es\/author\/"},"uagb_comment_info":0,"uagb_excerpt":"Brand:ANSENTA Product Origin:CHINA Delivery time:Within 7 days Supply capacity:Factory Direct Supply Model:Bacterial colony counter Introduction: The colony counter is a digital, semi-automatic bacterial testing instrument. It consists of a counter, probe, and counting chamber. The counter is designed and manufactured using CMOS integrated circuits. The counting chamber features a deep black background with side illumination&hellip;","jetpack_sharing_enabled":true,"_links":{"self":[{"href":"https:\/\/www.ansenta.com\/es\/wp-json\/wp\/v2\/product\/3412","targetHints":{"allow":["GET"]}}],"collection":[{"href":"https:\/\/www.ansenta.com\/es\/wp-json\/wp\/v2\/product"}],"about":[{"href":"https:\/\/www.ansenta.com\/es\/wp-json\/wp\/v2\/types\/product"}],"wp:featuredmedia":[{"embeddable":true,"href":"https:\/\/www.ansenta.com\/es\/wp-json\/wp\/v2\/media\/3413"}],"wp:attachment":[{"href":"https:\/\/www.ansenta.com\/es\/wp-json\/wp\/v2\/media?parent=3412"}],"wp:term":[{"taxonomy":"product_brand","embeddable":true,"href":"https:\/\/www.ansenta.com\/es\/wp-json\/wp\/v2\/product_brand?post=3412"},{"taxonomy":"product_cat","embeddable":true,"href":"https:\/\/www.ansenta.com\/es\/wp-json\/wp\/v2\/product_cat?post=3412"},{"taxonomy":"product_tag","embeddable":true,"href":"https:\/\/www.ansenta.com\/es\/wp-json\/wp\/v2\/product_tag?post=3412"}],"curies":[{"name":"wp","href":"https:\/\/api.w.org\/{rel}","templated":true}]}}