{"id":3409,"date":"2025-12-24T02:09:00","date_gmt":"2025-12-24T02:09:00","guid":{"rendered":"https:\/\/www.ansenta.com\/?post_type=product&#038;p=3409"},"modified":"2025-12-24T02:09:00","modified_gmt":"2025-12-24T02:09:00","slug":"bacterial-colony-counter-full-automatic","status":"publish","type":"product","link":"https:\/\/www.ansenta.com\/es\/producto\/bacterial-colony-counter-full-automatic\/","title":{"rendered":"Contador de colonias bacterianas (totalmente autom\u00e1tico)"},"content":{"rendered":"<p><strong><b>\u2160\u3001Usos del producto<\/b><\/strong><br \/>\nEl contador de recuento de bacterias totalmente automatizado es un contador r\u00e1pido para el recuento de bacterias en placas de Petri, que sustituye al recuento manual. Este instrumento es adecuado para el recuento de cultivos de colonias.<br \/>\n<strong><b>\u2161\u3001Par\u00e1metros del producto<\/b><\/strong><\/p>\n<ul>\n<li>Resoluci\u00f3n: 13 megap\u00edxeles<\/li>\n<li>Colonia m\u00e1s peque\u00f1a detectable: 0,1 mm<\/li>\n<li>Rango de detecci\u00f3n: 0-400 colonias (Si el n\u00famero de colonias en la placa de Petri supera las 400, se recomienda diluir y repetir la prueba. Por lo general, las muestras de agua pueden cultivarse simult\u00e1neamente en diluciones de 10x, 100x y 1000x, en funci\u00f3n de las condiciones de la muestra).<\/li>\n<li>Recuento: Recuento manual, recuento totalmente autom\u00e1tico, recuento ajustable manualmente<\/li>\n<li>Di\u00e1metro de la placa de Petri redonda: 75 mm, 90 mm (Para otras placas de Petri m\u00e1s peque\u00f1as, procure colocarlas en el centro de la abertura durante el recuento).<\/li>\n<li>Coeficiente de error: &lt;\u00b15% (coeficiente ajustable manualmente)<\/li>\n<li>Sistema operativo: Windows 7 o superior<\/li>\n<li>Configuraci\u00f3n est\u00e1ndar: Interfaz de salida USB 3.0<\/li>\n<li>Resoluci\u00f3n de pantalla: 1024\u00d7768<\/li>\n<\/ul>\n<p><strong><b>\u2162\u3001Caracter\u00edsticas del producto<\/b><\/strong><\/p>\n<ul>\n<li>Ordenador industrial con pantalla t\u00e1ctil de f\u00e1cil manejo;<\/li>\n<li>La caja de luz totalmente cerrada elimina las interferencias de la luz par\u00e1sita ambiental, proporcionando las condiciones \u00f3pticas necesarias para un recuento preciso;<\/li>\n<li>El recuento de placas de Petri mediante c\u00e1maras sustituye a los m\u00e9todos tradicionales y ofrece mayor eficacia y comodidad;<\/li>\n<li>Utiliza una c\u00e1mara de 13 megap\u00edxeles que optimiza las im\u00e1genes mediante nitidez y filtrado, y permite cambiar manualmente el rango de recuento;<\/li>\n<li>Recorta autom\u00e1ticamente la imagen alrededor de la placa de Petri para obtener im\u00e1genes m\u00e1s n\u00edtidas;<\/li>\n<li>Etiqueta autom\u00e1ticamente cada colonia que se cuenta;<\/li>\n<li>Dispone de una funci\u00f3n de visualizaci\u00f3n de im\u00e1genes hist\u00f3ricas. Las im\u00e1genes se guardan manualmente en el almacenamiento interno tras el recuento y pueden visualizarse a trav\u00e9s de la funci\u00f3n \u201cDatos hist\u00f3ricos\u201d;<\/li>\n<li>Los datos hist\u00f3ricos pueden exportarse f\u00e1cilmente a Excel y a una carpeta \u201chistorial\u201d para su posterior an\u00e1lisis o grabaci\u00f3n;<\/li>\n<li>La interfaz USB permite exportar los datos hist\u00f3ricos a una memoria USB;<\/li>\n<li>Men\u00fa chino completo, funcionamiento sencillo y f\u00e1cil de entender.<\/li>\n<\/ul>\n<p><span style=\"color: #003300;\"><strong>Descargar:<\/strong><\/span><br \/>\n<a href=\"https:\/\/www.ansenta.com\/wp-content\/uploads\/2025\/12\/Bacterial-colony-counter\uff08full-automatic\uff09.pdf\">Contador de colonias bacterianas\uff08full-autom\u00e1tico\uff09<\/a><\/p>","protected":false},"excerpt":{"rendered":"<p><span style=\"color: #003300;\"><strong>Marca:<\/strong><\/span>ANSENTA<br \/>\n<span style=\"color: #003300;\"><strong>Origen del producto:<\/strong><\/span>CHINA<br \/>\n<span style=\"color: #003300;\"><strong>Plazo de entrega:<\/strong><\/span>En 7 d\u00edas<br \/>\n<span style=\"color: #003300;\"><strong>Capacidad de suministro:<\/strong><\/span>Suministro directo de f\u00e1brica<br \/>\n<span style=\"color: #003300;\"><strong>Modelo:<\/strong><\/span>Contador de colonias bacterianas<br \/>\n<span style=\"color: #003300;\"><strong>Introducci\u00f3n:<\/strong><\/span><br \/>\nEl contador de bacterias totalmente automatizado es un contador r\u00e1pido para el recuento de bacterias en placas de Petri, que sustituye al recuento manual. Este instrumento es adecuado para el recuento de cultivos de colonias.<br \/>\n<span style=\"color: #003300;\"><strong>Descargar:<\/strong><\/span><br \/>\n<a href=\"https:\/\/www.ansenta.com\/wp-content\/uploads\/2025\/12\/Bacterial-colony-counter\uff08full-automatic\uff09.pdf\">Contador de colonias bacterianas\uff08full-autom\u00e1tico\uff09<\/a><\/p>","protected":false},"featured_media":3410,"template":"","meta":{"_uag_custom_page_level_css":"","site-sidebar-layout":"default","site-content-layout":"","ast-site-content-layout":"default","site-content-style":"default","site-sidebar-style":"default","ast-global-header-display":"","ast-banner-title-visibility":"","ast-main-header-display":"","ast-hfb-above-header-display":"","ast-hfb-below-header-display":"","ast-hfb-mobile-header-display":"","site-post-title":"","ast-breadcrumbs-content":"","ast-featured-img":"","footer-sml-layout":"","ast-disable-related-posts":"","theme-transparent-header-meta":"default","adv-header-id-meta":"","stick-header-meta":"default","header-above-stick-meta":"","header-main-stick-meta":"","header-below-stick-meta":"","astra-migrate-meta-layouts":"set","ast-page-background-enabled":"default","ast-page-background-meta":{"desktop":{"background-color":"var(--ast-global-color-4)","background-image":"","background-repeat":"repeat","background-position":"center center","background-size":"auto","background-attachment":"scroll","background-type":"","background-media":"","overlay-type":"","overlay-color":"","overlay-opacity":"","overlay-gradient":""},"tablet":{"background-color":"","background-image":"","background-repeat":"repeat","background-position":"center center","background-size":"auto","background-attachment":"scroll","background-type":"","background-media":"","overlay-type":"","overlay-color":"","overlay-opacity":"","overlay-gradient":""},"mobile":{"background-color":"","background-image":"","background-repeat":"repeat","background-position":"center center","background-size":"auto","background-attachment":"scroll","background-type":"","background-media":"","overlay-type":"","overlay-color":"","overlay-opacity":"","overlay-gradient":""}},"ast-content-background-meta":{"desktop":{"background-color":"var(--ast-global-color-5)","background-image":"","background-repeat":"repeat","background-position":"center center","background-size":"auto","background-attachment":"scroll","background-type":"","background-media":"","overlay-type":"","overlay-color":"","overlay-opacity":"","overlay-gradient":""},"tablet":{"background-color":"var(--ast-global-color-5)","background-image":"","background-repeat":"repeat","background-position":"center center","background-size":"auto","background-attachment":"scroll","background-type":"","background-media":"","overlay-type":"","overlay-color":"","overlay-opacity":"","overlay-gradient":""},"mobile":{"background-color":"var(--ast-global-color-5)","background-image":"","background-repeat":"repeat","background-position":"center center","background-size":"auto","background-attachment":"scroll","background-type":"","background-media":"","overlay-type":"","overlay-color":"","overlay-opacity":"","overlay-gradient":""}}},"product_brand":[],"product_cat":[230],"product_tag":[],"class_list":{"0":"post-3409","1":"product","2":"type-product","3":"status-publish","4":"has-post-thumbnail","6":"product_cat-bacterial-colony-counter","7":"desktop-align-left","8":"tablet-align-left","9":"mobile-align-left","10":"ast-col-sm-12","11":"ast-article-post","12":"ast-width-md-12","13":"ast-archive-post","14":"ast-product-gallery-layout-horizontal-slider","15":"ast-product-gallery-with-no-image","16":"ast-product-tabs-layout-horizontal","18":"first","19":"instock","20":"shipping-taxable","21":"product-type-simple"},"uagb_featured_image_src":{"full":["https:\/\/www.ansenta.com\/wp-content\/uploads\/2025\/12\/2025122402.jpg",600,600,false],"thumbnail":["https:\/\/www.ansenta.com\/wp-content\/uploads\/2025\/12\/2025122402-150x150.jpg",150,150,true],"medium":["https:\/\/www.ansenta.com\/wp-content\/uploads\/2025\/12\/2025122402-300x300.jpg",300,300,true],"medium_large":["https:\/\/www.ansenta.com\/wp-content\/uploads\/2025\/12\/2025122402.jpg",600,600,false],"large":["https:\/\/www.ansenta.com\/wp-content\/uploads\/2025\/12\/2025122402.jpg",600,600,false],"1536x1536":["https:\/\/www.ansenta.com\/wp-content\/uploads\/2025\/12\/2025122402.jpg",600,600,false],"2048x2048":["https:\/\/www.ansenta.com\/wp-content\/uploads\/2025\/12\/2025122402.jpg",600,600,false],"trp-custom-language-flag":["https:\/\/www.ansenta.com\/wp-content\/uploads\/2025\/12\/2025122402-12x12.jpg",12,12,true],"mailpoet_newsletter_max":["https:\/\/www.ansenta.com\/wp-content\/uploads\/2025\/12\/2025122402.jpg",600,600,false],"woocommerce_thumbnail":["https:\/\/www.ansenta.com\/wp-content\/uploads\/2025\/12\/2025122402.jpg",600,600,false],"woocommerce_single":["https:\/\/www.ansenta.com\/wp-content\/uploads\/2025\/12\/2025122402.jpg",600,600,false],"woocommerce_gallery_thumbnail":["https:\/\/www.ansenta.com\/wp-content\/uploads\/2025\/12\/2025122402-100x100.jpg",100,100,true]},"uagb_author_info":{"display_name":"jinxing6611@gmail.com","author_link":"https:\/\/www.ansenta.com\/es\/author\/"},"uagb_comment_info":0,"uagb_excerpt":"Brand:ANSENTA Product Origin:CHINA Delivery time:Within 7 days Supply capacity:Factory Direct Supply Model:Bacterial colony counter Introduction: The fully automated bacterial count counter is a rapid counter for countingbacteria in petri dishes,replacing manual counting. This instrument issuitable for counting colony cultures. Download: Bacterial colony counter\uff08full-automatic\uff09","jetpack_sharing_enabled":true,"_links":{"self":[{"href":"https:\/\/www.ansenta.com\/es\/wp-json\/wp\/v2\/product\/3409","targetHints":{"allow":["GET"]}}],"collection":[{"href":"https:\/\/www.ansenta.com\/es\/wp-json\/wp\/v2\/product"}],"about":[{"href":"https:\/\/www.ansenta.com\/es\/wp-json\/wp\/v2\/types\/product"}],"wp:featuredmedia":[{"embeddable":true,"href":"https:\/\/www.ansenta.com\/es\/wp-json\/wp\/v2\/media\/3410"}],"wp:attachment":[{"href":"https:\/\/www.ansenta.com\/es\/wp-json\/wp\/v2\/media?parent=3409"}],"wp:term":[{"taxonomy":"product_brand","embeddable":true,"href":"https:\/\/www.ansenta.com\/es\/wp-json\/wp\/v2\/product_brand?post=3409"},{"taxonomy":"product_cat","embeddable":true,"href":"https:\/\/www.ansenta.com\/es\/wp-json\/wp\/v2\/product_cat?post=3409"},{"taxonomy":"product_tag","embeddable":true,"href":"https:\/\/www.ansenta.com\/es\/wp-json\/wp\/v2\/product_tag?post=3409"}],"curies":[{"name":"wp","href":"https:\/\/api.w.org\/{rel}","templated":true}]}}