{"id":3295,"date":"2025-12-20T04:25:29","date_gmt":"2025-12-20T04:25:29","guid":{"rendered":"https:\/\/www.ansenta.com\/?post_type=product&#038;p=3295"},"modified":"2025-12-20T04:31:56","modified_gmt":"2025-12-20T04:31:56","slug":"childrens-manual-wheelchair","status":"publish","type":"product","link":"https:\/\/www.ansenta.com\/es\/producto\/childrens-manual-wheelchair\/","title":{"rendered":"Silla de ruedas manual para ni\u00f1os"},"content":{"rendered":"<p><strong><b>Suitable for:<\/b><\/strong><br \/>\nIndividuals with osteogenesis imperfecta (OI), ALS (Amyotrophic Lateral Sclerosis), and penguin-dwelling individuals.<br \/>\n<strong><b>Function<\/b><\/strong><br \/>\nPuede ajustarse en diferentes etapas a medida que el ni\u00f1o crece. La profundidad del asiento, la altura del respaldo y la altura del reposapi\u00e9s son ajustables. Pueden instalarse o quitarse accesorios como ruedas antivuelco, empu\u00f1aduras y reposabrazos, con lo que se consigue un servicio realmente personalizado.<br \/>\n<strong><b>Reference data<\/b><\/strong><\/p>\n<p><img fetchpriority=\"high\" decoding=\"async\" class=\"alignnone size-full wp-image-3299\" src=\"https:\/\/www.ansenta.com\/wp-content\/uploads\/2025\/12\/Childrens-manual-wheelchair1.jpg\" alt=\"\" width=\"1598\" height=\"2445\" srcset=\"https:\/\/www.ansenta.com\/wp-content\/uploads\/2025\/12\/Childrens-manual-wheelchair1.jpg 1598w, https:\/\/www.ansenta.com\/wp-content\/uploads\/2025\/12\/Childrens-manual-wheelchair1-196x300.jpg 196w, https:\/\/www.ansenta.com\/wp-content\/uploads\/2025\/12\/Childrens-manual-wheelchair1-669x1024.jpg 669w, https:\/\/www.ansenta.com\/wp-content\/uploads\/2025\/12\/Childrens-manual-wheelchair1-768x1175.jpg 768w, https:\/\/www.ansenta.com\/wp-content\/uploads\/2025\/12\/Childrens-manual-wheelchair1-1004x1536.jpg 1004w, https:\/\/www.ansenta.com\/wp-content\/uploads\/2025\/12\/Childrens-manual-wheelchair1-1339x2048.jpg 1339w, https:\/\/www.ansenta.com\/wp-content\/uploads\/2025\/12\/Childrens-manual-wheelchair1-8x12.jpg 8w, https:\/\/www.ansenta.com\/wp-content\/uploads\/2025\/12\/Childrens-manual-wheelchair1-1320x2020.jpg 1320w, https:\/\/www.ansenta.com\/wp-content\/uploads\/2025\/12\/Childrens-manual-wheelchair1-600x918.jpg 600w\" sizes=\"(max-width: 1598px) 100vw, 1598px\" \/><br \/>\n<strong>Descargar:<\/strong><br \/>\n<a href=\"https:\/\/www.ansenta.com\/wp-content\/uploads\/2025\/12\/Childrens-manual-wheelchair.pdf\">Silla de ruedas manual para ni\u00f1os<\/a><\/p>","protected":false},"excerpt":{"rendered":"<p><span style=\"color: #003300;\"><strong>Marca:<\/strong><\/span>ANSENTA<br \/>\n<span style=\"color: #003300;\"><strong>Origen del producto:<\/strong><\/span>CHINA<br \/>\n<span style=\"color: #003300;\"><strong>Plazo de entrega:<\/strong><\/span>En 7 d\u00edas<br \/>\n<span style=\"color: #003300;\"><strong>Capacidad de suministro:<\/strong><\/span>Suministro directo de f\u00e1brica<br \/>\n<span style=\"color: #003300;\"><strong>Modelo:<\/strong><\/span>Silla de ruedas manual para ni\u00f1os<br \/>\n<span style=\"color: #003300;\"><strong>Introducci\u00f3n:<\/strong><\/span>Puede ajustarse en diferentes etapas a medida que el ni\u00f1o crece. La profundidad del asiento, la altura del respaldo y la altura del reposapi\u00e9s son ajustables. Pueden instalarse o quitarse accesorios como ruedas antivuelco, empu\u00f1aduras y reposabrazos, con lo que se consigue un servicio realmente personalizado.<br \/>\n<span style=\"color: #003300;\"><strong>Descargar:<\/strong><\/span><br \/>\n<a href=\"https:\/\/www.ansenta.com\/wp-content\/uploads\/2025\/12\/Childrens-manual-wheelchair.pdf\">Silla de ruedas manual para ni\u00f1os<\/a><\/p>","protected":false},"featured_media":3296,"template":"","meta":{"_uag_custom_page_level_css":"","site-sidebar-layout":"default","site-content-layout":"","ast-site-content-layout":"default","site-content-style":"default","site-sidebar-style":"default","ast-global-header-display":"","ast-banner-title-visibility":"","ast-main-header-display":"","ast-hfb-above-header-display":"","ast-hfb-below-header-display":"","ast-hfb-mobile-header-display":"","site-post-title":"","ast-breadcrumbs-content":"","ast-featured-img":"","footer-sml-layout":"","ast-disable-related-posts":"","theme-transparent-header-meta":"default","adv-header-id-meta":"","stick-header-meta":"default","header-above-stick-meta":"","header-main-stick-meta":"","header-below-stick-meta":"","astra-migrate-meta-layouts":"set","ast-page-background-enabled":"default","ast-page-background-meta":{"desktop":{"background-color":"var(--ast-global-color-4)","background-image":"","background-repeat":"repeat","background-position":"center center","background-size":"auto","background-attachment":"scroll","background-type":"","background-media":"","overlay-type":"","overlay-color":"","overlay-opacity":"","overlay-gradient":""},"tablet":{"background-color":"","background-image":"","background-repeat":"repeat","background-position":"center center","background-size":"auto","background-attachment":"scroll","background-type":"","background-media":"","overlay-type":"","overlay-color":"","overlay-opacity":"","overlay-gradient":""},"mobile":{"background-color":"","background-image":"","background-repeat":"repeat","background-position":"center center","background-size":"auto","background-attachment":"scroll","background-type":"","background-media":"","overlay-type":"","overlay-color":"","overlay-opacity":"","overlay-gradient":""}},"ast-content-background-meta":{"desktop":{"background-color":"var(--ast-global-color-5)","background-image":"","background-repeat":"repeat","background-position":"center center","background-size":"auto","background-attachment":"scroll","background-type":"","background-media":"","overlay-type":"","overlay-color":"","overlay-opacity":"","overlay-gradient":""},"tablet":{"background-color":"var(--ast-global-color-5)","background-image":"","background-repeat":"repeat","background-position":"center center","background-size":"auto","background-attachment":"scroll","background-type":"","background-media":"","overlay-type":"","overlay-color":"","overlay-opacity":"","overlay-gradient":""},"mobile":{"background-color":"var(--ast-global-color-5)","background-image":"","background-repeat":"repeat","background-position":"center center","background-size":"auto","background-attachment":"scroll","background-type":"","background-media":"","overlay-type":"","overlay-color":"","overlay-opacity":"","overlay-gradient":""}}},"product_brand":[],"product_cat":[93],"product_tag":[],"class_list":{"0":"post-3295","1":"product","2":"type-product","3":"status-publish","4":"has-post-thumbnail","6":"product_cat-wheelchair","7":"desktop-align-left","8":"tablet-align-left","9":"mobile-align-left","10":"ast-col-sm-12","11":"ast-article-post","12":"ast-width-md-12","13":"ast-archive-post","14":"ast-product-gallery-layout-horizontal-slider","15":"ast-product-gallery-with-no-image","16":"ast-product-tabs-layout-horizontal","18":"first","19":"instock","20":"shipping-taxable","21":"product-type-simple"},"uagb_featured_image_src":{"full":["https:\/\/www.ansenta.com\/wp-content\/uploads\/2025\/12\/Childrens-manual-wheelchair.jpg",900,900,false],"thumbnail":["https:\/\/www.ansenta.com\/wp-content\/uploads\/2025\/12\/Childrens-manual-wheelchair-150x150.jpg",150,150,true],"medium":["https:\/\/www.ansenta.com\/wp-content\/uploads\/2025\/12\/Childrens-manual-wheelchair-300x300.jpg",300,300,true],"medium_large":["https:\/\/www.ansenta.com\/wp-content\/uploads\/2025\/12\/Childrens-manual-wheelchair-768x768.jpg",768,768,true],"large":["https:\/\/www.ansenta.com\/wp-content\/uploads\/2025\/12\/Childrens-manual-wheelchair.jpg",900,900,false],"1536x1536":["https:\/\/www.ansenta.com\/wp-content\/uploads\/2025\/12\/Childrens-manual-wheelchair.jpg",900,900,false],"2048x2048":["https:\/\/www.ansenta.com\/wp-content\/uploads\/2025\/12\/Childrens-manual-wheelchair.jpg",900,900,false],"trp-custom-language-flag":["https:\/\/www.ansenta.com\/wp-content\/uploads\/2025\/12\/Childrens-manual-wheelchair-12x12.jpg",12,12,true],"mailpoet_newsletter_max":["https:\/\/www.ansenta.com\/wp-content\/uploads\/2025\/12\/Childrens-manual-wheelchair.jpg",900,900,false],"woocommerce_thumbnail":["https:\/\/www.ansenta.com\/wp-content\/uploads\/2025\/12\/Childrens-manual-wheelchair-600x600.jpg",600,600,true],"woocommerce_single":["https:\/\/www.ansenta.com\/wp-content\/uploads\/2025\/12\/Childrens-manual-wheelchair-600x600.jpg",600,600,true],"woocommerce_gallery_thumbnail":["https:\/\/www.ansenta.com\/wp-content\/uploads\/2025\/12\/Childrens-manual-wheelchair-100x100.jpg",100,100,true]},"uagb_author_info":{"display_name":"jinxing6611@gmail.com","author_link":"https:\/\/www.ansenta.com\/es\/author\/"},"uagb_comment_info":0,"uagb_excerpt":"Brand:ANSENTA Product Origin:CHINA Delivery time:Within 7 days Supply capacity:Factory Direct Supply Model:Children's manual wheelchair Introduction:It can be adjusted at different stages as the child grows. The seat depth, backrest height, and footrest height are adjustable. Accessories such as anti-tipping wheels, push handles, and armrests can be installed or removed, truly achieving customized service. Download: Children's&hellip;","jetpack_sharing_enabled":true,"_links":{"self":[{"href":"https:\/\/www.ansenta.com\/es\/wp-json\/wp\/v2\/product\/3295","targetHints":{"allow":["GET"]}}],"collection":[{"href":"https:\/\/www.ansenta.com\/es\/wp-json\/wp\/v2\/product"}],"about":[{"href":"https:\/\/www.ansenta.com\/es\/wp-json\/wp\/v2\/types\/product"}],"wp:featuredmedia":[{"embeddable":true,"href":"https:\/\/www.ansenta.com\/es\/wp-json\/wp\/v2\/media\/3296"}],"wp:attachment":[{"href":"https:\/\/www.ansenta.com\/es\/wp-json\/wp\/v2\/media?parent=3295"}],"wp:term":[{"taxonomy":"product_brand","embeddable":true,"href":"https:\/\/www.ansenta.com\/es\/wp-json\/wp\/v2\/product_brand?post=3295"},{"taxonomy":"product_cat","embeddable":true,"href":"https:\/\/www.ansenta.com\/es\/wp-json\/wp\/v2\/product_cat?post=3295"},{"taxonomy":"product_tag","embeddable":true,"href":"https:\/\/www.ansenta.com\/es\/wp-json\/wp\/v2\/product_tag?post=3295"}],"curies":[{"name":"wp","href":"https:\/\/api.w.org\/{rel}","templated":true}]}}