{"id":3214,"date":"2025-12-17T07:19:39","date_gmt":"2025-12-17T07:19:39","guid":{"rendered":"https:\/\/www.ansenta.com\/?post_type=product&#038;p=3214"},"modified":"2025-12-17T07:19:39","modified_gmt":"2025-12-17T07:19:39","slug":"ultra-low-temperature-freezer","status":"publish","type":"product","link":"https:\/\/www.ansenta.com\/es\/producto\/ultra-low-temperature-freezer\/","title":{"rendered":"Congelador de temperatura ultrabaja"},"content":{"rendered":"","protected":false},"excerpt":{"rendered":"<ul>\n<li><a href=\"https:\/\/www.ansenta.com\/wp-content\/uploads\/2025\/12\/Ultra-low-Temperature-Freezer.pdf\">Congelador de temperatura ultrabaja<\/a><\/li>\n<\/ul>\n<p><span style=\"color: #003300;\"><strong>Marca <\/strong><\/span>ANSENTA<\/p>\n<p><span style=\"color: #003300;\"><strong>Producto<\/strong> <strong>origen<\/strong><\/span> CHINA<\/p>\n<p><span style=\"color: #003300;\"><strong>Plazo de entrega<\/strong><\/span> En 7 d\u00edas<\/p>\n<p><span style=\"color: #003300;\"><strong>Capacidad de suministro <\/strong><\/span>Suministro directo de f\u00e1brica<\/p>\n<p><span style=\"color: #003300;\"><strong>Modelo <\/strong><\/span>AST-86L410)<\/p>\n<p>Introducci\u00f3n<\/p>\n<p>Pantalla: Pantalla t\u00e1ctil LCD con resoluci\u00f3n de 0,1\u00b0C, que muestra din\u00e1micamente<br \/>\npar\u00e1metros en tiempo real, incluida la temperatura de la c\u00e1mara, el valor de consigna del sistema,<br \/>\ntemperatura ambiente, estado de la alarma y hora. Caracter\u00edsticas datos de temperatura<br \/>\nfunciones de visualizaci\u00f3n y curva de datos.<br \/>\nSistema de alarma: Alarma de sobretemperatura, alarma de fallo de sensor, ambiente alto<br \/>\nalarma de temperatura, alarma de condensador sucio, alarma de fallo de alimentaci\u00f3n.<br \/>\nFuncionalidad USB: Fuente de alimentaci\u00f3n USB y transferencia de datos, actualizaciones del sistema.<br \/>\nSistema de seguridad: Protecci\u00f3n configurable de retardo de arranque e intervalo de apagado.<br \/>\nCuenta con bloqueo de pantalla por contrase\u00f1a y protecci\u00f3n por contrase\u00f1a.<br \/>\nSistema de refrigeraci\u00f3n: El dise\u00f1o de doble sistema garantiza un funcionamiento sostenido<br \/>\npor debajo de -60\u00b0C.<br \/>\nMaterial aislante: Espuma de poliuretano ign\u00edfuga de alta densidad.<br \/>\nDise\u00f1o de bajo ruido con ruido operativo \u226455 dB tras la estabilizaci\u00f3n<\/p>","protected":false},"featured_media":3216,"template":"","meta":{"_uag_custom_page_level_css":"","site-sidebar-layout":"default","site-content-layout":"","ast-site-content-layout":"default","site-content-style":"default","site-sidebar-style":"default","ast-global-header-display":"","ast-banner-title-visibility":"","ast-main-header-display":"","ast-hfb-above-header-display":"","ast-hfb-below-header-display":"","ast-hfb-mobile-header-display":"","site-post-title":"","ast-breadcrumbs-content":"","ast-featured-img":"","footer-sml-layout":"","ast-disable-related-posts":"","theme-transparent-header-meta":"default","adv-header-id-meta":"","stick-header-meta":"default","header-above-stick-meta":"","header-main-stick-meta":"","header-below-stick-meta":"","astra-migrate-meta-layouts":"set","ast-page-background-enabled":"default","ast-page-background-meta":{"desktop":{"background-color":"var(--ast-global-color-4)","background-image":"","background-repeat":"repeat","background-position":"center center","background-size":"auto","background-attachment":"scroll","background-type":"","background-media":"","overlay-type":"","overlay-color":"","overlay-opacity":"","overlay-gradient":""},"tablet":{"background-color":"","background-image":"","background-repeat":"repeat","background-position":"center center","background-size":"auto","background-attachment":"scroll","background-type":"","background-media":"","overlay-type":"","overlay-color":"","overlay-opacity":"","overlay-gradient":""},"mobile":{"background-color":"","background-image":"","background-repeat":"repeat","background-position":"center center","background-size":"auto","background-attachment":"scroll","background-type":"","background-media":"","overlay-type":"","overlay-color":"","overlay-opacity":"","overlay-gradient":""}},"ast-content-background-meta":{"desktop":{"background-color":"var(--ast-global-color-5)","background-image":"","background-repeat":"repeat","background-position":"center center","background-size":"auto","background-attachment":"scroll","background-type":"","background-media":"","overlay-type":"","overlay-color":"","overlay-opacity":"","overlay-gradient":""},"tablet":{"background-color":"var(--ast-global-color-5)","background-image":"","background-repeat":"repeat","background-position":"center center","background-size":"auto","background-attachment":"scroll","background-type":"","background-media":"","overlay-type":"","overlay-color":"","overlay-opacity":"","overlay-gradient":""},"mobile":{"background-color":"var(--ast-global-color-5)","background-image":"","background-repeat":"repeat","background-position":"center center","background-size":"auto","background-attachment":"scroll","background-type":"","background-media":"","overlay-type":"","overlay-color":"","overlay-opacity":"","overlay-gradient":""}}},"product_brand":[],"product_cat":[64],"product_tag":[],"class_list":{"0":"post-3214","1":"product","2":"type-product","3":"status-publish","4":"has-post-thumbnail","6":"product_cat-ultra-low-temperature-freezer","7":"desktop-align-left","8":"tablet-align-left","9":"mobile-align-left","10":"ast-col-sm-12","11":"ast-article-post","12":"ast-width-md-12","13":"ast-archive-post","14":"ast-product-gallery-layout-horizontal-slider","15":"ast-product-gallery-with-no-image","16":"ast-product-tabs-layout-horizontal","18":"first","19":"instock","20":"shipping-taxable","21":"product-type-simple"},"uagb_featured_image_src":{"full":["https:\/\/www.ansenta.com\/wp-content\/uploads\/2025\/12\/7637cb32d8e60f6dcdd683bf4292f3ce.jpg",1081,1920,false],"thumbnail":["https:\/\/www.ansenta.com\/wp-content\/uploads\/2025\/12\/7637cb32d8e60f6dcdd683bf4292f3ce-150x150.jpg",150,150,true],"medium":["https:\/\/www.ansenta.com\/wp-content\/uploads\/2025\/12\/7637cb32d8e60f6dcdd683bf4292f3ce-169x300.jpg",169,300,true],"medium_large":["https:\/\/www.ansenta.com\/wp-content\/uploads\/2025\/12\/7637cb32d8e60f6dcdd683bf4292f3ce-768x1364.jpg",768,1364,true],"large":["https:\/\/www.ansenta.com\/wp-content\/uploads\/2025\/12\/7637cb32d8e60f6dcdd683bf4292f3ce-577x1024.jpg",577,1024,true],"1536x1536":["https:\/\/www.ansenta.com\/wp-content\/uploads\/2025\/12\/7637cb32d8e60f6dcdd683bf4292f3ce-865x1536.jpg",865,1536,true],"2048x2048":["https:\/\/www.ansenta.com\/wp-content\/uploads\/2025\/12\/7637cb32d8e60f6dcdd683bf4292f3ce.jpg",1081,1920,false],"trp-custom-language-flag":["https:\/\/www.ansenta.com\/wp-content\/uploads\/2025\/12\/7637cb32d8e60f6dcdd683bf4292f3ce-7x12.jpg",7,12,true],"mailpoet_newsletter_max":["https:\/\/www.ansenta.com\/wp-content\/uploads\/2025\/12\/7637cb32d8e60f6dcdd683bf4292f3ce.jpg",1081,1920,false],"woocommerce_thumbnail":["https:\/\/www.ansenta.com\/wp-content\/uploads\/2025\/12\/7637cb32d8e60f6dcdd683bf4292f3ce-600x600.jpg",600,600,true],"woocommerce_single":["https:\/\/www.ansenta.com\/wp-content\/uploads\/2025\/12\/7637cb32d8e60f6dcdd683bf4292f3ce-600x1066.jpg",600,1066,true],"woocommerce_gallery_thumbnail":["https:\/\/www.ansenta.com\/wp-content\/uploads\/2025\/12\/7637cb32d8e60f6dcdd683bf4292f3ce-100x100.jpg",100,100,true]},"uagb_author_info":{"display_name":"jinxing6611@gmail.com","author_link":"https:\/\/www.ansenta.com\/es\/author\/"},"uagb_comment_info":0,"uagb_excerpt":"Ultra-low Temperature Freezer Brand ANSENTA Product origin CHINA Delivery time Within 7 days Supply capacity Factory Direct Supply Model AST-86L410) Introduction Display: LCD touchscreen with 0.1\u00b0C resolution, dynamically displaying real-time parameters including chamber temperature, system setpoint, ambient temperature, alarm status, and time. Features temperature data viewing and data curve functionality. Alarm System: Over-temperature alarm, sensor&hellip;","jetpack_sharing_enabled":true,"_links":{"self":[{"href":"https:\/\/www.ansenta.com\/es\/wp-json\/wp\/v2\/product\/3214","targetHints":{"allow":["GET"]}}],"collection":[{"href":"https:\/\/www.ansenta.com\/es\/wp-json\/wp\/v2\/product"}],"about":[{"href":"https:\/\/www.ansenta.com\/es\/wp-json\/wp\/v2\/types\/product"}],"wp:featuredmedia":[{"embeddable":true,"href":"https:\/\/www.ansenta.com\/es\/wp-json\/wp\/v2\/media\/3216"}],"wp:attachment":[{"href":"https:\/\/www.ansenta.com\/es\/wp-json\/wp\/v2\/media?parent=3214"}],"wp:term":[{"taxonomy":"product_brand","embeddable":true,"href":"https:\/\/www.ansenta.com\/es\/wp-json\/wp\/v2\/product_brand?post=3214"},{"taxonomy":"product_cat","embeddable":true,"href":"https:\/\/www.ansenta.com\/es\/wp-json\/wp\/v2\/product_cat?post=3214"},{"taxonomy":"product_tag","embeddable":true,"href":"https:\/\/www.ansenta.com\/es\/wp-json\/wp\/v2\/product_tag?post=3214"}],"curies":[{"name":"wp","href":"https:\/\/api.w.org\/{rel}","templated":true}]}}