{"id":3196,"date":"2025-12-17T00:38:46","date_gmt":"2025-12-17T00:38:46","guid":{"rendered":"https:\/\/www.ansenta.com\/?post_type=product&#038;p=3196"},"modified":"2025-12-17T00:43:32","modified_gmt":"2025-12-17T00:43:32","slug":"plant-growth-measurement-equipment-ring-analysis-system-2","status":"publish","type":"product","link":"https:\/\/www.ansenta.com\/es\/producto\/plant-growth-measurement-equipment-ring-analysis-system-2\/","title":{"rendered":"Equipo de medici\u00f3n del crecimiento de las plantas - sistema de an\u00e1lisis de anillos"},"content":{"rendered":"","protected":false},"excerpt":{"rendered":"<p><span style=\"color: #003300;\"><strong>Marca<\/strong><\/span>\u00a0ANSENTA<\/p>\n<p><span style=\"color: #003300;\"><strong><b>Origen del producto<\/b><\/strong><\/span>\u00a0CHINA<\/p>\n<p><span style=\"color: #003300;\"><strong>Plazo de entrega<\/strong><\/span><strong>\u00a0<\/strong>En 7 d\u00edas<\/p>\n<p><span style=\"color: #003300;\"><strong>Capacidad de suministro<\/strong><\/span>\u00a0Suministro directo de f\u00e1brica<\/p>\n<p><span style=\"color: #003300;\"><strong>Modelo\u00a0 <\/strong><span style=\"color: #000000;\">Equipo de medici\u00f3n del crecimiento de las plantas - sistema de an\u00e1lisis de anillos<\/span><\/span><\/p>\n<p><strong><b>Introducci\u00f3n\uff1a<\/b><\/strong><\/p>\n<p>El sistema de an\u00e1lisis de im\u00e1genes de anillos anuales es una herramienta profesional para el estudio de los anillos de los \u00e1rboles, que se utiliza para analizar los anillos anuales de muestras de secci\u00f3n transversal de madera en forma de disco o de conos de crecimiento columnares. El sistema integra la adquisici\u00f3n, el an\u00e1lisis y el procesamiento de im\u00e1genes, as\u00ed como las estad\u00edsticas de datos, y puede proporcionar un soporte de datos preciso para la investigaci\u00f3n forestal, la investigaci\u00f3n ecol\u00f3gica y otros campos.<\/p>\n<p><strong><span style=\"color: #003300;\">Descargar<\/span><\/strong><\/p>\n<p><a href=\"https:\/\/www.ansenta.com\/wp-content\/uploads\/2025\/12\/\u690d\u7269\u751f\u957f\u6d4b\u91cf\u8bbe\u5907-\u690d\u7269\u51a0\u5c42\u5206\u6790\u4eea\uff08Plant-growth-measurement-equipment-plant-canopy-analyzer\uff09-1.pdf\">-Equipos de medici\u00f3n del crecimiento de las plantas-Analizador del dosel vegetal<\/a><\/p>","protected":false},"featured_media":3200,"template":"","meta":{"_uag_custom_page_level_css":"","site-sidebar-layout":"default","site-content-layout":"","ast-site-content-layout":"default","site-content-style":"default","site-sidebar-style":"default","ast-global-header-display":"","ast-banner-title-visibility":"","ast-main-header-display":"","ast-hfb-above-header-display":"","ast-hfb-below-header-display":"","ast-hfb-mobile-header-display":"","site-post-title":"","ast-breadcrumbs-content":"","ast-featured-img":"","footer-sml-layout":"","ast-disable-related-posts":"","theme-transparent-header-meta":"default","adv-header-id-meta":"","stick-header-meta":"default","header-above-stick-meta":"","header-main-stick-meta":"","header-below-stick-meta":"","astra-migrate-meta-layouts":"set","ast-page-background-enabled":"default","ast-page-background-meta":{"desktop":{"background-color":"var(--ast-global-color-4)","background-image":"","background-repeat":"repeat","background-position":"center center","background-size":"auto","background-attachment":"scroll","background-type":"","background-media":"","overlay-type":"","overlay-color":"","overlay-opacity":"","overlay-gradient":""},"tablet":{"background-color":"","background-image":"","background-repeat":"repeat","background-position":"center center","background-size":"auto","background-attachment":"scroll","background-type":"","background-media":"","overlay-type":"","overlay-color":"","overlay-opacity":"","overlay-gradient":""},"mobile":{"background-color":"","background-image":"","background-repeat":"repeat","background-position":"center center","background-size":"auto","background-attachment":"scroll","background-type":"","background-media":"","overlay-type":"","overlay-color":"","overlay-opacity":"","overlay-gradient":""}},"ast-content-background-meta":{"desktop":{"background-color":"var(--ast-global-color-5)","background-image":"","background-repeat":"repeat","background-position":"center center","background-size":"auto","background-attachment":"scroll","background-type":"","background-media":"","overlay-type":"","overlay-color":"","overlay-opacity":"","overlay-gradient":""},"tablet":{"background-color":"var(--ast-global-color-5)","background-image":"","background-repeat":"repeat","background-position":"center center","background-size":"auto","background-attachment":"scroll","background-type":"","background-media":"","overlay-type":"","overlay-color":"","overlay-opacity":"","overlay-gradient":""},"mobile":{"background-color":"var(--ast-global-color-5)","background-image":"","background-repeat":"repeat","background-position":"center center","background-size":"auto","background-attachment":"scroll","background-type":"","background-media":"","overlay-type":"","overlay-color":"","overlay-opacity":"","overlay-gradient":""}}},"product_brand":[],"product_cat":[30,171],"product_tag":[],"class_list":{"0":"post-3196","1":"product","2":"type-product","3":"status-publish","4":"has-post-thumbnail","6":"product_cat-laboratory-incubator","7":"product_cat-plant-analysis-instrument","8":"desktop-align-left","9":"tablet-align-left","10":"mobile-align-left","11":"ast-col-sm-12","12":"ast-article-post","13":"ast-width-md-12","14":"ast-archive-post","15":"ast-product-gallery-layout-horizontal-slider","16":"ast-product-gallery-with-no-image","17":"ast-product-tabs-layout-horizontal","19":"first","20":"instock","21":"shipping-taxable","22":"product-type-simple"},"uagb_featured_image_src":{"full":["https:\/\/www.ansenta.com\/wp-content\/uploads\/2025\/12\/\u56fe\u72471-2.png",640,640,false],"thumbnail":["https:\/\/www.ansenta.com\/wp-content\/uploads\/2025\/12\/\u56fe\u72471-2-150x150.png",150,150,true],"medium":["https:\/\/www.ansenta.com\/wp-content\/uploads\/2025\/12\/\u56fe\u72471-2-300x300.png",300,300,true],"medium_large":["https:\/\/www.ansenta.com\/wp-content\/uploads\/2025\/12\/\u56fe\u72471-2.png",640,640,false],"large":["https:\/\/www.ansenta.com\/wp-content\/uploads\/2025\/12\/\u56fe\u72471-2.png",640,640,false],"1536x1536":["https:\/\/www.ansenta.com\/wp-content\/uploads\/2025\/12\/\u56fe\u72471-2.png",640,640,false],"2048x2048":["https:\/\/www.ansenta.com\/wp-content\/uploads\/2025\/12\/\u56fe\u72471-2.png",640,640,false],"trp-custom-language-flag":["https:\/\/www.ansenta.com\/wp-content\/uploads\/2025\/12\/\u56fe\u72471-2-12x12.png",12,12,true],"mailpoet_newsletter_max":["https:\/\/www.ansenta.com\/wp-content\/uploads\/2025\/12\/\u56fe\u72471-2.png",640,640,false],"woocommerce_thumbnail":["https:\/\/www.ansenta.com\/wp-content\/uploads\/2025\/12\/\u56fe\u72471-2-600x600.png",600,600,true],"woocommerce_single":["https:\/\/www.ansenta.com\/wp-content\/uploads\/2025\/12\/\u56fe\u72471-2-600x600.png",600,600,true],"woocommerce_gallery_thumbnail":["https:\/\/www.ansenta.com\/wp-content\/uploads\/2025\/12\/\u56fe\u72471-2-100x100.png",100,100,true]},"uagb_author_info":{"display_name":"jinxing6611@gmail.com","author_link":"https:\/\/www.ansenta.com\/es\/author\/"},"uagb_comment_info":0,"uagb_excerpt":"Brand\u00a0ANSENTA Product Origin\u00a0CHINA Delivery time\u00a0Within 7 days Supply capacity\u00a0Factory Direct Supply Model\u00a0 Plant growth measurement equipment- ring analysis system Introduction\uff1a The annual ring image analysis system is a professional tool for studying tree rings, which is used to analyze the annual rings of disc-shaped wood cross-section or columnar growth cone samples. The system integrates image&hellip;","jetpack_sharing_enabled":true,"_links":{"self":[{"href":"https:\/\/www.ansenta.com\/es\/wp-json\/wp\/v2\/product\/3196","targetHints":{"allow":["GET"]}}],"collection":[{"href":"https:\/\/www.ansenta.com\/es\/wp-json\/wp\/v2\/product"}],"about":[{"href":"https:\/\/www.ansenta.com\/es\/wp-json\/wp\/v2\/types\/product"}],"wp:featuredmedia":[{"embeddable":true,"href":"https:\/\/www.ansenta.com\/es\/wp-json\/wp\/v2\/media\/3200"}],"wp:attachment":[{"href":"https:\/\/www.ansenta.com\/es\/wp-json\/wp\/v2\/media?parent=3196"}],"wp:term":[{"taxonomy":"product_brand","embeddable":true,"href":"https:\/\/www.ansenta.com\/es\/wp-json\/wp\/v2\/product_brand?post=3196"},{"taxonomy":"product_cat","embeddable":true,"href":"https:\/\/www.ansenta.com\/es\/wp-json\/wp\/v2\/product_cat?post=3196"},{"taxonomy":"product_tag","embeddable":true,"href":"https:\/\/www.ansenta.com\/es\/wp-json\/wp\/v2\/product_tag?post=3196"}],"curies":[{"name":"wp","href":"https:\/\/api.w.org\/{rel}","templated":true}]}}