{"id":3189,"date":"2025-12-16T09:34:58","date_gmt":"2025-12-16T09:34:58","guid":{"rendered":"https:\/\/www.ansenta.com\/?post_type=product&#038;p=3189"},"modified":"2025-12-16T09:34:58","modified_gmt":"2025-12-16T09:34:58","slug":"plant-growth-measurement-equipment-root-scanner","status":"publish","type":"product","link":"https:\/\/www.ansenta.com\/es\/producto\/plant-growth-measurement-equipment-root-scanner\/","title":{"rendered":"Equipo de medici\u00f3n del crecimiento de las plantas: esc\u00e1ner de ra\u00edces"},"content":{"rendered":"","protected":false},"excerpt":{"rendered":"<p><span style=\"color: #003300;\"><strong>Marca<\/strong><\/span>\u00a0ANSENTA<\/p>\n<p><span style=\"color: #003300;\"><strong><b>Origen del producto<\/b><\/strong>\u00a0<\/span>CHINA<\/p>\n<p><strong><span style=\"color: #003300;\">Plazo de entrega<\/span>e<\/strong><strong>\u00a0<\/strong>En 7 d\u00edas<\/p>\n<p><span style=\"color: #003300;\"><strong>Capacidad de suministro<\/strong><\/span>\u00a0Suministro directo de f\u00e1brica<\/p>\n<p><span style=\"color: #003300;\"><strong>Modelo\u00a0 <\/strong><span style=\"color: #000000;\">Equipo de medici\u00f3n del crecimiento de las plantas: esc\u00e1ner de ra\u00edces<\/span><\/span><\/p>\n<p><strong><b>Introducci\u00f3n\uff1a<\/b><\/strong><\/p>\n<p>El sistema de an\u00e1lisis de ra\u00edces se utiliza para el an\u00e1lisis profesional de las ra\u00edces despu\u00e9s del lavado de ra\u00edces, y tambi\u00e9n se puede utilizar para el an\u00e1lisis del fenotipo de las ra\u00edces de las plantas en cultivo en cajas de ra\u00edces. Puede analizar la longitud de la ra\u00edz, el di\u00e1metro, el \u00e1rea, el volumen, el recuento de la punta de la ra\u00edz, etc. Es potente y f\u00e1cil de operar. El software puede analizar el an\u00e1lisis morfol\u00f3gico de las ra\u00edces de las plantas y la distribuci\u00f3n de la estructura general de las ra\u00edces, etc. Es ampliamente utilizado en la investigaci\u00f3n de la morfolog\u00eda y estructura de las ra\u00edces.<\/p>\n<p><strong><span style=\"color: #333300;\">Descargar<\/span><\/strong><\/p>\n<p>\u2022<a href=\"https:\/\/www.ansenta.com\/wp-content\/uploads\/2025\/12\/\u690d\u7269\u751f\u957f\u6d4b\u91cf\u8bbe\u5907-\u6839\u7cfb\u626b\u63cf\u4eea\uff08Plat-growth-measurement-root-scanner\uff09.pdf\">Plat medici\u00f3n del crecimiento -root scanner<\/a><\/p>","protected":false},"featured_media":3191,"template":"","meta":{"_uag_custom_page_level_css":"","site-sidebar-layout":"default","site-content-layout":"","ast-site-content-layout":"default","site-content-style":"default","site-sidebar-style":"default","ast-global-header-display":"","ast-banner-title-visibility":"","ast-main-header-display":"","ast-hfb-above-header-display":"","ast-hfb-below-header-display":"","ast-hfb-mobile-header-display":"","site-post-title":"","ast-breadcrumbs-content":"","ast-featured-img":"","footer-sml-layout":"","ast-disable-related-posts":"","theme-transparent-header-meta":"default","adv-header-id-meta":"","stick-header-meta":"default","header-above-stick-meta":"","header-main-stick-meta":"","header-below-stick-meta":"","astra-migrate-meta-layouts":"set","ast-page-background-enabled":"default","ast-page-background-meta":{"desktop":{"background-color":"var(--ast-global-color-4)","background-image":"","background-repeat":"repeat","background-position":"center center","background-size":"auto","background-attachment":"scroll","background-type":"","background-media":"","overlay-type":"","overlay-color":"","overlay-opacity":"","overlay-gradient":""},"tablet":{"background-color":"","background-image":"","background-repeat":"repeat","background-position":"center center","background-size":"auto","background-attachment":"scroll","background-type":"","background-media":"","overlay-type":"","overlay-color":"","overlay-opacity":"","overlay-gradient":""},"mobile":{"background-color":"","background-image":"","background-repeat":"repeat","background-position":"center center","background-size":"auto","background-attachment":"scroll","background-type":"","background-media":"","overlay-type":"","overlay-color":"","overlay-opacity":"","overlay-gradient":""}},"ast-content-background-meta":{"desktop":{"background-color":"var(--ast-global-color-5)","background-image":"","background-repeat":"repeat","background-position":"center center","background-size":"auto","background-attachment":"scroll","background-type":"","background-media":"","overlay-type":"","overlay-color":"","overlay-opacity":"","overlay-gradient":""},"tablet":{"background-color":"var(--ast-global-color-5)","background-image":"","background-repeat":"repeat","background-position":"center center","background-size":"auto","background-attachment":"scroll","background-type":"","background-media":"","overlay-type":"","overlay-color":"","overlay-opacity":"","overlay-gradient":""},"mobile":{"background-color":"var(--ast-global-color-5)","background-image":"","background-repeat":"repeat","background-position":"center center","background-size":"auto","background-attachment":"scroll","background-type":"","background-media":"","overlay-type":"","overlay-color":"","overlay-opacity":"","overlay-gradient":""}}},"product_brand":[],"product_cat":[171],"product_tag":[],"class_list":{"0":"post-3189","1":"product","2":"type-product","3":"status-publish","4":"has-post-thumbnail","6":"product_cat-plant-analysis-instrument","7":"desktop-align-left","8":"tablet-align-left","9":"mobile-align-left","10":"ast-col-sm-12","11":"ast-article-post","12":"ast-width-md-12","13":"ast-archive-post","14":"ast-product-gallery-layout-horizontal-slider","15":"ast-product-gallery-with-no-image","16":"ast-product-tabs-layout-horizontal","18":"first","19":"instock","20":"shipping-taxable","21":"product-type-simple"},"uagb_featured_image_src":{"full":["https:\/\/www.ansenta.com\/wp-content\/uploads\/2025\/12\/\u56fe\u72474.png",640,640,false],"thumbnail":["https:\/\/www.ansenta.com\/wp-content\/uploads\/2025\/12\/\u56fe\u72474-150x150.png",150,150,true],"medium":["https:\/\/www.ansenta.com\/wp-content\/uploads\/2025\/12\/\u56fe\u72474-300x300.png",300,300,true],"medium_large":["https:\/\/www.ansenta.com\/wp-content\/uploads\/2025\/12\/\u56fe\u72474.png",640,640,false],"large":["https:\/\/www.ansenta.com\/wp-content\/uploads\/2025\/12\/\u56fe\u72474.png",640,640,false],"1536x1536":["https:\/\/www.ansenta.com\/wp-content\/uploads\/2025\/12\/\u56fe\u72474.png",640,640,false],"2048x2048":["https:\/\/www.ansenta.com\/wp-content\/uploads\/2025\/12\/\u56fe\u72474.png",640,640,false],"trp-custom-language-flag":["https:\/\/www.ansenta.com\/wp-content\/uploads\/2025\/12\/\u56fe\u72474-12x12.png",12,12,true],"mailpoet_newsletter_max":["https:\/\/www.ansenta.com\/wp-content\/uploads\/2025\/12\/\u56fe\u72474.png",640,640,false],"woocommerce_thumbnail":["https:\/\/www.ansenta.com\/wp-content\/uploads\/2025\/12\/\u56fe\u72474-600x600.png",600,600,true],"woocommerce_single":["https:\/\/www.ansenta.com\/wp-content\/uploads\/2025\/12\/\u56fe\u72474-600x600.png",600,600,true],"woocommerce_gallery_thumbnail":["https:\/\/www.ansenta.com\/wp-content\/uploads\/2025\/12\/\u56fe\u72474-100x100.png",100,100,true]},"uagb_author_info":{"display_name":"jinxing6611@gmail.com","author_link":"https:\/\/www.ansenta.com\/es\/author\/"},"uagb_comment_info":0,"uagb_excerpt":"Brand\u00a0ANSENTA Product Origin\u00a0CHINA Delivery time\u00a0Within 7 days Supply capacity\u00a0Factory Direct Supply Model\u00a0 Plant growth measurement equipment-root scanner Introduction\uff1a Root analysis system is used for professional root analysis after root washing, and can also be used for root phenotype analysis of plants in root box culture. It can analyze root length, diameter, area, volume, root tip&hellip;","jetpack_sharing_enabled":true,"_links":{"self":[{"href":"https:\/\/www.ansenta.com\/es\/wp-json\/wp\/v2\/product\/3189","targetHints":{"allow":["GET"]}}],"collection":[{"href":"https:\/\/www.ansenta.com\/es\/wp-json\/wp\/v2\/product"}],"about":[{"href":"https:\/\/www.ansenta.com\/es\/wp-json\/wp\/v2\/types\/product"}],"wp:featuredmedia":[{"embeddable":true,"href":"https:\/\/www.ansenta.com\/es\/wp-json\/wp\/v2\/media\/3191"}],"wp:attachment":[{"href":"https:\/\/www.ansenta.com\/es\/wp-json\/wp\/v2\/media?parent=3189"}],"wp:term":[{"taxonomy":"product_brand","embeddable":true,"href":"https:\/\/www.ansenta.com\/es\/wp-json\/wp\/v2\/product_brand?post=3189"},{"taxonomy":"product_cat","embeddable":true,"href":"https:\/\/www.ansenta.com\/es\/wp-json\/wp\/v2\/product_cat?post=3189"},{"taxonomy":"product_tag","embeddable":true,"href":"https:\/\/www.ansenta.com\/es\/wp-json\/wp\/v2\/product_tag?post=3189"}],"curies":[{"name":"wp","href":"https:\/\/api.w.org\/{rel}","templated":true}]}}