{"id":3179,"date":"2025-12-16T09:06:40","date_gmt":"2025-12-16T09:06:40","guid":{"rendered":"https:\/\/www.ansenta.com\/?post_type=product&#038;p=3179"},"modified":"2025-12-16T09:33:24","modified_gmt":"2025-12-16T09:33:24","slug":"rfs-mobile-welding-smoke-purifier","status":"publish","type":"product","link":"https:\/\/www.ansenta.com\/es\/producto\/rfs-mobile-welding-smoke-purifier\/","title":{"rendered":"Purificador m\u00f3vil de humos de soldadura RFS"},"content":{"rendered":"","protected":false},"excerpt":{"rendered":"<ul>\n<li><a href=\"https:\/\/www.ansenta.com\/wp-content\/uploads\/2025\/12\/RFS-mobile-welding-smoke-purifier.pdf\">Purificador m\u00f3vil de humos de soldadura RFS<\/a><\/li>\n<\/ul>\n<p><span style=\"color: #003300;\"><strong>Marca<\/strong><\/span> ANSENTA<\/p>\n<p><strong><span style=\"color: #003300;\">Producto\u00a0<\/span><span style=\"color: #003300;\">origen<\/span><\/strong> CHINA<\/p>\n<p><span style=\"color: #003300;\"><strong>Plazo de entrega<\/strong><\/span>\u00a0En 7 d\u00edas<\/p>\n<p><span style=\"color: #003300;\"><strong>Capacidad de suministro<\/strong><\/span>\u00a0Suministro directo de f\u00e1brica<\/p>\n<p><span style=\"color: #003300;\"><strong>Modelo<\/strong>\u00a0<\/span>SAT-RFS<\/p>\n<p>Introducci\u00f3n<\/p>\n<p>1.Dise\u00f1o m\u00f3vil para facilitar el desplazamiento y la colocaci\u00f3n donde sea necesario.<\/p>\n<p>2.Larga vida \u00fatil, capaz de funcionar continuamente las 24 horas del d\u00eda.<\/p>\n<p>3.Eficiencia de eliminaci\u00f3n de polvo del filtro: Superior a 99% para part\u00edculas mayores de 0,3\u03bcm.<\/p>\n<p>El brazo mec\u00e1nico de aspiraci\u00f3n flexible de 4,2 metros gira libremente 360 grados seg\u00fan sea necesario.<\/p>\n<p>5.Los cartuchos filtrantes de material importado garantizan una alta eficacia de filtraci\u00f3n y una vida \u00fatil prolongada.<\/p>\n<p>6.Equipado con v\u00e1lvula de ajuste del flujo de aire para regular libremente la capacidad de aspiraci\u00f3n.<\/p>\n<p>7.Panel de control intuitivo para un manejo sencillo y f\u00e1cil.<\/p>\n<p>8.La capacidad de accionamiento de frecuencia variable (VFD) reduce el consumo de energ\u00eda en m\u00e1s de 25%.<\/p>\n<p>9.Los cartuchos filtrantes admiten ciclos de limpieza de aire prolongados (sustituibles tras 4000 horas de uso).<\/p>","protected":false},"featured_media":3183,"template":"","meta":{"_uag_custom_page_level_css":"","site-sidebar-layout":"default","site-content-layout":"","ast-site-content-layout":"default","site-content-style":"default","site-sidebar-style":"default","ast-global-header-display":"","ast-banner-title-visibility":"","ast-main-header-display":"","ast-hfb-above-header-display":"","ast-hfb-below-header-display":"","ast-hfb-mobile-header-display":"","site-post-title":"","ast-breadcrumbs-content":"","ast-featured-img":"","footer-sml-layout":"","ast-disable-related-posts":"","theme-transparent-header-meta":"default","adv-header-id-meta":"","stick-header-meta":"default","header-above-stick-meta":"","header-main-stick-meta":"","header-below-stick-meta":"","astra-migrate-meta-layouts":"set","ast-page-background-enabled":"default","ast-page-background-meta":{"desktop":{"background-color":"var(--ast-global-color-4)","background-image":"","background-repeat":"repeat","background-position":"center center","background-size":"auto","background-attachment":"scroll","background-type":"","background-media":"","overlay-type":"","overlay-color":"","overlay-opacity":"","overlay-gradient":""},"tablet":{"background-color":"","background-image":"","background-repeat":"repeat","background-position":"center center","background-size":"auto","background-attachment":"scroll","background-type":"","background-media":"","overlay-type":"","overlay-color":"","overlay-opacity":"","overlay-gradient":""},"mobile":{"background-color":"","background-image":"","background-repeat":"repeat","background-position":"center center","background-size":"auto","background-attachment":"scroll","background-type":"","background-media":"","overlay-type":"","overlay-color":"","overlay-opacity":"","overlay-gradient":""}},"ast-content-background-meta":{"desktop":{"background-color":"var(--ast-global-color-5)","background-image":"","background-repeat":"repeat","background-position":"center center","background-size":"auto","background-attachment":"scroll","background-type":"","background-media":"","overlay-type":"","overlay-color":"","overlay-opacity":"","overlay-gradient":""},"tablet":{"background-color":"var(--ast-global-color-5)","background-image":"","background-repeat":"repeat","background-position":"center center","background-size":"auto","background-attachment":"scroll","background-type":"","background-media":"","overlay-type":"","overlay-color":"","overlay-opacity":"","overlay-gradient":""},"mobile":{"background-color":"var(--ast-global-color-5)","background-image":"","background-repeat":"repeat","background-position":"center center","background-size":"auto","background-attachment":"scroll","background-type":"","background-media":"","overlay-type":"","overlay-color":"","overlay-opacity":"","overlay-gradient":""}}},"product_brand":[],"product_cat":[90],"product_tag":[],"class_list":{"0":"post-3179","1":"product","2":"type-product","3":"status-publish","4":"has-post-thumbnail","6":"product_cat-new-products","7":"desktop-align-left","8":"tablet-align-left","9":"mobile-align-left","10":"ast-col-sm-12","11":"ast-article-post","12":"ast-width-md-12","13":"ast-archive-post","14":"ast-product-gallery-layout-horizontal-slider","15":"ast-product-gallery-with-no-image","16":"ast-product-tabs-layout-horizontal","18":"first","19":"instock","20":"shipping-taxable","21":"product-type-simple"},"uagb_featured_image_src":{"full":["https:\/\/www.ansenta.com\/wp-content\/uploads\/2025\/12\/073f90b87965d0c914e597578175921e.png",794,394,false],"thumbnail":["https:\/\/www.ansenta.com\/wp-content\/uploads\/2025\/12\/073f90b87965d0c914e597578175921e-150x150.png",150,150,true],"medium":["https:\/\/www.ansenta.com\/wp-content\/uploads\/2025\/12\/073f90b87965d0c914e597578175921e-300x149.png",300,149,true],"medium_large":["https:\/\/www.ansenta.com\/wp-content\/uploads\/2025\/12\/073f90b87965d0c914e597578175921e-768x381.png",768,381,true],"large":["https:\/\/www.ansenta.com\/wp-content\/uploads\/2025\/12\/073f90b87965d0c914e597578175921e.png",794,394,false],"1536x1536":["https:\/\/www.ansenta.com\/wp-content\/uploads\/2025\/12\/073f90b87965d0c914e597578175921e.png",794,394,false],"2048x2048":["https:\/\/www.ansenta.com\/wp-content\/uploads\/2025\/12\/073f90b87965d0c914e597578175921e.png",794,394,false],"trp-custom-language-flag":["https:\/\/www.ansenta.com\/wp-content\/uploads\/2025\/12\/073f90b87965d0c914e597578175921e-18x9.png",18,9,true],"mailpoet_newsletter_max":["https:\/\/www.ansenta.com\/wp-content\/uploads\/2025\/12\/073f90b87965d0c914e597578175921e.png",794,394,false],"woocommerce_thumbnail":["https:\/\/www.ansenta.com\/wp-content\/uploads\/2025\/12\/073f90b87965d0c914e597578175921e-600x394.png",600,394,true],"woocommerce_single":["https:\/\/www.ansenta.com\/wp-content\/uploads\/2025\/12\/073f90b87965d0c914e597578175921e-600x298.png",600,298,true],"woocommerce_gallery_thumbnail":["https:\/\/www.ansenta.com\/wp-content\/uploads\/2025\/12\/073f90b87965d0c914e597578175921e-100x100.png",100,100,true]},"uagb_author_info":{"display_name":"jinxing6611@gmail.com","author_link":"https:\/\/www.ansenta.com\/es\/author\/"},"uagb_comment_info":0,"uagb_excerpt":"RFS mobile welding smoke purifier Brand ANSENTA Product\u00a0origin CHINA Delivery time\u00a0Within 7 days Supply capacity\u00a0Factory Direct Supply Model\u00a0SAT-RFS Introduction 1.Mobile design for easy movement and positioning wherever needed. 2.Long service life, capable of continuous 24-hour operation. 3.Filter dust removal efficiency: Over 99% for particles larger than 0.3\u03bcm. 4.2-meter mechanical flexible suction arm rotates freely 360&hellip;","jetpack_sharing_enabled":true,"_links":{"self":[{"href":"https:\/\/www.ansenta.com\/es\/wp-json\/wp\/v2\/product\/3179","targetHints":{"allow":["GET"]}}],"collection":[{"href":"https:\/\/www.ansenta.com\/es\/wp-json\/wp\/v2\/product"}],"about":[{"href":"https:\/\/www.ansenta.com\/es\/wp-json\/wp\/v2\/types\/product"}],"wp:featuredmedia":[{"embeddable":true,"href":"https:\/\/www.ansenta.com\/es\/wp-json\/wp\/v2\/media\/3183"}],"wp:attachment":[{"href":"https:\/\/www.ansenta.com\/es\/wp-json\/wp\/v2\/media?parent=3179"}],"wp:term":[{"taxonomy":"product_brand","embeddable":true,"href":"https:\/\/www.ansenta.com\/es\/wp-json\/wp\/v2\/product_brand?post=3179"},{"taxonomy":"product_cat","embeddable":true,"href":"https:\/\/www.ansenta.com\/es\/wp-json\/wp\/v2\/product_cat?post=3179"},{"taxonomy":"product_tag","embeddable":true,"href":"https:\/\/www.ansenta.com\/es\/wp-json\/wp\/v2\/product_tag?post=3179"}],"curies":[{"name":"wp","href":"https:\/\/api.w.org\/{rel}","templated":true}]}}