{"id":3173,"date":"2025-12-16T08:57:38","date_gmt":"2025-12-16T08:57:38","guid":{"rendered":"https:\/\/www.ansenta.com\/?post_type=product&#038;p=3173"},"modified":"2026-01-23T23:42:54","modified_gmt":"2026-01-23T23:42:54","slug":"5-part-auto-hematology-analyzer","status":"publish","type":"product","link":"https:\/\/www.ansenta.com\/es\/producto\/5-part-auto-hematology-analyzer\/","title":{"rendered":"Analizador hematol\u00f3gico autom\u00e1tico de 5 partes"},"content":{"rendered":"","protected":false},"excerpt":{"rendered":"<p><span style=\"color: #003300;\"><strong>Marca<\/strong><\/span>\u00a0ANSENTA<br \/>\n<span style=\"color: #003300;\"><strong><b>Origen del producto<\/b><\/strong>\u00a0<\/span>CHINA<br \/>\n<span style=\"color: #003300;\"><strong>Plazo de entrega<\/strong><\/span><strong>\u00a0<\/strong>En 7 d\u00edas<br \/>\n<span style=\"color: #003300;\"><strong>Capacidad de suministro<\/strong><\/span>\u00a0Suministro directo de f\u00e1brica<br \/>\n<strong><span style=\"color: #003300;\">Modelo<\/span> <\/strong>Analizador hematol\u00f3gico autom\u00e1tico de 5 partes<br \/>\nIntroducci\u00f3n:<br \/>\nEl principio Coulter se utiliza para detectar el n\u00famero y la distribuci\u00f3n del volumen de los hemat\u00edes y las plaquetas; la concentraci\u00f3n de hemoglobina se mide por colorimetr\u00eda; y la citometr\u00eda diferencial de cinco partes de los leucocitos y los recuentos de leucocitos\/bas\u00f3filos se obtienen mediante citometr\u00eda de flujo con l\u00e1ser semiconductor.<br \/>\n<strong><span style=\"color: #003300;\">Descargar<\/span><\/strong><br \/>\n<a href=\"https:\/\/www.ansenta.com\/wp-content\/uploads\/2025\/12\/\u4e94\u79cd\u7c7b\u5168\u81ea\u52a8\u8840\u6db2\u5206\u6790\u4eea\uff085-Part-Auto-Hematology-Analyzer\uff09.pdf\">-5-Part Auto Hematology Analyzer<\/a><\/p>","protected":false},"featured_media":3177,"template":"","meta":{"_uag_custom_page_level_css":"","site-sidebar-layout":"default","site-content-layout":"","ast-site-content-layout":"default","site-content-style":"default","site-sidebar-style":"default","ast-global-header-display":"","ast-banner-title-visibility":"","ast-main-header-display":"","ast-hfb-above-header-display":"","ast-hfb-below-header-display":"","ast-hfb-mobile-header-display":"","site-post-title":"","ast-breadcrumbs-content":"","ast-featured-img":"","footer-sml-layout":"","ast-disable-related-posts":"","theme-transparent-header-meta":"default","adv-header-id-meta":"","stick-header-meta":"default","header-above-stick-meta":"","header-main-stick-meta":"","header-below-stick-meta":"","astra-migrate-meta-layouts":"set","ast-page-background-enabled":"default","ast-page-background-meta":{"desktop":{"background-color":"var(--ast-global-color-4)","background-image":"","background-repeat":"repeat","background-position":"center center","background-size":"auto","background-attachment":"scroll","background-type":"","background-media":"","overlay-type":"","overlay-color":"","overlay-opacity":"","overlay-gradient":""},"tablet":{"background-color":"","background-image":"","background-repeat":"repeat","background-position":"center center","background-size":"auto","background-attachment":"scroll","background-type":"","background-media":"","overlay-type":"","overlay-color":"","overlay-opacity":"","overlay-gradient":""},"mobile":{"background-color":"","background-image":"","background-repeat":"repeat","background-position":"center center","background-size":"auto","background-attachment":"scroll","background-type":"","background-media":"","overlay-type":"","overlay-color":"","overlay-opacity":"","overlay-gradient":""}},"ast-content-background-meta":{"desktop":{"background-color":"var(--ast-global-color-5)","background-image":"","background-repeat":"repeat","background-position":"center center","background-size":"auto","background-attachment":"scroll","background-type":"","background-media":"","overlay-type":"","overlay-color":"","overlay-opacity":"","overlay-gradient":""},"tablet":{"background-color":"var(--ast-global-color-5)","background-image":"","background-repeat":"repeat","background-position":"center center","background-size":"auto","background-attachment":"scroll","background-type":"","background-media":"","overlay-type":"","overlay-color":"","overlay-opacity":"","overlay-gradient":""},"mobile":{"background-color":"var(--ast-global-color-5)","background-image":"","background-repeat":"repeat","background-position":"center center","background-size":"auto","background-attachment":"scroll","background-type":"","background-media":"","overlay-type":"","overlay-color":"","overlay-opacity":"","overlay-gradient":""}}},"product_brand":[],"product_cat":[35,17],"product_tag":[],"class_list":{"0":"post-3173","1":"product","2":"type-product","3":"status-publish","4":"has-post-thumbnail","6":"product_cat-blood-bank-instruments","7":"product_cat-products","8":"desktop-align-left","9":"tablet-align-left","10":"mobile-align-left","11":"ast-col-sm-12","12":"ast-article-post","13":"ast-width-md-12","14":"ast-archive-post","15":"ast-product-gallery-layout-horizontal-slider","16":"ast-product-gallery-with-no-image","17":"ast-product-tabs-layout-horizontal","19":"first","20":"instock","21":"shipping-taxable","22":"product-type-simple"},"uagb_featured_image_src":{"full":["https:\/\/www.ansenta.com\/wp-content\/uploads\/2025\/12\/\u5fae\u4fe1\u56fe\u7247_20251216165624_65_8.png",606,814,false],"thumbnail":["https:\/\/www.ansenta.com\/wp-content\/uploads\/2025\/12\/\u5fae\u4fe1\u56fe\u7247_20251216165624_65_8-150x150.png",150,150,true],"medium":["https:\/\/www.ansenta.com\/wp-content\/uploads\/2025\/12\/\u5fae\u4fe1\u56fe\u7247_20251216165624_65_8-223x300.png",223,300,true],"medium_large":["https:\/\/www.ansenta.com\/wp-content\/uploads\/2025\/12\/\u5fae\u4fe1\u56fe\u7247_20251216165624_65_8.png",606,814,false],"large":["https:\/\/www.ansenta.com\/wp-content\/uploads\/2025\/12\/\u5fae\u4fe1\u56fe\u7247_20251216165624_65_8.png",606,814,false],"1536x1536":["https:\/\/www.ansenta.com\/wp-content\/uploads\/2025\/12\/\u5fae\u4fe1\u56fe\u7247_20251216165624_65_8.png",606,814,false],"2048x2048":["https:\/\/www.ansenta.com\/wp-content\/uploads\/2025\/12\/\u5fae\u4fe1\u56fe\u7247_20251216165624_65_8.png",606,814,false],"trp-custom-language-flag":["https:\/\/www.ansenta.com\/wp-content\/uploads\/2025\/12\/\u5fae\u4fe1\u56fe\u7247_20251216165624_65_8-9x12.png",9,12,true],"mailpoet_newsletter_max":["https:\/\/www.ansenta.com\/wp-content\/uploads\/2025\/12\/\u5fae\u4fe1\u56fe\u7247_20251216165624_65_8.png",606,814,false],"woocommerce_thumbnail":["https:\/\/www.ansenta.com\/wp-content\/uploads\/2025\/12\/\u5fae\u4fe1\u56fe\u7247_20251216165624_65_8-600x600.png",600,600,true],"woocommerce_single":["https:\/\/www.ansenta.com\/wp-content\/uploads\/2025\/12\/\u5fae\u4fe1\u56fe\u7247_20251216165624_65_8-600x806.png",600,806,true],"woocommerce_gallery_thumbnail":["https:\/\/www.ansenta.com\/wp-content\/uploads\/2025\/12\/\u5fae\u4fe1\u56fe\u7247_20251216165624_65_8-100x100.png",100,100,true]},"uagb_author_info":{"display_name":"jinxing6611@gmail.com","author_link":"https:\/\/www.ansenta.com\/es\/author\/"},"uagb_comment_info":0,"uagb_excerpt":"Brand\u00a0ANSENTA Product Origin\u00a0CHINA Delivery time\u00a0Within 7 days Supply capacity\u00a0Factory Direct Supply Model 5-Part Auto Hematology Analyzer Introduction: The Coulter principle is used to detect the number and volume distribution of red blood cells and platelets; hemoglobin concentration is measured by colorimetry; and five-part differential cytometry of white blood cells and white blood cell\/basophil counts are&hellip;","jetpack_sharing_enabled":true,"_links":{"self":[{"href":"https:\/\/www.ansenta.com\/es\/wp-json\/wp\/v2\/product\/3173","targetHints":{"allow":["GET"]}}],"collection":[{"href":"https:\/\/www.ansenta.com\/es\/wp-json\/wp\/v2\/product"}],"about":[{"href":"https:\/\/www.ansenta.com\/es\/wp-json\/wp\/v2\/types\/product"}],"wp:featuredmedia":[{"embeddable":true,"href":"https:\/\/www.ansenta.com\/es\/wp-json\/wp\/v2\/media\/3177"}],"wp:attachment":[{"href":"https:\/\/www.ansenta.com\/es\/wp-json\/wp\/v2\/media?parent=3173"}],"wp:term":[{"taxonomy":"product_brand","embeddable":true,"href":"https:\/\/www.ansenta.com\/es\/wp-json\/wp\/v2\/product_brand?post=3173"},{"taxonomy":"product_cat","embeddable":true,"href":"https:\/\/www.ansenta.com\/es\/wp-json\/wp\/v2\/product_cat?post=3173"},{"taxonomy":"product_tag","embeddable":true,"href":"https:\/\/www.ansenta.com\/es\/wp-json\/wp\/v2\/product_tag?post=3173"}],"curies":[{"name":"wp","href":"https:\/\/api.w.org\/{rel}","templated":true}]}}