{"id":3127,"date":"2025-12-16T08:05:49","date_gmt":"2025-12-16T08:05:49","guid":{"rendered":"https:\/\/www.ansenta.com\/?post_type=product&#038;p=3127"},"modified":"2025-12-16T08:05:49","modified_gmt":"2025-12-16T08:05:49","slug":"portable-chlorophyll-meter-2","status":"publish","type":"product","link":"https:\/\/www.ansenta.com\/es\/producto\/portable-chlorophyll-meter-2\/","title":{"rendered":"Medidor port\u00e1til de clorofila"},"content":{"rendered":"<p><span style=\"color: #003300;\"><strong>Marca<\/strong><\/span> ANSENTA<\/p>\n<p><b><span style=\"color: #003300;\">Origen del producto<\/span><\/b> CHINA<\/p>\n<p><strong><span style=\"color: #003300;\">Plazo de entrega<\/span> <\/strong>En 7 d\u00edas<\/p>\n<p><strong><span style=\"color: #003300;\">Capacidad de suministro<\/span><\/strong> Suministro directo de f\u00e1brica<\/p>\n<p><strong><span style=\"color: #003300;\">Modelo\u00a0 <\/span><\/strong><span style=\"color: #000000;\">AST-YSL-01 \uff08Chlorophyll Analyzer\uff09 AST-YSL-02(Chlorophyll Analyzer)\u00a0 AST-YSL-03(Plant nutrient analyzer) AST-YSL-(Plant nutrient analyzer)<\/span><\/p>\n<p><b>Introducci\u00f3n\uff1a<\/b><\/p>\n<p>El analizador de clorofila AST-YLS mide en tiempo real el contenido de clorofila de las plantas (unidades SPAD) o \u2018verdor\u2019, lo que permite evaluar con precisi\u00f3n las necesidades reales de nitr\u00f3geno. Ayuda a identificar la deficiencia o la sobreaplicaci\u00f3n de nitr\u00f3geno en el suelo, mejora la eficiencia de los fertilizantes y protege el medio ambiente evitando la contaminaci\u00f3n del agua por el uso excesivo de nitr\u00f3geno.<\/p>\n<p>&nbsp;<\/p>\n<p>&nbsp;<\/p>\n<p>&nbsp;<\/p>\n<p>&nbsp;<\/p>","protected":false},"excerpt":{"rendered":"<p><strong><span style=\"color: #003300;\">Descargar<\/span><\/strong><\/p>\n<p><a href=\"https:\/\/www.ansenta.com\/wp-content\/uploads\/2025\/12\/\u4fbf\u643a\u5f0f\u53f6\u7eff\u7d20\u4eea\uff08Portable-chlorophyll-meter\uff09.pdf\">Medidor port\u00e1til de clorofila<\/a><\/p>","protected":false},"featured_media":3137,"template":"","meta":{"_uag_custom_page_level_css":"","site-sidebar-layout":"default","site-content-layout":"","ast-site-content-layout":"default","site-content-style":"default","site-sidebar-style":"default","ast-global-header-display":"","ast-banner-title-visibility":"","ast-main-header-display":"","ast-hfb-above-header-display":"","ast-hfb-below-header-display":"","ast-hfb-mobile-header-display":"","site-post-title":"","ast-breadcrumbs-content":"","ast-featured-img":"","footer-sml-layout":"","ast-disable-related-posts":"","theme-transparent-header-meta":"default","adv-header-id-meta":"","stick-header-meta":"default","header-above-stick-meta":"","header-main-stick-meta":"","header-below-stick-meta":"","astra-migrate-meta-layouts":"set","ast-page-background-enabled":"default","ast-page-background-meta":{"desktop":{"background-color":"var(--ast-global-color-4)","background-image":"","background-repeat":"repeat","background-position":"center center","background-size":"auto","background-attachment":"scroll","background-type":"","background-media":"","overlay-type":"","overlay-color":"","overlay-opacity":"","overlay-gradient":""},"tablet":{"background-color":"","background-image":"","background-repeat":"repeat","background-position":"center center","background-size":"auto","background-attachment":"scroll","background-type":"","background-media":"","overlay-type":"","overlay-color":"","overlay-opacity":"","overlay-gradient":""},"mobile":{"background-color":"","background-image":"","background-repeat":"repeat","background-position":"center center","background-size":"auto","background-attachment":"scroll","background-type":"","background-media":"","overlay-type":"","overlay-color":"","overlay-opacity":"","overlay-gradient":""}},"ast-content-background-meta":{"desktop":{"background-color":"var(--ast-global-color-5)","background-image":"","background-repeat":"repeat","background-position":"center center","background-size":"auto","background-attachment":"scroll","background-type":"","background-media":"","overlay-type":"","overlay-color":"","overlay-opacity":"","overlay-gradient":""},"tablet":{"background-color":"var(--ast-global-color-5)","background-image":"","background-repeat":"repeat","background-position":"center center","background-size":"auto","background-attachment":"scroll","background-type":"","background-media":"","overlay-type":"","overlay-color":"","overlay-opacity":"","overlay-gradient":""},"mobile":{"background-color":"var(--ast-global-color-5)","background-image":"","background-repeat":"repeat","background-position":"center center","background-size":"auto","background-attachment":"scroll","background-type":"","background-media":"","overlay-type":"","overlay-color":"","overlay-opacity":"","overlay-gradient":""}}},"product_brand":[],"product_cat":[17],"product_tag":[],"class_list":{"0":"post-3127","1":"product","2":"type-product","3":"status-publish","4":"has-post-thumbnail","6":"product_cat-products","7":"desktop-align-left","8":"tablet-align-left","9":"mobile-align-left","10":"ast-col-sm-12","11":"ast-article-post","12":"ast-width-md-12","13":"ast-archive-post","14":"ast-product-gallery-layout-horizontal-slider","15":"ast-product-gallery-with-no-image","16":"ast-product-tabs-layout-horizontal","18":"first","19":"instock","20":"shipping-taxable","21":"product-type-simple"},"uagb_featured_image_src":{"full":["https:\/\/www.ansenta.com\/wp-content\/uploads\/2025\/12\/94b56fc1004df91f1952e8137fbc0bff.png",538,347,false],"thumbnail":["https:\/\/www.ansenta.com\/wp-content\/uploads\/2025\/12\/94b56fc1004df91f1952e8137fbc0bff-150x150.png",150,150,true],"medium":["https:\/\/www.ansenta.com\/wp-content\/uploads\/2025\/12\/94b56fc1004df91f1952e8137fbc0bff-300x193.png",300,193,true],"medium_large":["https:\/\/www.ansenta.com\/wp-content\/uploads\/2025\/12\/94b56fc1004df91f1952e8137fbc0bff.png",538,347,false],"large":["https:\/\/www.ansenta.com\/wp-content\/uploads\/2025\/12\/94b56fc1004df91f1952e8137fbc0bff.png",538,347,false],"1536x1536":["https:\/\/www.ansenta.com\/wp-content\/uploads\/2025\/12\/94b56fc1004df91f1952e8137fbc0bff.png",538,347,false],"2048x2048":["https:\/\/www.ansenta.com\/wp-content\/uploads\/2025\/12\/94b56fc1004df91f1952e8137fbc0bff.png",538,347,false],"trp-custom-language-flag":["https:\/\/www.ansenta.com\/wp-content\/uploads\/2025\/12\/94b56fc1004df91f1952e8137fbc0bff-18x12.png",18,12,true],"mailpoet_newsletter_max":["https:\/\/www.ansenta.com\/wp-content\/uploads\/2025\/12\/94b56fc1004df91f1952e8137fbc0bff.png",538,347,false],"woocommerce_thumbnail":["https:\/\/www.ansenta.com\/wp-content\/uploads\/2025\/12\/94b56fc1004df91f1952e8137fbc0bff.png",538,347,false],"woocommerce_single":["https:\/\/www.ansenta.com\/wp-content\/uploads\/2025\/12\/94b56fc1004df91f1952e8137fbc0bff.png",538,347,false],"woocommerce_gallery_thumbnail":["https:\/\/www.ansenta.com\/wp-content\/uploads\/2025\/12\/94b56fc1004df91f1952e8137fbc0bff-100x100.png",100,100,true]},"uagb_author_info":{"display_name":"jinxing6611@gmail.com","author_link":"https:\/\/www.ansenta.com\/es\/author\/"},"uagb_comment_info":0,"uagb_excerpt":"Download Portable chlorophyll meter","jetpack_sharing_enabled":true,"_links":{"self":[{"href":"https:\/\/www.ansenta.com\/es\/wp-json\/wp\/v2\/product\/3127","targetHints":{"allow":["GET"]}}],"collection":[{"href":"https:\/\/www.ansenta.com\/es\/wp-json\/wp\/v2\/product"}],"about":[{"href":"https:\/\/www.ansenta.com\/es\/wp-json\/wp\/v2\/types\/product"}],"wp:featuredmedia":[{"embeddable":true,"href":"https:\/\/www.ansenta.com\/es\/wp-json\/wp\/v2\/media\/3137"}],"wp:attachment":[{"href":"https:\/\/www.ansenta.com\/es\/wp-json\/wp\/v2\/media?parent=3127"}],"wp:term":[{"taxonomy":"product_brand","embeddable":true,"href":"https:\/\/www.ansenta.com\/es\/wp-json\/wp\/v2\/product_brand?post=3127"},{"taxonomy":"product_cat","embeddable":true,"href":"https:\/\/www.ansenta.com\/es\/wp-json\/wp\/v2\/product_cat?post=3127"},{"taxonomy":"product_tag","embeddable":true,"href":"https:\/\/www.ansenta.com\/es\/wp-json\/wp\/v2\/product_tag?post=3127"}],"curies":[{"name":"wp","href":"https:\/\/api.w.org\/{rel}","templated":true}]}}