{"id":2341,"date":"2025-11-27T09:13:24","date_gmt":"2025-11-27T09:13:24","guid":{"rendered":"https:\/\/www.ansenta.com\/?post_type=product&#038;p=2341"},"modified":"2025-12-06T12:37:37","modified_gmt":"2025-12-06T12:37:37","slug":"constant-temperature-drying-oven-bjpx-hdo-series","status":"publish","type":"product","link":"https:\/\/www.ansenta.com\/es\/producto\/constant-temperature-drying-oven-bjpx-hdo-series\/","title":{"rendered":"Horno de secado a temperatura constante Serie BJPX-HDO"},"content":{"rendered":"<p><strong>Caracter\u00edsticas:<\/strong><\/p>\n<p>1. 2. Pantalla LCD de temperatura, con funci\u00f3n integrada de calibraci\u00f3n de la desviaci\u00f3n de la temperatura.<\/p>\n<p>2. Alarma de sobretemperatura y funci\u00f3n de alarma de detecci\u00f3n autom\u00e1tica de fallos, equipada con protector de corriente de fuga y sobretensi\u00f3n.<\/p>\n<p>3. Control preciso del tiempo de calentamiento, error de temporizaci\u00f3n\u22641%.<\/p>\n<p>4. Calentamiento inferior, convecci\u00f3n natural.<\/p>\n<p>5. Superficie de chapa de acero laminado en fr\u00edo rociada con pl\u00e1stico, material de revestimiento de chapa de acero inoxidable, dise\u00f1o de estructura de arco, f\u00e1cil de limpiar.<\/p>\n<p>6. La puerta de la caja tiene una ventana de observaci\u00f3n de vidrio de doble capa resistente a altas temperaturas.<\/p>\n<p>7. Tiene funci\u00f3n de memoria de par\u00e1metros y se recupera autom\u00e1ticamente al conectar la alimentaci\u00f3n.<\/p>\n<p>&nbsp;<\/p>\n<p><strong>Par\u00e1metros t\u00e9cnicos:<\/strong><\/p>\n<div class=\"nei-table\">\n<table width=\"882\" align=\"left\">\n<tbody>\n<tr class=\"ue-table-interlace-color-single firstRow\">\n<td width=\"117\">Modelo<\/td>\n<td width=\"146\">BJPX-HDO43<\/td>\n<td width=\"146\">BJPX-HDO55<\/td>\n<td width=\"146\">BJPX-HDO72<\/td>\n<td width=\"146\">BJPX-HDO138<\/td>\n<td width=\"180\">BJPX-HDO270<\/td>\n<\/tr>\n<tr class=\"ue-table-interlace-color-double\">\n<td width=\"117\">Capacidad<\/td>\n<td width=\"146\">43L<\/td>\n<td width=\"146\">55L<\/td>\n<td width=\"146\">72L<\/td>\n<td width=\"146\">138L<\/td>\n<td width=\"180\">270L<\/td>\n<\/tr>\n<tr class=\"ue-table-interlace-color-single\">\n<td width=\"117\">Temp. Rango<\/td>\n<td colspan=\"5\">RT+10\u2103~250\u2103<\/td>\n<\/tr>\n<tr class=\"ue-table-interlace-color-double\">\n<td width=\"117\">Temp. Resoluci\u00f3n<\/td>\n<td colspan=\"5\">0.1\u2103<\/td>\n<\/tr>\n<tr class=\"ue-table-interlace-color-single\">\n<td width=\"117\">Temp. Fluctuaci\u00f3n<\/td>\n<td colspan=\"5\">\u00b11\u2103<\/td>\n<\/tr>\n<tr class=\"ue-table-interlace-color-double\">\n<td width=\"117\">Temp. Uniformidad<\/td>\n<td colspan=\"5\">\u2264Temperatura m\u00e1x.\u00b13\uff05<\/td>\n<\/tr>\n<tr class=\"ue-table-interlace-color-single\">\n<td width=\"117\">Mostrar<\/td>\n<td colspan=\"5\">Pantalla LCD<\/td>\n<\/tr>\n<tr class=\"ue-table-interlace-color-double\">\n<td width=\"117\">M\u00e9todo de calentamiento<\/td>\n<td colspan=\"5\">Calentamiento inferior, convecci\u00f3n natural<\/td>\n<\/tr>\n<tr class=\"ue-table-interlace-color-single\">\n<td width=\"117\">Intervalo de tiempo<\/td>\n<td colspan=\"5\">1~9999min\/h o continuo<\/td>\n<\/tr>\n<tr class=\"ue-table-interlace-color-double\">\n<td width=\"117\">Accesorios est\u00e1ndar<\/td>\n<td colspan=\"5\">Estante<\/td>\n<\/tr>\n<tr class=\"ue-table-interlace-color-single\">\n<td width=\"146\">Accesorios opcionales<\/td>\n<td colspan=\"5\">Estante, puerto USB, impresora<\/td>\n<\/tr>\n<tr class=\"ue-table-interlace-color-double\">\n<td width=\"146\">Estanter\u00edas<\/td>\n<td colspan=\"3\">2 piezas<\/td>\n<td colspan=\"2\">3 piezas<\/td>\n<\/tr>\n<tr class=\"ue-table-interlace-color-single\">\n<td width=\"146\">Fuente de alimentaci\u00f3n<\/td>\n<td colspan=\"4\">AC100~245V, 50\/60Hz<\/td>\n<td width=\"146\">AC220V, 50\/60Hz(Est\u00e1ndar); 110V, 50\/60Hz(Opcional, transformador externo)<\/td>\n<\/tr>\n<tr class=\"ue-table-interlace-color-double\">\n<td width=\"146\">Potencia<\/td>\n<td colspan=\"4\">1500W<\/td>\n<td width=\"117\">3000W<\/td>\n<\/tr>\n<tr class=\"ue-table-interlace-color-single\">\n<td width=\"146\">Tama\u00f1o interior (ancho*fondo*alto)<\/td>\n<td width=\"146\">368*350*335mm<\/td>\n<td width=\"146\">370*370*430mm<\/td>\n<td width=\"146\">390*400*450mm<\/td>\n<td width=\"180\">500*500*550mm<\/td>\n<td width=\"117\">660*590*700mm<\/td>\n<\/tr>\n<tr class=\"ue-table-interlace-color-double\">\n<td width=\"146\">Tama\u00f1o exterior (An*P*Al)<\/td>\n<td width=\"146\">597*510*530mm<\/td>\n<td width=\"146\">596*575*618mm<\/td>\n<td width=\"146\">614*548*609mm<\/td>\n<td width=\"180\">724*663*709mm<\/td>\n<td width=\"117\">900*850*880mm<\/td>\n<\/tr>\n<tr class=\"ue-table-interlace-color-single\">\n<td width=\"146\">Tama\u00f1o del embalaje (An*F*Al)<\/td>\n<td width=\"146\">690*710*660mm<\/td>\n<td width=\"146\">720*710*730mm<\/td>\n<td width=\"146\">830*700*800mm<\/td>\n<td width=\"180\">870*795*850mm<\/td>\n<td width=\"undefined\">1010*946*1050mm<\/td>\n<\/tr>\n<tr class=\"ue-table-interlace-color-double\">\n<td width=\"undefined\">Peso neto<\/td>\n<td width=\"undefined\">35 kg<\/td>\n<td width=\"undefined\">28 kg<\/td>\n<td width=\"undefined\">45 kg<\/td>\n<td width=\"undefined\">60 kg<\/td>\n<td width=\"undefined\">86,5 kg<\/td>\n<\/tr>\n<tr class=\"ue-table-interlace-color-single\">\n<td width=\"undefined\">Peso bruto<\/td>\n<td width=\"undefined\">45 kg<\/td>\n<td width=\"undefined\">51 kg<\/td>\n<td width=\"undefined\">55 kg<\/td>\n<td width=\"undefined\">77 kg<\/td>\n<td width=\"undefined\">100 kg<\/td>\n<\/tr>\n<\/tbody>\n<\/table>\n<\/div>","protected":false},"excerpt":{"rendered":"<p>Features: 1. LCD temperature display, with built-in temperature deviation calibration function. 2. Over-temperature alarm and automatic fault detection alarm function, equipped with leakage current and overvoltage protector. 3. Accurately control the heating time, timing error\u22641%. 4. Bottom heating, natural convection. 5. Cold-rolled steel plate surface sprayed with plastic, stainless steel plate liner material, arc structure [&hellip;]<\/p>","protected":false},"featured_media":2592,"template":"","meta":{"_uag_custom_page_level_css":"","site-sidebar-layout":"default","site-content-layout":"","ast-site-content-layout":"default","site-content-style":"default","site-sidebar-style":"default","ast-global-header-display":"","ast-banner-title-visibility":"","ast-main-header-display":"","ast-hfb-above-header-display":"","ast-hfb-below-header-display":"","ast-hfb-mobile-header-display":"","site-post-title":"","ast-breadcrumbs-content":"","ast-featured-img":"","footer-sml-layout":"","ast-disable-related-posts":"","theme-transparent-header-meta":"default","adv-header-id-meta":"","stick-header-meta":"","header-above-stick-meta":"","header-main-stick-meta":"","header-below-stick-meta":"","astra-migrate-meta-layouts":"set","ast-page-background-enabled":"default","ast-page-background-meta":{"desktop":{"background-color":"var(--ast-global-color-4)","background-image":"","background-repeat":"repeat","background-position":"center center","background-size":"auto","background-attachment":"scroll","background-type":"","background-media":"","overlay-type":"","overlay-color":"","overlay-opacity":"","overlay-gradient":""},"tablet":{"background-color":"","background-image":"","background-repeat":"repeat","background-position":"center center","background-size":"auto","background-attachment":"scroll","background-type":"","background-media":"","overlay-type":"","overlay-color":"","overlay-opacity":"","overlay-gradient":""},"mobile":{"background-color":"","background-image":"","background-repeat":"repeat","background-position":"center center","background-size":"auto","background-attachment":"scroll","background-type":"","background-media":"","overlay-type":"","overlay-color":"","overlay-opacity":"","overlay-gradient":""}},"ast-content-background-meta":{"desktop":{"background-color":"var(--ast-global-color-5)","background-image":"","background-repeat":"repeat","background-position":"center center","background-size":"auto","background-attachment":"scroll","background-type":"","background-media":"","overlay-type":"","overlay-color":"","overlay-opacity":"","overlay-gradient":""},"tablet":{"background-color":"var(--ast-global-color-5)","background-image":"","background-repeat":"repeat","background-position":"center center","background-size":"auto","background-attachment":"scroll","background-type":"","background-media":"","overlay-type":"","overlay-color":"","overlay-opacity":"","overlay-gradient":""},"mobile":{"background-color":"var(--ast-global-color-5)","background-image":"","background-repeat":"repeat","background-position":"center center","background-size":"auto","background-attachment":"scroll","background-type":"","background-media":"","overlay-type":"","overlay-color":"","overlay-opacity":"","overlay-gradient":""}}},"product_brand":[],"product_cat":[31],"product_tag":[],"class_list":{"0":"post-2341","1":"product","2":"type-product","3":"status-publish","4":"has-post-thumbnail","6":"product_cat-drying-oven","7":"desktop-align-left","8":"tablet-align-left","9":"mobile-align-left","10":"ast-col-sm-12","11":"ast-article-post","12":"ast-width-md-12","13":"ast-archive-post","14":"ast-product-gallery-layout-horizontal-slider","15":"ast-product-gallery-with-no-image","16":"ast-product-tabs-layout-horizontal","18":"first","19":"instock","20":"shipping-taxable","21":"product-type-simple"},"uagb_featured_image_src":{"full":["https:\/\/www.ansenta.com\/wp-content\/uploads\/2025\/11\/1-25-1.jpg",800,800,false],"thumbnail":["https:\/\/www.ansenta.com\/wp-content\/uploads\/2025\/11\/1-25-1-150x150.jpg",150,150,true],"medium":["https:\/\/www.ansenta.com\/wp-content\/uploads\/2025\/11\/1-25-1-300x300.jpg",300,300,true],"medium_large":["https:\/\/www.ansenta.com\/wp-content\/uploads\/2025\/11\/1-25-1-768x768.jpg",768,768,true],"large":["https:\/\/www.ansenta.com\/wp-content\/uploads\/2025\/11\/1-25-1.jpg",800,800,false],"1536x1536":["https:\/\/www.ansenta.com\/wp-content\/uploads\/2025\/11\/1-25-1.jpg",800,800,false],"2048x2048":["https:\/\/www.ansenta.com\/wp-content\/uploads\/2025\/11\/1-25-1.jpg",800,800,false],"trp-custom-language-flag":["https:\/\/www.ansenta.com\/wp-content\/uploads\/2025\/11\/1-25-1-12x12.jpg",12,12,true],"mailpoet_newsletter_max":["https:\/\/www.ansenta.com\/wp-content\/uploads\/2025\/11\/1-25-1.jpg",800,800,false],"woocommerce_thumbnail":["https:\/\/www.ansenta.com\/wp-content\/uploads\/2025\/11\/1-25-1-600x600.jpg",600,600,true],"woocommerce_single":["https:\/\/www.ansenta.com\/wp-content\/uploads\/2025\/11\/1-25-1-600x600.jpg",600,600,true],"woocommerce_gallery_thumbnail":["https:\/\/www.ansenta.com\/wp-content\/uploads\/2025\/11\/1-25-1-100x100.jpg",100,100,true]},"uagb_author_info":{"display_name":"jinxing6611@gmail.com","author_link":"https:\/\/www.ansenta.com\/es\/author\/"},"uagb_comment_info":0,"uagb_excerpt":"Features: 1. LCD temperature display, with built-in temperature deviation calibration function. 2. Over-temperature alarm and automatic fault detection alarm function, equipped with leakage current and overvoltage protector. 3. Accurately control the heating time, timing error\u22641%. 4. Bottom heating, natural convection. 5. Cold-rolled steel plate surface sprayed with plastic, stainless steel plate liner material, arc structure&hellip;","jetpack_sharing_enabled":true,"_links":{"self":[{"href":"https:\/\/www.ansenta.com\/es\/wp-json\/wp\/v2\/product\/2341","targetHints":{"allow":["GET"]}}],"collection":[{"href":"https:\/\/www.ansenta.com\/es\/wp-json\/wp\/v2\/product"}],"about":[{"href":"https:\/\/www.ansenta.com\/es\/wp-json\/wp\/v2\/types\/product"}],"wp:featuredmedia":[{"embeddable":true,"href":"https:\/\/www.ansenta.com\/es\/wp-json\/wp\/v2\/media\/2592"}],"wp:attachment":[{"href":"https:\/\/www.ansenta.com\/es\/wp-json\/wp\/v2\/media?parent=2341"}],"wp:term":[{"taxonomy":"product_brand","embeddable":true,"href":"https:\/\/www.ansenta.com\/es\/wp-json\/wp\/v2\/product_brand?post=2341"},{"taxonomy":"product_cat","embeddable":true,"href":"https:\/\/www.ansenta.com\/es\/wp-json\/wp\/v2\/product_cat?post=2341"},{"taxonomy":"product_tag","embeddable":true,"href":"https:\/\/www.ansenta.com\/es\/wp-json\/wp\/v2\/product_tag?post=2341"}],"curies":[{"name":"wp","href":"https:\/\/api.w.org\/{rel}","templated":true}]}}