{"id":2334,"date":"2025-11-27T09:08:52","date_gmt":"2025-11-27T09:08:52","guid":{"rendered":"https:\/\/www.ansenta.com\/?post_type=product&#038;p=2334"},"modified":"2025-12-12T01:07:49","modified_gmt":"2025-12-12T01:07:49","slug":"co2-incubator-bjpx-c50ii-bjpx-c80ii-bjpx-c160ii","status":"publish","type":"product","link":"https:\/\/www.ansenta.com\/es\/producto\/co2-incubator-bjpx-c50ii-bjpx-c80ii-bjpx-c160ii\/","title":{"rendered":"Incubadora de CO2 BJPX-C50II BJPX-C80II BJPX-C160II"},"content":{"rendered":"<p><strong>Caracter\u00edsticas:<\/strong><\/p>\n<p>1. Sensor de infrarrojos IR, con tecnolog\u00eda de infrarrojos de doble canal y doble filtro.<\/p>\n<p>2. Con funci\u00f3n de visualizaci\u00f3n de la humedad, muestra el nivel de humedad dentro de la incubadora en tiempo real.<\/p>\n<p>3. El tanque interior est\u00e1 dise\u00f1ado con esquinas semicirculares y la superficie es de acero inoxidable 304 con tratamiento electroqu\u00edmico.<\/p>\n<p>4. El dise\u00f1o del dep\u00f3sito de agua inferior elimina la necesidad de reponer agua repetidamente, lo que ahorra tiempo.<\/p>\n<p>5. El dise\u00f1o de la alarma de nivel de agua avisa al operador para que rellene el agua a tiempo, lo que proporciona una protecci\u00f3n m\u00e1s completa de las muestras.<\/p>\n<p>6. Equipado con protectores de corriente de fuga y sobretensi\u00f3n. 7. Dispone de alarmas de sobretemperatura, subtemperatura, sobreconcentraci\u00f3n e infraconcentraci\u00f3n.<\/p>\n<p><strong>Par\u00e1metros t\u00e9cnicos:<\/strong><\/p>\n<div class=\"nei-table\">\n<table align=\"left\">\n<tbody>\n<tr class=\"ue-table-interlace-color-single firstRow\">\n<td>Modelo<\/td>\n<td>BJPX-C50II<\/td>\n<td>BJPX-C80II<\/td>\n<td>BJPX-C160II<\/td>\n<\/tr>\n<tr class=\"ue-table-interlace-color-double\">\n<td>Tipo<\/td>\n<td colspan=\"3\">Chaqueta de aire<\/td>\n<\/tr>\n<tr class=\"ue-table-interlace-color-single\">\n<td>Tipo de esterilizaci\u00f3n<\/td>\n<td colspan=\"3\">90\u2103 esterilizaci\u00f3n por calor h\u00famedo<\/td>\n<\/tr>\n<tr class=\"ue-table-interlace-color-double\">\n<td>Capacidad<\/td>\n<td>50L<\/td>\n<td>80L<\/td>\n<td>160L<\/td>\n<\/tr>\n<tr class=\"ue-table-interlace-color-single\">\n<td>Temp. Sensor<\/td>\n<td colspan=\"3\">PT100<\/td>\n<\/tr>\n<tr class=\"ue-table-interlace-color-double\">\n<td>Temp. Rango<\/td>\n<td colspan=\"3\">RT+5~60\u2103<\/td>\n<\/tr>\n<tr class=\"ue-table-interlace-color-single\">\n<td>Temp. Fluctuaci\u00f3n<\/td>\n<td colspan=\"3\">\u00b10.3\u2103(@37\u2103)<\/td>\n<\/tr>\n<tr class=\"ue-table-interlace-color-double\">\n<td>Temp. Uniformidad<\/td>\n<td colspan=\"3\">\u00b10.5\u2103(@37\u2103)<\/td>\n<\/tr>\n<tr class=\"ue-table-interlace-color-single\">\n<td>Temp. Precisi\u00f3n<\/td>\n<td colspan=\"3\">0.1\u2103<\/td>\n<\/tr>\n<tr class=\"ue-table-interlace-color-double\">\n<td>Intervalo de tiempo<\/td>\n<td colspan=\"3\">0~999h o continuo<\/td>\n<\/tr>\n<tr class=\"ue-table-interlace-color-single\">\n<td>Mostrar<\/td>\n<td colspan=\"3\">Pantalla t\u00e1ctil de 7 pulgadas<\/td>\n<\/tr>\n<tr class=\"ue-table-interlace-color-double\">\n<td>Control del CO2<\/td>\n<td colspan=\"3\">Sensor de infrarrojos IR con certificado de calibraci\u00f3n<\/td>\n<\/tr>\n<tr class=\"ue-table-interlace-color-single\">\n<td>Gama CO2<\/td>\n<td colspan=\"3\">0~20vol%<\/td>\n<\/tr>\n<tr class=\"ue-table-interlace-color-double\">\n<td>Uniformidad del CO2<\/td>\n<td colspan=\"3\">0,2vol%<\/td>\n<\/tr>\n<tr class=\"ue-table-interlace-color-single\">\n<td>Resoluci\u00f3n de control de CO2<\/td>\n<td colspan=\"3\">0,1vol%<\/td>\n<\/tr>\n<tr class=\"ue-table-interlace-color-double\">\n<td>Temperatura y humedad ambiente<\/td>\n<td colspan=\"3\">Temperatura ambiente: 5~30\u2103(Recomendaci\u00f3n: 25\u00b12\u2103)<\/p>\n<p>Humedad ambiente: \u226480%<\/td>\n<\/tr>\n<tr class=\"ue-table-interlace-color-single\">\n<td>Filtro<\/td>\n<td colspan=\"3\">CO<sub>2<\/sub>\u00a0filtro de gas<\/td>\n<\/tr>\n<tr class=\"ue-table-interlace-color-double\">\n<td>Fuente de alimentaci\u00f3n<\/td>\n<td colspan=\"3\">Est\u00e1ndar: AC220V, 50\/60Hz<\/p>\n<p>Opcional: 110 V, 50\/60 Hz (transformador externo)<\/p>\n<p>M\u00e9todo de cableado: enchufe<\/td>\n<\/tr>\n<tr class=\"ue-table-interlace-color-single\">\n<td>Consumo<\/td>\n<td>300W<\/td>\n<td>650W<\/td>\n<td>700W<\/td>\n<\/tr>\n<tr class=\"ue-table-interlace-color-double\">\n<td>Estanter\u00edas<\/td>\n<td colspan=\"3\">2 piezas, ajustable<\/td>\n<\/tr>\n<tr class=\"ue-table-interlace-color-single\">\n<td>Accesorios est\u00e1ndar<\/td>\n<td colspan=\"3\">Estantes, interfaz USB, v\u00e1lvula de alivio de CO2, filtro de gas CO2<\/td>\n<\/tr>\n<tr class=\"ue-table-interlace-color-double\">\n<td>Accesorios opcionales<\/td>\n<td colspan=\"3\">Bomba de agua, conector de tres v\u00edas<\/td>\n<\/tr>\n<tr class=\"ue-table-interlace-color-single\">\n<td>Tama\u00f1o interno (ancho*fondo*alto)<\/td>\n<td>308*392*442mm<\/td>\n<td>368*452*517mm<\/td>\n<td>468*552*648mm<\/td>\n<\/tr>\n<tr class=\"ue-table-interlace-color-double\">\n<td>Tama\u00f1o exterior (An*P*Al)<\/td>\n<td>551*713*765mm<\/td>\n<td>611*773*841mm<\/td>\n<td>711*873*991mm<\/td>\n<\/tr>\n<tr class=\"ue-table-interlace-color-single\">\n<td>Tama\u00f1o del paquete (An*F*Al)<\/td>\n<td>645*807*902mm<\/td>\n<td>725*887*985mm<\/td>\n<td>820*1010*1128mm<\/td>\n<\/tr>\n<tr class=\"ue-table-interlace-color-double\">\n<td>Peso neto<\/td>\n<td>60 kg<\/td>\n<td>72 kg<\/td>\n<td>95 kg<\/td>\n<\/tr>\n<tr class=\"ue-table-interlace-color-single\">\n<td>Peso bruto<\/td>\n<td>85 kg<\/td>\n<td>93 kg<\/td>\n<td>120 kg<\/td>\n<\/tr>\n<\/tbody>\n<\/table>\n<\/div>","protected":false},"excerpt":{"rendered":"<p>Features: 1. IR infrared sensor, using dual-channel dual-filter infrared technology. 2. With humidity display function, it shows the humidity level inside the incubator in real-time. 3. The inner tank is designed with semicircular corners and the surface is made of 304 stainless steel with electrochemical treatment. 4. The bottom water reservoir design eliminates the need [&hellip;]<\/p>","protected":false},"featured_media":2589,"template":"","meta":{"_uag_custom_page_level_css":"","site-sidebar-layout":"default","site-content-layout":"","ast-site-content-layout":"default","site-content-style":"default","site-sidebar-style":"default","ast-global-header-display":"","ast-banner-title-visibility":"","ast-main-header-display":"","ast-hfb-above-header-display":"","ast-hfb-below-header-display":"","ast-hfb-mobile-header-display":"","site-post-title":"","ast-breadcrumbs-content":"","ast-featured-img":"","footer-sml-layout":"","ast-disable-related-posts":"","theme-transparent-header-meta":"default","adv-header-id-meta":"","stick-header-meta":"default","header-above-stick-meta":"","header-main-stick-meta":"","header-below-stick-meta":"","astra-migrate-meta-layouts":"set","ast-page-background-enabled":"default","ast-page-background-meta":{"desktop":{"background-color":"var(--ast-global-color-4)","background-image":"","background-repeat":"repeat","background-position":"center center","background-size":"auto","background-attachment":"scroll","background-type":"","background-media":"","overlay-type":"","overlay-color":"","overlay-opacity":"","overlay-gradient":""},"tablet":{"background-color":"","background-image":"","background-repeat":"repeat","background-position":"center center","background-size":"auto","background-attachment":"scroll","background-type":"","background-media":"","overlay-type":"","overlay-color":"","overlay-opacity":"","overlay-gradient":""},"mobile":{"background-color":"","background-image":"","background-repeat":"repeat","background-position":"center center","background-size":"auto","background-attachment":"scroll","background-type":"","background-media":"","overlay-type":"","overlay-color":"","overlay-opacity":"","overlay-gradient":""}},"ast-content-background-meta":{"desktop":{"background-color":"var(--ast-global-color-5)","background-image":"","background-repeat":"repeat","background-position":"center center","background-size":"auto","background-attachment":"scroll","background-type":"","background-media":"","overlay-type":"","overlay-color":"","overlay-opacity":"","overlay-gradient":""},"tablet":{"background-color":"var(--ast-global-color-5)","background-image":"","background-repeat":"repeat","background-position":"center center","background-size":"auto","background-attachment":"scroll","background-type":"","background-media":"","overlay-type":"","overlay-color":"","overlay-opacity":"","overlay-gradient":""},"mobile":{"background-color":"var(--ast-global-color-5)","background-image":"","background-repeat":"repeat","background-position":"center center","background-size":"auto","background-attachment":"scroll","background-type":"","background-media":"","overlay-type":"","overlay-color":"","overlay-opacity":"","overlay-gradient":""}}},"product_brand":[],"product_cat":[30],"product_tag":[258,260],"class_list":{"0":"post-2334","1":"product","2":"type-product","3":"status-publish","4":"has-post-thumbnail","6":"product_cat-laboratory-incubator","7":"product_tag-co2-incubator","8":"product_tag-ir-infrared-sensor","9":"desktop-align-left","10":"tablet-align-left","11":"mobile-align-left","12":"ast-col-sm-12","13":"ast-article-post","14":"ast-width-md-12","15":"ast-archive-post","16":"ast-product-gallery-layout-horizontal-slider","17":"ast-product-gallery-with-no-image","18":"ast-product-tabs-layout-horizontal","20":"first","21":"instock","22":"shipping-taxable","23":"product-type-simple"},"uagb_featured_image_src":{"full":["https:\/\/www.ansenta.com\/wp-content\/uploads\/2025\/11\/1-22-1.jpg",800,800,false],"thumbnail":["https:\/\/www.ansenta.com\/wp-content\/uploads\/2025\/11\/1-22-1-150x150.jpg",150,150,true],"medium":["https:\/\/www.ansenta.com\/wp-content\/uploads\/2025\/11\/1-22-1-300x300.jpg",300,300,true],"medium_large":["https:\/\/www.ansenta.com\/wp-content\/uploads\/2025\/11\/1-22-1-768x768.jpg",768,768,true],"large":["https:\/\/www.ansenta.com\/wp-content\/uploads\/2025\/11\/1-22-1.jpg",800,800,false],"1536x1536":["https:\/\/www.ansenta.com\/wp-content\/uploads\/2025\/11\/1-22-1.jpg",800,800,false],"2048x2048":["https:\/\/www.ansenta.com\/wp-content\/uploads\/2025\/11\/1-22-1.jpg",800,800,false],"trp-custom-language-flag":["https:\/\/www.ansenta.com\/wp-content\/uploads\/2025\/11\/1-22-1-12x12.jpg",12,12,true],"mailpoet_newsletter_max":["https:\/\/www.ansenta.com\/wp-content\/uploads\/2025\/11\/1-22-1.jpg",800,800,false],"woocommerce_thumbnail":["https:\/\/www.ansenta.com\/wp-content\/uploads\/2025\/11\/1-22-1-600x600.jpg",600,600,true],"woocommerce_single":["https:\/\/www.ansenta.com\/wp-content\/uploads\/2025\/11\/1-22-1-600x600.jpg",600,600,true],"woocommerce_gallery_thumbnail":["https:\/\/www.ansenta.com\/wp-content\/uploads\/2025\/11\/1-22-1-100x100.jpg",100,100,true]},"uagb_author_info":{"display_name":"jinxing6611@gmail.com","author_link":"https:\/\/www.ansenta.com\/es\/author\/"},"uagb_comment_info":0,"uagb_excerpt":"Features: 1. IR infrared sensor, using dual-channel dual-filter infrared technology. 2. With humidity display function, it shows the humidity level inside the incubator in real-time. 3. The inner tank is designed with semicircular corners and the surface is made of 304 stainless steel with electrochemical treatment. 4. The bottom water reservoir design eliminates the need&hellip;","jetpack_sharing_enabled":true,"_links":{"self":[{"href":"https:\/\/www.ansenta.com\/es\/wp-json\/wp\/v2\/product\/2334","targetHints":{"allow":["GET"]}}],"collection":[{"href":"https:\/\/www.ansenta.com\/es\/wp-json\/wp\/v2\/product"}],"about":[{"href":"https:\/\/www.ansenta.com\/es\/wp-json\/wp\/v2\/types\/product"}],"wp:featuredmedia":[{"embeddable":true,"href":"https:\/\/www.ansenta.com\/es\/wp-json\/wp\/v2\/media\/2589"}],"wp:attachment":[{"href":"https:\/\/www.ansenta.com\/es\/wp-json\/wp\/v2\/media?parent=2334"}],"wp:term":[{"taxonomy":"product_brand","embeddable":true,"href":"https:\/\/www.ansenta.com\/es\/wp-json\/wp\/v2\/product_brand?post=2334"},{"taxonomy":"product_cat","embeddable":true,"href":"https:\/\/www.ansenta.com\/es\/wp-json\/wp\/v2\/product_cat?post=2334"},{"taxonomy":"product_tag","embeddable":true,"href":"https:\/\/www.ansenta.com\/es\/wp-json\/wp\/v2\/product_tag?post=2334"}],"curies":[{"name":"wp","href":"https:\/\/api.w.org\/{rel}","templated":true}]}}