{"id":2322,"date":"2025-11-27T08:55:12","date_gmt":"2025-11-27T08:55:12","guid":{"rendered":"https:\/\/www.ansenta.com\/?post_type=product&#038;p=2322"},"modified":"2025-12-06T12:04:24","modified_gmt":"2025-12-06T12:04:24","slug":"auto-nucleic-acid-extraction-system-bnp96","status":"publish","type":"product","link":"https:\/\/www.ansenta.com\/es\/producto\/auto-nucleic-acid-extraction-system-bnp96\/","title":{"rendered":"Sistema de extracci\u00f3n autom\u00e1tica de \u00e1cido nucleico BNP96"},"content":{"rendered":"<p><strong>Caracter\u00edsticas:<\/strong><\/p>\n<p>1. High purity extraction, easy to operate and fully automated.<\/p>\n<p>2. High throughput, can process 1~96 samples at a time, save time.<\/p>\n<p>3. With professional extraction kit, extraction process optimization.<\/p>\n<p>4. With constant temperature function to ensure the best reaction temperature in the purification process.<\/p>\n<p>5. Friendly operation interface, easy to understand, no external computer, no special training.<\/p>\n<p>6. Compact appearance, solid material, long design life.<\/p>\n<p><strong>Par\u00e1metros t\u00e9cnicos:<\/strong><strong><br \/>\n<\/strong><\/p>\n<div>\n<div class=\"nei-table\">\n<table align=\"left\">\n<tbody>\n<tr class=\"ue-table-interlace-color-single firstRow\">\n<td>Modelo<\/td>\n<td>BNP96<\/td>\n<\/tr>\n<tr class=\"ue-table-interlace-color-double\">\n<td>Sample Capacity Screen<\/td>\n<td>10.1-inch touch screen<\/td>\n<\/tr>\n<tr class=\"ue-table-interlace-color-single\">\n<td>Sample Volume<\/td>\n<td>60\u03bcl~1000\u03bcl<\/td>\n<\/tr>\n<tr class=\"ue-table-interlace-color-double\">\n<td>Sample Capacity<\/td>\n<td>1~96<\/td>\n<\/tr>\n<tr class=\"ue-table-interlace-color-single\">\n<td>Magnetic Bead Recovery<\/td>\n<td>&gt;98%<\/td>\n<\/tr>\n<tr class=\"ue-table-interlace-color-double\">\n<td>Extraction Time<\/td>\n<td>Depending on the reagents<\/td>\n<\/tr>\n<tr class=\"ue-table-interlace-color-single\">\n<td>Extracting the Difference Between Holes<\/td>\n<td>CV\u22643%<\/td>\n<\/tr>\n<tr class=\"ue-table-interlace-color-double\">\n<td>Consumo<\/td>\n<td>500W<\/td>\n<\/tr>\n<tr class=\"ue-table-interlace-color-single\">\n<td>Temperatura de funcionamiento<\/td>\n<td>RT-120\u2103<\/td>\n<\/tr>\n<tr class=\"ue-table-interlace-color-double\">\n<td>Product Purity A260\/A280<\/td>\n<td>DNA&gt;1.7~2.0; RNA&gt;1.8~2.1<\/td>\n<\/tr>\n<tr class=\"ue-table-interlace-color-single\">\n<td>Shock Mixing<\/td>\n<td>Adjustable speed<\/td>\n<\/tr>\n<tr class=\"ue-table-interlace-color-double\">\n<td>Reagent Type<\/td>\n<td>Open system for magnetic bead method<\/td>\n<\/tr>\n<tr class=\"ue-table-interlace-color-single\">\n<td>Program Storage<\/td>\n<td>48 groups<\/td>\n<\/tr>\n<tr class=\"ue-table-interlace-color-double\">\n<td>Safety Door Design<\/td>\n<td>Safety door opened, the program operation will be automatically suspended, avoid cross-contamination<\/td>\n<\/tr>\n<tr class=\"ue-table-interlace-color-single\">\n<td>Disinfection Method<\/td>\n<td>UV light, aerosol adsorption<\/td>\n<\/tr>\n<tr class=\"ue-table-interlace-color-double\">\n<td>Fuente de alimentaci\u00f3n<\/td>\n<td>AC100V~240V, 50Hz\/60Hz<\/td>\n<\/tr>\n<tr class=\"ue-table-interlace-color-single\">\n<td>Tama\u00f1o exterior (An*P*Al)<\/td>\n<td>770*530*540mm<\/td>\n<\/tr>\n<tr class=\"ue-table-interlace-color-double\">\n<td>Tama\u00f1o del paquete (An*F*Al)<\/td>\n<td>910*670*780mm<\/td>\n<\/tr>\n<tr class=\"ue-table-interlace-color-single\">\n<td>Peso bruto<\/td>\n<td>95 kg<\/td>\n<\/tr>\n<\/tbody>\n<\/table>\n<\/div>\n<\/div>","protected":false},"excerpt":{"rendered":"<p>Features: 1. High purity extraction, easy to operate and fully automated. 2. High throughput, can process 1~96 samples at a time, save time. 3. With professional extraction kit, extraction process optimization. 4. With constant temperature function to ensure the best reaction temperature in the purification process. 5. Friendly operation interface, easy to understand, no external [&hellip;]<\/p>","protected":false},"featured_media":2564,"template":"","meta":{"_uag_custom_page_level_css":"","site-sidebar-layout":"default","site-content-layout":"","ast-site-content-layout":"default","site-content-style":"default","site-sidebar-style":"default","ast-global-header-display":"","ast-banner-title-visibility":"","ast-main-header-display":"","ast-hfb-above-header-display":"","ast-hfb-below-header-display":"","ast-hfb-mobile-header-display":"","site-post-title":"","ast-breadcrumbs-content":"","ast-featured-img":"","footer-sml-layout":"","ast-disable-related-posts":"","theme-transparent-header-meta":"default","adv-header-id-meta":"","stick-header-meta":"","header-above-stick-meta":"","header-main-stick-meta":"","header-below-stick-meta":"","astra-migrate-meta-layouts":"set","ast-page-background-enabled":"default","ast-page-background-meta":{"desktop":{"background-color":"var(--ast-global-color-4)","background-image":"","background-repeat":"repeat","background-position":"center center","background-size":"auto","background-attachment":"scroll","background-type":"","background-media":"","overlay-type":"","overlay-color":"","overlay-opacity":"","overlay-gradient":""},"tablet":{"background-color":"","background-image":"","background-repeat":"repeat","background-position":"center center","background-size":"auto","background-attachment":"scroll","background-type":"","background-media":"","overlay-type":"","overlay-color":"","overlay-opacity":"","overlay-gradient":""},"mobile":{"background-color":"","background-image":"","background-repeat":"repeat","background-position":"center center","background-size":"auto","background-attachment":"scroll","background-type":"","background-media":"","overlay-type":"","overlay-color":"","overlay-opacity":"","overlay-gradient":""}},"ast-content-background-meta":{"desktop":{"background-color":"var(--ast-global-color-5)","background-image":"","background-repeat":"repeat","background-position":"center center","background-size":"auto","background-attachment":"scroll","background-type":"","background-media":"","overlay-type":"","overlay-color":"","overlay-opacity":"","overlay-gradient":""},"tablet":{"background-color":"var(--ast-global-color-5)","background-image":"","background-repeat":"repeat","background-position":"center center","background-size":"auto","background-attachment":"scroll","background-type":"","background-media":"","overlay-type":"","overlay-color":"","overlay-opacity":"","overlay-gradient":""},"mobile":{"background-color":"var(--ast-global-color-5)","background-image":"","background-repeat":"repeat","background-position":"center center","background-size":"auto","background-attachment":"scroll","background-type":"","background-media":"","overlay-type":"","overlay-color":"","overlay-opacity":"","overlay-gradient":""}}},"product_brand":[],"product_cat":[26],"product_tag":[],"class_list":{"0":"post-2322","1":"product","2":"type-product","3":"status-publish","4":"has-post-thumbnail","6":"product_cat-clinical-analytical-instruments","7":"desktop-align-left","8":"tablet-align-left","9":"mobile-align-left","10":"ast-col-sm-12","11":"ast-article-post","12":"ast-width-md-12","13":"ast-archive-post","14":"ast-product-gallery-layout-horizontal-slider","15":"ast-product-gallery-with-no-image","16":"ast-product-tabs-layout-horizontal","18":"first","19":"instock","20":"shipping-taxable","21":"product-type-simple"},"uagb_featured_image_src":{"full":["https:\/\/www.ansenta.com\/wp-content\/uploads\/2025\/11\/1-17-1.jpg",800,800,false],"thumbnail":["https:\/\/www.ansenta.com\/wp-content\/uploads\/2025\/11\/1-17-1-150x150.jpg",150,150,true],"medium":["https:\/\/www.ansenta.com\/wp-content\/uploads\/2025\/11\/1-17-1-300x300.jpg",300,300,true],"medium_large":["https:\/\/www.ansenta.com\/wp-content\/uploads\/2025\/11\/1-17-1-768x768.jpg",768,768,true],"large":["https:\/\/www.ansenta.com\/wp-content\/uploads\/2025\/11\/1-17-1.jpg",800,800,false],"1536x1536":["https:\/\/www.ansenta.com\/wp-content\/uploads\/2025\/11\/1-17-1.jpg",800,800,false],"2048x2048":["https:\/\/www.ansenta.com\/wp-content\/uploads\/2025\/11\/1-17-1.jpg",800,800,false],"trp-custom-language-flag":["https:\/\/www.ansenta.com\/wp-content\/uploads\/2025\/11\/1-17-1-12x12.jpg",12,12,true],"mailpoet_newsletter_max":["https:\/\/www.ansenta.com\/wp-content\/uploads\/2025\/11\/1-17-1.jpg",800,800,false],"woocommerce_thumbnail":["https:\/\/www.ansenta.com\/wp-content\/uploads\/2025\/11\/1-17-1-600x600.jpg",600,600,true],"woocommerce_single":["https:\/\/www.ansenta.com\/wp-content\/uploads\/2025\/11\/1-17-1-600x600.jpg",600,600,true],"woocommerce_gallery_thumbnail":["https:\/\/www.ansenta.com\/wp-content\/uploads\/2025\/11\/1-17-1-100x100.jpg",100,100,true]},"uagb_author_info":{"display_name":"jinxing6611@gmail.com","author_link":"https:\/\/www.ansenta.com\/es\/author\/"},"uagb_comment_info":0,"uagb_excerpt":"Features: 1. High purity extraction, easy to operate and fully automated. 2. High throughput, can process 1~96 samples at a time, save time. 3. With professional extraction kit, extraction process optimization. 4. With constant temperature function to ensure the best reaction temperature in the purification process. 5. Friendly operation interface, easy to understand, no external&hellip;","jetpack_sharing_enabled":true,"_links":{"self":[{"href":"https:\/\/www.ansenta.com\/es\/wp-json\/wp\/v2\/product\/2322","targetHints":{"allow":["GET"]}}],"collection":[{"href":"https:\/\/www.ansenta.com\/es\/wp-json\/wp\/v2\/product"}],"about":[{"href":"https:\/\/www.ansenta.com\/es\/wp-json\/wp\/v2\/types\/product"}],"wp:featuredmedia":[{"embeddable":true,"href":"https:\/\/www.ansenta.com\/es\/wp-json\/wp\/v2\/media\/2564"}],"wp:attachment":[{"href":"https:\/\/www.ansenta.com\/es\/wp-json\/wp\/v2\/media?parent=2322"}],"wp:term":[{"taxonomy":"product_brand","embeddable":true,"href":"https:\/\/www.ansenta.com\/es\/wp-json\/wp\/v2\/product_brand?post=2322"},{"taxonomy":"product_cat","embeddable":true,"href":"https:\/\/www.ansenta.com\/es\/wp-json\/wp\/v2\/product_cat?post=2322"},{"taxonomy":"product_tag","embeddable":true,"href":"https:\/\/www.ansenta.com\/es\/wp-json\/wp\/v2\/product_tag?post=2322"}],"curies":[{"name":"wp","href":"https:\/\/api.w.org\/{rel}","templated":true}]}}