{"id":2253,"date":"2025-11-27T01:57:40","date_gmt":"2025-11-27T01:57:40","guid":{"rendered":"https:\/\/www.ansenta.com\/?post_type=product&#038;p=2253"},"modified":"2025-12-06T11:48:04","modified_gmt":"2025-12-06T11:48:04","slug":"automatic-clinical-blood-chemistry-biochemistry-analyzer-bk-200","status":"publish","type":"product","link":"https:\/\/www.ansenta.com\/es\/producto\/automatic-clinical-blood-chemistry-biochemistry-analyzer-bk-200\/","title":{"rendered":"Analizador cl\u00ednico autom\u00e1tico de bioqu\u00edmica sangu\u00ednea BK-200"},"content":{"rendered":"<p><strong>Caracter\u00edsticas:<\/strong><\/p>\n<p>1. 37 sample positions.<\/p>\n<p>2. 28 reagent positions.<\/p>\n<p>3. 48 reaction cuvettes.<\/p>\n<p>4. 200 tests per hour.<\/p>\n<p>5. Probe with anti-collision function, liquid level dectection function.<\/p>\n<p><img decoding=\"async\" title=\"chemistry analyzer\" src=\"https:\/\/img.waimaoniu.net\/2587\/2587-202510201559505180.jpg\" alt=\"chemistry analyzer\" \/><\/p>\n<p><strong>Par\u00e1metros t\u00e9cnicos:<\/strong><\/p>\n<div class=\"nei-table\">\n<table align=\"left\">\n<tbody>\n<tr class=\"ue-table-interlace-color-single firstRow\">\n<td colspan=\"2\">Modelo<\/td>\n<td width=\"257\">BK-200<\/td>\n<\/tr>\n<tr class=\"ue-table-interlace-color-double\">\n<td rowspan=\"3\" width=\"159\">Overall<br \/>\nPerformance<\/td>\n<td width=\"294\">Rendimiento<\/td>\n<td width=\"409\">200 tests\/hour<\/td>\n<\/tr>\n<tr class=\"ue-table-interlace-color-single\">\n<td width=\"249\">Analysis Method<\/td>\n<td width=\"224\">End-point, Fixed-time, Rate(Kinetic), Turbidimetry<\/td>\n<\/tr>\n<tr class=\"ue-table-interlace-color-double\">\n<td width=\"249\">Certificates<\/td>\n<td width=\"224\">CE, FDA, ISO9001, ISO13485<\/td>\n<\/tr>\n<tr class=\"ue-table-interlace-color-single\">\n<td rowspan=\"7\" width=\"78\">Sample&amp;Reagent System<\/td>\n<td width=\"294\">Sample Positions<\/td>\n<td width=\"409\">37 sample positions<\/td>\n<\/tr>\n<tr class=\"ue-table-interlace-color-double\">\n<td width=\"249\">Reagent Position<\/td>\n<td width=\"224\">28 reagent positions<\/td>\n<\/tr>\n<tr class=\"ue-table-interlace-color-single\">\n<td width=\"249\">Sample Volume<\/td>\n<td width=\"224\">2~70\u00b5l<\/td>\n<\/tr>\n<tr class=\"ue-table-interlace-color-double\">\n<td width=\"249\">Reagent Volume<\/td>\n<td width=\"224\">20~350\u00b5l<\/td>\n<\/tr>\n<tr class=\"ue-table-interlace-color-single\">\n<td width=\"249\">Probe<\/td>\n<td width=\"224\">Teflon coating, with anti-collision function, liquid level detection function<\/td>\n<\/tr>\n<tr class=\"ue-table-interlace-color-double\">\n<td width=\"249\">Probe Washing<\/td>\n<td width=\"224\">Automatic washing interior and exterior<\/td>\n<\/tr>\n<tr class=\"ue-table-interlace-color-single\">\n<td width=\"249\">Reagent Cooling<\/td>\n<td width=\"224\">Refrigerated tray with independent switch<\/td>\n<\/tr>\n<tr class=\"ue-table-interlace-color-double\">\n<td rowspan=\"5\" width=\"78\">Reaction System<\/td>\n<td width=\"294\">Temperature Control<\/td>\n<td width=\"409\">37\u00b10.2\u2103<\/td>\n<\/tr>\n<tr class=\"ue-table-interlace-color-single\">\n<td width=\"249\">Cuvettes<\/td>\n<td width=\"224\">48 reusable cuvettes, optical length 6mm<\/td>\n<\/tr>\n<tr class=\"ue-table-interlace-color-double\">\n<td width=\"249\">Mixer Probe<\/td>\n<td width=\"224\">Independent stirring<\/td>\n<\/tr>\n<tr class=\"ue-table-interlace-color-single\">\n<td width=\"249\">Washing<\/td>\n<td width=\"224\">Automatic cuvettes washing<\/td>\n<\/tr>\n<tr class=\"ue-table-interlace-color-double\">\n<td width=\"249\">STAT Function<\/td>\n<td width=\"224\">YES<\/td>\n<\/tr>\n<tr class=\"ue-table-interlace-color-single\">\n<td rowspan=\"4\" width=\"78\">Optical System<\/td>\n<td width=\"294\">Light Source<\/td>\n<td width=\"409\">6V\/10W halogen lamp<\/td>\n<\/tr>\n<tr class=\"ue-table-interlace-color-double\">\n<td width=\"249\">Spectrophotometry<\/td>\n<td width=\"224\">Post-spectral spectrophotometry<\/td>\n<\/tr>\n<tr class=\"ue-table-interlace-color-single\">\n<td width=\"249\">Wavelength<\/td>\n<td width=\"224\">340, 405, 450, 510, 546, 578, 630, 700nm<\/td>\n<\/tr>\n<tr class=\"ue-table-interlace-color-double\">\n<td width=\"249\">Absorbance<\/td>\n<td width=\"224\">0~3.0Abs<\/td>\n<\/tr>\n<tr class=\"ue-table-interlace-color-single\">\n<td rowspan=\"2\" width=\"78\">Calibration&amp;QC<\/td>\n<td width=\"294\">Calibration<\/td>\n<td width=\"409\">Linear: K factor, 1-point, 2-point and multipoint linear<\/p>\n<p>Non-Linear: Spline, Polygon, Logit-4P, Logit-5P<\/td>\n<\/tr>\n<tr class=\"ue-table-interlace-color-double\">\n<td width=\"249\">Quality Control<\/td>\n<td width=\"224\">Real-time QC, Westgard multi rule, Cumulative sum check, Twin Plot(2D), Daily QC, Monthly QC<\/td>\n<\/tr>\n<tr class=\"ue-table-interlace-color-single\">\n<td colspan=\"1\" rowspan=\"4\" width=\"78\">Data Management<\/td>\n<td width=\"294\">Software<\/td>\n<td width=\"374\">Windows 7\/8\/10, 32 or 64 bit<\/td>\n<\/tr>\n<tr class=\"ue-table-interlace-color-double\">\n<td width=\"249\">LIS System<\/td>\n<td width=\"311\">Bi-direction, support HL7 protocol<\/td>\n<\/tr>\n<tr class=\"ue-table-interlace-color-single\">\n<td width=\"249\">Interfaz<\/td>\n<td width=\"311\">LAN port access<\/td>\n<\/tr>\n<tr class=\"ue-table-interlace-color-double\">\n<td width=\"249\">Impresora<\/td>\n<td width=\"311\">External optional, multiple reporting mode available<\/td>\n<\/tr>\n<tr class=\"ue-table-interlace-color-single\">\n<td rowspan=\"4\" width=\"78\">Working Conditions<\/td>\n<td width=\"207\">Fuente de alimentaci\u00f3n<\/td>\n<td width=\"409\">AC220V\u00b110%, 50\/60Hz; 110V\u00b110%, 60Hz, 300W<\/td>\n<\/tr>\n<tr class=\"ue-table-interlace-color-double\">\n<td width=\"249\">Temperature<\/td>\n<td width=\"311\">15~30\u2103<\/td>\n<\/tr>\n<tr class=\"ue-table-interlace-color-single\">\n<td width=\"249\">Water Consumption<\/td>\n<td width=\"311\">Deionized water:\uff1c5L\/H<\/td>\n<\/tr>\n<tr class=\"ue-table-interlace-color-double\">\n<td width=\"249\">Humidity<\/td>\n<td width=\"311\">40%~85%<\/td>\n<\/tr>\n<tr class=\"ue-table-interlace-color-single\">\n<td rowspan=\"4\" width=\"78\">Size&amp;Weight<\/td>\n<td width=\"207\">Tama\u00f1o exterior (An*P*Al)<\/td>\n<td width=\"409\">625*425*460mm<\/td>\n<\/tr>\n<tr class=\"ue-table-interlace-color-double\">\n<td width=\"281\">Peso neto<\/td>\n<td width=\"318\">36kg<\/td>\n<\/tr>\n<tr class=\"ue-table-interlace-color-single\">\n<td width=\"281\">Tama\u00f1o del paquete (An*F*Al)<\/td>\n<td width=\"318\">750*560*900mm<\/td>\n<\/tr>\n<tr class=\"ue-table-interlace-color-double\">\n<td width=\"281\">Peso bruto<\/td>\n<td width=\"318\">55 kg<\/td>\n<\/tr>\n<\/tbody>\n<\/table>\n<\/div>","protected":false},"excerpt":{"rendered":"<p>Features: 1. 37 sample positions. 2. 28 reagent positions. 3. 48 reaction cuvettes. 4. 200 tests per hour. 5. Probe with anti-collision function, liquid level dectection function. Technical Parameters: Model BK-200 Overall Performance Throughput 200 tests\/hour Analysis Method End-point, Fixed-time, Rate(Kinetic), Turbidimetry Certificates CE, FDA, ISO9001, ISO13485 Sample&amp;Reagent System Sample Positions 37 sample positions Reagent [&hellip;]<\/p>","protected":false},"featured_media":2568,"template":"","meta":{"_uag_custom_page_level_css":"","site-sidebar-layout":"default","site-content-layout":"","ast-site-content-layout":"default","site-content-style":"default","site-sidebar-style":"default","ast-global-header-display":"","ast-banner-title-visibility":"","ast-main-header-display":"","ast-hfb-above-header-display":"","ast-hfb-below-header-display":"","ast-hfb-mobile-header-display":"","site-post-title":"","ast-breadcrumbs-content":"","ast-featured-img":"","footer-sml-layout":"","ast-disable-related-posts":"","theme-transparent-header-meta":"default","adv-header-id-meta":"","stick-header-meta":"","header-above-stick-meta":"","header-main-stick-meta":"","header-below-stick-meta":"","astra-migrate-meta-layouts":"set","ast-page-background-enabled":"default","ast-page-background-meta":{"desktop":{"background-color":"var(--ast-global-color-4)","background-image":"","background-repeat":"repeat","background-position":"center center","background-size":"auto","background-attachment":"scroll","background-type":"","background-media":"","overlay-type":"","overlay-color":"","overlay-opacity":"","overlay-gradient":""},"tablet":{"background-color":"","background-image":"","background-repeat":"repeat","background-position":"center center","background-size":"auto","background-attachment":"scroll","background-type":"","background-media":"","overlay-type":"","overlay-color":"","overlay-opacity":"","overlay-gradient":""},"mobile":{"background-color":"","background-image":"","background-repeat":"repeat","background-position":"center center","background-size":"auto","background-attachment":"scroll","background-type":"","background-media":"","overlay-type":"","overlay-color":"","overlay-opacity":"","overlay-gradient":""}},"ast-content-background-meta":{"desktop":{"background-color":"var(--ast-global-color-5)","background-image":"","background-repeat":"repeat","background-position":"center center","background-size":"auto","background-attachment":"scroll","background-type":"","background-media":"","overlay-type":"","overlay-color":"","overlay-opacity":"","overlay-gradient":""},"tablet":{"background-color":"var(--ast-global-color-5)","background-image":"","background-repeat":"repeat","background-position":"center center","background-size":"auto","background-attachment":"scroll","background-type":"","background-media":"","overlay-type":"","overlay-color":"","overlay-opacity":"","overlay-gradient":""},"mobile":{"background-color":"var(--ast-global-color-5)","background-image":"","background-repeat":"repeat","background-position":"center center","background-size":"auto","background-attachment":"scroll","background-type":"","background-media":"","overlay-type":"","overlay-color":"","overlay-opacity":"","overlay-gradient":""}}},"product_brand":[],"product_cat":[26],"product_tag":[],"class_list":{"0":"post-2253","1":"product","2":"type-product","3":"status-publish","4":"has-post-thumbnail","6":"product_cat-clinical-analytical-instruments","7":"desktop-align-left","8":"tablet-align-left","9":"mobile-align-left","10":"ast-col-sm-12","11":"ast-article-post","12":"ast-width-md-12","13":"ast-archive-post","14":"ast-product-gallery-layout-horizontal-slider","15":"ast-product-gallery-with-no-image","16":"ast-product-tabs-layout-horizontal","18":"first","19":"instock","20":"shipping-taxable","21":"product-type-simple"},"uagb_featured_image_src":{"full":["https:\/\/www.ansenta.com\/wp-content\/uploads\/2025\/11\/1-1-1.jpg",800,800,false],"thumbnail":["https:\/\/www.ansenta.com\/wp-content\/uploads\/2025\/11\/1-1-1-150x150.jpg",150,150,true],"medium":["https:\/\/www.ansenta.com\/wp-content\/uploads\/2025\/11\/1-1-1-300x300.jpg",300,300,true],"medium_large":["https:\/\/www.ansenta.com\/wp-content\/uploads\/2025\/11\/1-1-1-768x768.jpg",768,768,true],"large":["https:\/\/www.ansenta.com\/wp-content\/uploads\/2025\/11\/1-1-1.jpg",800,800,false],"1536x1536":["https:\/\/www.ansenta.com\/wp-content\/uploads\/2025\/11\/1-1-1.jpg",800,800,false],"2048x2048":["https:\/\/www.ansenta.com\/wp-content\/uploads\/2025\/11\/1-1-1.jpg",800,800,false],"trp-custom-language-flag":["https:\/\/www.ansenta.com\/wp-content\/uploads\/2025\/11\/1-1-1-12x12.jpg",12,12,true],"mailpoet_newsletter_max":["https:\/\/www.ansenta.com\/wp-content\/uploads\/2025\/11\/1-1-1.jpg",800,800,false],"woocommerce_thumbnail":["https:\/\/www.ansenta.com\/wp-content\/uploads\/2025\/11\/1-1-1-600x600.jpg",600,600,true],"woocommerce_single":["https:\/\/www.ansenta.com\/wp-content\/uploads\/2025\/11\/1-1-1-600x600.jpg",600,600,true],"woocommerce_gallery_thumbnail":["https:\/\/www.ansenta.com\/wp-content\/uploads\/2025\/11\/1-1-1-100x100.jpg",100,100,true]},"uagb_author_info":{"display_name":"jinxing6611@gmail.com","author_link":"https:\/\/www.ansenta.com\/es\/author\/"},"uagb_comment_info":0,"uagb_excerpt":"Features: 1. 37 sample positions. 2. 28 reagent positions. 3. 48 reaction cuvettes. 4. 200 tests per hour. 5. Probe with anti-collision function, liquid level dectection function. Technical Parameters: Model BK-200 Overall Performance Throughput 200 tests\/hour Analysis Method End-point, Fixed-time, Rate(Kinetic), Turbidimetry Certificates CE, FDA, ISO9001, ISO13485 Sample&amp;Reagent System Sample Positions 37 sample positions Reagent&hellip;","jetpack_sharing_enabled":true,"_links":{"self":[{"href":"https:\/\/www.ansenta.com\/es\/wp-json\/wp\/v2\/product\/2253","targetHints":{"allow":["GET"]}}],"collection":[{"href":"https:\/\/www.ansenta.com\/es\/wp-json\/wp\/v2\/product"}],"about":[{"href":"https:\/\/www.ansenta.com\/es\/wp-json\/wp\/v2\/types\/product"}],"wp:featuredmedia":[{"embeddable":true,"href":"https:\/\/www.ansenta.com\/es\/wp-json\/wp\/v2\/media\/2568"}],"wp:attachment":[{"href":"https:\/\/www.ansenta.com\/es\/wp-json\/wp\/v2\/media?parent=2253"}],"wp:term":[{"taxonomy":"product_brand","embeddable":true,"href":"https:\/\/www.ansenta.com\/es\/wp-json\/wp\/v2\/product_brand?post=2253"},{"taxonomy":"product_cat","embeddable":true,"href":"https:\/\/www.ansenta.com\/es\/wp-json\/wp\/v2\/product_cat?post=2253"},{"taxonomy":"product_tag","embeddable":true,"href":"https:\/\/www.ansenta.com\/es\/wp-json\/wp\/v2\/product_tag?post=2253"}],"curies":[{"name":"wp","href":"https:\/\/api.w.org\/{rel}","templated":true}]}}