{"id":77,"date":"2025-11-26T03:41:17","date_gmt":"2025-11-26T03:41:17","guid":{"rendered":"http:\/\/ansenta.com\/services\/"},"modified":"2025-12-04T08:49:42","modified_gmt":"2025-12-04T08:49:42","slug":"services","status":"publish","type":"page","link":"https:\/\/www.ansenta.com\/es\/services\/","title":{"rendered":"Servicios"},"content":{"rendered":"<style>.elementor-77 .elementor-element.elementor-element-584e9335{--display:flex;--flex-direction:row;--container-widget-width:initial;--container-widget-height:100%;--container-widget-flex-grow:1;--container-widget-align-self:stretch;--flex-wrap-mobile:wrap;--overlay-opacity:0.3;--padding-top:3em;--padding-bottom:3em;--padding-left:0em;--padding-right:0em;}.elementor-77 .elementor-element.elementor-element-584e9335:not(.elementor-motion-effects-element-type-background), .elementor-77 .elementor-element.elementor-element-584e9335 > .elementor-motion-effects-container > .elementor-motion-effects-layer{background-color:var( --e-global-color-308e809 );}.elementor-77 .elementor-element.elementor-element-584e9335::before, .elementor-77 .elementor-element.elementor-element-584e9335 > .elementor-background-video-container::before, .elementor-77 .elementor-element.elementor-element-584e9335 > .e-con-inner > .elementor-background-video-container::before, .elementor-77 .elementor-element.elementor-element-584e9335 > .elementor-background-slideshow::before, .elementor-77 .elementor-element.elementor-element-584e9335 > .e-con-inner > .elementor-background-slideshow::before, .elementor-77 .elementor-element.elementor-element-584e9335 > .elementor-motion-effects-container > .elementor-motion-effects-layer::before{--background-overlay:'';background-image:url(\"https:\/\/www.ansenta.com\/wp-content\/uploads\/2025\/11\/bg_memphis_1.png\");background-position:top right;background-repeat:no-repeat;background-size:cover;}.elementor-77 .elementor-element.elementor-element-f21a241{--display:flex;--padding-top:2em;--padding-bottom:2em;--padding-left:1em;--padding-right:2em;}.elementor-77 .elementor-element.elementor-element-a4036f7 .elementor-icon-list-items:not(.elementor-inline-items) .elementor-icon-list-item:not(:last-child){padding-block-end:calc(16px\/2);}.elementor-77 .elementor-element.elementor-element-a4036f7 .elementor-icon-list-items:not(.elementor-inline-items) .elementor-icon-list-item:not(:first-child){margin-block-start:calc(16px\/2);}.elementor-77 .elementor-element.elementor-element-a4036f7 .elementor-icon-list-items.elementor-inline-items .elementor-icon-list-item{margin-inline:calc(16px\/2);}.elementor-77 .elementor-element.elementor-element-a4036f7 .elementor-icon-list-items.elementor-inline-items{margin-inline:calc(-16px\/2);}.elementor-77 .elementor-element.elementor-element-a4036f7 .elementor-icon-list-items.elementor-inline-items .elementor-icon-list-item:after{inset-inline-end:calc(-16px\/2);}.elementor-77 .elementor-element.elementor-element-a4036f7 .elementor-icon-list-icon i{transition:color 0.3s;}.elementor-77 .elementor-element.elementor-element-a4036f7 .elementor-icon-list-icon svg{transition:fill 0.3s;}.elementor-77 .elementor-element.elementor-element-a4036f7{--e-icon-list-icon-size:12px;--icon-vertical-offset:0px;}.elementor-77 .elementor-element.elementor-element-a4036f7:NOT(.elementor-icon-list-ico-position-10) .elementor-icon-list-text{padding-left:16px;}.elementor-77 .elementor-element.elementor-element-a4036f7.elementor-icon-list-ico-position-10 .elementor-icon-list-text{padding-right:16px;}.elementor-77 .elementor-element.elementor-element-a4036f7 .elementor-icon-list-item > .elementor-icon-list-text, .elementor-77 .elementor-element.elementor-element-a4036f7 .elementor-icon-list-item > a{font-family:var( --e-global-typography-69c152f-font-family ), Sans-serif;font-size:var( --e-global-typography-69c152f-font-size );line-height:var( --e-global-typography-69c152f-line-height );letter-spacing:var( --e-global-typography-69c152f-letter-spacing );word-spacing:var( --e-global-typography-69c152f-word-spacing );}.elementor-77 .elementor-element.elementor-element-a4036f7 .elementor-icon-list-text{transition:color 0.3s;}.elementor-77 .elementor-element.elementor-element-4baaed86{width:var( --container-widget-width, 550px );max-width:550px;--container-widget-width:550px;--container-widget-flex-grow:0;}.elementor-77 .elementor-element.elementor-element-e2f8c31{--display:flex;--flex-direction:row;--container-widget-width:initial;--container-widget-height:100%;--container-widget-flex-grow:1;--container-widget-align-self:stretch;--flex-wrap-mobile:wrap;--gap:0px 0px;--row-gap:0px;--column-gap:0px;--padding-top:6em;--padding-bottom:7em;--padding-left:0em;--padding-right:0em;}.elementor-77 .elementor-element.elementor-element-1c463b5d{--display:flex;--overlay-opacity:0.5;--padding-top:2em;--padding-bottom:2em;--padding-left:2em;--padding-right:2em;}.elementor-77 .elementor-element.elementor-element-1c463b5d:not(.elementor-motion-effects-element-type-background), .elementor-77 .elementor-element.elementor-element-1c463b5d > .elementor-motion-effects-container > .elementor-motion-effects-layer{background-color:var( --e-global-color-a291686 );}.elementor-77 .elementor-element.elementor-element-1c463b5d::before, .elementor-77 .elementor-element.elementor-element-1c463b5d > .elementor-background-video-container::before, .elementor-77 .elementor-element.elementor-element-1c463b5d > .e-con-inner > .elementor-background-video-container::before, .elementor-77 .elementor-element.elementor-element-1c463b5d > .elementor-background-slideshow::before, .elementor-77 .elementor-element.elementor-element-1c463b5d > .e-con-inner > .elementor-background-slideshow::before, .elementor-77 .elementor-element.elementor-element-1c463b5d > .elementor-motion-effects-container > .elementor-motion-effects-layer::before{--background-overlay:'';}.elementor-77 .elementor-element.elementor-element-61f2aee0 p{margin-block-end:7px;}@media(max-width:1024px){.elementor-77 .elementor-element.elementor-element-584e9335{--padding-top:2em;--padding-bottom:2em;--padding-left:0em;--padding-right:0em;}.elementor-77 .elementor-element.elementor-element-a4036f7 .elementor-icon-list-item > .elementor-icon-list-text, .elementor-77 .elementor-element.elementor-element-a4036f7 .elementor-icon-list-item > a{font-size:var( --e-global-typography-69c152f-font-size );line-height:var( --e-global-typography-69c152f-line-height );letter-spacing:var( --e-global-typography-69c152f-letter-spacing );word-spacing:var( --e-global-typography-69c152f-word-spacing );}.elementor-77 .elementor-element.elementor-element-e2f8c31{--flex-direction:row;--container-widget-width:initial;--container-widget-height:100%;--container-widget-flex-grow:1;--container-widget-align-self:stretch;--flex-wrap-mobile:wrap;--gap:0px 0px;--row-gap:0px;--column-gap:0px;--flex-wrap:wrap;--padding-top:1em;--padding-bottom:3em;--padding-left:0em;--padding-right:0em;}.elementor-77 .elementor-element.elementor-element-1c463b5d{--padding-top:2em;--padding-bottom:2em;--padding-left:1em;--padding-right:2em;}}@media(max-width:767px){.elementor-77 .elementor-element.elementor-element-a4036f7 .elementor-icon-list-item > .elementor-icon-list-text, .elementor-77 .elementor-element.elementor-element-a4036f7 .elementor-icon-list-item > a{font-size:var( --e-global-typography-69c152f-font-size );line-height:var( --e-global-typography-69c152f-line-height );letter-spacing:var( --e-global-typography-69c152f-letter-spacing );word-spacing:var( --e-global-typography-69c152f-word-spacing );}.elementor-77 .elementor-element.elementor-element-e2f8c31{--padding-top:0em;--padding-bottom:0em;--padding-left:0em;--padding-right:0em;}}@media(min-width:768px){.elementor-77 .elementor-element.elementor-element-1c463b5d{--width:100%;}}@media(max-width:1024px) and (min-width:768px){.elementor-77 .elementor-element.elementor-element-1c463b5d{--width:50%;}}<\/style>\t\t<div data-elementor-type=\"wp-page\" data-elementor-id=\"77\" class=\"elementor elementor-77\" data-elementor-post-type=\"page\">\n\t\t\t\t<div class=\"elementor-element elementor-element-584e9335 e-flex e-con-boxed e-con e-parent\" data-id=\"584e9335\" data-element_type=\"container\" data-e-type=\"container\" data-settings=\"{&quot;background_background&quot;:&quot;classic&quot;}\">\n\t\t\t\t\t<div class=\"e-con-inner\">\n\t\t<div class=\"elementor-element elementor-element-f21a241 e-con-full e-flex e-con e-child\" data-id=\"f21a241\" data-element_type=\"container\" data-e-type=\"container\" data-settings=\"{&quot;background_background&quot;:&quot;classic&quot;}\">\n\t\t\t\t<div class=\"elementor-element elementor-element-3110617e elementor-widget elementor-widget-heading\" data-id=\"3110617e\" data-element_type=\"widget\" data-e-type=\"widget\" data-widget_type=\"heading.default\">\n\t\t\t\t<div class=\"elementor-widget-container\">\n\t\t\t\t\t<h1 class=\"elementor-heading-title elementor-size-default\">Servicios<\/h1>\t\t\t\t<\/div>\n\t\t\t\t<\/div>\n\t\t\t\t<div class=\"elementor-element elementor-element-a4036f7 elementor-icon-list--layout-inline elementor-list-item-link-full_width elementor-widget elementor-widget-icon-list\" data-id=\"a4036f7\" data-element_type=\"widget\" data-e-type=\"widget\" data-widget_type=\"icon-list.default\">\n\t\t\t\t<div class=\"elementor-widget-container\">\n\t\t\t\t\t\t\t<ul class=\"elementor-icon-list-items elementor-inline-items\">\n\t\t\t\t\t\t\t<li class=\"elementor-icon-list-item elementor-inline-item\">\n\t\t\t\t\t\t\t\t\t\t\t<a href=\"#\">\n\n\t\t\t\t\t\t\t\t\t\t\t<span class=\"elementor-icon-list-text\">Inicio<\/span>\n\t\t\t\t\t\t\t\t\t\t\t<\/a>\n\t\t\t\t\t\t\t\t\t<\/li>\n\t\t\t\t\t\t\t\t<li class=\"elementor-icon-list-item elementor-inline-item\">\n\t\t\t\t\t\t\t\t\t\t\t<a href=\"#\">\n\n\t\t\t\t\t\t\t\t\t\t\t\t<span class=\"elementor-icon-list-icon\">\n\t\t\t\t\t\t\t<i aria-hidden=\"true\" class=\"icon icon-chevron-right\"><\/i>\t\t\t\t\t\t<\/span>\n\t\t\t\t\t\t\t\t\t\t<span class=\"elementor-icon-list-text\">Servicios<\/span>\n\t\t\t\t\t\t\t\t\t\t\t<\/a>\n\t\t\t\t\t\t\t\t\t<\/li>\n\t\t\t\t\t\t<\/ul>\n\t\t\t\t\t\t<\/div>\n\t\t\t\t<\/div>\n\t\t\t\t<\/div>\n\t\t\t\t\t<\/div>\n\t\t\t\t<\/div>\n\t\t<div class=\"elementor-element elementor-element-e2f8c31 e-flex e-con-boxed e-con e-parent\" data-id=\"e2f8c31\" data-element_type=\"container\" data-e-type=\"container\">\n\t\t\t\t\t<div class=\"e-con-inner\">\n\t\t<div class=\"elementor-element elementor-element-1c463b5d e-con-full e-flex e-con e-child\" data-id=\"1c463b5d\" data-element_type=\"container\" data-e-type=\"container\" data-settings=\"{&quot;background_background&quot;:&quot;classic&quot;}\">\n\t\t\t\t<div class=\"elementor-element elementor-element-61f2aee0 elementor-widget elementor-widget-text-editor\" data-id=\"61f2aee0\" data-element_type=\"widget\" data-e-type=\"widget\" data-widget_type=\"text-editor.default\">\n\t\t\t\t<div class=\"elementor-widget-container\">\n\t\t\t\t\t\t\t\t\t<div><p><strong>1. \u00bfPor qu\u00e9 elegir Ansenta?<\/strong><\/p><p>Somos l\u00edderes en la fabricaci\u00f3n de mobiliario y equipos de laboratorio, y ofrecemos servicios de OEM y ODM. Y tenemos nuestro propio t\u00e9cnico en el extranjero y el equipo de instalaci\u00f3n.<\/p><\/div><div><p><strong>2. \u00bfCu\u00e1ndo puedo obtener el precio?<\/strong><\/p><p>Solemos presupuestar en cuanto recibimos su consulta. Si necesita una respuesta urgente, por favor d\u00edganos su correo electr\u00f3nico o cuenta de Skype, nos pondremos en contacto con usted lo antes posible.<\/p><\/div><div><p><strong>3. \u00bfQu\u00e9 puede comprarnos?<\/strong><\/p><p>Equipo de laboratorio (cabina de seguridad biol\u00f3gica, campana extractora, cabina de flujo laminar, autoclave, congelador y refrigerador)<\/p><\/div><div><p><strong>4. \u00bfPor qu\u00e9 deber\u00eda comprarnos a nosotros y no a otros proveedores?<\/strong><\/p><p>BIOBASE grupo, fundado en 1999 y ha sido a trav\u00e9s de un desarrollo alto y estable durante 15 a\u00f1os, que es ahora con ingresos de cien millones, 1200 empleados en China y oficinas en el extranjero, 22,4 acres de tierra parques industriales y 20000 metros cuadrados de base de producci\u00f3n.<\/p><\/div><div><p><strong>5. \u00bfQu\u00e9 servicios podemos prestar?<\/strong><\/p><p>Por favor, no se preocupe, usuario manual ser\u00e1 enviado junto, tambi\u00e9n puede ponerse en contacto con nosotros con m\u00e1s apoyo tecnol\u00f3gico.<\/p><\/div><div><p><strong>6. \u00bfC\u00f3mo puedo obtener los gastos de env\u00edo?<\/strong><\/p><p>D\u00edganos su puerto de destino o direcci\u00f3n de entrega, y comprobaremos el flete mar\u00edtimo, a\u00e9reo o urgente para usted en funci\u00f3n de sus necesidades.<\/p><\/div><div><p><strong>7. \u00bfC\u00f3mo tratar los fallos?<\/strong><\/p><p>En primer lugar, nuestros productos se fabrican bajo un estricto sistema de control de calidad, pero si hay alg\u00fan defecto, le enviaremos nuevas piezas de repuesto de forma gratuita en 1 a\u00f1o de garant\u00eda. En segundo lugar, nuestro departamento post-venta har\u00e1 un seguimiento peri\u00f3dico de los clientes.<\/p><\/div><div><p><strong>8. \u00bfCu\u00e1l es el periodo de validez de la oferta?<\/strong><\/p><p>En general, nuestros precios son v\u00e1lidos durante un mes a partir de la fecha de cotizaci\u00f3n. Los precios se ajustar\u00e1n en funci\u00f3n de las fluctuaciones de las materias primas y los cambios del mercado.<\/p><\/div><div><p><strong>9. \u00bfQu\u00e9 tipo de garant\u00eda ofrecen?<\/strong><\/p><p>Ofrecemos 1 a\u00f1o de garant\u00eda para todos nuestros art\u00edculos.<\/p><\/div><div><p><strong>10. \u00bfAcepta el servicio OEM (fabricante de equipos originales)?<\/strong><\/p><p>S\u00ed, aceptamos cualquier servicio de OEM, ya que somos un fabricante profesional de equipos m\u00e9dicos con m\u00e1s de 10 a\u00f1os de experiencia en OEM.<\/p><\/div>\t\t\t\t\t\t\t\t<\/div>\n\t\t\t\t<\/div>\n\t\t\t\t<\/div>\n\t\t\t\t\t<\/div>\n\t\t\t\t<\/div>\n\t\t\t\t<\/div>","protected":false},"excerpt":{"rendered":"<p>Home 1. Why choose Ansenta ? We are the leading manufacture in lab furniture and lab equipment, OEM &amp; ODM service are offered. And we have our own overseas technician and installation team. 2. When can I get the price? We usually quote as soon as we get your inquiry. If you need urgent reply, [&hellip;]<\/p>","protected":false},"author":0,"featured_media":0,"parent":0,"menu_order":0,"comment_status":"closed","ping_status":"closed","template":"","meta":{"_uag_custom_page_level_css":"","site-sidebar-layout":"no-sidebar","site-content-layout":"page-builder","ast-site-content-layout":"full-width-container","site-content-style":"default","site-sidebar-style":"default","ast-global-header-display":"","ast-banner-title-visibility":"","ast-main-header-display":"","ast-hfb-above-header-display":"","ast-hfb-below-header-display":"","ast-hfb-mobile-header-display":"","site-post-title":"","ast-breadcrumbs-content":"","ast-featured-img":"disabled","footer-sml-layout":"","ast-disable-related-posts":"","theme-transparent-header-meta":"enabled","adv-header-id-meta":"","stick-header-meta":"","header-above-stick-meta":"","header-main-stick-meta":"","header-below-stick-meta":"","astra-migrate-meta-layouts":"set","ast-page-background-enabled":"default","ast-page-background-meta":{"desktop":{"background-color":"var(--ast-global-color-4)","background-image":"","background-repeat":"repeat","background-position":"center center","background-size":"auto","background-attachment":"scroll","background-type":"","background-media":"","overlay-type":"","overlay-color":"","overlay-opacity":"","overlay-gradient":""},"tablet":{"background-color":"","background-image":"","background-repeat":"repeat","background-position":"center center","background-size":"auto","background-attachment":"scroll","background-type":"","background-media":"","overlay-type":"","overlay-color":"","overlay-opacity":"","overlay-gradient":""},"mobile":{"background-color":"","background-image":"","background-repeat":"repeat","background-position":"center center","background-size":"auto","background-attachment":"scroll","background-type":"","background-media":"","overlay-type":"","overlay-color":"","overlay-opacity":"","overlay-gradient":""}},"ast-content-background-meta":{"desktop":{"background-color":"var(--ast-global-color-5)","background-image":"","background-repeat":"repeat","background-position":"center center","background-size":"auto","background-attachment":"scroll","background-type":"","background-media":"","overlay-type":"","overlay-color":"","overlay-opacity":"","overlay-gradient":""},"tablet":{"background-color":"var(--ast-global-color-5)","background-image":"","background-repeat":"repeat","background-position":"center center","background-size":"auto","background-attachment":"scroll","background-type":"","background-media":"","overlay-type":"","overlay-color":"","overlay-opacity":"","overlay-gradient":""},"mobile":{"background-color":"var(--ast-global-color-5)","background-image":"","background-repeat":"repeat","background-position":"center center","background-size":"auto","background-attachment":"scroll","background-type":"","background-media":"","overlay-type":"","overlay-color":"","overlay-opacity":"","overlay-gradient":""}},"footnotes":""},"class_list":["post-77","page","type-page","status-publish","hentry","ast-col-sm-12","ast-article-post","ast-width-md-12","ast-archive-post","ast-product-gallery-layout-horizontal-slider","ast-product-gallery-with-no-image","ast-product-tabs-layout-horizontal"],"uagb_featured_image_src":{"full":false,"thumbnail":false,"medium":false,"medium_large":false,"large":false,"1536x1536":false,"2048x2048":false,"trp-custom-language-flag":false,"mailpoet_newsletter_max":false,"woocommerce_thumbnail":false,"woocommerce_single":false,"woocommerce_gallery_thumbnail":false},"uagb_author_info":{"display_name":"","author_link":"https:\/\/www.ansenta.com\/es\/author\/"},"uagb_comment_info":0,"uagb_excerpt":"Home 1. Why choose Ansenta ? We are the leading manufacture in lab furniture and lab equipment, OEM &amp; ODM service are offered. And we have our own overseas technician and installation team. 2. When can I get the price? We usually quote as soon as we get your inquiry. If you need urgent reply,&hellip;","jetpack_sharing_enabled":true,"_links":{"self":[{"href":"https:\/\/www.ansenta.com\/es\/wp-json\/wp\/v2\/pages\/77","targetHints":{"allow":["GET"]}}],"collection":[{"href":"https:\/\/www.ansenta.com\/es\/wp-json\/wp\/v2\/pages"}],"about":[{"href":"https:\/\/www.ansenta.com\/es\/wp-json\/wp\/v2\/types\/page"}],"replies":[{"embeddable":true,"href":"https:\/\/www.ansenta.com\/es\/wp-json\/wp\/v2\/comments?post=77"}],"version-history":[{"count":15,"href":"https:\/\/www.ansenta.com\/es\/wp-json\/wp\/v2\/pages\/77\/revisions"}],"predecessor-version":[{"id":2525,"href":"https:\/\/www.ansenta.com\/es\/wp-json\/wp\/v2\/pages\/77\/revisions\/2525"}],"wp:attachment":[{"href":"https:\/\/www.ansenta.com\/es\/wp-json\/wp\/v2\/media?parent=77"}],"curies":[{"name":"wp","href":"https:\/\/api.w.org\/{rel}","templated":true}]}}